{"id":7,"date":"2025-06-01T15:58:30","date_gmt":"2025-06-01T15:58:30","guid":{"rendered":"http:\/\/localhost:3000\/?page_id=7"},"modified":"2025-06-02T04:16:50","modified_gmt":"2025-06-02T04:16:50","slug":"cart","status":"publish","type":"page","link":"https:\/\/dronvictory.com\/pl\/cart\/","title":{"rendered":"W\u00f3zek"},"content":{"rendered":"<div data-block-name=\"woocommerce\/cart\" class=\"wp-block-woocommerce-cart alignwide is-loading\">\n<div data-block-name=\"woocommerce\/filled-cart-block\" class=\"wp-block-woocommerce-filled-cart-block\">\n<div data-block-name=\"woocommerce\/cart-items-block\" class=\"wp-block-woocommerce-cart-items-block\">\n<div data-block-name=\"woocommerce\/cart-line-items-block\" class=\"wp-block-woocommerce-cart-line-items-block\"><\/div>\n\n\n\n<div data-block-name=\"woocommerce\/cart-cross-sells-block\" class=\"wp-block-woocommerce-cart-cross-sells-block\">\n<h2 class=\"wp-block-heading has-large-font-size\">Mo\u017ce Ci\u0119 zainteresowa\u0107\u2026<\/h2>\n\n\n\n<div data-block-name=\"woocommerce\/cart-cross-sells-products-block\" class=\"wp-block-woocommerce-cart-cross-sells-products-block\"><\/div>\n<\/div>\n<\/div>\n\n\n\n<div data-block-name=\"woocommerce\/cart-totals-block\" class=\"wp-block-woocommerce-cart-totals-block\">\n<div data-block-name=\"woocommerce\/cart-order-summary-block\" class=\"wp-block-woocommerce-cart-order-summary-block\">\n<div data-block-name=\"woocommerce\/cart-order-summary-heading-block\" class=\"wp-block-woocommerce-cart-order-summary-heading-block\"><\/div><div data-block-name=\"woocommerce\/cart-order-summary-coupon-form-block\" class=\"wp-block-woocommerce-cart-order-summary-coupon-form-block\"><\/div><div data-block-name=\"woocommerce\/cart-order-summary-totals-block\" class=\"wp-block-woocommerce-cart-order-summary-totals-block\">\n<div data-block-name=\"woocommerce\/cart-order-summary-subtotal-block\" class=\"wp-block-woocommerce-cart-order-summary-subtotal-block\"><\/div>\n<div data-block-name=\"woocommerce\/cart-order-summary-discount-block\" class=\"wp-block-woocommerce-cart-order-summary-discount-block\"><\/div>\n<div data-block-name=\"woocommerce\/cart-order-summary-fee-block\" class=\"wp-block-woocommerce-cart-order-summary-fee-block\"><\/div>\n<div data-block-name=\"woocommerce\/cart-order-summary-shipping-block\" class=\"wp-block-woocommerce-cart-order-summary-shipping-block\"><\/div>\n<div data-block-name=\"woocommerce\/cart-order-summary-taxes-block\" class=\"wp-block-woocommerce-cart-order-summary-taxes-block\"><\/div><\/div>\n<\/div>\n\n\n\n<div data-block-name=\"woocommerce\/cart-express-payment-block\" class=\"wp-block-woocommerce-cart-express-payment-block\"><\/div>\n\n\n\n<div data-block-name=\"woocommerce\/proceed-to-checkout-block\" class=\"wp-block-woocommerce-proceed-to-checkout-block\"><\/div>\n\n\n\n<div data-block-name=\"woocommerce\/cart-accepted-payment-methods-block\" class=\"wp-block-woocommerce-cart-accepted-payment-methods-block\"><\/div>\n<\/div>\n<\/div>\n\n\n\n<div data-block-name=\"woocommerce\/empty-cart-block\" class=\"wp-block-woocommerce-empty-cart-block\">\n<h2 class=\"wp-block-heading has-text-align-center with-empty-cart-icon wc-block-cart__empty-cart__title\">Tw\u00f3j koszyk jest pusty!<\/h2>\n\n\n\n<hr class=\"wp-block-separator has-alpha-channel-opacity is-style-dots\"\/>\n\n\n\n<h2 class=\"wp-block-heading has-text-align-center\">Nowo\u015b\u0107 w sklepie<\/h2>\n\n\n<div data-block-name=\"woocommerce\/product-new\" data-columns=\"4\" data-rows=\"1\" class=\"wc-block-grid wp-block-product-new wp-block-woocommerce-product-new wc-block-product-new has-4-columns\"><ul class=\"wc-block-grid__products\"><li class=\"wc-block-grid__product\">\n\t\t\t\t<a href=\"https:\/\/dronvictory.com\/pl\/produkt\/dron-autel-evo-ii-pro-enterprise-6k\/\" class=\"wc-block-grid__product-link\">\n\t\t\t\t\t\n\t\t\t\t\t<div class=\"wc-block-grid__product-image\"><img fetchpriority=\"high\" decoding=\"async\" width=\"450\" height=\"450\" src=\"https:\/\/dronvictory.com\/wp-content\/uploads\/2025\/06\/evoiiPROspareparts_-450x450.jpg\" class=\"attachment-woocommerce_thumbnail size-woocommerce_thumbnail\" alt=\"Dron Autel EVO II Pro Enterprise 6K\" srcset=\"https:\/\/dronvictory.com\/wp-content\/uploads\/2025\/06\/evoiiPROspareparts_-450x450.jpg 450w, https:\/\/dronvictory.com\/wp-content\/uploads\/2025\/06\/evoiiPROspareparts_-300x300.jpg 300w, https:\/\/dronvictory.com\/wp-content\/uploads\/2025\/06\/evoiiPROspareparts_-1024x1024.jpg 1024w, https:\/\/dronvictory.com\/wp-content\/uploads\/2025\/06\/evoiiPROspareparts_-150x150.jpg 150w, https:\/\/dronvictory.com\/wp-content\/uploads\/2025\/06\/evoiiPROspareparts_-768x768.jpg 768w, https:\/\/dronvictory.com\/wp-content\/uploads\/2025\/06\/evoiiPROspareparts_-12x12.jpg 12w, https:\/\/dronvictory.com\/wp-content\/uploads\/2025\/06\/evoiiPROspareparts_-630x630.jpg 630w, https:\/\/dronvictory.com\/wp-content\/uploads\/2025\/06\/evoiiPROspareparts_-800x800.jpg 800w, https:\/\/dronvictory.com\/wp-content\/uploads\/2025\/06\/evoiiPROspareparts_-100x100.jpg 100w, https:\/\/dronvictory.com\/wp-content\/uploads\/2025\/06\/evoiiPROspareparts_-50x50.jpg 50w, https:\/\/dronvictory.com\/wp-content\/uploads\/2025\/06\/evoiiPROspareparts_-600x600.jpg 600w, https:\/\/dronvictory.com\/wp-content\/uploads\/2025\/06\/evoiiPROspareparts_-96x96.jpg 96w, https:\/\/dronvictory.com\/wp-content\/uploads\/2025\/06\/evoiiPROspareparts_-460x460.jpg 460w, https:\/\/dronvictory.com\/wp-content\/uploads\/2025\/06\/evoiiPROspareparts_.jpg 1500w\" sizes=\"(max-width: 450px) 100vw, 450px\" \/><\/div>\n\t\t\t\t\t<div class=\"wc-block-grid__product-title\">Dron Autel EVO II Pro Enterprise 6K<\/div>\n\t\t\t\t<\/a>\n\t\t\t\t<div class=\"wc-block-grid__product-price price\"><\/div>\n\t\t\t\t\n\t\t\t\t<div class=\"wp-block-button wc-block-grid__product-add-to-cart\"><a href=\"https:\/\/dronvictory.com\/pl\/produkt\/dron-autel-evo-ii-pro-enterprise-6k\/\" aria-label=\"Przeczytaj wi\u0119cej o \u201eDron Autel EVO II Pro Enterprise 6K\u201d\" data-quantity=\"1\" data-product_id=\"14283\" data-product_sku=\"\" data-price=\"0\" rel=\"nofollow\" class=\"wp-block-button__link  add_to_cart_button\" data-no-translation=\"\" data-trp-gettext=\"\" data-no-translation-aria-label=\"\">Dowiedz si\u0119 wi\u0119cej<\/a><\/div>\n\t\t\t<\/li><li class=\"wc-block-grid__product\">\n\t\t\t\t<a href=\"https:\/\/dronvictory.com\/pl\/produkt\/autel-evo-ii-pro-rtk-rugged-bundle-drone-z-kamera-6k\/\" class=\"wc-block-grid__product-link\">\n\t\t\t\t\t\n\t\t\t\t\t<div class=\"wc-block-grid__product-image\"><img decoding=\"async\" width=\"450\" height=\"450\" src=\"https:\/\/dronvictory.com\/wp-content\/uploads\/2025\/06\/01-1_-450x450.jpg\" class=\"attachment-woocommerce_thumbnail size-woocommerce_thumbnail\" alt=\"Autel EVO II Pro RTK Rugged Bundle - Drone z kamer\u0105 6K\" srcset=\"https:\/\/dronvictory.com\/wp-content\/uploads\/2025\/06\/01-1_-450x450.jpg 450w, https:\/\/dronvictory.com\/wp-content\/uploads\/2025\/06\/01-1_-300x300.jpg 300w, https:\/\/dronvictory.com\/wp-content\/uploads\/2025\/06\/01-1_-1024x1024.jpg 1024w, https:\/\/dronvictory.com\/wp-content\/uploads\/2025\/06\/01-1_-150x150.jpg 150w, https:\/\/dronvictory.com\/wp-content\/uploads\/2025\/06\/01-1_-768x768.jpg 768w, https:\/\/dronvictory.com\/wp-content\/uploads\/2025\/06\/01-1_-12x12.jpg 12w, https:\/\/dronvictory.com\/wp-content\/uploads\/2025\/06\/01-1_-630x630.jpg 630w, https:\/\/dronvictory.com\/wp-content\/uploads\/2025\/06\/01-1_-800x800.jpg 800w, https:\/\/dronvictory.com\/wp-content\/uploads\/2025\/06\/01-1_-100x100.jpg 100w, https:\/\/dronvictory.com\/wp-content\/uploads\/2025\/06\/01-1_-50x50.jpg 50w, https:\/\/dronvictory.com\/wp-content\/uploads\/2025\/06\/01-1_-600x600.jpg 600w, https:\/\/dronvictory.com\/wp-content\/uploads\/2025\/06\/01-1_-96x96.jpg 96w, https:\/\/dronvictory.com\/wp-content\/uploads\/2025\/06\/01-1_-460x460.jpg 460w, https:\/\/dronvictory.com\/wp-content\/uploads\/2025\/06\/01-1_.jpg 1500w\" sizes=\"(max-width: 450px) 100vw, 450px\" \/><\/div>\n\t\t\t\t\t<div class=\"wc-block-grid__product-title\">Zestaw Autel EVO II Pro RTK Rugged \u2013 Drone z kamer\u0105 6K<\/div>\n\t\t\t\t<\/a>\n\t\t\t\t<div class=\"wc-block-grid__product-price price\"><\/div>\n\t\t\t\t\n\t\t\t\t<div class=\"wp-block-button wc-block-grid__product-add-to-cart\"><a href=\"https:\/\/dronvictory.com\/pl\/produkt\/autel-evo-ii-pro-rtk-rugged-bundle-drone-z-kamera-6k\/\" aria-label=\"Przeczytaj wi\u0119cej o \u201eAutel EVO II Pro RTK Rugged Bundle - Drone z kamer\u0105 6K\u201d\" data-quantity=\"1\" data-product_id=\"14282\" data-product_sku=\"\" data-price=\"0\" rel=\"nofollow\" class=\"wp-block-button__link  add_to_cart_button\" data-no-translation=\"\" data-trp-gettext=\"\" data-no-translation-aria-label=\"\">Dowiedz si\u0119 wi\u0119cej<\/a><\/div>\n\t\t\t<\/li><li class=\"wc-block-grid__product\">\n\t\t\t\t<a href=\"https:\/\/dronvictory.com\/pl\/produkt\/dron-termiczny-autel-robotics-evo-ii-dual-640t-enterprise\/\" class=\"wc-block-grid__product-link\">\n\t\t\t\t\t\n\t\t\t\t\t<div class=\"wc-block-grid__product-image\"><img decoding=\"async\" width=\"450\" height=\"450\" src=\"https:\/\/dronvictory.com\/wp-content\/uploads\/2025\/06\/1_1f9685b9-75f0-4fc0-ab22-2b805963adf6_-450x450.jpg\" class=\"attachment-woocommerce_thumbnail size-woocommerce_thumbnail\" alt=\"Dron Termiczny Autel Robotics EVO II Dual 640T Enterprise\" srcset=\"https:\/\/dronvictory.com\/wp-content\/uploads\/2025\/06\/1_1f9685b9-75f0-4fc0-ab22-2b805963adf6_-450x450.jpg 450w, https:\/\/dronvictory.com\/wp-content\/uploads\/2025\/06\/1_1f9685b9-75f0-4fc0-ab22-2b805963adf6_-300x300.jpg 300w, https:\/\/dronvictory.com\/wp-content\/uploads\/2025\/06\/1_1f9685b9-75f0-4fc0-ab22-2b805963adf6_-1024x1024.jpg 1024w, https:\/\/dronvictory.com\/wp-content\/uploads\/2025\/06\/1_1f9685b9-75f0-4fc0-ab22-2b805963adf6_-150x150.jpg 150w, https:\/\/dronvictory.com\/wp-content\/uploads\/2025\/06\/1_1f9685b9-75f0-4fc0-ab22-2b805963adf6_-768x768.jpg 768w, https:\/\/dronvictory.com\/wp-content\/uploads\/2025\/06\/1_1f9685b9-75f0-4fc0-ab22-2b805963adf6_-12x12.jpg 12w, https:\/\/dronvictory.com\/wp-content\/uploads\/2025\/06\/1_1f9685b9-75f0-4fc0-ab22-2b805963adf6_-630x630.jpg 630w, https:\/\/dronvictory.com\/wp-content\/uploads\/2025\/06\/1_1f9685b9-75f0-4fc0-ab22-2b805963adf6_-800x800.jpg 800w, https:\/\/dronvictory.com\/wp-content\/uploads\/2025\/06\/1_1f9685b9-75f0-4fc0-ab22-2b805963adf6_-100x100.jpg 100w, https:\/\/dronvictory.com\/wp-content\/uploads\/2025\/06\/1_1f9685b9-75f0-4fc0-ab22-2b805963adf6_-50x50.jpg 50w, https:\/\/dronvictory.com\/wp-content\/uploads\/2025\/06\/1_1f9685b9-75f0-4fc0-ab22-2b805963adf6_-600x600.jpg 600w, https:\/\/dronvictory.com\/wp-content\/uploads\/2025\/06\/1_1f9685b9-75f0-4fc0-ab22-2b805963adf6_-96x96.jpg 96w, https:\/\/dronvictory.com\/wp-content\/uploads\/2025\/06\/1_1f9685b9-75f0-4fc0-ab22-2b805963adf6_-460x460.jpg 460w, https:\/\/dronvictory.com\/wp-content\/uploads\/2025\/06\/1_1f9685b9-75f0-4fc0-ab22-2b805963adf6_.jpg 1500w\" sizes=\"(max-width: 450px) 100vw, 450px\" \/><\/div>\n\t\t\t\t\t<div class=\"wc-block-grid__product-title\">Dron Termiczny Autel Robotics EVO II Dual 640T Enterprise<\/div>\n\t\t\t\t<\/a>\n\t\t\t\t<div class=\"wc-block-grid__product-price price\"><\/div>\n\t\t\t\t\n\t\t\t\t<div class=\"wp-block-button wc-block-grid__product-add-to-cart\"><a href=\"https:\/\/dronvictory.com\/pl\/produkt\/dron-termiczny-autel-robotics-evo-ii-dual-640t-enterprise\/\" aria-label=\"Przeczytaj wi\u0119cej o \u201eDron Termiczny Autel Robotics EVO II Dual 640T Enterprise\u201d\" data-quantity=\"1\" data-product_id=\"14281\" data-product_sku=\"\" data-price=\"0\" rel=\"nofollow\" class=\"wp-block-button__link  add_to_cart_button\" data-no-translation=\"\" data-trp-gettext=\"\" data-no-translation-aria-label=\"\">Dowiedz si\u0119 wi\u0119cej<\/a><\/div>\n\t\t\t<\/li><li class=\"wc-block-grid__product\">\n\t\t\t\t<a href=\"https:\/\/dronvictory.com\/pl\/produkt\/autel-robotics-evo-ii-pro-6k-v3-drone-rugged-bundle\/\" class=\"wc-block-grid__product-link\">\n\t\t\t\t\t\n\t\t\t\t\t<div class=\"wc-block-grid__product-image\"><img loading=\"lazy\" decoding=\"async\" width=\"450\" height=\"450\" src=\"https:\/\/dronvictory.com\/wp-content\/uploads\/2025\/06\/evo-ii-pro-v3-rugged-bundle_-450x450.jpg\" class=\"attachment-woocommerce_thumbnail size-woocommerce_thumbnail\" alt=\"Autel Robotics EVO II Pro 6K V3 Drone Rugged Bundle\" srcset=\"https:\/\/dronvictory.com\/wp-content\/uploads\/2025\/06\/evo-ii-pro-v3-rugged-bundle_-450x450.jpg 450w, https:\/\/dronvictory.com\/wp-content\/uploads\/2025\/06\/evo-ii-pro-v3-rugged-bundle_-300x300.jpg 300w, https:\/\/dronvictory.com\/wp-content\/uploads\/2025\/06\/evo-ii-pro-v3-rugged-bundle_-1024x1024.jpg 1024w, https:\/\/dronvictory.com\/wp-content\/uploads\/2025\/06\/evo-ii-pro-v3-rugged-bundle_-150x150.jpg 150w, https:\/\/dronvictory.com\/wp-content\/uploads\/2025\/06\/evo-ii-pro-v3-rugged-bundle_-768x768.jpg 768w, https:\/\/dronvictory.com\/wp-content\/uploads\/2025\/06\/evo-ii-pro-v3-rugged-bundle_-12x12.jpg 12w, https:\/\/dronvictory.com\/wp-content\/uploads\/2025\/06\/evo-ii-pro-v3-rugged-bundle_-630x630.jpg 630w, https:\/\/dronvictory.com\/wp-content\/uploads\/2025\/06\/evo-ii-pro-v3-rugged-bundle_-800x800.jpg 800w, https:\/\/dronvictory.com\/wp-content\/uploads\/2025\/06\/evo-ii-pro-v3-rugged-bundle_-100x100.jpg 100w, https:\/\/dronvictory.com\/wp-content\/uploads\/2025\/06\/evo-ii-pro-v3-rugged-bundle_-50x50.jpg 50w, https:\/\/dronvictory.com\/wp-content\/uploads\/2025\/06\/evo-ii-pro-v3-rugged-bundle_-600x600.jpg 600w, https:\/\/dronvictory.com\/wp-content\/uploads\/2025\/06\/evo-ii-pro-v3-rugged-bundle_-96x96.jpg 96w, https:\/\/dronvictory.com\/wp-content\/uploads\/2025\/06\/evo-ii-pro-v3-rugged-bundle_-460x460.jpg 460w, https:\/\/dronvictory.com\/wp-content\/uploads\/2025\/06\/evo-ii-pro-v3-rugged-bundle_.jpg 1500w\" sizes=\"(max-width: 450px) 100vw, 450px\" \/><\/div>\n\t\t\t\t\t<div class=\"wc-block-grid__product-title\">Autel Robotics EVO II Pro 6K V3 Drone Rugged Bundle<\/div>\n\t\t\t\t<\/a>\n\t\t\t\t<div class=\"wc-block-grid__product-price price\"><\/div>\n\t\t\t\t\n\t\t\t\t<div class=\"wp-block-button wc-block-grid__product-add-to-cart\"><a href=\"https:\/\/dronvictory.com\/pl\/produkt\/autel-robotics-evo-ii-pro-6k-v3-drone-rugged-bundle\/\" aria-label=\"Przeczytaj wi\u0119cej o \u201eAutel Robotics EVO II Pro 6K V3 Drone Rugged Bundle\u201d\" data-quantity=\"1\" data-product_id=\"14280\" data-product_sku=\"\" data-price=\"0\" rel=\"nofollow\" class=\"wp-block-button__link  add_to_cart_button\" data-no-translation=\"\" data-trp-gettext=\"\" data-no-translation-aria-label=\"\">Dowiedz si\u0119 wi\u0119cej<\/a><\/div>\n\t\t\t<\/li><\/ul><\/div><\/div>\n<\/div>","protected":false},"excerpt":{"rendered":"","protected":false},"author":1,"featured_media":0,"parent":0,"menu_order":0,"comment_status":"closed","ping_status":"closed","template":"","meta":{"footnotes":""},"class_list":["post-7","page","type-page","status-publish","hentry"],"_links":{"self":[{"href":"https:\/\/dronvictory.com\/pl\/wp-json\/wp\/v2\/pages\/7","targetHints":{"allow":["GET"]}}],"collection":[{"href":"https:\/\/dronvictory.com\/pl\/wp-json\/wp\/v2\/pages"}],"about":[{"href":"https:\/\/dronvictory.com\/pl\/wp-json\/wp\/v2\/types\/page"}],"author":[{"embeddable":true,"href":"https:\/\/dronvictory.com\/pl\/wp-json\/wp\/v2\/users\/1"}],"replies":[{"embeddable":true,"href":"https:\/\/dronvictory.com\/pl\/wp-json\/wp\/v2\/comments?post=7"}],"version-history":[{"count":0,"href":"https:\/\/dronvictory.com\/pl\/wp-json\/wp\/v2\/pages\/7\/revisions"}],"wp:attachment":[{"href":"https:\/\/dronvictory.com\/pl\/wp-json\/wp\/v2\/media?parent=7"}],"curies":[{"name":"wp","href":"https:\/\/api.w.org\/{rel}","templated":true}]}}