{"id":14265,"date":"2025-06-08T19:16:00","date_gmt":"2025-06-08T19:16:00","guid":{"rendered":"https:\/\/dronvictory.com\/?post_type=product&#038;p=14265"},"modified":"2025-06-08T19:16:00","modified_gmt":"2025-06-08T19:16:00","slug":"autel-robotics-evo-max-4n-drone","status":"publish","type":"product","link":"https:\/\/dronvictory.com\/pl\/produkt\/autel-robotics-evo-max-4n-drone\/","title":{"rendered":"Dron Autel Robotics EVO MAX 4N"},"content":{"rendered":"<h2 class=\"\" style=\"text-align: center;\">Autel EVO MAX 4N<\/h2>\n<div class=\"\" style=\"text-align: left;\"><\/div>\n<p><video class=\"\" style=\"width: 100%; border-radius: 8px; margin: 0px auto 8px !important; display: block;\" src=\"https:\/\/dronvictory.com\/wp-content\/uploads\/2025\/06\/773b114c312b44c49bd0b86d3260edd0_.mp4\" autoplay=\"autoplay\" loop=\"loop\" muted=\"\" controls=\"controls\" width=\"300\" height=\"150\">tymczasowy<br \/>\n<\/video><\/p>\n<h2 class=\"\"><img decoding=\"async\" class=\"\" src=\"https:\/\/dronvictory.com\/wp-content\/uploads\/2025\/06\/e688df351c856f39e51072f0584f71a0_.png\" alt=\"\" data-mce-fragment=\"1\" \/>EVO MAX 4N \u2013 Lider w dziedzinie wywiadu dron\u00f3w<\/h2>\n<div class=\"\" style=\"text-align: left;\" data-mce-fragment=\"1\">\n<p class=\"\">EVO Max 4N zapewnia u\u017cytkownikom pot\u0119\u017cne technologie i zaawansowan\u0105 autonomi\u0119. EVO Max 4N ocenia z\u0142o\u017cone \u015brodowiska, aby tworzy\u0107 w czasie rzeczywistym tr\u00f3jwymiarowe \u015bcie\u017cki lotu w celu niezr\u00f3wnanego unikania przeszk\u00f3d. Zaawansowane czujniki umo\u017cliwiaj\u0105 loty w obszarach niedost\u0119pnych dla GPS, a niesamowity nowy \u0142adunek termiczny odblokowuje nowe scenariusze identyfikacji i \u015bledzenia obiekt\u00f3w. Dzi\u0119ki sk\u0142adanej, odpornej na warunki atmosferyczne konstrukcji EVO Max 4N jest tak przeno\u015bny, jak i zdolny.<\/p>\n<p class=\"\"><strong class=\"\">Autonomiczne wyszukiwanie \u015bcie\u017cki:<\/strong>Autonomy Engine firmy Autel zbiera dane \u015brodowiskowe i planuje trasy lotu 3D przez z\u0142o\u017cone \u015brodowiska, takie jak g\u00f3ry, lasy i budynki. Przyk\u0142ady zastosowa\u0144 obejmuj\u0105 szybk\u0105 rekonstrukcj\u0119 sceny 3D, nadz\u00f3r nad bezpiecze\u0144stwem publicznym, inspekcj\u0119 przemys\u0142ow\u0105 i pomiary grunt\u00f3w.<img decoding=\"async\" class=\"\" src=\"https:\/\/dronvictory.com\/wp-content\/uploads\/2025\/06\/autopathfinding_1500_.jpg\" alt=\"\" data-mce-fragment=\"1\" \/><\/p>\n<p class=\"\"><strong class=\"\">Nawigacja w \u015brodowisku bez dost\u0119pu do GPS:<\/strong> Zaawansowane czujniki umo\u017cliwiaj\u0105 urz\u0105dzeniu EVO Max 4N poruszanie si\u0119 w utwardzonych strukturach, pod ziemi\u0105 i w \u015brodowiskach bez GPS.<img decoding=\"async\" class=\"\" src=\"https:\/\/dronvictory.com\/wp-content\/uploads\/2025\/06\/gpsdenied_.jpg\" alt=\"\" data-mce-fragment=\"1\" \/><\/p>\n<p class=\"\"><strong class=\"\">Dok\u0142adna identyfikacja i \u015bledzenie obiekt\u00f3w:<\/strong> Bazuj\u0105c na technologii rozpoznawania AI firmy Autel, EVO Max 4N potrafi automatycznie identyfikowa\u0107 i namierza\u0107 r\u00f3\u017cne typy cel\u00f3w, takie jak \u017ar\u00f3d\u0142a ciep\u0142a, poruszaj\u0105cy si\u0119 ludzie lub pojazdy, a tak\u017ce umo\u017cliwia\u0107 \u015bledzenie obiekt\u00f3w na du\u017cej wysoko\u015bci oraz zbieranie danych na potrzeby organ\u00f3w \u015bcigania.<img decoding=\"async\" class=\"\" src=\"https:\/\/dronvictory.com\/wp-content\/uploads\/2025\/06\/objecttracking_.jpg\" alt=\"\" data-mce-fragment=\"1\" \/><\/p>\n<h2 class=\"\">Brak martwych punkt\u00f3w \u2013 doskona\u0142e unikanie przeszk\u00f3d<\/h2>\n<p class=\"\">EVO Max 4N to jedyny komercyjny dron, kt\u00f3ry \u0142\u0105czy tradycyjne systemy widzenia obuocznego z technologi\u0105 radaru milimetrowego. Dzi\u0119ki temu wbudowany silnik Autel Autonomy Engine w EVO Max 4N mo\u017ce postrzega\u0107 obiekty o wielko\u015bci do 0,5 cala, eliminuj\u0105c martwe pola i umo\u017cliwiaj\u0105c dzia\u0142anie w warunkach s\u0142abego o\u015bwietlenia lub deszczu.<img decoding=\"async\" class=\"\" src=\"https:\/\/dronvictory.com\/wp-content\/uploads\/2025\/06\/noblindspot001_.gif\" alt=\"\" data-mce-fragment=\"1\" \/><br class=\"\" \/><strong class=\"\"><img decoding=\"async\" class=\"\" src=\"https:\/\/dronvictory.com\/wp-content\/uploads\/2025\/06\/noblindspot002_.gif\" alt=\"\" data-mce-fragment=\"1\" \/><\/strong><\/p>\n<h2 class=\"\"><strong class=\"\">Antyzaci\u0119cia-antyzak\u0142\u00f3cenia<\/strong><\/h2>\n<p class=\"\">EVO Max 4N wykorzystuje zaawansowane modu\u0142y sterowania lotem i algorytmy specjalnie zaprojektowane do przeciwdzia\u0142ania RFI, EMI i podrabianiu GPS. Dzi\u0119ki temu EVO Max 4N mo\u017ce pewnie lata\u0107 w pobli\u017cu linii energetycznych, krytycznych struktur i w z\u0142o\u017conych obszarach. <video class=\"\" style=\"width: 100%; border-radius: 8px; margin: 0px auto 8px !important; display: block;\" src=\"https:\/\/dronvictory.com\/wp-content\/uploads\/2025\/06\/9b6ea557a96c4d4ab58a54005a22490d_.mp4\" autoplay=\"autoplay\" loop=\"loop\" muted=\"\" controls=\"controls\" width=\"300\" height=\"150\">tymczasowy<br \/>\n<\/video><\/p>\n<h2 class=\"\">Klasa odporno\u015bci na warunki atmosferyczne - IP43<img decoding=\"async\" class=\"\" src=\"https:\/\/dronvictory.com\/wp-content\/uploads\/2025\/06\/ip43_-scaled.jpg\" alt=\"\" data-mce-fragment=\"1\" \/><\/h2>\n<div class=\"evomax-head evomax-head2 wow fadeInDown animated\">\n<h2 class=\"\">A-Mesh 1.0 \u2013 Pierwsza technologia sieciowa Mesh w bran\u017cy dron\u00f3w<\/h2>\n<\/div>\n<p class=\"\">W modelu EVO Max 4N zastosowano nowy system A-Mesh, kt\u00f3ry umo\u017cliwia autonomiczn\u0105 komunikacj\u0119, \u0142\u0105czno\u015b\u0107 i wsp\u00f3\u0142prac\u0119 mi\u0119dzy dronami.<\/p>\n<p class=\"\"><strong class=\"\">Silna ochrona przed zak\u0142\u00f3ceniami:<\/strong> EVO Max 4N mo\u017ce bezproblemowo komunikowa\u0107 si\u0119 z innymi dronami w pobli\u017cu, w przeciwie\u0144stwie do tradycyjnej struktury \u0142a\u0144cuchowej. Je\u015bli pojedynczy dron ulegnie awarii lub niespodziewanie zniknie, ca\u0142y system niezale\u017cnie zorganizuje si\u0119 i b\u0119dzie nadal przekazywa\u0142 krytyczne informacje.<\/p>\n<p class=\"\"><strong class=\"\">Zastosowania poza zasi\u0119giem wzroku: <\/strong>Dzi\u0119ki A-Mesh wiele samolot\u00f3w w pobli\u017cu mo\u017ce pe\u0142ni\u0107 rol\u0119 punkt\u00f3w przeka\u017anikowych, co znacznie zwi\u0119ksza efektywno\u015b\u0107 dzia\u0142ania BVLOS<\/p>\n<p class=\"\"><strong class=\"\">Pe\u0142na kontrola nad flot\u0105:<\/strong>Wiele dron\u00f3w mo\u017ce by\u0107 sterowanych autonomicznie przez jednego pilota lub grup\u0119 pilot\u00f3w jednocze\u015bnie, z dost\u0119pem do LTE lub bez niego.<\/p>\n<p class=\"\"><strong class=\"\">Zwi\u0119kszony zasi\u0119g: <\/strong>W\u0119z\u0142y komunikacyjne mo\u017cna rozmie\u015bci\u0107 statycznie na wzg\u00f3rzach lub s\u0142upach, aby zapewni\u0107 pe\u0142ne pokrycie danego obszaru, lub r\u00f3j dron\u00f3w mo\u017ce stanowi\u0107 mobilne punkty komunikacyjne, rozszerzaj\u0105c pokrycie ca\u0142ej grupy.<\/p>\n<p><video class=\"\" style=\"width: 100%; border-radius: 8px; margin: 0px auto 8px !important; display: block;\" src=\"https:\/\/dronvictory.com\/wp-content\/uploads\/2025\/06\/3c0570936aa6403f83a7715084f28c8a_.mp4\" autoplay=\"autoplay\" loop=\"loop\" muted=\"\" controls=\"controls\" width=\"300\" height=\"150\">tymczasowy<br \/>\n<\/video><\/p>\n<h2 class=\"\">Autel SkyLink 3.0<\/h2>\n<p class=\"\">System EVO Max 4N SkyLink 3.0 wyposa\u017cony jest w 6 anten, 4 pasma cz\u0119stotliwo\u015bci, szyfrowanie AES-256* i opcjonaln\u0105 integracj\u0119 4G*, dzi\u0119ki czemu u\u017cytkownicy maj\u0105 do dyspozycji najbardziej zaawansowane mo\u017cliwo\u015bci lotu, jakie kiedykolwiek oferowa\u0142 EVO.<\/p>\n<p class=\"\"><strong class=\"\">12,4 mil:<\/strong> Odleg\u0142o\u015b\u0107 transmisji obrazu\u00a0 <strong class=\"\">1080p\/60 klatek na sekund\u0119: <\/strong>Jako\u015b\u0107 obrazu w czasie rzeczywistym<\/p>\n<p class=\"\"><strong class=\"\">900MHz\/2,4GHz\/5,2GHz\/5,8GHz** :<\/strong> Pasma cz\u0119stotliwo\u015bci\u00a0\u00a0<strong class=\"\">&lt;150ms\u00a0<\/strong>Utajenie<br class=\"\" data-mce-fragment=\"1\" \/><img decoding=\"async\" class=\"\" src=\"https:\/\/dronvictory.com\/wp-content\/uploads\/2025\/06\/05_96831e61-7d2c-44f8-8177-aa7ebe2efa72_.jpg\" alt=\"\" data-mce-fragment=\"1\" \/><\/p>\n<h2 class=\"\"><strong class=\"\">\u0141adunek gotowy do misji<\/strong><\/h2>\n<p class=\"\">\u0141adunek zawiera kamer\u0119 gwiezdn\u0105, kamer\u0119 szerokok\u0105tn\u0105, kamer\u0119 termowizyjn\u0105 i dalmierz laserowy, zaspokajaj\u0105c wszystkie potrzeby zwi\u0105zane z przechwytywaniem danych i podejmowaniem kluczowych decyzji.<\/p>\n<p class=\"\"><img decoding=\"async\" class=\"\" src=\"https:\/\/dronvictory.com\/wp-content\/uploads\/2025\/06\/4N_.jpg\" alt=\"\" \/><\/p>\n<p class=\"\"><strong class=\"\">Kamera Starlight:\u00a0<\/strong>Odkryj noc, 2,3 MP<br class=\"\" data-mce-fragment=\"1\" \/>Luksus: 0,0001, ISO: 450000<br class=\"\" data-mce-fragment=\"1\" \/>R\u00f3wnowa\u017cne: 41,4 mm<\/p>\n<p><video class=\"\" style=\"width: 100%; border-radius: 8px; margin: 0px auto 8px !important; display: block;\" src=\"https:\/\/dronvictory.com\/wp-content\/uploads\/2025\/06\/373e0619513d47fdaec5c618ee458a38_.mp4\" autoplay=\"autoplay\" loop=\"loop\" muted=\"\" controls=\"controls\" width=\"300\" height=\"150\">tymczasowy<br \/>\n<\/video><\/p>\n<p class=\"\">\u00a0<strong class=\"\">Szerokok\u0105tny aparat:\u00a0<\/strong>50MP 1\/1.28\u2033 CMOS Przys\u0142ona: f\/1.9 DFVO: 85\u00b0 Odpowiednik: 23 mm<\/p>\n<p><video class=\"\" style=\"width: 100%; border-radius: 8px; margin: 0px auto 8px !important; display: block;\" src=\"https:\/\/dronvictory.com\/wp-content\/uploads\/2025\/06\/c686f975a0444007b797894b955ece88_.mp4\" autoplay=\"autoplay\" loop=\"loop\" muted=\"\" controls=\"controls\" width=\"300\" height=\"150\">tymczasowy<br \/>\n<\/video><\/p>\n<p class=\"\"><strong class=\"\">Kamera termowizyjna:<\/strong>\u00a0640\u00d7512 Przys\u0142ona: 13 mm 16-krotny zoom cyfrowy<\/p>\n<p class=\"\">Zakres pomiaru temperatury: -20\u00b0C do 550\u00b0C<\/p>\n<p><video class=\"\" style=\"width: 100%; border-radius: 8px; margin: 0px auto 8px !important; display: block;\" src=\"https:\/\/dronvictory.com\/wp-content\/uploads\/2025\/06\/dce8df24b360469da4671392d018903e_.mp4\" autoplay=\"autoplay\" loop=\"loop\" muted=\"\" controls=\"controls\" width=\"300\" height=\"150\">tymczasowy<br \/>\n<\/video><\/p>\n<p class=\"\"><strong class=\"\">Dalmierz laserowy:\u00a0<\/strong>Zakres pomiaru: 5 \u2013 1200m<br class=\"\" data-mce-fragment=\"1\" \/>Dok\u0142adno\u015b\u0107 pomiaru: +1m<\/p>\n<p><video class=\"\" style=\"width: 100%; border-radius: 8px; margin: 0px auto 8px !important; display: block;\" src=\"https:\/\/dronvictory.com\/wp-content\/uploads\/2025\/06\/bdfedf3219424d63a9b76b53e52ed816_.mp4\" autoplay=\"autoplay\" loop=\"loop\" muted=\"\" controls=\"controls\" width=\"300\" height=\"150\">tymczasowy<br \/>\n<\/video><\/p>\n<h2 class=\"\">Platforma aplikacji Autel Enterprise<\/h2>\n<p class=\"\">Aplikacja Autel Enterprise zosta\u0142a stworzona od podstaw do zastosowa\u0144 przemys\u0142owych i oferuje zupe\u0142nie nowy interfejs do prostej, wydajnej obs\u0142ugi. Dodatkowe funkcje i tryby p\u00f3\u0142autonomiczne maksymalizuj\u0105 mo\u017cliwo\u015bci misji EVO Max 4N.<\/p>\n<p class=\"\"><img decoding=\"async\" class=\"\" src=\"https:\/\/dronvictory.com\/wp-content\/uploads\/2025\/06\/APP_834cc650-cc4d-444e-b6c7-21d5d060d9ab_-scaled.jpg\" alt=\"\" \/><\/p>\n<h2 class=\"\">Inteligentne funkcje<\/h2>\n<p class=\"\"><strong class=\"\">Planowanie mapy 3D: <\/strong>Zaplanuj, stw\u00f3rz i wykonaj misj\u0119 z punktem kontrolnym 3D na mapie 3D.<img decoding=\"async\" class=\"\" src=\"https:\/\/dronvictory.com\/wp-content\/uploads\/2025\/06\/3dmapping_.jpg\" alt=\"\" data-mce-fragment=\"1\" \/><\/p>\n<p class=\"\"><strong class=\"\">Szybka misja:\u00a0<\/strong>Tymczasowe szybkie misje mo\u017cna tworzy\u0107 podczas wykonywania innych misji, a dla wi\u0119kszej elastyczno\u015bci mo\u017cna \u0142\u0105czy\u0107 wiele podmisji.<img decoding=\"async\" class=\"\" src=\"https:\/\/dronvictory.com\/wp-content\/uploads\/2025\/06\/quickmission_.jpg\" alt=\"\" data-mce-fragment=\"1\" \/><\/p>\n<p class=\"\"><strong class=\"\">Reprodukcja misji:\u00a0<\/strong>Po aktywowaniu tej funkcji mo\u017cesz wykona\u0107 misj\u0119 manualn\u0105 lub p\u00f3\u0142autonomiczn\u0105 lub po\u0142\u0105czy\u0107 wiele misji. EVO Max4N automatycznie zarejestruje k\u0105ty kamery i odtworzy misj\u0119, kt\u00f3r\u0105 w\u0142a\u015bnie wykona\u0142e\u015b.<img decoding=\"async\" class=\"\" src=\"https:\/\/dronvictory.com\/wp-content\/uploads\/2025\/06\/missionreproduction_.jpg\" alt=\"\" data-mce-fragment=\"1\" \/><\/p>\n<h2 class=\"\">Wiele typ\u00f3w misji<\/h2>\n<p class=\"\">Aplikacja Enterprise umo\u017cliwia planowanie r\u00f3\u017cnych autonomicznych i p\u00f3\u0142autonomicznych misji na rzecz bezpiecze\u0144stwa publicznego, inspekcji i pomiar\u00f3w.<\/p>\n<p class=\"\"><strong class=\"\">Teren Obserwuj:<\/strong> Utrzymuj wzgl\u0119dnie sta\u0142\u0105 wysoko\u015b\u0107 nad ziemi\u0105 na nier\u00f3wnym lub pochy\u0142ym terenie.<\/p>\n<p class=\"\"><strong class=\"\">Misja prostok\u0105tna: <\/strong>Automatyczne generowanie prostok\u0105tnego obszaru lotu jednym klikni\u0119ciem.<\/p>\n<p class=\"\"><img decoding=\"async\" class=\"\" src=\"https:\/\/dronvictory.com\/wp-content\/uploads\/2025\/06\/multimission-001_.png\" alt=\"\" \/>\u00a0<img decoding=\"async\" class=\"\" src=\"https:\/\/dronvictory.com\/wp-content\/uploads\/2025\/06\/multimission-002_.png\" alt=\"\" data-mce-fragment=\"1\" \/><\/p>\n<p class=\"\"><strong class=\"\">Automatyczne generowanie misji i przechwytywanie danych:<\/strong>Automatyczne tworzenie tras poprzez dodawanie punkt\u00f3w granicznych region\u00f3w za pomoc\u0105 kropek lub importowanie plik\u00f3w KML. <strong class=\"\">Misje punkt\u00f3w kontrolnych:<\/strong>U\u017cytkownicy mog\u0105 dodawa\u0107 punkty trasy, aby wyznacza\u0107 elastyczne i niestrukturyzowane trasy lotu.<\/p>\n<p class=\"\"><img decoding=\"async\" class=\"\" src=\"https:\/\/dronvictory.com\/wp-content\/uploads\/2025\/06\/multimission-003_.jpg\" alt=\"\" \/>\u00a0<img decoding=\"async\" class=\"\" src=\"https:\/\/dronvictory.com\/wp-content\/uploads\/2025\/06\/multimission-004_.png\" alt=\"\" data-mce-fragment=\"1\" \/><\/p>\n<p class=\"\"><strong class=\"\">Fotografia sko\u015bna:<\/strong>Automatyczne planowanie 5 grup tras (1 ortogonalna + 4 sko\u015bne) na podstawie obszaru lotu okre\u015blonego przez u\u017cytkownika.\u00a0 \u00a0 \u00a0 \u00a0 \u00a0 \u00a0 \u00a0 \u00a0 \u00a0 \u00a0 \u00a0 \u00a0 \u00a0 \u00a0 \u00a0 \u00a0 \u00a0 \u00a0 \u00a0 \u00a0<strong class=\"\">Misja spiralna:<\/strong>Obs\u0142uguje helikalne przeszukiwanie lot\u00f3w w wyznaczonym obszarze dla SAR.<\/p>\n<p class=\"\"><img decoding=\"async\" class=\"\" src=\"https:\/\/dronvictory.com\/wp-content\/uploads\/2025\/06\/multimission-005_.png\" alt=\"\" data-mce-fragment=\"1\" \/>\u00a0<img decoding=\"async\" class=\"\" src=\"https:\/\/dronvictory.com\/wp-content\/uploads\/2025\/06\/multimission-006_.png\" alt=\"\" data-mce-fragment=\"1\" \/><\/p>\n<p class=\"\"><strong class=\"\">Skanowanie pionowe:<\/strong>Wykonywanie pomiar\u00f3w pionowych fasad budynk\u00f3w, \u015bcian wykop\u00f3w odkrywkowych i wie\u017c. <strong class=\"\">Misja korytarza:<\/strong>Wspiera intuicyjne i efektywne planowanie misji korytarzowych dla dr\u00f3g, rzek, ruroci\u0105g\u00f3w, linii energetycznych i innych w\u0105skich, rozleg\u0142ych teren\u00f3w.<img decoding=\"async\" class=\"\" src=\"https:\/\/dronvictory.com\/wp-content\/uploads\/2025\/06\/multimission-007_.png\" alt=\"\" \/><img decoding=\"async\" class=\"\" src=\"https:\/\/dronvictory.com\/wp-content\/uploads\/2025\/06\/multimission-008_.png\" alt=\"\" \/><\/p>\n<h2 class=\"\"><strong class=\"\">Bezpiecze\u0144stwo danych<\/strong><\/h2>\n<p class=\"\"><strong class=\"\">Ochrona prywatno\u015bci:<\/strong> Dost\u0119p fizyczny do danych dotycz\u0105cych u\u017cytkownika i samolotu, w tym dziennik\u00f3w lot\u00f3w, lokalizacji i informacji o koncie, jest mo\u017cliwy wy\u0142\u0105cznie lokalnie za po\u015brednictwem samolotu.<\/p>\n<p class=\"\"><strong class=\"\">Szyfrowane przechowywanie danych:<\/strong> Obs\u0142uguje szyfrowanie AES-256 dla zdj\u0119\u0107, film\u00f3w i dziennik\u00f3w lot\u00f3w i jest chroniony has\u0142em.<br class=\"\" data-mce-fragment=\"1\" \/><img decoding=\"async\" class=\"\" src=\"https:\/\/dronvictory.com\/wp-content\/uploads\/2025\/06\/datasec01_.png\" alt=\"\" data-mce-fragment=\"1\" \/><\/p>\n<h2 class=\"\">Ulepszony podgl\u0105d na \u017cywo<\/h2>\n<p class=\"\"><strong class=\"\">Ekran projekcyjny wielokana\u0142owy:<\/strong>Obs\u0142uguje jednoczesn\u0105 emisj\u0119 obrazu RGB, podczerwonego, noktowizyjnego i szerokok\u0105tnego.<img decoding=\"async\" class=\"\" src=\"https:\/\/dronvictory.com\/wp-content\/uploads\/2025\/06\/kb3_.jpg\" alt=\"\" data-mce-fragment=\"1\" \/><\/p>\n<p class=\"\"><strong class=\"\">Scena AR:<\/strong>Dane geolokalizacyjne i inne informacje o po\u0142o\u017ceniu samolotu wykryte przez system ADS-B mog\u0105 by\u0107 nak\u0142adane na map\u0119 w czasie rzeczywistym, co u\u0142atwia u\u017cytkownikom potwierdzanie lokalizacji drona i unikanie zagro\u017ce\u0144 w powietrzu.<img decoding=\"async\" class=\"\" src=\"https:\/\/dronvictory.com\/wp-content\/uploads\/2025\/06\/ARSCENE_.jpg\" alt=\"\" data-mce-fragment=\"1\" \/><\/p>\n<h2 class=\"\">Zestaw SDK Autel<\/h2>\n<p class=\"\">Ten<a class=\"\" href=\"https:\/\/developer.autelrobotics.cn\/\" target=\"_blank\" rel=\"noopener\"> Zestaw SDK Autel<\/a> jest otwarty na ca\u0142y \u015bwiat, pomagaj\u0105c deweloperom i partnerom obni\u017cy\u0107 koszty rozwoju oprogramowania i sprz\u0119tu oraz wsp\u00f3lnie stworzy\u0107 nowy ekosystem bran\u017cowy. (Uwaga: w tej chwili dost\u0119pny jest tylko mobilny pakiet SDK, pozosta\u0142e dwa nie zosta\u0142y jeszcze wydane)\u00a0<img decoding=\"async\" class=\"\" src=\"https:\/\/dronvictory.com\/wp-content\/uploads\/2025\/06\/SDK_.png\" alt=\"\" data-mce-fragment=\"1\" \/><\/p>\n<h2 class=\"\">\u00a0Szerokie zastosowanie<\/h2>\n<p class=\"\"><img decoding=\"async\" class=\"\" src=\"https:\/\/dronvictory.com\/wp-content\/uploads\/2025\/06\/application_.png\" alt=\"\" \/><\/p>\n<\/div>\n<div class=\"download-list-appLeft flexlf\">\n<div class=\"download-list-appFont\">\n<h3 class=\"\">Eksplorator Autel<\/h3>\n<div class=\"download-list-appDec\"><span class=\"\">Odblokuj potencja\u0142 swojego drona dzi\u0119ki aplikacji Autel Explorer. Dzi\u0119ki aplikacji mo\u017cesz \u0142atwo sterowa\u0107 EVO I, EVO II Pro, EVO II Dual i EVO II Enterprise Series. Twoje urz\u0105dzenie mobilne b\u0119dzie dzia\u0142a\u0107 jako centralny wy\u015bwietlacz (HD Live View) do fotografii lotniczej, kinematografii i regulacji parametr\u00f3w lotu. Wykonuj zaawansowane funkcje autonomii, takie jak dynamiczne \u015bledzenie, \u015bledzenie statywu, \u015bledzenie r\u00f3wnoleg\u0142e, sterowanie gestami, precyzyjny lot, podw\u00f3jna stabilno\u015b\u0107 i planowanie misji. (Niekt\u00f3re funkcje s\u0105 dost\u0119pne tylko w serii EVO II).<\/span><\/div>\n<\/div>\n<\/div>\n<div class=\"download-list-appRight flexsb\">\n<div class=\"download-appRight-img\">\n<div class=\"download-appRight-imgLi\"><img decoding=\"async\" class=\"\" src=\"https:\/\/dronvictory.com\/wp-content\/uploads\/2025\/06\/dow-img3_ecac52c0-9341-4608-b1cd-38279a4f972e_.png\" alt=\"\" \/><\/div>\n<div class=\"download-appRight-label\"><a class=\"download-appRight-icon\" href=\"https:\/\/app.autelrobotics.com\/gotoapp-autel-sky.html\" target=\"_blank\" rel=\"noopener\"><img decoding=\"async\" class=\"\" src=\"https:\/\/dronvictory.com\/wp-content\/uploads\/2025\/06\/pg-icon1_.png\" alt=\"download Autel Sky APP in apple store\" \/><\/a><\/div>\n<\/div>\n<div class=\"download-appRight-img\">\n<div class=\"download-appRight-imgLi\"><img decoding=\"async\" class=\"\" src=\"https:\/\/dronvictory.com\/wp-content\/uploads\/2025\/06\/dow-img2_.png\" alt=\"\" \/><\/div>\n<div class=\"download-appRight-label\"><a class=\"download-appRight-icon\" href=\"https:\/\/apps.apple.com\/store\/app\/autel-sky\/id1571426955\" target=\"_blank\" rel=\"noopener\"><img decoding=\"async\" class=\"\" src=\"https:\/\/dronvictory.com\/wp-content\/uploads\/2025\/06\/az-icon1_.png\" alt=\"download Autel Sky APP in android store\" \/><\/a><\/div>\n<\/div>\n<\/div>","protected":false},"excerpt":{"rendered":"<ul>\n<li class=\"\"><span class=\"\" style=\"color: #ff2a00;\"><strong class=\"\">\u201eN\u201d \u2013 Eksploruj noc \u2013 Kamera Starlight<\/strong><\/span><\/li>\n<li class=\"\"><span class=\"\" style=\"color: #ff2a00;\"><strong class=\"\">Certyfikat klasy UE C2<\/strong><\/span><\/li>\n<li class=\"\">Lider wywiadu dron\u00f3w<\/li>\n<li class=\"\">A-Mesh 1.0 \u2013 Pierwsza technologia sieciowa Mesh w bran\u017cy dron\u00f3w<\/li>\n<li class=\"\">Brak martwych punkt\u00f3w \u2013 doskona\u0142e unikanie przeszk\u00f3d<\/li>\n<li class=\"\">Antyzaci\u0119cia-antyzak\u0142\u00f3cenia<\/li>\n<li class=\"\">Maksymalny czas lotu: 42 min\/27 mph* Maksymalny op\u00f3r wiatru<\/li>\n<li class=\"\">Autel SkyLink 3.0<\/li>\n<li class=\"\">\u0141adunek: kamera Starlight \/ kamera szerokok\u0105tna 50 MP \/ kamera termowizyjna 640 \u00d7 512 \/ dalmierz laserowy<\/li>\n<li class=\"\">Inteligentne funkcje: Planowanie mapy 3D\/Szybka misja\/Reprodukcja misji<\/li>\n<\/ul>","protected":false},"featured_media":14054,"template":"","meta":[],"product_cat":[381],"product_tag":[22],"class_list":{"0":"post-14265","1":"product","2":"type-product","3":"status-publish","4":"has-post-thumbnail","6":"product_brand-autel-evo","7":"product_cat-autel-evo","8":"product_tag-drone","10":"first","11":"instock","12":"shipping-taxable","13":"product-type-simple"},"_links":{"self":[{"href":"https:\/\/dronvictory.com\/pl\/wp-json\/wp\/v2\/product\/14265","targetHints":{"allow":["GET"]}}],"collection":[{"href":"https:\/\/dronvictory.com\/pl\/wp-json\/wp\/v2\/product"}],"about":[{"href":"https:\/\/dronvictory.com\/pl\/wp-json\/wp\/v2\/types\/product"}],"wp:featuredmedia":[{"embeddable":true,"href":"https:\/\/dronvictory.com\/pl\/wp-json\/wp\/v2\/media\/14054"}],"wp:attachment":[{"href":"https:\/\/dronvictory.com\/pl\/wp-json\/wp\/v2\/media?parent=14265"}],"wp:term":[{"taxonomy":"product_cat","embeddable":true,"href":"https:\/\/dronvictory.com\/pl\/wp-json\/wp\/v2\/product_cat?post=14265"},{"taxonomy":"product_tag","embeddable":true,"href":"https:\/\/dronvictory.com\/pl\/wp-json\/wp\/v2\/product_tag?post=14265"}],"curies":[{"name":"wp","href":"https:\/\/api.w.org\/{rel}","templated":true}]}}