{"id":14266,"date":"2025-06-08T19:24:27","date_gmt":"2025-06-08T19:24:27","guid":{"rendered":"https:\/\/dronvictory.com\/?post_type=product&#038;p=14266"},"modified":"2025-06-08T19:24:27","modified_gmt":"2025-06-08T19:24:27","slug":"autel-robotics-evo-max-4t-drone","status":"publish","type":"product","link":"https:\/\/dronvictory.com\/pl\/produkt\/autel-robotics-evo-max-4t-drone\/","title":{"rendered":"Dron Autel Robotics EVO MAX 4T"},"content":{"rendered":"<h2 style=\"text-align: center;\">Autel EVO MAX 4T<\/h2>\n<div style=\"text-align: left;\"><img decoding=\"async\" src=\"https:\/\/dronvictory.com\/wp-content\/uploads\/2025\/06\/evmax1_.png\" alt=\"\" \/><\/div>\n<p><video style=\"width: 100%; border-radius: 8px; margin: 0px auto 8px !important; display: block;\" src=\"https:\/\/dronvictory.com\/wp-content\/uploads\/2025\/06\/773b114c312b44c49bd0b86d3260edd0_.mp4\" autoplay=\"autoplay\" loop=\"loop\" muted=\"\" controls=\"controls\" width=\"300\" height=\"150\">tymczasowy<br \/>\n<\/video><\/p>\n<h2><img decoding=\"async\" src=\"https:\/\/dronvictory.com\/wp-content\/uploads\/2025\/06\/e688df351c856f39e51072f0584f71a0_.png\" alt=\"\" data-mce-fragment=\"1\" \/>EVO MAX 4T \u2013 lider w dziedzinie wywiadu dron\u00f3w<\/h2>\n<div style=\"text-align: left;\" data-mce-fragment=\"1\">\n<p>EVO Max 4T oferuje u\u017cytkownikom zaawansowane technologie i zaawansowan\u0105 autonomi\u0119. EVO Max 4T analizuje z\u0142o\u017cone \u015brodowiska, aby tworzy\u0107 w czasie rzeczywistym tr\u00f3jwymiarowe trasy lotu, co zapewnia niezr\u00f3wnane omijanie przeszk\u00f3d. Zaawansowane czujniki umo\u017cliwiaj\u0105 loty w obszarach niedost\u0119pnych dla GPS, a nowy, niesamowity \u0142adunek termiczny otwiera nowe mo\u017cliwo\u015bci identyfikacji i \u015bledzenia obiekt\u00f3w. Dzi\u0119ki sk\u0142adanej, odpornej na warunki atmosferyczne konstrukcji, EVO Max 4T jest r\u00f3wnie mobilny, co wydajny.<\/p>\n<p><strong>Autonomiczne wyszukiwanie \u015bcie\u017cki:<\/strong>Autonomy Engine firmy Autel zbiera dane \u015brodowiskowe i planuje trasy lotu 3D przez z\u0142o\u017cone \u015brodowiska, takie jak g\u00f3ry, lasy i budynki. Przyk\u0142ady zastosowa\u0144 obejmuj\u0105 szybk\u0105 rekonstrukcj\u0119 sceny 3D, nadz\u00f3r nad bezpiecze\u0144stwem publicznym, inspekcj\u0119 przemys\u0142ow\u0105 i pomiary grunt\u00f3w.<img decoding=\"async\" src=\"https:\/\/dronvictory.com\/wp-content\/uploads\/2025\/06\/autopathfinding_1500_.jpg\" alt=\"\" data-mce-fragment=\"1\" \/><\/p>\n<p><strong>Nawigacja w \u015brodowisku bez dost\u0119pu do GPS:<\/strong> Zaawansowane czujniki umo\u017cliwiaj\u0105 urz\u0105dzeniu EVO Max 4T nawigacj\u0119 w utwardzonych konstrukcjach, pod ziemi\u0105 i w \u015brodowiskach bez GPS.<img decoding=\"async\" src=\"https:\/\/dronvictory.com\/wp-content\/uploads\/2025\/06\/gpsdenied_.jpg\" alt=\"\" data-mce-fragment=\"1\" \/><\/p>\n<p><strong>Dok\u0142adna identyfikacja i \u015bledzenie obiekt\u00f3w:<\/strong> Bazuj\u0105c na technologii rozpoznawania AI firmy Autel, EVO Max 4T potrafi automatycznie identyfikowa\u0107 i namierza\u0107 r\u00f3\u017cne typy cel\u00f3w, takie jak \u017ar\u00f3d\u0142a ciep\u0142a, poruszaj\u0105cy si\u0119 ludzie lub pojazdy, a tak\u017ce umo\u017cliwia\u0107 \u015bledzenie obiekt\u00f3w na du\u017cej wysoko\u015bci oraz zbieranie danych na potrzeby organ\u00f3w \u015bcigania.<img decoding=\"async\" src=\"https:\/\/dronvictory.com\/wp-content\/uploads\/2025\/06\/objecttracking_.jpg\" alt=\"\" data-mce-fragment=\"1\" \/><\/p>\n<h2>Brak martwych punkt\u00f3w \u2013 doskona\u0142e unikanie przeszk\u00f3d<\/h2>\n<p>EVO Max 4T to jedyny komercyjny dron, kt\u00f3ry \u0142\u0105czy tradycyjne systemy widzenia obuocznego z technologi\u0105 radaru milimetrowego. Dzi\u0119ki temu wbudowany w EVO Max 4T silnik autonomiczny Autel Autonomy Engine rozpoznaje obiekty o odleg\u0142o\u015bci do 0,5 cala (ok. 12,7 mm), eliminuj\u0105c martwe pola i umo\u017cliwiaj\u0105c prac\u0119 w warunkach s\u0142abego o\u015bwietlenia lub deszczu.<img decoding=\"async\" src=\"https:\/\/dronvictory.com\/wp-content\/uploads\/2025\/06\/noblindspot001_.gif\" alt=\"\" data-mce-fragment=\"1\" \/><br \/>\n<strong><img decoding=\"async\" src=\"https:\/\/dronvictory.com\/wp-content\/uploads\/2025\/06\/noblindspot002_.gif\" alt=\"\" data-mce-fragment=\"1\" \/><\/strong><\/p>\n<h2><strong>Antyzaci\u0119cia-antyzak\u0142\u00f3cenia<\/strong><\/h2>\n<p>EVO Max 4T wykorzystuje zaawansowane modu\u0142y sterowania lotem i algorytmy specjalnie zaprojektowane do przeciwdzia\u0142ania zak\u0142\u00f3ceniom RFI, EMI i podrabianiu sygna\u0142u GPS. Dzi\u0119ki temu EVO Max 4T mo\u017ce pewnie lata\u0107 w pobli\u017cu linii energetycznych, obiekt\u00f3w o krytycznym znaczeniu i w skomplikowanych obszarach. <video style=\"width: 100%; border-radius: 8px; margin: 0px auto 8px !important; display: block;\" src=\"https:\/\/dronvictory.com\/wp-content\/uploads\/2025\/06\/9b6ea557a96c4d4ab58a54005a22490d_.mp4\" autoplay=\"autoplay\" loop=\"loop\" muted=\"\" controls=\"controls\" width=\"300\" height=\"150\">tymczasowy<br \/>\n<\/video><\/p>\n<h2>Klasa odporno\u015bci na warunki atmosferyczne - IP43<img decoding=\"async\" src=\"https:\/\/dronvictory.com\/wp-content\/uploads\/2025\/06\/ip43_-scaled.jpg\" alt=\"\" data-mce-fragment=\"1\" \/><\/h2>\n<div class=\"evomax-head evomax-head2 wow fadeInDown animated animated animated\">\n<h2>A-Mesh 1.0 \u2013 Pierwsza technologia sieciowa Mesh w bran\u017cy dron\u00f3w<\/h2>\n<\/div>\n<p>EVO Max 4T jest wyposa\u017cony w nowy system A-Mesh, kt\u00f3ry umo\u017cliwia autonomiczn\u0105 komunikacj\u0119, po\u0142\u0105czenie i wsp\u00f3\u0142prac\u0119 mi\u0119dzy dronami.<\/p>\n<p><strong>Silna ochrona przed zak\u0142\u00f3ceniami:<\/strong> W przeciwie\u0144stwie do tradycyjnej struktury \u0142a\u0144cuchowej, EVO Max 4T mo\u017ce bezproblemowo komunikowa\u0107 si\u0119 z innymi dronami w pobli\u017cu. Je\u015bli pojedynczy dron ulegnie awarii lub niespodziewanie zniknie, ca\u0142y system samoczynnie si\u0119 zorganizuje i b\u0119dzie nadal przekazywa\u0142 krytyczne informacje.<\/p>\n<p><strong>Zastosowania poza zasi\u0119giem wzroku: <\/strong>Dzi\u0119ki A-Mesh wiele samolot\u00f3w w pobli\u017cu mo\u017ce pe\u0142ni\u0107 rol\u0119 punkt\u00f3w przeka\u017anikowych, co znacznie zwi\u0119ksza efektywno\u015b\u0107 dzia\u0142ania BVLOS<\/p>\n<p><strong>Pe\u0142na kontrola nad flot\u0105:<\/strong>Wiele dron\u00f3w mo\u017ce by\u0107 sterowanych autonomicznie przez jednego pilota lub grup\u0119 pilot\u00f3w jednocze\u015bnie, z dost\u0119pem do LTE lub bez niego.<\/p>\n<p><strong>Zwi\u0119kszony zasi\u0119g: <\/strong>W\u0119z\u0142y komunikacyjne mo\u017cna rozmie\u015bci\u0107 statycznie na wzg\u00f3rzach lub s\u0142upach, aby zapewni\u0107 pe\u0142ne pokrycie danego obszaru, lub r\u00f3j dron\u00f3w mo\u017ce stanowi\u0107 mobilne punkty komunikacyjne, rozszerzaj\u0105c pokrycie ca\u0142ej grupy.<\/p>\n<p><video style=\"width: 100%; border-radius: 8px; margin: 0px auto 8px !important; display: block;\" src=\"https:\/\/dronvictory.com\/wp-content\/uploads\/2025\/06\/3c0570936aa6403f83a7715084f28c8a_.mp4\" autoplay=\"autoplay\" loop=\"loop\" muted=\"\" controls=\"controls\" width=\"300\" height=\"150\">tymczasowy<br \/>\n<\/video><\/p>\n<h2>Autel SkyLink 3.0<\/h2>\n<p>System EVO Max 4T SkyLink 3.0 wyposa\u017cony jest w 6 anten, 4 pasma cz\u0119stotliwo\u015bci, szyfrowanie AES-256* i opcjonaln\u0105 integracj\u0119 4G*, dzi\u0119ki czemu u\u017cytkownicy maj\u0105 do dyspozycji najbardziej zaawansowane funkcje lotu, jakie kiedykolwiek pojawi\u0142y si\u0119 w dronie EVO.<\/p>\n<p><strong>12,4 mil:<\/strong> Odleg\u0142o\u015b\u0107 transmisji obrazu\u00a0 <strong>1080p\/60 klatek na sekund\u0119: <\/strong>Jako\u015b\u0107 obrazu w czasie rzeczywistym<\/p>\n<p><strong>900MHz\/2,4GHz\/5,2GHz\/5,8GHz** :<\/strong> Pasma cz\u0119stotliwo\u015bci\u00a0\u00a0<strong>&lt;150ms\u00a0<\/strong>Utajenie<br data-mce-fragment=\"1\" \/><img decoding=\"async\" src=\"https:\/\/dronvictory.com\/wp-content\/uploads\/2025\/06\/05_96831e61-7d2c-44f8-8177-aa7ebe2efa72_.jpg\" alt=\"\" data-mce-fragment=\"1\" \/><\/p>\n<h2><strong>\u0141adunek gotowy do misji<\/strong><\/h2>\n<p>\u0141adunek zawiera kamer\u0119 szerokok\u0105tn\u0105, kamer\u0119 z zoomem, kamer\u0119 termowizyjn\u0105 i dalmierz laserowy, zaspokajaj\u0105c wszelkie potrzeby zwi\u0105zane z przechwytywaniem danych i podejmowaniem kluczowych decyzji.<\/p>\n<p><img decoding=\"async\" src=\"https:\/\/dronvictory.com\/wp-content\/uploads\/2025\/06\/03_7d8514eb-4079-4118-abda-4f8d60a16e1e_.jpg\" alt=\"\" \/><\/p>\n<p><strong>Szerokok\u0105tny aparat:\u00a0<\/strong>50MP 1\/1.28\u2033 CMOS Przys\u0142ona: f\/1.9 DFVO: 85\u00b0 Odpowiednik: 23 mm<\/p>\n<p><video style=\"width: 100%; border-radius: 8px; margin: 0px auto 8px !important; display: block;\" src=\"https:\/\/dronvictory.com\/wp-content\/uploads\/2025\/06\/c686f975a0444007b797894b955ece88_.mp4\" autoplay=\"autoplay\" loop=\"loop\" muted=\"\" controls=\"controls\" width=\"300\" height=\"150\">tymczasowy<br \/>\n<\/video><\/p>\n<p><strong>Kamera z zoomem:\u00a0<\/strong>48 MP 8K 10-krotny zoom optyczny 160-krotny maks. zoom hybrydowy<br data-mce-fragment=\"1\" \/>Przys\u0142ona: f\/2.8-f\/4.8<\/p>\n<p><video style=\"width: 100%; border-radius: 8px; margin: 0px auto 8px !important; display: block;\" src=\"https:\/\/dronvictory.com\/wp-content\/uploads\/2025\/06\/c766ebb218164c3d849a2815f18911d9_.mp4\" autoplay=\"autoplay\" loop=\"loop\" muted=\"\" controls=\"controls\" width=\"300\" height=\"150\">tymczasowy<br \/>\n<\/video><\/p>\n<p><strong>Kamera termowizyjna:<\/strong>\u00a0640\u00d7512 Przys\u0142ona: 13 mm 16-krotny zoom cyfrowy<br data-mce-fragment=\"1\" \/>Zakres pomiaru temperatury: -20\u00b0C do 550\u00b0C<\/p>\n<p><video style=\"width: 100%; border-radius: 8px; margin: 0px auto 8px !important; display: block;\" src=\"https:\/\/dronvictory.com\/wp-content\/uploads\/2025\/06\/dce8df24b360469da4671392d018903e_.mp4\" autoplay=\"autoplay\" loop=\"loop\" muted=\"\" controls=\"controls\" width=\"300\" height=\"150\">tymczasowy<br \/>\n<\/video><\/p>\n<p><strong>Dalmierz laserowy:\u00a0<\/strong>Zakres pomiaru: 5 \u2013 1200m<br data-mce-fragment=\"1\" \/>Dok\u0142adno\u015b\u0107 pomiaru: +1m<\/p>\n<p><video style=\"width: 100%; border-radius: 8px; margin: 0px auto 8px !important; display: block;\" src=\"https:\/\/dronvictory.com\/wp-content\/uploads\/2025\/06\/bdfedf3219424d63a9b76b53e52ed816_.mp4\" autoplay=\"autoplay\" loop=\"loop\" muted=\"\" controls=\"controls\" width=\"300\" height=\"150\">tymczasowy<br \/>\n<\/video><\/p>\n<h2>Platforma aplikacji Autel Enterprise<\/h2>\n<p>Aplikacja Autel Enterprise zosta\u0142a stworzona od podstaw z my\u015bl\u0105 o zastosowaniach przemys\u0142owych i oferuje zupe\u0142nie nowy interfejs, kt\u00f3ry zapewnia prost\u0105 i wydajn\u0105 obs\u0142ug\u0119. Dodatkowe funkcje i tryby p\u00f3\u0142autonomiczne maksymalizuj\u0105 mo\u017cliwo\u015bci EVO Max 4T w zakresie realizacji misji.<\/p>\n<p><img decoding=\"async\" src=\"https:\/\/dronvictory.com\/wp-content\/uploads\/2025\/06\/APP_834cc650-cc4d-444e-b6c7-21d5d060d9ab_-scaled.jpg\" alt=\"\" \/><\/p>\n<h2>Inteligentne funkcje<\/h2>\n<p><strong>Planowanie mapy 3D: <\/strong>Zaplanuj, stw\u00f3rz i wykonaj misj\u0119 z punktem kontrolnym 3D na mapie 3D.<img decoding=\"async\" src=\"https:\/\/dronvictory.com\/wp-content\/uploads\/2025\/06\/3dmapping_.jpg\" alt=\"\" data-mce-fragment=\"1\" \/><\/p>\n<p><strong>Szybka misja:\u00a0<\/strong>Tymczasowe szybkie misje mo\u017cna tworzy\u0107 podczas wykonywania innych misji, a dla wi\u0119kszej elastyczno\u015bci mo\u017cna \u0142\u0105czy\u0107 wiele podmisji.<img decoding=\"async\" src=\"https:\/\/dronvictory.com\/wp-content\/uploads\/2025\/06\/quickmission_.jpg\" alt=\"\" data-mce-fragment=\"1\" \/><\/p>\n<p><strong>Reprodukcja misji:\u00a0<\/strong>Po aktywacji tej funkcji mo\u017cesz wykona\u0107 misj\u0119 manualn\u0105 lub p\u00f3\u0142autonomiczn\u0105 albo po\u0142\u0105czy\u0107 kilka misji. EVO Max4T automatycznie zarejestruje k\u0105ty kamery i odtworzy misj\u0119, kt\u00f3r\u0105 w\u0142a\u015bnie wykona\u0142e\u015b.<img decoding=\"async\" src=\"https:\/\/dronvictory.com\/wp-content\/uploads\/2025\/06\/missionreproduction_.jpg\" alt=\"\" data-mce-fragment=\"1\" \/><\/p>\n<h2>Wiele typ\u00f3w misji<\/h2>\n<p>Aplikacja Enterprise umo\u017cliwia planowanie r\u00f3\u017cnych autonomicznych i p\u00f3\u0142autonomicznych misji na rzecz bezpiecze\u0144stwa publicznego, inspekcji i pomiar\u00f3w.<\/p>\n<p><strong>Misja prostok\u0105tna: <\/strong>Automatyczne generowanie prostok\u0105tnego obszaru lotu jednym klikni\u0119ciem.<\/p>\n<p><img decoding=\"async\" src=\"https:\/\/dronvictory.com\/wp-content\/uploads\/2025\/06\/multimission-002_.png\" alt=\"\" data-mce-fragment=\"1\" \/><\/p>\n<p><strong>Automatyczne generowanie misji i przechwytywanie danych<\/strong>(w oczekiwaniu na przysz\u0142\u0105 aktualizacj\u0119)<strong>:<\/strong>Automatyczne tworzenie tras poprzez dodawanie punkt\u00f3w granicznych region\u00f3w za pomoc\u0105 kropek lub importowanie plik\u00f3w KML.<\/p>\n<p><strong>Misje punkt\u00f3w kontrolnych:<\/strong>U\u017cytkownicy mog\u0105 dodawa\u0107 punkty trasy, aby wyznacza\u0107 elastyczne i niestrukturyzowane trasy lotu.<\/p>\n<h2><img decoding=\"async\" src=\"https:\/\/dronvictory.com\/wp-content\/uploads\/2025\/06\/multimission-003_.jpg\" alt=\"\" \/><img decoding=\"async\" src=\"https:\/\/dronvictory.com\/wp-content\/uploads\/2025\/06\/multimission-004_.png\" alt=\"\" data-mce-fragment=\"1\" \/> <strong>Bezpiecze\u0144stwo danych<\/strong><\/h2>\n<p><strong>Ochrona prywatno\u015bci:<\/strong> Dost\u0119p fizyczny do danych dotycz\u0105cych u\u017cytkownika i samolotu, w tym dziennik\u00f3w lot\u00f3w, lokalizacji i informacji o koncie, jest mo\u017cliwy wy\u0142\u0105cznie lokalnie za po\u015brednictwem samolotu.<\/p>\n<p><strong>Szyfrowane przechowywanie danych:<\/strong> Obs\u0142uguje szyfrowanie AES-256 dla zdj\u0119\u0107, film\u00f3w i dziennik\u00f3w lot\u00f3w i jest chroniony has\u0142em.<br data-mce-fragment=\"1\" \/><img decoding=\"async\" src=\"https:\/\/dronvictory.com\/wp-content\/uploads\/2025\/06\/datasec01_.png\" alt=\"\" data-mce-fragment=\"1\" \/><\/p>\n<h2>Ulepszony podgl\u0105d na \u017cywo<\/h2>\n<p><strong>Ekran projekcyjny wielokana\u0142owy:<\/strong>Obs\u0142uguje jednoczesn\u0105 emisj\u0119 obrazu RGB, podczerwonego, noktowizyjnego i szerokok\u0105tnego.<img decoding=\"async\" src=\"https:\/\/dronvictory.com\/wp-content\/uploads\/2025\/06\/kb3_.jpg\" alt=\"\" data-mce-fragment=\"1\" \/><\/p>\n<p><strong>Scena AR:<\/strong>Dane geolokalizacyjne i inne informacje o po\u0142o\u017ceniu samolotu wykryte przez system ADS-B mog\u0105 by\u0107 nak\u0142adane na map\u0119 w czasie rzeczywistym, co u\u0142atwia u\u017cytkownikom potwierdzanie lokalizacji drona i unikanie zagro\u017ce\u0144 w powietrzu.<img decoding=\"async\" src=\"https:\/\/dronvictory.com\/wp-content\/uploads\/2025\/06\/ARSCENE_.jpg\" alt=\"\" data-mce-fragment=\"1\" \/><\/p>\n<h2>Zestaw SDK Autel<\/h2>\n<p>Ten<a href=\"https:\/\/developer.autelrobotics.cn\/\" target=\"_blank\" rel=\"noopener\"> Zestaw SDK Autel<\/a> jest otwarty na ca\u0142y \u015bwiat, pomagaj\u0105c deweloperom i partnerom obni\u017cy\u0107 koszty rozwoju oprogramowania i sprz\u0119tu oraz wsp\u00f3lnie stworzy\u0107 nowy ekosystem bran\u017cowy. (Uwaga: w tej chwili dost\u0119pny jest tylko mobilny pakiet SDK, pozosta\u0142e dwa nie zosta\u0142y jeszcze wydane)\u00a0<img decoding=\"async\" src=\"https:\/\/dronvictory.com\/wp-content\/uploads\/2025\/06\/SDK_.png\" alt=\"\" data-mce-fragment=\"1\" \/><\/p>\n<h2>\u00a0Szerokie zastosowanie<\/h2>\n<p><img decoding=\"async\" src=\"https:\/\/dronvictory.com\/wp-content\/uploads\/2025\/06\/application_.png\" alt=\"\" \/><\/p>\n<\/div>\n<div class=\"download-list-app w1280 flexlf\">\n<div class=\"download-list-appLeft flexlf\">\n<div class=\"download-list-appFont\">\n<h3>Eksplorator Autel<\/h3>\n<div class=\"download-list-appDec\">Odblokuj potencja\u0142 swojego drona dzi\u0119ki aplikacji Autel Explorer. Dzi\u0119ki aplikacji mo\u017cesz \u0142atwo sterowa\u0107 EVO I, EVO II Pro, EVO II Dual i EVO II Enterprise Series. Twoje urz\u0105dzenie mobilne b\u0119dzie dzia\u0142a\u0107 jako centralny wy\u015bwietlacz (HD Live View) do fotografii lotniczej, kinematografii i regulacji parametr\u00f3w lotu. Wykonuj zaawansowane funkcje autonomii, takie jak dynamiczne \u015bledzenie, \u015bledzenie statywu, \u015bledzenie r\u00f3wnoleg\u0142e, sterowanie gestami, precyzyjny lot, podw\u00f3jna stabilno\u015b\u0107 i planowanie misji. (Niekt\u00f3re funkcje s\u0105 dost\u0119pne tylko w serii EVO II).<\/div>\n<\/div>\n<\/div>\n<div class=\"download-list-appRight flexsb\">\n<div class=\"download-appRight-img\">\n<div class=\"download-appRight-imgLi\"><img decoding=\"async\" src=\"https:\/\/dronvictory.com\/wp-content\/uploads\/2025\/06\/dow-img3_ecac52c0-9341-4608-b1cd-38279a4f972e_.png\" alt=\"\" \/><\/div>\n<div class=\"download-appRight-label\"><a class=\"download-appRight-icon\" href=\"https:\/\/app.autelrobotics.com\/gotoapp-autel-sky.html\" target=\"_blank\" rel=\"noopener\"><img decoding=\"async\" src=\"https:\/\/dronvictory.com\/wp-content\/uploads\/2025\/06\/pg-icon1_.png\" alt=\"download Autel Sky APP in apple store\" \/><\/a><\/div>\n<\/div>\n<div class=\"download-appRight-img\">\n<div class=\"download-appRight-imgLi\"><img decoding=\"async\" src=\"https:\/\/dronvictory.com\/wp-content\/uploads\/2025\/06\/dow-img2_.png\" alt=\"\" \/><\/div>\n<div class=\"download-appRight-label\"><a class=\"download-appRight-icon\" href=\"https:\/\/apps.apple.com\/store\/app\/autel-sky\/id1571426955\" target=\"_blank\" rel=\"noopener\"><img decoding=\"async\" src=\"https:\/\/dronvictory.com\/wp-content\/uploads\/2025\/06\/az-icon1_.png\" alt=\"download Autel Sky APP in android store\" \/><\/a><\/div>\n<\/div>\n<\/div>\n<\/div>","protected":false},"excerpt":{"rendered":"<ul>\n<li style=\"font-weight: bold; color: #ff2a00;\"><span style=\"color: #ff2a00;\"><strong>Certyfikat klasy UE C2<\/strong><\/span><\/li>\n<li>A-Mesh 1.0 \u2013 Pierwsza technologia sieciowa Mesh w bran\u017cy dron\u00f3w<\/li>\n<li>Brak martwych punkt\u00f3w \u2013 doskona\u0142e unikanie przeszk\u00f3d<\/li>\n<li>Antyzaci\u0119cia-antyzak\u0142\u00f3cenia<\/li>\n<li>Maksymalny czas lotu: 42 min\/27 mph* Maksymalny op\u00f3r wiatru<\/li>\n<li>Autel SkyLink 3.0<\/li>\n<li>\u0141adunek: Aparat szerokok\u0105tny 50 MP \/ Aparat z zoomem 48 MP \/ Rozdzielczo\u015b\u0107 termiczna 640 \u00d7 512<\/li>\n<li>Inteligentne funkcje: planowanie mapy 3D\/szybka misja\/reprodukcja misji<\/li>\n<\/ul>","protected":false},"featured_media":14040,"template":"","meta":[],"product_cat":[381],"product_tag":[22],"class_list":{"0":"post-14266","1":"product","2":"type-product","3":"status-publish","4":"has-post-thumbnail","6":"product_brand-autel-evo","7":"product_cat-autel-evo","8":"product_tag-drone","10":"first","11":"instock","12":"shipping-taxable","13":"product-type-simple"},"_links":{"self":[{"href":"https:\/\/dronvictory.com\/pl\/wp-json\/wp\/v2\/product\/14266","targetHints":{"allow":["GET"]}}],"collection":[{"href":"https:\/\/dronvictory.com\/pl\/wp-json\/wp\/v2\/product"}],"about":[{"href":"https:\/\/dronvictory.com\/pl\/wp-json\/wp\/v2\/types\/product"}],"wp:featuredmedia":[{"embeddable":true,"href":"https:\/\/dronvictory.com\/pl\/wp-json\/wp\/v2\/media\/14040"}],"wp:attachment":[{"href":"https:\/\/dronvictory.com\/pl\/wp-json\/wp\/v2\/media?parent=14266"}],"wp:term":[{"taxonomy":"product_cat","embeddable":true,"href":"https:\/\/dronvictory.com\/pl\/wp-json\/wp\/v2\/product_cat?post=14266"},{"taxonomy":"product_tag","embeddable":true,"href":"https:\/\/dronvictory.com\/pl\/wp-json\/wp\/v2\/product_tag?post=14266"}],"curies":[{"name":"wp","href":"https:\/\/api.w.org\/{rel}","templated":true}]}}