{"id":14270,"date":"2025-06-08T19:41:15","date_gmt":"2025-06-08T19:41:15","guid":{"rendered":"https:\/\/dronvictory.com\/?post_type=product&#038;p=14270"},"modified":"2025-06-08T19:41:15","modified_gmt":"2025-06-08T19:41:15","slug":"autel-robotics-evo-lite-640t-enterprise-drone","status":"publish","type":"product","link":"https:\/\/dronvictory.com\/pl\/produkt\/autel-robotics-evo-lite-640t-enterprise-drone\/","title":{"rendered":"Dron korporacyjny Autel Robotics EVO Lite 640T"},"content":{"rendered":"<h2><strong><b>Autel Robotics EVO Lite 640T Enterprise<\/b><\/strong><\/h2>\n<section class=\"section_package\"><\/section>\n<section class=\"style_product-c\">Seria EVO Lite Enterprise firmy Autel Robotics oferuje liczne zalety, takie jak lekka i przeno\u015bna konstrukcja, szybkie wdro\u017cenie oraz proste sterowanie w zastosowaniach przemys\u0142owych. Funkcja rozpoznawania cel\u00f3w oparta na sztucznej inteligencji (AI) umo\u017cliwia dronowi \u0142atw\u0105 i automatyczn\u0105 identyfikacj\u0119 i mapowanie r\u00f3\u017cnych obiekt\u00f3w docelowych. Tr\u00f3jkierunkowy system omijania przeszk\u00f3d z wykorzystaniem widzenia obuocznego zapewnia bezpiecze\u0144stwo lotu.<\/p>\n<p>EVO Lite 640T Enterprise wyposa\u017cony jest w podw\u00f3jny system gimbala, z kamer\u0105 \u015bwiat\u0142a widzialnego zapewniaj\u0105c\u0105 wyra\u017any i szczeg\u00f3\u0142owy obraz, a kamera termowizyjna wspomaga podejmowanie decyzji podczas operacji. W po\u0142\u0105czeniu z profesjonalnym oprogramowaniem lotniczym Autel Enterprise, oferuje \u0142atw\u0105 obs\u0142ug\u0119, przyjazn\u0105 interakcj\u0119, elastyczne wdro\u017cenie przez jedn\u0105 osob\u0119 oraz efektywne wykorzystanie w sytuacjach takich jak bezpiecze\u0144stwo publiczne i ratownictwo.<\/p>\n<\/section>\n<section class=\"style_product-c\">\n<section class=\"style_product-c\">\n<h2>G\u0142\u00f3wne cechy<\/h2>\n<ul>\n<li>Lekki i przeno\u015bny<\/li>\n<li>640*512 Obrazowanie termiczne w podczerwieni<\/li>\n<li>Rozdzielczo\u015b\u0107 6K<\/li>\n<li>Zasi\u0119g transmisji wideo 12 km<\/li>\n<li>40-minutowy test wytrzyma\u0142o\u015bci w locie<\/li>\n<li>Tr\u00f3jdro\u017cne widzenie obuoczne i unikanie przeszk\u00f3d<\/li>\n<li>Rozpoznawanie i pozycjonowanie cel\u00f3w AI<\/li>\n<li>Proste sterowanie za pomoc\u0105 inteligentnego kontrolera SE V2<\/li>\n<\/ul>\n<h3><img decoding=\"async\" src=\"https:\/\/dronvictory.com\/wp-content\/uploads\/2025\/06\/640t_main_feature_1280_.png\" alt=\"\" \/><\/h3>\n<h2>Lekki i przeno\u015bny<\/h2>\n<p>Samoloty EVO Lite Enterprise Series wa\u017c\u0105 zaledwie 866 gram\u00f3w i maj\u0105 wymiary po z\u0142o\u017ceniu wynosz\u0105ce zaledwie 210 x 123 x 95 mm, co u\u0142atwia ich przenoszenie w plecaku. Dzi\u0119ki prostej obs\u0142udze idealnie nadaj\u0105 si\u0119 do efektywnego wykonywania misji przez jednego operatora.<\/p>\n<p><img decoding=\"async\" src=\"https:\/\/dronvictory.com\/wp-content\/uploads\/2025\/06\/po11_.png\" alt=\"\" \/><\/p>\n<h2>Aplikacja Autel Enterprise<\/h2>\n<p>Autel Enterprise to profesjonalne oprogramowanie do misji lotniczych, zaprojektowane przez firm\u0119 Autel Robotics do zastosowa\u0144 przemys\u0142owych. Charakteryzuje si\u0119 zoptymalizowan\u0105 interakcj\u0105, zapewniaj\u0105c\u0105 prost\u0105 i wydajn\u0105 obs\u0142ug\u0119, edytowalnym paskiem narz\u0119dzi dla intuicyjnej obs\u0142ugi oraz integruje inteligentne i profesjonalne funkcje, aby w pe\u0142ni wykorzysta\u0107 potencja\u0142 przemys\u0142owy samolot\u00f3w serii EVO Lite Enterprise.<\/p>\n<p><img decoding=\"async\" src=\"https:\/\/dronvictory.com\/wp-content\/uploads\/2025\/06\/controller_.webp\" alt=\"\" \/><\/p>\n<p><strong>Wy\u015bwietlanie podzielonego ekranu: <\/strong>Widzialne \u015bwiat\u0142o, podczerwie\u0144 lub mapa obs\u0142uguj\u0105 dwukana\u0142owe wyj\u015bcie na ekranie, zapewniaj\u0105c kompleksowe informacje poprzez por\u00f3wnanie.<\/p>\n<p><img decoding=\"async\" src=\"https:\/\/dronvictory.com\/wp-content\/uploads\/2025\/06\/3a878a27eeadbe23dc82a8f4bee58709_.webp\" alt=\"\" \/><\/p>\n<p><strong>Dostosowywalny pasek narz\u0119dzi: <\/strong>Dostosuj pasek narz\u0119dzi menu w aplikacji, aby uzyska\u0107 szybki dost\u0119p do cz\u0119sto u\u017cywanych funkcji, spe\u0142niaj\u0105c w ten spos\u00f3b spersonalizowane potrzeby u\u017cytkownika.<\/p>\n<p><img decoding=\"async\" src=\"https:\/\/dronvictory.com\/wp-content\/uploads\/2025\/06\/79c88dd74b9bf7b0e25a59082dd412ec_.webp\" alt=\"\" \/><\/p>\n<p><strong>Mapy offline:<\/strong> Rozwi\u0105zuje problem nieudanego \u0142adowania map w \u015brodowiskach bez dost\u0119pu do sieci lub ze s\u0142abym dost\u0119pem do sieci poprzez obs\u0142ug\u0119 map offline, co u\u0142atwia precyzyjne pozycjonowanie lotu.<\/p>\n<p><img decoding=\"async\" src=\"https:\/\/dronvictory.com\/wp-content\/uploads\/2025\/06\/925eae9767f36e05683613ee361e1a3f_.webp\" alt=\"\" \/><\/p>\n<h2>Rozpoznawanie i pozycjonowanie cel\u00f3w AI<\/h2>\n<p>Dzi\u0119ki zastosowaniu obiektyw\u00f3w szerokok\u0105tnych lub podczerwonych, w po\u0142\u0105czeniu z inteligentnymi algorytmami sztucznej inteligencji oraz systemem samoucz\u0105cym si\u0119, samolot mo\u017ce automatycznie rozpoznawa\u0107 i lokalizowa\u0107 osoby, samochody i \u0142odzie, wy\u015bwietlaj\u0105c ich po\u0142o\u017cenie na mapie.<\/p>\n<p><img decoding=\"async\" src=\"https:\/\/dronvictory.com\/wp-content\/uploads\/2025\/06\/9ab8659f4ace01fcd4e1c5cc15750306_.webp\" alt=\"\" \/><\/p>\n<h2>EVO Lite 640T Enterprise Dual Gimbal<\/h2>\n<p>Wyposa\u017cona w podw\u00f3jny gimbal, szerokok\u0105tna kamera \u015bwiat\u0142a widzialnego zapewnia szerokie pole widzenia i \u017cywe obrazy o wysokiej rozdzielczo\u015bci, podczas gdy kamera termowizyjna na podczerwie\u0144 wykorzystuje algorytmy obrazowania termicznego o wysokiej rozdzielczo\u015bci, umo\u017cliwiaj\u0105c wyra\u017an\u0105 i szczeg\u00f3\u0142ow\u0105 identyfikacj\u0119 \u017ar\u00f3d\u0142a ciep\u0142a.<\/p>\n<p><img decoding=\"async\" src=\"https:\/\/dronvictory.com\/wp-content\/uploads\/2025\/06\/640t_gimbal_.png\" alt=\"\" \/><\/p>\n<h3>Kamera termowizyjna<\/h3>\n<p><strong>640*512<\/strong> rezolucja \/\/ <strong>9.1<\/strong> mm ogniskowa \/\/\u00a0<strong>16x<\/strong> zoom cyfrowy<\/p>\n<p>Zakres pomiaru temperatury: -20\u00b0C do 150\u00b0C \/ 0\u00b0C do 550\u00b0C<\/p>\n<p>Dok\u0142adno\u015b\u0107 temperatury: \u00b13\u00b0C lub \u00b13% odczytu (w zale\u017cno\u015bci od tego, kt\u00f3ra warto\u015b\u0107 jest wi\u0119ksza)<\/p>\n<h3>Kamera \u015bwiat\u0142a widzialnego<\/h3>\n<p><strong>1\/2 cala<\/strong> CMOS \/\/\u00a0<strong>48 milion\u00f3w<\/strong> pikseli \/\/\u00a0<strong>F2.8 <\/strong>przys\u0142ona \/\/\u00a0<strong>16x<\/strong> zoom cyfrowy<\/p>\n<p>Maksymalny rozmiar zdj\u0119cia 8000*6000<\/p>\n<p>Maksymalna rozdzielczo\u015b\u0107 wideo 4K 30P<\/p>\n<h2>Transmisja wideo w wysokiej rozdzielczo\u015bci<\/h2>\n<p>Wyposa\u017cony w technologi\u0119 transmisji obrazu Autel SkyLink dla systemu podw\u00f3jnego sygna\u0142u i podw\u00f3jnego odbioru, zdolno\u015b\u0107 transmisji obrazu zosta\u0142a ulepszona, a odleg\u0142o\u015b\u0107 transmisji si\u0119ga do <strong>12 kilometr\u00f3w<\/strong>. Wspiera <strong>2,4 GHz\/5,2 GHz\/5,8 GHz<\/strong> adaptacyjne przeskakiwanie cz\u0119stotliwo\u015bci transmisji, automatyczny wyb\u00f3r najlepszego kana\u0142u na podstawie zak\u0142\u00f3ce\u0144 elektromagnetycznych, zapewniaj\u0105cy silne w\u0142a\u015bciwo\u015bci przeciwzak\u0142\u00f3ceniowe. <strong>1080P\/30 kl.\/s<\/strong> jako\u015b\u0107 transmisji obrazu w czasie rzeczywistym.Mniej<strong> 200 milisekund <\/strong>utajenie.<\/p>\n<p><img decoding=\"async\" src=\"https:\/\/dronvictory.com\/wp-content\/uploads\/2025\/06\/video_11080_.png\" alt=\"\" \/><\/p>\n<h2>System percepcji wzrokowej<\/h2>\n<p>Dron wyposa\u017cony jest w szerokok\u0105tne czujniki widzenia z przodu, z ty\u0142u i na spodzie, co gwarantuje niezawodne bezpiecze\u0144stwo lotu.<\/p>\n<p><img decoding=\"async\" src=\"https:\/\/dronvictory.com\/wp-content\/uploads\/2025\/06\/visual_1108_.png\" alt=\"\" \/><\/p>\n<h2>Wydajno\u015b\u0107 lotu<\/h2>\n<p>Ma\u0142e, ale pot\u0119\u017cne. Wyj\u0105tkowe osi\u0105gi lotnicze dron\u00f3w serii EVO Lite Enterprise z \u0142atwo\u015bci\u0105 radz\u0105 sobie z r\u00f3\u017cnymi wyzwaniami w r\u00f3\u017cnych scenariuszach, znacznie zwi\u0119kszaj\u0105c efektywno\u015b\u0107 jednoosobowych lot\u00f3w misyjnych.<\/p>\n<p><strong>40 minut\u00a0<\/strong>wytrzyma\u0142o\u015bci<\/p>\n<p><strong>18 metr\u00f3w <\/strong>na sekund\u0119 Maksymalna pr\u0119dko\u015b\u0107 lotu poziomego<\/p>\n<p><strong>3000 metr\u00f3w<\/strong>\u00a0Maksymalna wysoko\u015b\u0107 startu<\/p>\n<p><img decoding=\"async\" src=\"https:\/\/dronvictory.com\/wp-content\/uploads\/2025\/06\/flight_640t_1108_.png\" alt=\"\" \/><\/p>\n<h2>Ekosystem SDK<\/h2>\n<p>Otwarty pakiet Mobile SDK zapewnia wydajne, wszechstronne i \u0142atwe w u\u017cyciu interfejsy sterowania i us\u0142ug, zwi\u0119kszaj\u0105c efektywno\u015b\u0107 rozwoju i umo\u017cliwiaj\u0105c tworzenie niestandardowych scenariuszy rozwi\u0105za\u0144.<\/p>\n<h2>Bezpiecze\u0144stwo danych z wieloma zabezpieczeniami<\/h2>\n<p>Ochrona prywatno\u015bci: Aby przes\u0142a\u0107 dzienniki lot\u00f3w, lokalizacje i inne dane dotycz\u0105ce prywatno\u015bci u\u017cytkownika, wymagana jest zgoda u\u017cytkownika.<\/p>\n<p>Szyfrowane przechowywanie: Obs\u0142uguje szyfrowanie AES dla zdj\u0119\u0107, film\u00f3w i dziennik\u00f3w lot\u00f3w. Dost\u0119p do nich wymaga podania has\u0142a.<\/p>\n<p>Transmisja strumieniowa wideo na \u017cywo: Obs\u0142uguje protoko\u0142y RTMP i GB28181* do transmisji strumieniowej na \u017cywo, umo\u017cliwiaj\u0105c zdalne ogl\u0105danie i analiz\u0119 w czasie rzeczywistym. *Funkcja protoko\u0142u transmisji strumieniowej wideo na \u017cywo GB28181 oczekuje na przysz\u0142e aktualizacje.<\/p>\n<\/section>\n<\/section>\n<div class=\"download-list-appRight flexsb\"><\/div>","protected":false},"excerpt":{"rendered":"<li class=\"active grouped-content-trigger\" role=\"tab\" aria-controls=\"grouped-content-a9905100-81c3-4d50-a61f-bd6621e955bb-0-content\" aria-selected=\"true\" tabindex=\"0\"><span tabindex=\"-1\">Przegl\u0105d<\/span><\/li>\n<li class=\"grouped-content-trigger\" role=\"tab\" aria-controls=\"grouped-content-a9905100-81c3-4d50-a61f-bd6621e955bb-1-content\" tabindex=\"-1\"><span tabindex=\"-1\">OKULAR<\/span><\/li>\n<li class=\"grouped-content-trigger\" role=\"tab\" aria-controls=\"grouped-content-a9905100-81c3-4d50-a61f-bd6621e955bb-2-content\" tabindex=\"-1\"><span tabindex=\"-1\">Lista pakiet\u00f3w<\/span><\/li>\n<li class=\"grouped-content-trigger\" role=\"tab\" aria-controls=\"grouped-content-a9905100-81c3-4d50-a61f-bd6621e955bb-3-content\" tabindex=\"-1\"><span tabindex=\"-1\">Pobiera\u0107<\/span><\/li>","protected":false},"featured_media":14016,"template":"","meta":[],"product_cat":[381],"product_tag":[22],"class_list":{"0":"post-14270","1":"product","2":"type-product","3":"status-publish","4":"has-post-thumbnail","6":"product_brand-autel-evo","7":"product_cat-autel-evo","8":"product_tag-drone","10":"first","11":"instock","12":"shipping-taxable","13":"product-type-simple"},"_links":{"self":[{"href":"https:\/\/dronvictory.com\/pl\/wp-json\/wp\/v2\/product\/14270","targetHints":{"allow":["GET"]}}],"collection":[{"href":"https:\/\/dronvictory.com\/pl\/wp-json\/wp\/v2\/product"}],"about":[{"href":"https:\/\/dronvictory.com\/pl\/wp-json\/wp\/v2\/types\/product"}],"wp:featuredmedia":[{"embeddable":true,"href":"https:\/\/dronvictory.com\/pl\/wp-json\/wp\/v2\/media\/14016"}],"wp:attachment":[{"href":"https:\/\/dronvictory.com\/pl\/wp-json\/wp\/v2\/media?parent=14270"}],"wp:term":[{"taxonomy":"product_cat","embeddable":true,"href":"https:\/\/dronvictory.com\/pl\/wp-json\/wp\/v2\/product_cat?post=14270"},{"taxonomy":"product_tag","embeddable":true,"href":"https:\/\/dronvictory.com\/pl\/wp-json\/wp\/v2\/product_tag?post=14270"}],"curies":[{"name":"wp","href":"https:\/\/api.w.org\/{rel}","templated":true}]}}