{"id":14280,"date":"2025-06-08T20:19:56","date_gmt":"2025-06-08T20:19:56","guid":{"rendered":"https:\/\/dronvictory.com\/?post_type=product&#038;p=14280"},"modified":"2025-06-08T20:19:57","modified_gmt":"2025-06-08T20:19:57","slug":"autel-robotics-evo-ii-pro-6k-v3-drone-rugged-bundle","status":"publish","type":"product","link":"https:\/\/dronvictory.com\/pl\/produkt\/autel-robotics-evo-ii-pro-6k-v3-drone-rugged-bundle\/","title":{"rendered":"Autel Robotics EVO II Pro 6K V3 Drone Rugged Bundle"},"content":{"rendered":"<h2 style=\"text-align: center;\">Zestaw Autel EVO II Pro V3 Rugged<\/h2>\n<p><span style=\"color: #ff2a00;\"><strong>\u00a0<\/strong><\/span>Autel EVO II Pro V3 Rugged Bundle z najnowszym, 20-megapikselowym przetwornikiem obrazu CMOS Sony o przek\u0105tnej 1 cala obs\u0142uguje rozdzielczo\u015b\u0107 wideo do 6K, wi\u0119kszy zakres dynamiczny, skuteczniejsze t\u0142umienie szum\u00f3w i wy\u017csz\u0105 liczb\u0119 klatek na sekund\u0119. Osi\u0105gnij sukcesy w fotografii nocnej dzi\u0119ki przetwornikowi obrazu CMOS 6K 1 cala w EVO II Pro V3 i algorytmowi Moonlight Algorithm 2.0 firmy Autel Robotics.<img decoding=\"async\" src=\"https:\/\/dronvictory.com\/wp-content\/uploads\/2025\/06\/A_12_.jpg\" alt=\"\" data-mce-fragment=\"1\" \/><\/p>\n<div style=\"text-align: left;\" data-mce-fragment=\"1\"><img decoding=\"async\" style=\"float: none;\" src=\"https:\/\/dronvictory.com\/wp-content\/uploads\/2025\/06\/EVOIIPROV3ConsumerBrochure-EN_00_-scaled.png\" data-mce-fragment=\"1\" \/><\/p>\n<h2>Wyj\u0105tkowa jako\u015b\u0107 obrazu<\/h2>\n<p>Z nowym 20-megapikselowym obiektywem Sony <span style=\"color: #ff2a00;\"><strong>1-calowy CMOS<\/strong><\/span> czujnik obrazu, EVO II Pro V3 obs\u0142uguje do <strong><span style=\"color: #ff2a00;\">Wideo 6K<\/span><\/strong> z wi\u0119kszym zakresem dynamiki, silniejszym t\u0142umieniem szum\u00f3w i wy\u017csz\u0105 liczb\u0105 klatek na sekund\u0119. <span style=\"color: #ff2a00;\"><strong>f\/2,8-f\/11<\/strong> <\/span>regulowana przys\u0142ona i maksymalny ISO 44000 zapewniaj\u0105 fotografom wi\u0119ksz\u0105 kontrol\u0119 tw\u00f3rcz\u0105.<\/p>\n<p><img decoding=\"async\" src=\"https:\/\/dronvictory.com\/wp-content\/uploads\/2025\/06\/02_e0d7fe6a-e2a6-4575-aa0f-5f4cde10d3c8_.jpg\" alt=\"\" \/><\/p>\n<h2>Algorytm Moonlight 2.0<\/h2>\n<p>Wyposa\u017cona w najnowszy system Autel Moonlight Algorithm 2.0 kamera V3 mo\u017ce osi\u0105gn\u0105\u0107 ISO 44000 w przypadku fotografii nocnej, a tak\u017ce 12-bitowe zdj\u0119cia DNG, kt\u00f3re umo\u017cliwiaj\u0105 rejestrowanie do 68,6 miliarda kolor\u00f3w z 64-krotno\u015bci\u0105, co zapewnia dronowi wi\u0119ksz\u0105 elastyczno\u015b\u0107 w postprodukcji.<img decoding=\"async\" src=\"https:\/\/dronvictory.com\/wp-content\/uploads\/2025\/06\/04_d126b575-6672-4886-ac9c-40409413bb88_.jpg\" alt=\"\" data-mce-fragment=\"1\" \/><\/p>\n<h2>Excel w s\u0142abym o\u015bwietleniu<\/h2>\n<p>EVO II Pro V3 oferuje algorytm Moonlight 2.0 firmy Autel z dodatkow\u0105 redukcj\u0105 szum\u00f3w. W po\u0142\u0105czeniu z ulepszonym przetwornikiem CMOS w EVO II Pro V3, urz\u0105dzenie sprawdza si\u0119 w warunkach minimalnego o\u015bwietlenia lub w trudnych warunkach o\u015bwietleniowych w nocy.<\/p>\n<p><img decoding=\"async\" src=\"https:\/\/dronvictory.com\/wp-content\/uploads\/2025\/06\/EVOIIPROV3PublicSafetyBrochure-EN_02_-scaled.png\" alt=\"\" \/><\/p>\n<h2>Wideo 4K HDR<\/h2>\n<p>EVO II Pro V3 \u0142\u0105czy w sobie ol\u015bniewaj\u0105c\u0105 klarowno\u015b\u0107 4K z jasno\u015bci\u0105, kolorami i szczeg\u00f3\u0142owo\u015bci\u0105 HDR. Wcze\u015bniej ukryte obszary cieni i \u015bwiat\u0142a s\u0142onecznego s\u0105 teraz pe\u0142ne wyrazisto\u015bci i detali.<img decoding=\"async\" src=\"https:\/\/dronvictory.com\/wp-content\/uploads\/2025\/06\/A_3_.jpg\" alt=\"\" data-mce-fragment=\"1\" \/><\/p>\n<h2>\u00a0Elastyczno\u015b\u0107 postprodukcji dzi\u0119ki 12-bitowemu DNG<\/h2>\n<p>Aparat EVO II Pro V3 mo\u017ce wykonywa\u0107 12-bitowe zdj\u0119cia DNG i rejestrowa\u0107 do 68,6 miliard\u00f3w kolor\u00f3w, przy 64-krotnie wi\u0119kszej mocy odwzorowania kolor\u00f3w ni\u017c w przypadku rozdzielczo\u015bci 10-bitowej, co zapewnia wi\u0119ksz\u0105 elastyczno\u015b\u0107 w postprodukcji.<\/p>\n<p><img decoding=\"async\" src=\"https:\/\/dronvictory.com\/wp-content\/uploads\/2025\/06\/A_4_.jpg\" alt=\"\" \/><\/p>\n<h2>\u00a0Fotografia hiperpoklatkowa 6K<\/h2>\n<p>Mo\u017cesz ogl\u0105da\u0107 ulubione chwile w dowolnym momencie, bez konieczno\u015bci p\u00f3\u017aniejszej obr\u00f3bki, poniewa\u017c wideo w rozdzielczo\u015bci 6K mo\u017cna eksportowa\u0107 od razu po nagraniu. Obs\u0142ugiwane s\u0105 tak\u017ce formaty JPEG\/RAW.<\/p>\n<p><img decoding=\"async\" style=\"float: none;\" src=\"https:\/\/dronvictory.com\/wp-content\/uploads\/2025\/06\/hpro-img47_.png\" data-mce-fragment=\"1\" \/><img decoding=\"async\" style=\"float: none;\" src=\"https:\/\/dronvictory.com\/wp-content\/uploads\/2025\/06\/hpro-img48_.png\" data-mce-fragment=\"1\" \/><\/p>\n<p><strong>Powi\u0119ksz 16x, aby zobaczy\u0107 szczeg\u00f3\u0142y:<\/strong>\u00a0EVO II Pro V3 obs\u0142uguje 3-krotny zoom bezstratny i 16-krotny zoom cyfrowy. Uzyskaj wyra\u017ane dane z wi\u0119kszej odleg\u0142o\u015bci bez podejrze\u0144.<\/p>\n<p><strong>Rekonstrukcja wypadk\u00f3w:<\/strong>Kamera EVO II Pro V3 doskonale nadaje si\u0119 do rekonstrukcji wypadk\u00f3w i jest kompatybilna z aplikacjami Pix4d, Drone Deploy i Skyebrowse.<\/p>\n<p><img decoding=\"async\" style=\"float: none;\" src=\"https:\/\/dronvictory.com\/wp-content\/uploads\/2025\/06\/EVOIIPROV3PublicSafetyBrochure-EN_03_-scaled.png\" \/>\u00a0<video style=\"width: 100%; border-radius: 8px; margin: 0px auto 8px !important; display: block;\" src=\"https:\/\/dronvictory.com\/wp-content\/uploads\/2025\/06\/a85ca2476ccf4a86a05fc8a50817b394_.mp4\" autoplay=\"autoplay\" loop=\"loop\" muted=\"\" controls=\"controls\" width=\"300\" height=\"150\">tymczasowy<br \/>\n<\/video><\/p>\n<h2>\u00a0Transmisja wideo Skylink 2.0<\/h2>\n<p>W urz\u0105dzeniu EVO II PRO V3 zastosowano now\u0105 technologi\u0119 transmisji wideo Skylink 2.0 firmy Autel.<\/p>\n<p><strong>15 km <\/strong>Transmisja wideo HD\u00a0 <strong>\u00a0QHD <\/strong>Krytyczne szczeg\u00f3\u0142y dzi\u0119ki wideo QHD w promieniu 1 km<\/p>\n<p><strong>2,4G\/5,8G\u00a0<\/strong>Mniej zak\u0142\u00f3ce\u0144 sygna\u0142u i lepsze w\u0142a\u015bciwo\u015bci przeciwzak\u0142\u00f3ceniowe.<\/p>\n<p><img decoding=\"async\" src=\"https:\/\/dronvictory.com\/wp-content\/uploads\/2025\/06\/06_2952586b-642e-4bae-a992-e46c4f03708a_.jpg\" alt=\"\" \/><\/p>\n<h2>360\u00b0 Omijanie przeszk\u00f3d<\/h2>\n<p>EVO II Pro V3 wyposa\u017cony jest w 12 czujnik\u00f3w optycznych, kt\u00f3re integruj\u0105 19 zestaw\u00f3w czujnik\u00f3w, w tym g\u0142\u00f3wny<br \/>\nkamera, fala ultrad\u017awi\u0119kowa i IMU do tworzenia tr\u00f3jwymiarowej mapy drona i jego otoczenia w czasie rzeczywistym.<\/p>\n<p><img decoding=\"async\" src=\"https:\/\/dronvictory.com\/wp-content\/uploads\/2025\/06\/05_9790b236-6c5c-4669-b5e8-d280f96f2f74_.jpg\" alt=\"\" data-mce-fragment=\"1\" \/>\u00a0<video style=\"width: 100%; border-radius: 8px; margin: 0px auto 8px !important; display: block;\" src=\"https:\/\/dronvictory.com\/wp-content\/uploads\/2025\/06\/1f3bf781484946f0a4e588d6dd16e23a_.mp4\" autoplay=\"autoplay\" loop=\"loop\" muted=\"\" controls=\"controls\" width=\"300\" height=\"150\">tymczasowy<br \/>\n<\/video><\/p>\n<h2>Maksymalna wydajno\u015b\u0107, nieograniczone mo\u017cliwo\u015bci<\/h2>\n<p><strong>40 minut<\/strong> Maksymalny czas lotu\u00a0 <strong>20m\/s<\/strong> Maksymalna pr\u0119dko\u015b\u0107 lotu<\/p>\n<p><strong>17m\/s<\/strong>\u00a0Maksymalna odporno\u015b\u0107 na wiatr\u00a0 \u00a0<strong>920g\u00a0<\/strong>Maksymalna zdolno\u015b\u0107 podnoszenia<\/p>\n<p><img decoding=\"async\" style=\"float: none;\" src=\"https:\/\/dronvictory.com\/wp-content\/uploads\/2025\/06\/EVOIIPROV3ConsumerBrochure-EN_06_-scaled.png\" \/><\/p>\n<h2>Praktyczne i wygodne funkcje<\/h2>\n<p><strong>Szybkie wdra\u017canie:\u00a0<\/strong>EVO II Pro V3 potrzebuje 45 sekund, aby rozpocz\u0105\u0107 podr\u00f3\u017c. <br data-mce-fragment=\"1\" \/>start i start bez zamieszania.<\/p>\n<p><strong>Brak wymuszonych aktualizacji:<\/strong> EVO II Pro V3 nie musi mie\u0107 najnowszej wersji <br data-mce-fragment=\"1\" \/>wersj\u0119 sprz\u0119tu lub aplikacji, aby wyr\u00f3\u017cni\u0107 si\u0119 spo\u015br\u00f3d innych.<\/p>\n<h2>Kontroler Autel Smart SE<\/h2>\n<p>EVO II Pro V3 jest wyposa\u017cony w inteligentny kontroler Autel 2023 SE z 6,4-calowym ekranem dotykowym OLED i 8-rdzeniowym procesorem najnowszej generacji do transmisji obrazu HD, kt\u00f3ry gwarantuje zasi\u0119g do 15 km i wzmacnia odporno\u015b\u0107 na zak\u0142\u00f3cenia dzi\u0119ki potr\u00f3jnemu przeskokowi cz\u0119stotliwo\u015bci. Dostosowany system Android zapewnia dodatkow\u0105 elastyczno\u015b\u0107 dzi\u0119ki aplikacjom innych firm, a stopie\u0144 ochrony IP43 gwarantuje dzia\u0142anie w ka\u017cdych warunkach pogodowych.<\/p>\n<p><img decoding=\"async\" src=\"https:\/\/dronvictory.com\/wp-content\/uploads\/2025\/06\/07_.jpg\" alt=\"\" \/><\/p>\n<h2>Transmisja z Live Deck 2<\/h2>\n<p>EVO II Pro V3 obs\u0142uguje wieloportowe wyj\u015bcie HDMI w czasie rzeczywistym, co pozwala na monitorowanie projekcji i strumieniowanie na \u017cywo za pomoc\u0105 Live Deck 2.<\/p>\n<p><img decoding=\"async\" src=\"https:\/\/dronvictory.com\/wp-content\/uploads\/2025\/06\/08_.jpg\" alt=\"\" \/><\/p>\n<p><img decoding=\"async\" style=\"float: none;\" src=\"https:\/\/dronvictory.com\/wp-content\/uploads\/2025\/06\/EVOIIPROV3PublicSafetyBrochure-EN_10_-scaled.png\" \/><\/p>\n<\/div>","protected":false},"excerpt":{"rendered":"<ul>\n<li style=\"color: #ff2a00; font-weight: bold;\"><span style=\"color: #ff2a00;\"><strong>Certyfikat klasy UE C2<\/strong><\/span><\/li>\n<li style=\"color: #000000;\"><span style=\"color: #000000;\">Kontroler Autel Smart Controller SE 6,4\u201d ekran OLED<\/span><\/li>\n<li style=\"color: #000000;\"><span style=\"color: #000000;\">Transmisja wideo Autel Skylink 2.0 15KM<\/span><\/li>\n<li style=\"color: #000000;\"><span style=\"color: #000000;\">Algorytm Moonlight 2.0<\/span><\/li>\n<li style=\"color: #000000;\"><span style=\"color: #000000;\">Excel w s\u0142abym o\u015bwietleniu<\/span><\/li>\n<li style=\"color: #000000;\"><span style=\"color: #000000;\">1-calowy czujnik CMOS<\/span><\/li>\n<li style=\"color: #000000;\"><span style=\"color: #000000;\">Wideo 6K i zdj\u0119cia 20 MP<\/span><\/li>\n<li style=\"color: #000000;\"><span style=\"color: #000000;\">360\u00b0 unikanie przeszk\u00f3d<\/span><\/li>\n<li style=\"color: #000000;\"><span style=\"color: #000000;\">Maksymalny czas lotu 40 minut<\/span><\/li>\n<\/ul>","protected":false},"featured_media":13987,"template":"","meta":[],"product_cat":[381],"product_tag":[22],"class_list":{"0":"post-14280","1":"product","2":"type-product","3":"status-publish","4":"has-post-thumbnail","6":"product_brand-autel-evo","7":"product_cat-autel-evo","8":"product_tag-drone","10":"first","11":"instock","12":"shipping-taxable","13":"product-type-simple"},"_links":{"self":[{"href":"https:\/\/dronvictory.com\/pl\/wp-json\/wp\/v2\/product\/14280","targetHints":{"allow":["GET"]}}],"collection":[{"href":"https:\/\/dronvictory.com\/pl\/wp-json\/wp\/v2\/product"}],"about":[{"href":"https:\/\/dronvictory.com\/pl\/wp-json\/wp\/v2\/types\/product"}],"wp:featuredmedia":[{"embeddable":true,"href":"https:\/\/dronvictory.com\/pl\/wp-json\/wp\/v2\/media\/13987"}],"wp:attachment":[{"href":"https:\/\/dronvictory.com\/pl\/wp-json\/wp\/v2\/media?parent=14280"}],"wp:term":[{"taxonomy":"product_cat","embeddable":true,"href":"https:\/\/dronvictory.com\/pl\/wp-json\/wp\/v2\/product_cat?post=14280"},{"taxonomy":"product_tag","embeddable":true,"href":"https:\/\/dronvictory.com\/pl\/wp-json\/wp\/v2\/product_tag?post=14280"}],"curies":[{"name":"wp","href":"https:\/\/api.w.org\/{rel}","templated":true}]}}