{"id":14281,"date":"2025-06-08T20:27:15","date_gmt":"2025-06-08T20:27:15","guid":{"rendered":"https:\/\/dronvictory.com\/?post_type=product&#038;p=14281"},"modified":"2025-06-08T20:27:15","modified_gmt":"2025-06-08T20:27:15","slug":"dron-termiczny-autel-robotics-evo-ii-dual-640t-enterprise","status":"publish","type":"product","link":"https:\/\/dronvictory.com\/pl\/produkt\/dron-termiczny-autel-robotics-evo-ii-dual-640t-enterprise\/","title":{"rendered":"Dron Termiczny Autel Robotics EVO II Dual 640T Enterprise"},"content":{"rendered":"<h2><strong><b>Dron Autel Robotics EVO II Dual 640T<\/b><\/strong><\/h2>\n<p>Atuel Robotics EVO II Dual 640T jest wyposa\u017cony w kamer\u0119 termowizyjn\u0105 o wysokiej rozdzielczo\u015bci 640 * 512 i kamer\u0119 \u015bwiat\u0142a widzialnego 8K ultra HD, udost\u0119pniaj\u0105c\u0105 przechwytywanie bardzo obraz\u00f3w w celu uzyskania wynik\u00f3w wgl\u0105d\u00f3w.<\/p>\n<p>Poza dodatkow\u0105 kamer\u0105, EVO II Dual 640T mo\u017ce wykry\u0107 \u017ar\u00f3d\u0142o ciep\u0142a w odleg\u0142o\u015bci 2-15 metr\u00f3w. Wykorzystuj\u0105c algorytm kompensacji pomiaru temperatury w czujniku, 640T mo\u017ce obni\u017cy\u0107 temperatur\u0119 w zakresie 3 stopni.<\/p>\n<div style=\"text-align: left;\" data-mce-fragment=\"1\"><img decoding=\"async\" style=\"float: none;\" src=\"https:\/\/dronvictory.com\/wp-content\/uploads\/2025\/06\/20220426151328_.png\" \/><\/div>\n<div style=\"text-align: left;\"><\/div>\n<section class=\"section_package\">\n<h2><strong>Nowa generacja leku wch\u0142aniago<\/strong><\/h2>\n<p>Matryca 640\u00d7512 zapewnia wi\u0119ksz\u0105 rozdzielczo\u015b\u0107 ni\u017c jakakolwiek kamera w swojej klasie, udost\u0119pniaj\u0105c pilotom sygna\u0142 d\u017awi\u0119kowy w ciemnym otoczeniu. Nowa generacja czujnika termowizyjnego Autel Robotics o rozdzielczo\u015bci do 640\u00d7512 przy 30 fps. Jest standardowo wyposa\u017cony w obiektyw 13 mm i 16-krotny zoom cyfrowy i jest wyposa\u017cony w urz\u0105dzenia znajduj\u0105ce si\u0119 w odleg\u0142o\u015bci do 100 m.<\/p>\n<div style=\"text-align: left;\"><img decoding=\"async\" style=\"float: none;\" src=\"https:\/\/dronvictory.com\/wp-content\/uploads\/2025\/06\/20220426151839_.png\" \/><\/div>\n<div style=\"text-align: left;\"><\/div>\n<\/section>\n<section class=\"style_product-c\">\n<h2><strong>Najwi\u0119ksz\u0105 wydajno\u015b\u0107 we wszystkich warunkach ogl\u0105dania<\/strong><\/h2>\n<p>EVO II Dual 640T obs\u0142uguje 10 palet termicznych, udost\u0119pniaj\u0105c pilota\u017cowe dzia\u0142anie sobie z alternatywnymi \u015brodowiskami fotografowania i scenariuszami wcze\u015bniej.<\/p>\n<h2><strong>Tryb Picture-in-Picture (dla szkodliwego \u015bwiadomo\u015bci sytuacyjnej)<\/strong><\/h2>\n<\/section>\n<section class=\"style_product-c\">Obrazy wizualne i termowizyjne s\u0105 po\u0142\u0105czone, aby umo\u017cliwi\u0107 u\u017cytkownikom natychmiastow\u0105 interpretacj\u0119 danych i uniemo\u017cliwi\u0107 podj\u0119cie krytycznej decyzji.<\/p>\n<div style=\"text-align: left;\" data-mce-fragment=\"1\"><img decoding=\"async\" style=\"float: none;\" src=\"https:\/\/dronvictory.com\/wp-content\/uploads\/2025\/06\/measurement_.jpg\" alt=\"\" data-mce-fragment=\"1\" \/><\/div>\n<h2><strong>Uchwy\u0107 i zachowaj nawet szczeg\u00f3\u0142owe szczeg\u00f3\u0142y<\/strong><\/h2>\n<h3>Wideo 8K, niezr\u00f3wnana klarowno\u015b\u0107<\/h3>\n<p>EVO II Dual 640T nagrywa w rozdzielczo\u015bci do 7680\u00d74320. Dzi\u0119ki 4 razy wi\u0119kszej rozdzielczo\u015bci ni\u017c 4K (i 16 razy wi\u0119kszej ni\u017c HD), filmy 8K na nowo definiuj\u0105 wyrazisto\u015b\u0107 i g\u0142\u0119bi\u0119 obrazu.<\/p>\n<h3>Aparat 48MP<\/h3>\n<p>Czujnik 48 MP rejestruje ka\u017cdy szczeg\u00f3\u0142 dla medycyny s\u0105dowej, aby pom\u00f3c w us\u0142yszeniu wirusa. Obrazy graficzne, jak i RGB, s\u0105 dostarczane z metadanymi, dzi\u0119ki czemu EVO II Dual 640T jest najlepszym rozwi\u0105zaniem bezpiecze\u0144stwa publicznego.<\/p>\n<h3>4x bezstratny zoom<\/h3>\n<p>Wysoka rozdzielczo\u015b\u0107 zapewnia mo\u017cliwo\u015b\u0107 zbli\u017cenia si\u0119 do g\u0142\u0119bi sceny i przyci\u0119cia lub wideo do 4K bez utraty jako\u015bci. Z zagro\u017cenia uchwy\u0107 scen\u0119, powi\u0119ksz i przekszta\u0142\u0107 uj\u0119cia.<\/p>\n<h3>4K HDR dla dostosowanego zakresu<\/h3>\n<p>4K HDR oferuje wi\u0119ksz\u0105 szeroko\u015b\u0107 w \u015bwiat\u0142ach i cieniach, szerszych.<\/p>\n<h2><strong>Unikanie przeszk\u00f3d 360 \u00b0<\/strong><\/h2>\n<h3><strong><b>Wielokierunkowe unikanie dzi\u0119ki 12 czujnikom kontrolnym<\/b><\/strong><\/h3>\n<p>19 grup urz\u0105dze\u0144 \u2014 w tym 12 urz\u0105dze\u0144 wykonawczych, urz\u0105dzenie g\u0142\u00f3wne, ultrad\u017awi\u0119ki i podw\u00f3jne IMU \u2014 EVO II Dual 640T mo\u017ce z wylotu rozszerzonych map i planowa\u0107 dzia\u0142anie w z\u0142o\u017conym dzia\u0142aniu w czasie.<\/p>\n<div style=\"text-align: left;\"><img decoding=\"async\" style=\"float: none;\" src=\"https:\/\/dronvictory.com\/wp-content\/uploads\/2025\/06\/20220426153110_.png\" \/><\/div>\n<div style=\"text-align: left;\"><\/div>\n<\/section>\n<section class=\"style_product-c\">\n<h2><strong>\u015acie\u017cka dynamiczna 2.0<\/strong><\/h2>\n<p>EVO II Dual 640T mo\u017ce jednocze\u015bnie modelowa\u0107 lokalizacj\u0119 i cele, dok\u0142adnie przewidywa\u0107 ich trajektori\u0119 i by\u0107 w spos\u00f3b ci\u0105g\u0142y, jednocze\u015bnie identyfikuj\u0105c do 64 obiekt\u00f3w.<\/p>\n<div style=\"text-align: left;\"><img decoding=\"async\" style=\"float: none;\" src=\"https:\/\/dronvictory.com\/wp-content\/uploads\/2025\/06\/20220426171231_.png\" \/><\/div>\n<div style=\"text-align: left;\"><\/div>\n<\/section>\n<section class=\"style_product-c\">\n<h2><strong>Modu\u0142owa konstrukcja \u2014 nieograniczona ekspansja<\/strong><strong><b>\u00a0<\/b><\/strong><\/h2>\n<p><strong>Konstrukcja modu\u0142owa<\/strong>\u00a0\u2013 Nieograniczona ekspansja<\/p>\n<p><strong>Wymienne \u0142adunki umo\u017cliwiaj\u0105ce rozszerzenie \u2013\u00a0<\/strong>\u0141adowno\u015b\u0107 2lbs (900g)<\/p>\n<p><strong>Transmisja wideo na \u017cywo \u2014<\/strong>\u00a0LiveDeck umo\u017cliwia pilota\u017cowe udost\u0119pnianie wideo z lotem ptaka na \u017cywo w sieciach prywatnych lub prywatnych, udost\u0119pniaj\u0105c dane stanowiskom dowodzenia, interesariuszom lub widzom online.<\/p>\n<p><strong>Otw\u00f3rz SDK<\/strong>\u00a0\u2013 Tw\u00f3rczo\u015b\u0107 us\u0142ugi.<\/p>\n<\/section>\n<section class=\"style_product-c\">\n<h2><strong><b>38 minutowy czas lotu<\/b><\/strong><\/h2>\n<div style=\"text-align: left;\"><img decoding=\"async\" style=\"float: none;\" src=\"https:\/\/dronvictory.com\/wp-content\/uploads\/2025\/06\/20220426171734_a53b9df8-b46b-4376-82bb-83fbdd91083d_.png\" alt=\"\" \/><\/div>\n<\/section>\n<section class=\"style_product-c\">\n<h2><\/h2>\n<section class=\"style_product-c\">\n<div style=\"text-align: left;\"><img decoding=\"async\" style=\"float: none;\" src=\"https:\/\/dronvictory.com\/wp-content\/uploads\/2025\/06\/application_.jpg\" alt=\"\" \/><\/div>\n<\/section>\n<\/section>\n<div class=\"download-list-appRight flexsb\"><\/div>","protected":false},"excerpt":{"rendered":"<ul>\n<li class=\"active grouped-content-trigger\" tabindex=\"0\" role=\"tab\" aria-controls=\"grouped-content-923d1bed-8835-43c8-bcb0-072295fcfa0b-0-content\" aria-selected=\"true\"><span tabindex=\"-1\">Przegl\u0105d<\/span><\/li>\n<li class=\"grouped-content-trigger\" tabindex=\"-1\" role=\"tab\" aria-controls=\"grouped-content-923d1bed-8835-43c8-bcb0-072295fcfa0b-1-content\"><span tabindex=\"-1\">DANE TECHNICZNE<\/span><\/li>\n<li class=\"grouped-content-trigger\" tabindex=\"-1\" role=\"tab\" aria-controls=\"grouped-content-923d1bed-8835-43c8-bcb0-072295fcfa0b-2-content\"><span tabindex=\"-1\">Lista pakiet\u00f3w<\/span><\/li>\n<li class=\"grouped-content-trigger\" tabindex=\"-1\" role=\"tab\" aria-controls=\"grouped-content-923d1bed-8835-43c8-bcb0-072295fcfa0b-3-content\"><span tabindex=\"-1\">Pobierz<\/span><\/li>\n<\/ul>","protected":false},"featured_media":13973,"template":"","meta":[],"product_cat":[381],"product_tag":[22],"class_list":{"0":"post-14281","1":"product","2":"type-product","3":"status-publish","4":"has-post-thumbnail","6":"product_brand-autel-evo","7":"product_cat-autel-evo","8":"product_tag-drone","10":"first","11":"instock","12":"shipping-taxable","13":"product-type-simple"},"_links":{"self":[{"href":"https:\/\/dronvictory.com\/pl\/wp-json\/wp\/v2\/product\/14281","targetHints":{"allow":["GET"]}}],"collection":[{"href":"https:\/\/dronvictory.com\/pl\/wp-json\/wp\/v2\/product"}],"about":[{"href":"https:\/\/dronvictory.com\/pl\/wp-json\/wp\/v2\/types\/product"}],"wp:featuredmedia":[{"embeddable":true,"href":"https:\/\/dronvictory.com\/pl\/wp-json\/wp\/v2\/media\/13973"}],"wp:attachment":[{"href":"https:\/\/dronvictory.com\/pl\/wp-json\/wp\/v2\/media?parent=14281"}],"wp:term":[{"taxonomy":"product_cat","embeddable":true,"href":"https:\/\/dronvictory.com\/pl\/wp-json\/wp\/v2\/product_cat?post=14281"},{"taxonomy":"product_tag","embeddable":true,"href":"https:\/\/dronvictory.com\/pl\/wp-json\/wp\/v2\/product_tag?post=14281"}],"curies":[{"name":"wp","href":"https:\/\/api.w.org\/{rel}","templated":true}]}}