{"id":14282,"date":"2025-06-08T20:34:23","date_gmt":"2025-06-08T20:34:23","guid":{"rendered":"https:\/\/dronvictory.com\/?post_type=product&#038;p=14282"},"modified":"2025-06-08T20:34:23","modified_gmt":"2025-06-08T20:34:23","slug":"autel-evo-ii-pro-rtk-rugged-bundle-drone-z-kamera-6k","status":"publish","type":"product","link":"https:\/\/dronvictory.com\/pl\/produkt\/autel-evo-ii-pro-rtk-rugged-bundle-drone-z-kamera-6k\/","title":{"rendered":"Zestaw Autel EVO II Pro RTK Rugged \u2013 Drone z kamer\u0105 6K"},"content":{"rendered":"<ul>\n<li id=\"grouped-content-31231403-e83b-42d8-9d6d-4637c6386dc9-0-content\" class=\"active grouped-content-content\" role=\"tabpanel\"><span data-mce-fragment=\"1\">EVO II Pro RTK integruje ca\u0142kowicie nowy modu\u0142 RTK, kt\u00f3ry zapewnia dane pozycjonowania na poziomie centymetra w czasie i obs\u0142uguje kinematyk\u0119 postprocessingu (PPK). Samolot mo\u017ce rejestrowa\u0107 oryginalne dane zewn\u0119trzne, parametry ekspozycji kamer i r\u00f3\u017cne inne dane. System pozycjonowania obs\u0142ugi podstawowej bazowej A-RTK i sie\u0107 RTK, co pomaga w u\u017cyciu, szczeg\u00f3\u0142owo pozyskiwane dane w z\u0142o\u017conych urz\u0105dzeniach u\u017cytkowych.<\/span>\n<div style=\"text-align: start;\"><\/div>\n<div style=\"text-align: start;\">\n<h2 class=\"wow fadeInDown animated animated\">Uchwy\u0107 ka\u017cdy szczeg\u00f3\u0142<\/h2>\n<\/div>\n<div style=\"text-align: start;\">EVO II Pro RTK ma wysoki zakres zasi\u0119gu i dzia\u0142anie przy s\u0142abym o\u015bwietleniu, powoduj\u0105c przechwytywanie przez u\u017cytkownik\u00f3w zasob\u00f3w bez sieci informacyjnej.<\/div>\n<div style=\"text-align: start;\" data-mce-fragment=\"1\"><\/div>\n<div style=\"text-align: start;\" data-mce-fragment=\"1\"><img decoding=\"async\" style=\"float: none;\" src=\"https:\/\/dronvictory.com\/wp-content\/uploads\/2025\/06\/02_.jpg\" \/><\/div>\n<p>&nbsp;<\/p>\n<div style=\"text-align: start;\">\n<h2>Wideo 6K Ultra HD<\/h2>\n<p>Obiektyw ultrawysokiej rozdzielczo\u015bci 6K, wspierany przez 1-calow\u0105 matryc\u0119, udost\u0119pniaj\u0105cy charakterystyczne wyniki filmowania.<\/p>\n<h2>Aparat o wysokiej rozdzielczo\u015bci<\/h2>\n<p>1-calowa matryca CMOS w publikacji z 20 MP i przys\u0142on\u0105 f\/2,8\u2013f11 zapewnia wszechstronno\u015b\u0107 publikacji do publikacji w r\u00f3\u017cnych scenariuszach wcze\u015bniejszych.<\/p>\n<p><img decoding=\"async\" style=\"float: none;\" src=\"https:\/\/dronvictory.com\/wp-content\/uploads\/2025\/06\/z80_.jpg\" alt=\"EVO II PRO RTK\" \/><\/p>\n<h2 class=\"wow fadeInDown animated animated\">\u015awiat\u0142o. Wydajny. Wiarygodny.<\/h2>\n<p><span data-mce-fragment=\"1\">EVO II Pro RTK jest dziedzictwem oryginalnej serii EVO II, dzi\u0119ki czemu jest odbiornikiem, lekkim, przeno\u015bnym i gotowym lotem w ci\u0105gu zaledwie kilku sekund. Opr\u00f3cz tego dostarczane jest 5,5 mili, samolot oferowany przez czas lotu do 36 minut i mo\u017ce by\u0107 dostarczany do 45 mil na godzin\u0119, co umo\u017cliwia doskona\u0142e towarzyszem transmisji podczas wysy\u0142ania.<\/span><\/p>\n<p><img decoding=\"async\" style=\"float: none;\" src=\"https:\/\/dronvictory.com\/wp-content\/uploads\/2025\/06\/03_.jpg\" data-mce-fragment=\"1\" \/><\/p>\n<h2 class=\"wow fadeInDown animated animated\">Wykonane z zaawansowan\u0105 inteligencj\u0105<\/h2>\n<p>EVO II Pro RTK zapewnia u\u017cytkownikom dodatkowe funkcje inteligentne i dost\u0119pne do r\u00f3\u017cnych potrzeb. Wykorzystuj\u0105c zaawansowany kontroler lotu i najnowsz\u0105 sztuczn\u0105 inteligencj\u0119, samolot mo\u017ce zosta\u0107 uruchomiony w trakcie przebiegu i umo\u017cliwia obni\u017cenie koszt\u00f3w operacyjnych.<\/p>\n<p><img decoding=\"async\" style=\"float: none;\" src=\"https:\/\/dronvictory.com\/wp-content\/uploads\/2025\/06\/05_.jpg\" data-mce-fragment=\"1\" \/><\/p>\n<h2>RTK \/ PPK<\/h2>\n<div class=\"prodt22-ms-bt\" style=\"text-align: start;\">\n<p>Seria Evo II RTK obs\u0142uguje aplikacje bazowe innych firm z funkcj\u0105 NTRIP.<\/p>\n<h2>Ulepszony dynamiczny utw\u00f3r<\/h2>\n<p>EVO II Pro RTK mo\u017ce jednocze\u015bnie modelowa\u0107 lokalizacj\u0119 i cel, dok\u0142adnie przewidywa\u0107 ich trajektori\u0119, udost\u0119pnian\u0105 podczas lotu i dostarczan\u0105 w spos\u00f3b ci\u0105g\u0142y, jednocze\u015bnie identyfikuj\u0105c do 64 obiekt\u00f3w. Funkcja mo\u017ce istnie\u0107 w trzech trybach: z ty\u0142u, obok siebie lub w okre\u015blonych pozycjach.<\/p>\n<h2>Unikanie przeszk\u00f3d 360 \u00b0<\/h2>\n<p>Przedni, przedni, lewy, prawy, g\u00f3rny i dolny dwuokularowy system wizyjny EVO 2 Pro Drone wykorzystuje dane obrazu do obliczania odleg\u0142o\u015bci mi\u0119dzy dronem a potencjalnymi przeszkodami. Rozpocznij wykrywanie, kt\u00f3re znajduje si\u0119 na odleg\u0142o\u015bci do 30 mil, wypu\u015b\u0107 EVO II dok\u0142adnie kontroluj\u0105c pr\u0119dko\u015b\u0107 drona, aby dotrze\u0107 do urz\u0105dzenia.<\/p>\n<p><img decoding=\"async\" style=\"float: none;\" src=\"https:\/\/dronvictory.com\/wp-content\/uploads\/2025\/06\/06_.jpg\" data-mce-fragment=\"1\" \/><\/p>\n<h2>Precyzyjna stacja bazowa GNSS RTK<\/h2>\n<p>Seria EVO II RTK obs\u0142uguje precyzyjn\u0105 podstawow\u0105 bazow\u0105 GNSS RTK w celu uzyskania danych r\u00f3\u017cnicowych w czasie rzeczywistym, co umo\u017cliwia zintegrowane udost\u0119pnianie wsp\u00f3\u0142rz\u0119dnych punktu docelowego.<\/p>\n<h2>Pole aplikacji<\/h2>\n<\/div>\n<\/div>\n<div style=\"text-align: start;\"><img decoding=\"async\" style=\"float: none;\" src=\"https:\/\/dronvictory.com\/wp-content\/uploads\/2025\/06\/04_.jpg\" data-mce-fragment=\"1\" \/><\/div>\n<\/li>\n<\/ul>","protected":false},"excerpt":{"rendered":"<li class=\"active grouped-content-trigger\" role=\"tab\" aria-controls=\"grouped-content-31231403-e83b-42d8-9d6d-4637c6386dc9-0-content\" aria-selected=\"true\" tabindex=\"0\"><span tabindex=\"-1\">Przegl\u0105d<\/span><\/li>\n<li class=\"grouped-content-trigger\" role=\"tab\" aria-controls=\"grouped-content-31231403-e83b-42d8-9d6d-4637c6386dc9-1-content\" tabindex=\"-1\"><span tabindex=\"-1\">DANE TECHNICZNE<\/span><\/li>\n<li class=\"grouped-content-trigger\" role=\"tab\" aria-controls=\"grouped-content-31231403-e83b-42d8-9d6d-4637c6386dc9-2-content\" tabindex=\"-1\"><span tabindex=\"-1\">Akcesoria<\/span><\/li>\n<li class=\"grouped-content-trigger\" role=\"tab\" aria-controls=\"grouped-content-31231403-e83b-42d8-9d6d-4637c6386dc9-3-content\" tabindex=\"-1\"><span tabindex=\"-1\">Wideo<\/span><\/li>","protected":false},"featured_media":13958,"template":"","meta":[],"product_cat":[381],"product_tag":[22],"class_list":{"0":"post-14282","1":"product","2":"type-product","3":"status-publish","4":"has-post-thumbnail","6":"product_brand-autel-evo","7":"product_cat-autel-evo","8":"product_tag-drone","10":"first","11":"instock","12":"shipping-taxable","13":"product-type-simple"},"_links":{"self":[{"href":"https:\/\/dronvictory.com\/pl\/wp-json\/wp\/v2\/product\/14282","targetHints":{"allow":["GET"]}}],"collection":[{"href":"https:\/\/dronvictory.com\/pl\/wp-json\/wp\/v2\/product"}],"about":[{"href":"https:\/\/dronvictory.com\/pl\/wp-json\/wp\/v2\/types\/product"}],"wp:featuredmedia":[{"embeddable":true,"href":"https:\/\/dronvictory.com\/pl\/wp-json\/wp\/v2\/media\/13958"}],"wp:attachment":[{"href":"https:\/\/dronvictory.com\/pl\/wp-json\/wp\/v2\/media?parent=14282"}],"wp:term":[{"taxonomy":"product_cat","embeddable":true,"href":"https:\/\/dronvictory.com\/pl\/wp-json\/wp\/v2\/product_cat?post=14282"},{"taxonomy":"product_tag","embeddable":true,"href":"https:\/\/dronvictory.com\/pl\/wp-json\/wp\/v2\/product_tag?post=14282"}],"curies":[{"name":"wp","href":"https:\/\/api.w.org\/{rel}","templated":true}]}}