{"id":3093,"date":"2025-06-02T07:18:17","date_gmt":"2025-06-02T07:18:17","guid":{"rendered":"http:\/\/localhost:3000\/product\/dji-mavic-3-pro-cine-premium-combo-dji-rc-pro\/"},"modified":"2025-06-02T07:18:26","modified_gmt":"2025-06-02T07:18:26","slug":"dji-mavic-3-pro-cine-premium-combo-dji-rc-pro","status":"publish","type":"product","link":"https:\/\/dronvictory.com\/pl\/produkt\/dji-mavic-3-pro-cine-premium-combo-dji-rc-pro\/","title":{"rendered":"Zestaw DJI Mavic 3 Pro Cine Premium (DJI RC Pro)"},"content":{"rendered":"<div data-elementor-type=\"wp-post\" data-elementor-id=\"28343\" class=\"elementor elementor-28343 elementor-28342\" data-elementor-post-type=\"product\">\n<section class=\"xts-negative-gap elementor-section elementor-top-section elementor-element elementor-element-1de3887 elementor-section-height-min-height elementor-section-items-top elementor-section-boxed elementor-section-height-default xts-section-disabled\" data-id=\"1de3887\" data-element_type=\"section\" data-settings=\"{&quot;background_background&quot;:&quot;video&quot;,&quot;background_video_link&quot;:&quot;https:\/\/dronvictory.com\/wp-content\/uploads\/2023\/05\/m3pro-banner.webm&quot;,&quot;background_play_on_mobile&quot;:&quot;yes&quot;}\">\n<div class=\"elementor-background-video-container\">\n\t\t\t\t\t\t\t\t\t\t\t\t\t<video class=\"elementor-background-video-hosted elementor-html5-video\" autoplay=\"\" muted=\"\" playsinline=\"\" loop=\"\" src=\"https:\/\/dronvictory.com\/wp-content\/uploads\/2025\/06\/m3pro-banner.webm\" style=\"width: 1376px; height: 774px;\"><\/video>\n\t\t\t\t\t\t\t\t\t\t\t<\/div>\n<div class=\"elementor-container elementor-column-gap-no\">\n<div class=\"elementor-column elementor-col-100 elementor-top-column elementor-element elementor-element-6d0ff72\" data-id=\"6d0ff72\" data-element_type=\"column\">\n<div class=\"elementor-widget-wrap elementor-element-populated\">\n<div class=\"elementor-element elementor-element-0f55eaf elementor-widget elementor-widget-spacer\" data-id=\"0f55eaf\" data-element_type=\"widget\" data-widget_type=\"spacer.default\">\n<div class=\"elementor-widget-container\">\n<div class=\"elementor-spacer\">\n<div class=\"elementor-spacer-inner\"><\/div>\n<\/p><\/div>\n<\/p><\/div>\n<\/p><\/div>\n<div class=\"elementor-element elementor-element-1fe208f elementor-widget elementor-widget-xts_title\" data-id=\"1fe208f\" data-element_type=\"widget\" data-widget_type=\"xts_title.default\">\n<div class=\"elementor-widget-container\">\n<div class=\"xts-section-heading xts-reset-mb-10 xts-reset-last xts-textalign-center\" data-animation-delay=\"\">\n<h4 class=\"xts-section-title title xts-design-default xts-textcolor-white xts-fontsize-l\">\n\t\t\t\t\t\t<span class=\"xts-section-title-text\" data-elementor-setting-key=\"title\"><br \/>\n\t\t\t\t\t\t\tDJI MAVIC 3 PRO\t\t\t\t\t\t<\/span><\/p>\n<\/h4>\n<div class=\"xts-section-desc xts-textcolor-white\">\n<div class=\"xts-section-desc-text xts-reset-all-last\" data-elementor-setting-key=\"description\">\n<p>Inspiracja w centrum uwagi<\/p>\n<\/p><\/div>\n<\/p><\/div>\n<\/p><\/div>\n<\/p><\/div>\n<\/p><\/div>\n<div class=\"elementor-element elementor-element-53dff48 elementor-widget elementor-widget-spacer\" data-id=\"53dff48\" data-element_type=\"widget\" data-widget_type=\"spacer.default\">\n<div class=\"elementor-widget-container\">\n<div class=\"elementor-spacer\">\n<div class=\"elementor-spacer-inner\"><\/div>\n<\/p><\/div>\n<\/p><\/div>\n<\/p><\/div>\n<\/p><\/div>\n<\/p><\/div>\n<\/p><\/div>\n<\/section>\n<section class=\"xts-negative-gap elementor-section elementor-top-section elementor-element elementor-element-51c9db0 elementor-section-boxed elementor-section-height-default elementor-section-height-default xts-section-disabled\" data-id=\"51c9db0\" data-element_type=\"section\" data-settings=\"{&quot;background_background&quot;:&quot;classic&quot;}\">\n<div class=\"elementor-container elementor-column-gap-default\">\n<div class=\"elementor-column elementor-col-100 elementor-top-column elementor-element elementor-element-a97f73b\" data-id=\"a97f73b\" data-element_type=\"column\">\n<div class=\"elementor-widget-wrap elementor-element-populated\">\n<div class=\"elementor-element elementor-element-2e6f705 xts-textalign-center xts-scheme-inherit elementor-widget elementor-widget-text-editor\" data-id=\"2e6f705\" data-element_type=\"widget\" data-widget_type=\"text-editor.default\">\n<div class=\"elementor-widget-container\">\n<p>Seria DJI Mavic 3 oferuje wydajno\u015b\u0107 obrazowania na nast\u0119pnym poziomie. System potr\u00f3jnego aparatu Mavic 3 Pro wprowadza now\u0105 er\u0119 dron\u00f3w z kamer\u0105, mieszcz\u0105c trzy czujniki i obiektywy o r\u00f3\u017cnych ogniskowych. Wyposa\u017cony w aparat Hasselblad i dwa telekamery, Mavic 3 Pro to potr\u00f3jny dron z kamer\u0105, kt\u00f3ry otwiera nowe perspektywy fotografowania, pozwalaj\u0105c Ci na jeszcze wi\u0119ksz\u0105 swobod\u0119 tw\u00f3rcz\u0105, uchwycenie fascynuj\u0105cych krajobraz\u00f3w, eksploracj\u0119 fotograficznej opowie\u015bci i tworzenie kinowych arcydzie\u0142. <\/p>\n<\/p><\/div>\n<\/p><\/div>\n<\/p><\/div>\n<\/p><\/div>\n<\/p><\/div>\n<\/section>\n<section class=\"xts-negative-gap elementor-section elementor-top-section elementor-element elementor-element-1846d2d elementor-section-height-min-height elementor-section-items-top elementor-section-boxed elementor-section-height-default xts-section-disabled\" data-id=\"1846d2d\" data-element_type=\"section\" data-settings=\"{&quot;background_background&quot;:&quot;video&quot;,&quot;background_video_link&quot;:&quot;https:\/\/dronvictory.com\/wp-content\/uploads\/2023\/05\/m3pro-section1_.webm&quot;,&quot;background_play_on_mobile&quot;:&quot;yes&quot;}\">\n<div class=\"elementor-background-video-container\">\n\t\t\t\t\t\t\t\t\t\t\t\t\t<video class=\"elementor-background-video-hosted elementor-html5-video\" autoplay=\"\" muted=\"\" playsinline=\"\" loop=\"\" src=\"https:\/\/dronvictory.com\/wp-content\/uploads\/2025\/06\/m3pro-section1_.webm\" style=\"width: 1376px; height: 774px;\"><\/video>\n\t\t\t\t\t\t\t\t\t\t\t<\/div>\n<div class=\"elementor-container elementor-column-gap-no\">\n<div class=\"elementor-column elementor-col-100 elementor-top-column elementor-element elementor-element-7d8b861\" data-id=\"7d8b861\" data-element_type=\"column\">\n<div class=\"elementor-widget-wrap elementor-element-populated\">\n<div class=\"elementor-element elementor-element-31d86ea elementor-widget elementor-widget-spacer\" data-id=\"31d86ea\" data-element_type=\"widget\" data-widget_type=\"spacer.default\">\n<div class=\"elementor-widget-container\">\n<div class=\"elementor-spacer\">\n<div class=\"elementor-spacer-inner\"><\/div>\n<\/p><\/div>\n<\/p><\/div>\n<\/p><\/div>\n<div class=\"elementor-element elementor-element-9c0769a elementor-widget elementor-widget-xts_title\" data-id=\"9c0769a\" data-element_type=\"widget\" data-widget_type=\"xts_title.default\">\n<div class=\"elementor-widget-container\">\n<div class=\"xts-section-heading xts-reset-mb-10 xts-reset-last xts-textalign-center\" data-animation-delay=\"\">\n<h4 class=\"xts-section-title title xts-design-default xts-textcolor-white xts-fontsize-l\">\n\t\t\t\t\t\t<span class=\"xts-section-title-text\" data-elementor-setting-key=\"title\"><br \/>\n\t\t\t\t\t\t\tNiezr\u00f3wnany flagowy aparat z trzema kamerami\t\t\t\t\t\t<\/span><\/p>\n<\/h4>\n<div class=\"xts-section-desc xts-textcolor-white\">\n<div class=\"xts-section-desc-text xts-reset-all-last\" data-elementor-setting-key=\"description\">\n<p>Dzi\u0119ki aparatowi Hasselblad wyposa\u017conemu w przetwornik CMOS 4\/3, \u015bredniemu obiektywowi teleobiektywowemu 70 mm i obiektywowi teleobiektywowemu 166 mm Mavic 3 Pro pomo\u017ce Ci tworzy\u0107 niesamowite dzie\u0142a w r\u00f3\u017cnych sytuacjach.<\/p>\n<\/p><\/div>\n<\/p><\/div>\n<\/p><\/div>\n<\/p><\/div>\n<\/p><\/div>\n<div class=\"elementor-element elementor-element-06f5635 elementor-widget elementor-widget-spacer\" data-id=\"06f5635\" data-element_type=\"widget\" data-widget_type=\"spacer.default\">\n<div class=\"elementor-widget-container\">\n<div class=\"elementor-spacer\">\n<div class=\"elementor-spacer-inner\"><\/div>\n<\/p><\/div>\n<\/p><\/div>\n<\/p><\/div>\n<\/p><\/div>\n<\/p><\/div>\n<\/p><\/div>\n<\/section>\n<section class=\"xts-negative-gap elementor-section elementor-top-section elementor-element elementor-element-faf3539 elementor-section-height-min-height elementor-section-items-top elementor-section-boxed elementor-section-height-default xts-section-disabled\" data-id=\"faf3539\" data-element_type=\"section\" data-settings=\"{&quot;background_background&quot;:&quot;classic&quot;}\">\n<div class=\"elementor-container elementor-column-gap-no\">\n<div class=\"elementor-column elementor-col-100 elementor-top-column elementor-element elementor-element-49a08ea\" data-id=\"49a08ea\" data-element_type=\"column\">\n<div class=\"elementor-widget-wrap elementor-element-populated\">\n<div class=\"elementor-element elementor-element-31fd930 elementor-widget elementor-widget-xts_title\" data-id=\"31fd930\" data-element_type=\"widget\" data-widget_type=\"xts_title.default\">\n<div class=\"elementor-widget-container\">\n<div class=\"xts-section-heading xts-reset-mb-10 xts-reset-last xts-textalign-center\" data-animation-delay=\"\">\n<h3 class=\"xts-section-title title xts-design-default xts-textcolor-white xts-fontsize-l\">\n\t\t\t\t\t\t<span class=\"xts-section-title-text\" data-elementor-setting-key=\"title\"><br \/>\n\t\t\t\t\t\t\tApple ProRes do profesjonalnego tworzenia\t\t\t\t\t\t<\/span><\/p>\n<\/h3>\n<div class=\"xts-section-desc xts-textcolor-white\">\n<div class=\"xts-section-desc-text xts-reset-all-last\" data-elementor-setting-key=\"description\">\n<p>Mavic 3 Pro Cine ma potr\u00f3jny aparat z obs\u0142ug\u0105 kodeka Apple ProRes. Ma r\u00f3wnie\u017c wbudowany dysk SSD 1TB i kabel danych lightspeed 10 Gb\/s.<\/p>\n<\/p><\/div>\n<\/p><\/div>\n<\/p><\/div>\n<\/p><\/div>\n<\/p><\/div>\n<\/p><\/div>\n<\/p><\/div>\n<\/p><\/div>\n<\/section>\n<section class=\"xts-negative-gap elementor-section elementor-top-section elementor-element elementor-element-1540034 elementor-section-height-min-height elementor-section-boxed elementor-section-height-default elementor-section-items-middle xts-section-disabled\" data-id=\"1540034\" data-element_type=\"section\" data-settings=\"{&quot;background_background&quot;:&quot;classic&quot;}\">\n<div class=\"elementor-container elementor-column-gap-no\">\n<div class=\"elementor-column elementor-col-50 elementor-top-column elementor-element elementor-element-3b55476\" data-id=\"3b55476\" data-element_type=\"column\">\n<div class=\"elementor-widget-wrap elementor-element-populated\">\n<div class=\"elementor-element elementor-element-35e8f43 elementor-widget elementor-widget-xts_title\" data-id=\"35e8f43\" data-element_type=\"widget\" data-widget_type=\"xts_title.default\">\n<div class=\"elementor-widget-container\">\n<div class=\"xts-section-heading xts-reset-mb-10 xts-reset-last xts-textalign-left\" data-animation-delay=\"\">\n<h3 class=\"xts-section-title title xts-design-default xts-textcolor-white xts-fontsize-l\">\n\t\t\t\t\t\t<span class=\"xts-section-title-text\" data-elementor-setting-key=\"title\"><br \/>\n\t\t\t\t\t\t\tMaksymalny czas lotu 43 minuty\t\t\t\t\t\t<\/span><\/p>\n<\/h3>\n<div class=\"xts-section-desc xts-textcolor-white\">\n<div class=\"xts-section-desc-text xts-reset-all-last\" data-elementor-setting-key=\"description\">\n<p>Mavic 3 Pro zapewnia do 43 minut lotu, co daje Ci wi\u0119ksz\u0105 pewno\u015b\u0107, \u017ce b\u0119dziesz lata\u0107 dalej i mniej czasu po\u015bwi\u0119ca\u0107 na martwienie si\u0119 o poziom na\u0142adowania baterii. Wykonuj ka\u017cdy krok, od planowania trasy lotu po kompozycj\u0119 uj\u0119\u0107, wszystko podczas jednego lotu.<\/p>\n<\/p><\/div>\n<\/p><\/div>\n<\/p><\/div>\n<\/p><\/div>\n<\/p><\/div>\n<\/p><\/div>\n<\/p><\/div>\n<div class=\"elementor-column elementor-col-50 elementor-top-column elementor-element elementor-element-2fb616b elementor-hidden-tablet elementor-hidden-mobile\" data-id=\"2fb616b\" data-element_type=\"column\">\n<div class=\"elementor-widget-wrap\">\n\t\t\t\t\t\t\t<\/div>\n<\/p><\/div>\n<\/p><\/div>\n<\/section>\n<section class=\"xts-negative-gap elementor-section elementor-top-section elementor-element elementor-element-23d31c5 elementor-hidden-desktop elementor-section-boxed elementor-section-height-default elementor-section-height-default xts-section-disabled\" data-id=\"23d31c5\" data-element_type=\"section\">\n<div class=\"elementor-container elementor-column-gap-default\">\n<div class=\"elementor-column elementor-col-100 elementor-top-column elementor-element elementor-element-bfb9300\" data-id=\"bfb9300\" data-element_type=\"column\">\n<div class=\"elementor-widget-wrap elementor-element-populated\">\n<div class=\"elementor-element elementor-element-9814a08 elementor-widget elementor-widget-spacer\" data-id=\"9814a08\" data-element_type=\"widget\" data-widget_type=\"spacer.default\">\n<div class=\"elementor-widget-container\">\n<div class=\"elementor-spacer\">\n<div class=\"elementor-spacer-inner\"><\/div>\n<\/p><\/div>\n<\/p><\/div>\n<\/p><\/div>\n<\/p><\/div>\n<\/p><\/div>\n<\/p><\/div>\n<\/section>\n<section class=\"xts-negative-gap elementor-section elementor-top-section elementor-element elementor-element-3f59379 elementor-section-boxed elementor-section-height-default elementor-section-height-default xts-section-disabled\" data-id=\"3f59379\" data-element_type=\"section\">\n<div class=\"elementor-container elementor-column-gap-default\">\n<div class=\"elementor-column elementor-col-50 elementor-top-column elementor-element elementor-element-fd78098\" data-id=\"fd78098\" data-element_type=\"column\">\n<div class=\"elementor-widget-wrap elementor-element-populated\">\n<div class=\"elementor-element elementor-element-4c44f0a elementor-widget elementor-widget-image\" data-id=\"4c44f0a\" data-element_type=\"widget\" data-widget_type=\"image.default\">\n<div class=\"elementor-widget-container\">\n\t\t\t\t\t\t\t\t\t\t\t\t\t<img fetchpriority=\"high\" decoding=\"async\" width=\"982\" height=\"960\" src=\"data:image\/svg+xml,%3Csvg%20%20viewBox='0%200%20982%20960'%3E%3C\/svg%3E\" class=\"attachment-large size-large wp-image-28310\" alt=\"\" data-lazy-srcset=\"https:\/\/dronvictory.com\/wp-content\/uploads\/2025\/06\/m3pro-section4_1_.jpg 982w, https:\/\/dronvictory.com\/wp-content\/uploads\/2025\/06\/m3pro-section4_1-300x293_.jpg 300w, https:\/\/dronvictory.com\/wp-content\/uploads\/2025\/06\/m3pro-section4_1-768x751_.jpg 768w, https:\/\/dronvictory.com\/wp-content\/uploads\/2025\/06\/m3pro-section4_1-700x684_.jpg 700w, https:\/\/dronvictory.com\/wp-content\/uploads\/2025\/06\/m3pro-section4_1-500x489_.jpg 500w\" data-lazy-sizes=\"(max-width: 982px) 100vw, 982px\" data-lazy-src=\"https:\/\/dronvictory.com\/wp-content\/uploads\/2025\/06\/m3pro-section4_1_.jpg\"><noscript><img loading=\"lazy\" decoding=\"async\" width=\"982\" height=\"960\" src=\"https:\/\/dronvictory.com\/wp-content\/uploads\/2025\/06\/m3pro-section4_1_.jpg\" class=\"attachment-large size-large wp-image-28310\" alt=\"\" srcset=\"https:\/\/dronvictory.com\/wp-content\/uploads\/2025\/06\/m3pro-section4_1_.jpg 982w, https:\/\/dronvictory.com\/wp-content\/uploads\/2025\/06\/m3pro-section4_1-300x293_.jpg 300w, https:\/\/dronvictory.com\/wp-content\/uploads\/2025\/06\/m3pro-section4_1-768x751_.jpg 768w, https:\/\/dronvictory.com\/wp-content\/uploads\/2025\/06\/m3pro-section4_1-700x684_.jpg 700w, https:\/\/dronvictory.com\/wp-content\/uploads\/2025\/06\/m3pro-section4_1-500x489_.jpg 500w\" sizes=\"auto, (max-width: 982px) 100vw, 982px\" \/><\/noscript>\t\t\t\t\t\t\t\t\t\t\t\t\t<\/div>\n<\/p><\/div>\n<div class=\"elementor-element elementor-element-8dbe752 elementor-widget elementor-widget-xts_title\" data-id=\"8dbe752\" data-element_type=\"widget\" data-widget_type=\"xts_title.default\">\n<div class=\"elementor-widget-container\">\n<div class=\"xts-section-heading xts-reset-mb-10 xts-reset-last xts-textalign-center\" data-animation-delay=\"\">\n<h3 class=\"xts-section-title title xts-design-default xts-fontsize-l\">\n\t\t\t\t\t\t<span class=\"xts-section-title-text\" data-elementor-setting-key=\"title\"><br \/>\n\t\t\t\t\t\t\tWielokierunkowe wykrywanie przeszk\u00f3d i APAS 5.0\t\t\t\t\t\t<\/span><\/p>\n<\/h3>\n<div class=\"xts-section-desc\">\n<div class=\"xts-section-desc-text xts-reset-all-last\" data-elementor-setting-key=\"description\">\n<p>Mavic 3 Pro zapewnia bezpieczne latanie i tworzenie ze spokojem ducha. Osiem szerokok\u0105tnych czujnik\u00f3w wizyjnych bezproblemowo wsp\u00f3\u0142pracuje z wydajnym silnikiem obliczeniowym wizji, aby precyzyjnie wykrywa\u0107 przeszkody we wszystkich kierunkach i planowa\u0107 bezpieczn\u0105 tras\u0119 lotu, aby ich unikn\u0105\u0107.<\/p>\n<\/p><\/div>\n<\/p><\/div>\n<\/p><\/div>\n<\/p><\/div>\n<\/p><\/div>\n<\/p><\/div>\n<\/p><\/div>\n<div class=\"elementor-column elementor-col-50 elementor-top-column elementor-element elementor-element-004fe62\" data-id=\"004fe62\" data-element_type=\"column\">\n<div class=\"elementor-widget-wrap elementor-element-populated\">\n<div class=\"elementor-element elementor-element-44ac218 elementor-widget elementor-widget-image\" data-id=\"44ac218\" data-element_type=\"widget\" data-widget_type=\"image.default\">\n<div class=\"elementor-widget-container\">\n\t\t\t\t\t\t\t\t\t\t\t\t\t<img decoding=\"async\" width=\"982\" height=\"960\" src=\"data:image\/svg+xml,%3Csvg%20%20viewBox='0%200%20982%20960'%3E%3C\/svg%3E\" class=\"attachment-large size-large wp-image-28307\" alt=\"\" data-lazy-srcset=\"https:\/\/dronvictory.com\/wp-content\/uploads\/2025\/06\/m3pro-section4_2_.jpg 982w, https:\/\/dronvictory.com\/wp-content\/uploads\/2025\/06\/m3pro-section4_2-300x293_.jpg 300w, https:\/\/dronvictory.com\/wp-content\/uploads\/2025\/06\/m3pro-section4_2-768x751_.jpg 768w, https:\/\/dronvictory.com\/wp-content\/uploads\/2025\/06\/m3pro-section4_2-700x684_.jpg 700w, https:\/\/dronvictory.com\/wp-content\/uploads\/2025\/06\/m3pro-section4_2-500x489_.jpg 500w\" data-lazy-sizes=\"(max-width: 982px) 100vw, 982px\" data-lazy-src=\"https:\/\/dronvictory.com\/wp-content\/uploads\/2025\/06\/m3pro-section4_2_.jpg\"><noscript><img loading=\"lazy\" decoding=\"async\" width=\"982\" height=\"960\" src=\"https:\/\/dronvictory.com\/wp-content\/uploads\/2025\/06\/m3pro-section4_2_.jpg\" class=\"attachment-large size-large wp-image-28307\" alt=\"\" srcset=\"https:\/\/dronvictory.com\/wp-content\/uploads\/2025\/06\/m3pro-section4_2_.jpg 982w, https:\/\/dronvictory.com\/wp-content\/uploads\/2025\/06\/m3pro-section4_2-300x293_.jpg 300w, https:\/\/dronvictory.com\/wp-content\/uploads\/2025\/06\/m3pro-section4_2-768x751_.jpg 768w, https:\/\/dronvictory.com\/wp-content\/uploads\/2025\/06\/m3pro-section4_2-700x684_.jpg 700w, https:\/\/dronvictory.com\/wp-content\/uploads\/2025\/06\/m3pro-section4_2-500x489_.jpg 500w\" sizes=\"auto, (max-width: 982px) 100vw, 982px\" \/><\/noscript>\t\t\t\t\t\t\t\t\t\t\t\t\t<\/div>\n<\/p><\/div>\n<div class=\"elementor-element elementor-element-9deec0b elementor-widget elementor-widget-xts_title\" data-id=\"9deec0b\" data-element_type=\"widget\" data-widget_type=\"xts_title.default\">\n<div class=\"elementor-widget-container\">\n<div class=\"xts-section-heading xts-reset-mb-10 xts-reset-last xts-textalign-center\" data-animation-delay=\"\">\n<h3 class=\"xts-section-title title xts-design-default xts-fontsize-l\">\n\t\t\t\t\t\t<span class=\"xts-section-title-text\" data-elementor-setting-key=\"title\"><br \/>\n\t\t\t\t\t\t\tTransmisja wideo HD na odleg\u0142o\u015b\u0107 15 km\t\t\t\t\t\t<\/span><\/p>\n<\/h3>\n<div class=\"xts-section-desc\">\n<div class=\"xts-section-desc-text xts-reset-all-last\" data-elementor-setting-key=\"description\">\n<p>DJI O3+ oferuje zasi\u0119g transmisji do 15 km ze stabilnymi sygna\u0142ami, prezentuj\u0105c bardziej sp\u00f3jny widok kamery. Mo\u017ce przesy\u0142a\u0107 transmisj\u0119 na \u017cywo HD 1080p\/60fps, co sprawia, \u017ce Mavic 3 Pro lepiej reaguje na Twoje sterowanie i zapewnia bardziej \u017cywy obraz wideo na monitorze.<\/p>\n<\/p><\/div>\n<\/p><\/div>\n<\/p><\/div>\n<\/p><\/div>\n<\/p><\/div>\n<\/p><\/div>\n<\/p><\/div>\n<\/p><\/div>\n<\/section>\n<section class=\"xts-negative-gap elementor-section elementor-top-section elementor-element elementor-element-94b9bb5 elementor-section-height-min-height elementor-section-items-bottom elementor-section-boxed elementor-section-height-default xts-section-disabled\" data-id=\"94b9bb5\" data-element_type=\"section\" data-settings=\"{&quot;background_background&quot;:&quot;classic&quot;}\">\n<div class=\"elementor-background-overlay\"><\/div>\n<div class=\"elementor-container elementor-column-gap-no\">\n<div class=\"elementor-column elementor-col-100 elementor-top-column elementor-element elementor-element-30efd49\" data-id=\"30efd49\" data-element_type=\"column\">\n<div class=\"elementor-widget-wrap elementor-element-populated\">\n<div class=\"elementor-element elementor-element-3db4313 elementor-widget elementor-widget-xts_title\" data-id=\"3db4313\" data-element_type=\"widget\" data-widget_type=\"xts_title.default\">\n<div class=\"elementor-widget-container\">\n<div class=\"xts-section-heading xts-reset-mb-10 xts-reset-last xts-textalign-center\" data-animation-delay=\"\">\n<h3 class=\"xts-section-title title xts-design-default xts-textcolor-white xts-fontsize-l\">\n\t\t\t\t\t\t<span class=\"xts-section-title-text\" data-elementor-setting-key=\"title\"><br \/>\n\t\t\t\t\t\t\tEkscytuj\u0105cy, wci\u0105gaj\u0105cy lot\t\t\t\t\t\t<\/span><\/p>\n<\/h3>\n<div class=\"xts-section-desc xts-textcolor-white\">\n<div class=\"xts-section-desc-text xts-reset-all-last\" data-elementor-setting-key=\"description\">\n<p>Prze\u017cyj wci\u0105gaj\u0105ce wra\u017cenia z lotu ptaka (FPV) dzi\u0119ki goglom DJI i urz\u0105dzeniu DJI RC Motion 2. Ciesz si\u0119 realistycznymi kolorami, dok\u0142adnymi szczeg\u00f3\u0142ami i sterowaniem ruchem, kt\u00f3re sprawi\u0105, \u017ce latanie stanie si\u0119 fascynuj\u0105ce.<\/p>\n<\/p><\/div>\n<\/p><\/div>\n<\/p><\/div>\n<\/p><\/div>\n<\/p><\/div>\n<\/p><\/div>\n<\/p><\/div>\n<\/p><\/div>\n<\/section><\/div>","protected":false},"excerpt":{"rendered":"<p>DJI Mavic 3 Pro Cine Premium Combo z pilotem DJI RC Pro. Opr\u00f3cz kontrolera DJI RC zestaw zawiera 2 dodatkowe baterie, stacj\u0119 \u0142adowania baterii, zestaw filtr\u00f3w ND i inne akcesoria, aby dostosowa\u0107 si\u0119 do r\u00f3\u017cnych scenariuszy zastosowa\u0144.<\/p>\n<p>Funkcje drona:<\/p>\n<ul>\n<li>Aparat Hasselblad 4\/3 CMOS<\/li>\n<li>Podw\u00f3jny aparat tele<\/li>\n<li>Maksymalny czas lotu 43 minuty<\/li>\n<li>Wielokierunkowe wykrywanie przeszk\u00f3d<\/li>\n<li>Transmisja wideo HD na odleg\u0142o\u015b\u0107 15 km<\/li>\n<\/ul>\n<p>W zestawie DJI RC Pro i Mavic 3 Pro Cine, kt\u00f3re obs\u0142uguj\u0105 Apple ProRes i maj\u0105 dysk SSD 1TB. Wyb\u00f3r dla profesjonalnej fotografii lotniczej.<\/p>","protected":false},"featured_media":918,"template":"","meta":[],"product_cat":[17,18,19],"product_tag":[53,54,20,55,22,23,24],"class_list":{"0":"post-3093","1":"product","2":"type-product","3":"status-publish","4":"has-post-thumbnail","6":"product_brand-dji","7":"product_cat-drones","8":"product_cat-dji-mavic-3","9":"product_cat-dji-mavic-3-pro","10":"product_tag-cine","11":"product_tag-cinema","12":"product_tag-dji","13":"product_tag-dji-rc-pro","14":"product_tag-drone","15":"product_tag-mavic-3","16":"product_tag-mavic-3-pro","18":"first","19":"instock","20":"sale","21":"purchasable","22":"product-type-simple"},"_links":{"self":[{"href":"https:\/\/dronvictory.com\/pl\/wp-json\/wp\/v2\/product\/3093","targetHints":{"allow":["GET"]}}],"collection":[{"href":"https:\/\/dronvictory.com\/pl\/wp-json\/wp\/v2\/product"}],"about":[{"href":"https:\/\/dronvictory.com\/pl\/wp-json\/wp\/v2\/types\/product"}],"wp:featuredmedia":[{"embeddable":true,"href":"https:\/\/dronvictory.com\/pl\/wp-json\/wp\/v2\/media\/918"}],"wp:attachment":[{"href":"https:\/\/dronvictory.com\/pl\/wp-json\/wp\/v2\/media?parent=3093"}],"wp:term":[{"taxonomy":"product_cat","embeddable":true,"href":"https:\/\/dronvictory.com\/pl\/wp-json\/wp\/v2\/product_cat?post=3093"},{"taxonomy":"product_tag","embeddable":true,"href":"https:\/\/dronvictory.com\/pl\/wp-json\/wp\/v2\/product_tag?post=3093"}],"curies":[{"name":"wp","href":"https:\/\/api.w.org\/{rel}","templated":true}]}}