{"id":3102,"date":"2025-06-02T07:18:17","date_gmt":"2025-06-02T07:18:17","guid":{"rendered":"http:\/\/localhost:3000\/product\/dji-rc\/"},"modified":"2025-06-02T07:18:34","modified_gmt":"2025-06-02T07:18:34","slug":"dji-rc","status":"publish","type":"product","link":"https:\/\/dronvictory.com\/pl\/produkt\/dji-rc\/","title":{"rendered":"DJI RC"},"content":{"rendered":"<div data-elementor-type=\"wp-post\" data-elementor-id=\"23096\" class=\"elementor elementor-23096 elementor-5333\" data-elementor-post-type=\"product\">\n<section class=\"xts-negative-gap elementor-section elementor-top-section elementor-element elementor-element-c6a51af elementor-section-boxed elementor-section-height-default elementor-section-height-default xts-section-disabled\" data-id=\"c6a51af\" data-element_type=\"section\">\n<div class=\"elementor-container elementor-column-gap-default\">\n<div class=\"elementor-column elementor-col-100 elementor-top-column elementor-element elementor-element-d3eb866\" data-id=\"d3eb866\" data-element_type=\"column\">\n<div class=\"elementor-widget-wrap elementor-element-populated\">\n<div class=\"elementor-element elementor-element-e167085 elementor-widget elementor-widget-heading\" data-id=\"e167085\" data-element_type=\"widget\" data-widget_type=\"heading.default\">\n<div class=\"elementor-widget-container\">\n<style>\/*! elementor - v3.20.0 - 20-03-2024 *\/\n.elementor-heading-title{padding:0;margin:0;line-height:1}.elementor-widget-heading .elementor-heading-title[class*=elementor-size-]>a{color:inherit;font-size:inherit;line-height:inherit}.elementor-widget-heading .elementor-heading-title.elementor-size-small{font-size:15px}.elementor-widget-heading .elementor-heading-title.elementor-size-medium{font-size:19px}.elementor-widget-heading .elementor-heading-title.elementor-size-large{font-size:29px}.elementor-widget-heading .elementor-heading-title.elementor-size-xl{font-size:39px}.elementor-widget-heading .elementor-heading-title.elementor-size-xxl{font-size:59px}<\/style>\n<h2 class=\"elementor-heading-title elementor-size-default\">DJI RC<\/h2>\n<\/p><\/div>\n<\/p><\/div>\n<\/p><\/div>\n<\/p><\/div>\n<\/p><\/div>\n<\/section>\n<section class=\"xts-negative-gap elementor-section elementor-top-section elementor-element elementor-element-287288f elementor-section-boxed elementor-section-height-default elementor-section-height-default xts-section-disabled\" data-id=\"287288f\" data-element_type=\"section\">\n<div class=\"elementor-container elementor-column-gap-default\">\n<div class=\"elementor-column elementor-col-100 elementor-top-column elementor-element elementor-element-784eab0\" data-id=\"784eab0\" data-element_type=\"column\">\n<div class=\"elementor-widget-wrap elementor-element-populated\">\n<div class=\"elementor-element elementor-element-4a9b5a3 elementor-widget elementor-widget-xts_title\" data-id=\"4a9b5a3\" data-element_type=\"widget\" data-widget_type=\"xts_title.default\">\n<div class=\"elementor-widget-container\">\n<div class=\"xts-section-heading xts-reset-mb-10 xts-reset-last xts-textalign-left\" data-animation-delay=\"\">\n<div class=\"xts-section-desc\">\n<div class=\"xts-section-desc-text xts-reset-all-last\" data-elementor-setting-key=\"description\">\n<p>DJI RC Pro \u2013 to pilot zdalnego sterowania, kt\u00f3ry zapewnia wyj\u0105tkowe wra\u017cenia z obs\u0142ugi dron\u00f3w DJI. Z lekk\u0105 obudow\u0105, wy\u015bwietlaczem FHD i ultrad\u0142ug\u0105 \u017cywotno\u015bci\u0105 baterii. Posiada r\u00f3wnie\u017c nowe dwuspr\u0119\u017cynowe dr\u0105\u017cki steruj\u0105ce dla bardziej komfortowego latania i obs\u0142uguje zaawansowan\u0105 technologi\u0119 transmisji wideo DJI O3+. Dzi\u0119ki swojej pot\u0119\u017cnej funkcjonalno\u015bci tworzenie w powietrzu jest wygodniejsze ni\u017c kiedykolwiek.<\/p>\n<p>W przypadku stosowania z dronami obs\u0142uguj\u0105cymi transmisj\u0119 O3+, takimi jak DJI Mavic 3 [1], DJI RC mo\u017ce zapewnia\u0107 transmisje na \u017cywo w jako\u015bci HD 1080p\/60 kl.\/s o niskim op\u00f3\u017anieniu i maksymalnym zasi\u0119gu transmisji 15 km [2], co zapewnia p\u0142ynniejsz\u0105 kontrol\u0119 i bezpieczniejszy lot.<\/p>\n<p>Dzi\u0119ki innowacyjnej konstrukcji anteny DJI RC zapewniaj\u0105 doskona\u0142\u0105 wydajno\u015b\u0107 w mniejszym korpusie wbudowanym w sam RC. Nowa konstrukcja sprz\u0119tu jeszcze bardziej zmniejsza rozmiar DJI RC, co skutkuje wag\u0105 wynosz\u0105c\u0105 zaledwie 390 gram\u00f3w. [3]<\/p>\n<\/p><\/div>\n<\/p><\/div>\n<\/p><\/div>\n<\/p><\/div>\n<\/p><\/div>\n<\/p><\/div>\n<\/p><\/div>\n<\/p><\/div>\n<\/section><\/div>","protected":false},"excerpt":{"rendered":"<p>Pilot zdalnego sterowania DJI RC charakteryzuje si\u0119 jasnym wy\u015bwietlaczem, wysok\u0105 wydajno\u015bci\u0105 i efektywniejsz\u0105 kontrol\u0105, a tak\u017ce wysok\u0105 jako\u015bci\u0105 d\u017awi\u0119ku i obrazu.<\/p>","protected":false},"featured_media":368,"template":"","meta":[],"product_cat":[59,28,17],"product_tag":[60,20,29,30],"class_list":{"0":"post-3102","1":"product","2":"type-product","3":"status-publish","4":"has-post-thumbnail","6":"product_brand-dji","7":"product_cat-accessories-for-dji-mini-3","8":"product_cat-dji-mini-3","9":"product_cat-drones","10":"product_tag-controller","11":"product_tag-dji","12":"product_tag-mini-3","13":"product_tag-rc","15":"first","16":"instock","17":"product-type-simple"},"_links":{"self":[{"href":"https:\/\/dronvictory.com\/pl\/wp-json\/wp\/v2\/product\/3102","targetHints":{"allow":["GET"]}}],"collection":[{"href":"https:\/\/dronvictory.com\/pl\/wp-json\/wp\/v2\/product"}],"about":[{"href":"https:\/\/dronvictory.com\/pl\/wp-json\/wp\/v2\/types\/product"}],"wp:featuredmedia":[{"embeddable":true,"href":"https:\/\/dronvictory.com\/pl\/wp-json\/wp\/v2\/media\/368"}],"wp:attachment":[{"href":"https:\/\/dronvictory.com\/pl\/wp-json\/wp\/v2\/media?parent=3102"}],"wp:term":[{"taxonomy":"product_cat","embeddable":true,"href":"https:\/\/dronvictory.com\/pl\/wp-json\/wp\/v2\/product_cat?post=3102"},{"taxonomy":"product_tag","embeddable":true,"href":"https:\/\/dronvictory.com\/pl\/wp-json\/wp\/v2\/product_tag?post=3102"}],"curies":[{"name":"wp","href":"https:\/\/api.w.org\/{rel}","templated":true}]}}