{"id":3103,"date":"2025-06-02T07:18:17","date_gmt":"2025-06-02T07:18:17","guid":{"rendered":"http:\/\/localhost:3000\/product\/dji-rc-pro\/"},"modified":"2025-06-02T07:18:35","modified_gmt":"2025-06-02T07:18:35","slug":"dji-rc-pro","status":"publish","type":"product","link":"https:\/\/dronvictory.com\/pl\/produkt\/dji-rc-pro\/","title":{"rendered":"DJI RC Pro"},"content":{"rendered":"<div data-elementor-type=\"wp-post\" data-elementor-id=\"23078\" class=\"elementor elementor-23078 elementor-5133\" data-elementor-post-type=\"product\">\n<section class=\"xts-negative-gap elementor-section elementor-top-section elementor-element elementor-element-c6a51af elementor-section-boxed elementor-section-height-default elementor-section-height-default xts-section-disabled\" data-id=\"c6a51af\" data-element_type=\"section\">\n<div class=\"elementor-container elementor-column-gap-default\">\n<div class=\"elementor-column elementor-col-100 elementor-top-column elementor-element elementor-element-d3eb866\" data-id=\"d3eb866\" data-element_type=\"column\">\n<div class=\"elementor-widget-wrap elementor-element-populated\">\n<div class=\"elementor-element elementor-element-e167085 elementor-widget elementor-widget-heading\" data-id=\"e167085\" data-element_type=\"widget\" data-widget_type=\"heading.default\">\n<div class=\"elementor-widget-container\">\n<style>\/*! elementor - v3.20.0 - 20-03-2024 *\/\n.elementor-heading-title{padding:0;margin:0;line-height:1}.elementor-widget-heading .elementor-heading-title[class*=elementor-size-]>a{color:inherit;font-size:inherit;line-height:inherit}.elementor-widget-heading .elementor-heading-title.elementor-size-small{font-size:15px}.elementor-widget-heading .elementor-heading-title.elementor-size-medium{font-size:19px}.elementor-widget-heading .elementor-heading-title.elementor-size-large{font-size:29px}.elementor-widget-heading .elementor-heading-title.elementor-size-xl{font-size:39px}.elementor-widget-heading .elementor-heading-title.elementor-size-xxl{font-size:59px}<\/style>\n<h2 class=\"elementor-heading-title elementor-size-default\">DJI RC Pro<\/h2>\n<\/p><\/div>\n<\/p><\/div>\n<\/p><\/div>\n<\/p><\/div>\n<\/p><\/div>\n<\/section>\n<section class=\"xts-negative-gap elementor-section elementor-top-section elementor-element elementor-element-287288f elementor-section-boxed elementor-section-height-default elementor-section-height-default xts-section-disabled\" data-id=\"287288f\" data-element_type=\"section\">\n<div class=\"elementor-container elementor-column-gap-default\">\n<div class=\"elementor-column elementor-col-100 elementor-top-column elementor-element elementor-element-784eab0\" data-id=\"784eab0\" data-element_type=\"column\">\n<div class=\"elementor-widget-wrap elementor-element-populated\">\n<div class=\"elementor-element elementor-element-4a9b5a3 elementor-widget elementor-widget-xts_title\" data-id=\"4a9b5a3\" data-element_type=\"widget\" data-widget_type=\"xts_title.default\">\n<div class=\"elementor-widget-container\">\n<div class=\"xts-section-heading xts-reset-mb-10 xts-reset-last xts-textalign-left\" data-animation-delay=\"\">\n<div class=\"xts-section-desc\">\n<div class=\"xts-section-desc-text xts-reset-all-last\" data-elementor-setting-key=\"description\">\n<p>DJI RC Pro \u2013 Dzi\u0119ki ulepszonej wydajno\u015bci DJI RC Pro jest stworzony do profesjonalnej fotografii lotniczej. Dzi\u0119ki procesorowi nowej generacji i zwi\u0119kszonej pojemno\u015bci pami\u0119ci system DJI RC Pro dzia\u0142a stabilniej i p\u0142ynniej. Dzi\u0119ki wbudowanej technologii transmisji wideo O3+ obs\u0142uguje r\u00f3wnie\u017c DJI Cellular Dongle, aby umo\u017cliwi\u0107 komunikacj\u0119 4G. DJI RC Pro wykorzystuje te same dr\u0105\u017cki steruj\u0105ce, co DJI FPV, aby zapewni\u0107 p\u0142ynne sterowanie. Ulepsz swoj\u0105 gr\u0119 ju\u017c teraz dzi\u0119ki DJI RC Pro.<\/p>\n<\/p><\/div>\n<\/p><\/div>\n<\/p><\/div>\n<\/p><\/div>\n<\/p><\/div>\n<\/p><\/div>\n<\/p><\/div>\n<\/p><\/div>\n<\/section><\/div>","protected":false},"excerpt":{"rendered":"<p>DJI RC Pro jest zintegrowany z 5,5-calowym ekranem o wysokiej jasno\u015bci 1080p, kt\u00f3rego \u015brednia jasno\u015b\u0107 si\u0119ga 1000 nit\u00f3w. Ekran obs\u0142uguje d\u0142ugotrwa\u0142y wy\u015bwietlacz o wysokiej jasno\u015bci i tryb Outdoor, w kt\u00f3rym szczeg\u00f3\u0142y cieni s\u0105 automatycznie wzmacniane, aby zapewni\u0107 wyra\u017any obraz, nawet w bezpo\u015brednim \u015bwietle s\u0142onecznym.<\/p>","protected":false},"featured_media":349,"template":"","meta":[],"product_cat":[61,18,17],"product_tag":[60,20,23,62,30],"class_list":{"0":"post-3103","1":"product","2":"type-product","3":"status-publish","4":"has-post-thumbnail","6":"product_brand-dji","7":"product_cat-accessories-for-mavic-3","8":"product_cat-dji-mavic-3","9":"product_cat-drones","10":"product_tag-controller","11":"product_tag-dji","12":"product_tag-mavic-3","13":"product_tag-pro","14":"product_tag-rc","16":"first","17":"instock","18":"product-type-simple"},"_links":{"self":[{"href":"https:\/\/dronvictory.com\/pl\/wp-json\/wp\/v2\/product\/3103","targetHints":{"allow":["GET"]}}],"collection":[{"href":"https:\/\/dronvictory.com\/pl\/wp-json\/wp\/v2\/product"}],"about":[{"href":"https:\/\/dronvictory.com\/pl\/wp-json\/wp\/v2\/types\/product"}],"wp:featuredmedia":[{"embeddable":true,"href":"https:\/\/dronvictory.com\/pl\/wp-json\/wp\/v2\/media\/349"}],"wp:attachment":[{"href":"https:\/\/dronvictory.com\/pl\/wp-json\/wp\/v2\/media?parent=3103"}],"wp:term":[{"taxonomy":"product_cat","embeddable":true,"href":"https:\/\/dronvictory.com\/pl\/wp-json\/wp\/v2\/product_cat?post=3103"},{"taxonomy":"product_tag","embeddable":true,"href":"https:\/\/dronvictory.com\/pl\/wp-json\/wp\/v2\/product_tag?post=3103"}],"curies":[{"name":"wp","href":"https:\/\/api.w.org\/{rel}","templated":true}]}}