{"id":3109,"date":"2025-06-02T07:18:17","date_gmt":"2025-06-02T07:18:17","guid":{"rendered":"http:\/\/localhost:3000\/product\/dji-mavic-3-series-fly-more-kit\/"},"modified":"2025-06-02T07:18:40","modified_gmt":"2025-06-02T07:18:40","slug":"dji-mavic-3-series-fly-more-kit","status":"publish","type":"product","link":"https:\/\/dronvictory.com\/pl\/produkt\/dji-mavic-3-series-fly-more-kit\/","title":{"rendered":"Zestaw DJI Mavic 3 Series Fly More"},"content":{"rendered":"<div data-elementor-type=\"wp-post\" data-elementor-id=\"24705\" class=\"elementor elementor-24705 elementor-24704\" data-elementor-post-type=\"product\">\n<section class=\"xts-negative-gap elementor-section elementor-top-section elementor-element elementor-element-b85bf63 elementor-section-boxed elementor-section-height-default elementor-section-height-default xts-section-disabled\" data-id=\"b85bf63\" data-element_type=\"section\">\n<div class=\"elementor-container elementor-column-gap-default\">\n<div class=\"elementor-column elementor-col-100 elementor-top-column elementor-element elementor-element-3b4babc\" data-id=\"3b4babc\" data-element_type=\"column\">\n<div class=\"elementor-widget-wrap elementor-element-populated\">\n<div class=\"elementor-element elementor-element-a1e79a9 elementor-widget elementor-widget-heading\" data-id=\"a1e79a9\" data-element_type=\"widget\" data-widget_type=\"heading.default\">\n<div class=\"elementor-widget-container\">\n<style>\/*! elementor - v3.20.0 - 20-03-2024 *\/\n.elementor-heading-title{padding:0;margin:0;line-height:1}.elementor-widget-heading .elementor-heading-title[class*=elementor-size-]>a{color:inherit;font-size:inherit;line-height:inherit}.elementor-widget-heading .elementor-heading-title.elementor-size-small{font-size:15px}.elementor-widget-heading .elementor-heading-title.elementor-size-medium{font-size:19px}.elementor-widget-heading .elementor-heading-title.elementor-size-large{font-size:29px}.elementor-widget-heading .elementor-heading-title.elementor-size-xl{font-size:39px}.elementor-widget-heading .elementor-heading-title.elementor-size-xxl{font-size:59px}<\/style>\n<h2 class=\"elementor-heading-title elementor-size-default\">Zestaw DJI Mavic 3 Series Fly More<\/h2>\n<\/p><\/div>\n<\/p><\/div>\n<div class=\"elementor-element elementor-element-6702922 xts-textalign-left xts-scheme-inherit elementor-widget elementor-widget-text-editor\" data-id=\"6702922\" data-element_type=\"widget\" data-widget_type=\"text-editor.default\">\n<div class=\"elementor-widget-container\">\n<p>Zestaw DJI Mavic 3 Fly More zawiera dwa inteligentne akumulatory lotnicze, central\u0119 \u0142aduj\u0105c\u0105 akumulatory o mocy 100 W, \u0142adowark\u0119 samochodow\u0105 o mocy 65 W, rozk\u0142adan\u0105 torb\u0119 transportow\u0105 i \u015bmig\u0142a o niskim poziomie ha\u0142asu, zapewniaj\u0105c kompleksowe wsparcie podczas robienia zdj\u0119\u0107 lotniczych.<\/p>\n<p>Lepsza cena ni\u017c przy zakupie tych przedmiot\u00f3w osobno.<\/p>\n<\/p><\/div>\n<\/p><\/div>\n<div class=\"elementor-element elementor-element-2546f9c elementor-widget elementor-widget-spacer\" data-id=\"2546f9c\" data-element_type=\"widget\" data-widget_type=\"spacer.default\">\n<div class=\"elementor-widget-container\">\n<div class=\"elementor-spacer\">\n<div class=\"elementor-spacer-inner\"><\/div>\n<\/p><\/div>\n<\/p><\/div>\n<\/p><\/div>\n<\/p><\/div>\n<\/p><\/div>\n<\/p><\/div>\n<\/section>\n<section class=\"xts-negative-gap elementor-section elementor-top-section elementor-element elementor-element-0a193fd elementor-section-boxed elementor-section-height-default elementor-section-height-default xts-section-disabled\" data-id=\"0a193fd\" data-element_type=\"section\">\n<div class=\"elementor-container elementor-column-gap-default\">\n<div class=\"elementor-column elementor-col-100 elementor-top-column elementor-element elementor-element-099dfbb\" data-id=\"099dfbb\" data-element_type=\"column\">\n<div class=\"elementor-widget-wrap elementor-element-populated\">\n<div class=\"elementor-element elementor-element-728bb6e elementor-widget elementor-widget-heading\" data-id=\"728bb6e\" data-element_type=\"widget\" data-widget_type=\"heading.default\">\n<div class=\"elementor-widget-container\">\n<h2 class=\"elementor-heading-title elementor-size-default\">G\u0142\u00f3wne cechy<\/h2>\n<\/p><\/div>\n<\/p><\/div>\n<div class=\"elementor-element elementor-element-3ae04e8 xts-textalign-left xts-scheme-inherit elementor-widget elementor-widget-text-editor\" data-id=\"3ae04e8\" data-element_type=\"widget\" data-widget_type=\"text-editor.default\">\n<div class=\"elementor-widget-container\">\n<p>1. Inteligentny akumulator lotniczy: Jeden inteligentny akumulator lotniczy zapewnia maksymalny czas lotu 46 minut*, dzi\u0119ki czemu mo\u017cesz lepiej pozna\u0107 otoczenie i lata\u0107 z wi\u0119kszym spokojem.<\/p>\n<p>2. 100 W Hub \u0142adowania baterii: Rozszerza interfejs \u0142adowania do trzech. Hub \u0142adowania baterii zwi\u0119ksza wydajno\u015b\u0107, \u0142aduj\u0105c baterie sekwencyjnie zgodnie z pozosta\u0142ym poziomem mocy, przy czym w pe\u0142ni na\u0142adowane baterie otrzymuj\u0105 moc jako pierwsze.<\/p>\n<p>3. \u0141adowarka samochodowa 65 W: niezb\u0119dna w podr\u00f3\u017cy, \u0142adowarka samochodowa 65 W mo\u017ce \u0142adowa\u0107 r\u00f3\u017cne urz\u0105dzenia w samochodzie. Zapewnia stabiln\u0105 moc wyj\u015bciow\u0105 65 W i dwa porty wyj\u015bciowe (USB-C i USB-A) do \u0142adowania inteligentnego akumulatora lotu i pilota zdalnego sterowania w tym samym czasie. Obs\u0142uguje r\u00f3wnie\u017c protoko\u0142y PPS i PD do \u0142adowania smartfona, laptopa i innych urz\u0105dze\u0144.<\/p>\n<p>4. \u015amig\u0142a o niskim poziomie ha\u0142asu: Ka\u017cda \u0142opatka \u015bmig\u0142a zosta\u0142a poddana precyzyjnym testom dynamicznego wywa\u017cania, aby zwi\u0119kszy\u0107 wydajno\u015b\u0107 aerodynamiczn\u0105 i zmniejszy\u0107 poziom ha\u0142asu.<\/p>\n<p>5. Rozk\u0142adana torba transportowa: T\u0119 starannie zaprojektowan\u0105 torb\u0119 mo\u017cna nosi\u0107 na ramieniu lub jako plecak, co sprosta Twoim potrzebom podczas kr\u00f3tkich wycieczek.<\/p>\n<\/p><\/div>\n<\/p><\/div>\n<div class=\"elementor-element elementor-element-5fd04e2 elementor-widget elementor-widget-spacer\" data-id=\"5fd04e2\" data-element_type=\"widget\" data-widget_type=\"spacer.default\">\n<div class=\"elementor-widget-container\">\n<div class=\"elementor-spacer\">\n<div class=\"elementor-spacer-inner\"><\/div>\n<\/p><\/div>\n<\/p><\/div>\n<\/p><\/div>\n<\/p><\/div>\n<\/p><\/div>\n<\/p><\/div>\n<\/section>\n<section class=\"xts-negative-gap elementor-section elementor-top-section elementor-element elementor-element-e4534cb elementor-section-boxed elementor-section-height-default elementor-section-height-default xts-section-disabled\" data-id=\"e4534cb\" data-element_type=\"section\">\n<div class=\"elementor-container elementor-column-gap-default\">\n<div class=\"elementor-column elementor-col-100 elementor-top-column elementor-element elementor-element-e73d1fc\" data-id=\"e73d1fc\" data-element_type=\"column\">\n<div class=\"elementor-widget-wrap elementor-element-populated\">\n<div class=\"elementor-element elementor-element-768ec2e elementor-widget elementor-widget-heading\" data-id=\"768ec2e\" data-element_type=\"widget\" data-widget_type=\"heading.default\">\n<div class=\"elementor-widget-container\">\n<h2 class=\"elementor-heading-title elementor-size-default\">Porady<\/h2>\n<\/p><\/div>\n<\/p><\/div>\n<div class=\"elementor-element elementor-element-5ad7e99 xts-textalign-left xts-scheme-inherit elementor-widget elementor-widget-text-editor\" data-id=\"5ad7e99\" data-element_type=\"widget\" data-widget_type=\"text-editor.default\">\n<div class=\"elementor-widget-container\">\n<p>* Zmierzone przez Mavic 3 Classic lec\u0105cego ze sta\u0142\u0105 pr\u0119dko\u015bci\u0105 32,4 km\/h w bezwietrznym otoczeniu na poziomie morza, a\u017c do momentu, gdy bateria osi\u0105gn\u0119\u0142a 0%. Dane maj\u0105 charakter wy\u0142\u0105cznie informacyjny.<\/p>\n<\/p><\/div>\n<\/p><\/div>\n<div class=\"elementor-element elementor-element-c24b7dd elementor-widget elementor-widget-spacer\" data-id=\"c24b7dd\" data-element_type=\"widget\" data-widget_type=\"spacer.default\">\n<div class=\"elementor-widget-container\">\n<div class=\"elementor-spacer\">\n<div class=\"elementor-spacer-inner\"><\/div>\n<\/p><\/div>\n<\/p><\/div>\n<\/p><\/div>\n<\/p><\/div>\n<\/p><\/div>\n<\/p><\/div>\n<\/section>\n<section class=\"xts-negative-gap elementor-section elementor-top-section elementor-element elementor-element-511dbc7 elementor-section-boxed elementor-section-height-default elementor-section-height-default xts-section-disabled\" data-id=\"511dbc7\" data-element_type=\"section\">\n<div class=\"elementor-container elementor-column-gap-default\">\n<div class=\"elementor-column elementor-col-100 elementor-top-column elementor-element elementor-element-b26d369\" data-id=\"b26d369\" data-element_type=\"column\">\n<div class=\"elementor-widget-wrap elementor-element-populated\">\n<div class=\"elementor-element elementor-element-c8b4825 elementor-widget elementor-widget-heading\" data-id=\"c8b4825\" data-element_type=\"widget\" data-widget_type=\"heading.default\">\n<div class=\"elementor-widget-container\">\n<h2 class=\"elementor-heading-title elementor-size-default\">W pude\u0142ku<\/h2>\n<\/p><\/div>\n<\/p><\/div>\n<div class=\"elementor-element elementor-element-fc07770 xts-textalign-left xts-scheme-inherit elementor-widget elementor-widget-text-editor\" data-id=\"fc07770\" data-element_type=\"widget\" data-widget_type=\"text-editor.default\">\n<div class=\"elementor-widget-container\">\n<ul>\n<li>DJI Mavic 3 Inteligentny akumulator lotniczy \u00d7 2<\/li>\n<li>DJI Mavic 3 100W Hub \u0142adowania baterii \u00d7 1<\/li>\n<li>\u0141adowarka samochodowa DJI 65W \u00d7 1<\/li>\n<li>\u015amig\u0142a DJI Mavic 3 o niskim poziomie ha\u0142asu (para) \u00d7 3<\/li>\n<li>DJI Convertible Torba transportowa \u00d7 1<\/li>\n<\/ul><\/div>\n<\/p><\/div>\n<div class=\"elementor-element elementor-element-98adc95 elementor-widget elementor-widget-spacer\" data-id=\"98adc95\" data-element_type=\"widget\" data-widget_type=\"spacer.default\">\n<div class=\"elementor-widget-container\">\n<div class=\"elementor-spacer\">\n<div class=\"elementor-spacer-inner\"><\/div>\n<\/p><\/div>\n<\/p><\/div>\n<\/p><\/div>\n<\/p><\/div>\n<\/p><\/div>\n<\/p><\/div>\n<\/section><\/div>","protected":false},"excerpt":{"rendered":"<p>Zestaw baterii do dron\u00f3w DJI Mavic 3 series. Kup razem i zaoszcz\u0119d\u017a. Zawiera dwie baterie, 100-watow\u0105 \u0142adowark\u0119 akumulator\u00f3w, 65-watow\u0105 \u0142adowark\u0119 samochodow\u0105, rozk\u0142adan\u0105 torb\u0119 transportow\u0105 i \u015bmig\u0142a.<\/p>","protected":false},"featured_media":833,"template":"","meta":[],"product_cat":[61,18,31,19,17],"product_tag":[20,70,23,71],"class_list":{"0":"post-3109","1":"product","2":"type-product","3":"status-publish","4":"has-post-thumbnail","6":"product_brand-dji","7":"product_cat-accessories-for-mavic-3","8":"product_cat-dji-mavic-3","9":"product_cat-dji-mavic-3-classic","10":"product_cat-dji-mavic-3-pro","11":"product_cat-drones","12":"product_tag-dji","13":"product_tag-fly-more-kit","14":"product_tag-mavic-3","15":"product_tag-set","17":"first","18":"instock","19":"sale","20":"purchasable","21":"product-type-simple"},"_links":{"self":[{"href":"https:\/\/dronvictory.com\/pl\/wp-json\/wp\/v2\/product\/3109","targetHints":{"allow":["GET"]}}],"collection":[{"href":"https:\/\/dronvictory.com\/pl\/wp-json\/wp\/v2\/product"}],"about":[{"href":"https:\/\/dronvictory.com\/pl\/wp-json\/wp\/v2\/types\/product"}],"wp:featuredmedia":[{"embeddable":true,"href":"https:\/\/dronvictory.com\/pl\/wp-json\/wp\/v2\/media\/833"}],"wp:attachment":[{"href":"https:\/\/dronvictory.com\/pl\/wp-json\/wp\/v2\/media?parent=3109"}],"wp:term":[{"taxonomy":"product_cat","embeddable":true,"href":"https:\/\/dronvictory.com\/pl\/wp-json\/wp\/v2\/product_cat?post=3109"},{"taxonomy":"product_tag","embeddable":true,"href":"https:\/\/dronvictory.com\/pl\/wp-json\/wp\/v2\/product_tag?post=3109"}],"curies":[{"name":"wp","href":"https:\/\/api.w.org\/{rel}","templated":true}]}}