{"id":3112,"date":"2025-06-02T07:18:17","date_gmt":"2025-06-02T07:18:17","guid":{"rendered":"http:\/\/localhost:3000\/product\/dji-rc-n1-rc-cable-for-mavic-air-2-2s-mini-2-mini-3-mavic-3\/"},"modified":"2025-06-02T07:18:42","modified_gmt":"2025-06-02T07:18:42","slug":"dji-rc-n1-rc-cable-for-mavic-air-2-2s-mini-2-mini-3-mavic-3","status":"publish","type":"product","link":"https:\/\/dronvictory.com\/pl\/produkt\/dji-rc-n1-rc-cable-for-mavic-air-2-2s-mini-2-mini-3-mavic-3\/","title":{"rendered":"Kabel DJI RC-N1 RC do Mavic Air 2\/2S\/Mini 2\/Mini 3\/Mavic 3"},"content":{"rendered":"<div data-elementor-type=\"wp-post\" data-elementor-id=\"23053\" class=\"elementor elementor-23053 elementor-4988\" data-elementor-post-type=\"product\">\n<section class=\"xts-negative-gap elementor-section elementor-top-section elementor-element elementor-element-c6a51af elementor-section-boxed elementor-section-height-default elementor-section-height-default xts-section-disabled\" data-id=\"c6a51af\" data-element_type=\"section\">\n<div class=\"elementor-container elementor-column-gap-default\">\n<div class=\"elementor-column elementor-col-100 elementor-top-column elementor-element elementor-element-d3eb866\" data-id=\"d3eb866\" data-element_type=\"column\">\n<div class=\"elementor-widget-wrap elementor-element-populated\">\n<div class=\"elementor-element elementor-element-e167085 elementor-widget elementor-widget-heading\" data-id=\"e167085\" data-element_type=\"widget\" data-widget_type=\"heading.default\">\n<div class=\"elementor-widget-container\">\n<style>\/*! elementor - v3.20.0 - 20-03-2024 *\/\n.elementor-heading-title{padding:0;margin:0;line-height:1}.elementor-widget-heading .elementor-heading-title[class*=elementor-size-]>a{color:inherit;font-size:inherit;line-height:inherit}.elementor-widget-heading .elementor-heading-title.elementor-size-small{font-size:15px}.elementor-widget-heading .elementor-heading-title.elementor-size-medium{font-size:19px}.elementor-widget-heading .elementor-heading-title.elementor-size-large{font-size:29px}.elementor-widget-heading .elementor-heading-title.elementor-size-xl{font-size:39px}.elementor-widget-heading .elementor-heading-title.elementor-size-xxl{font-size:59px}<\/style>\n<h2 class=\"elementor-heading-title elementor-size-default\">Kabel DJI RC-N1 RC<\/h2>\n<\/p><\/div>\n<\/p><\/div>\n<\/p><\/div>\n<\/p><\/div>\n<\/p><\/div>\n<\/section>\n<section class=\"xts-negative-gap elementor-section elementor-top-section elementor-element elementor-element-287288f elementor-section-boxed elementor-section-height-default elementor-section-height-default xts-section-disabled\" data-id=\"287288f\" data-element_type=\"section\">\n<div class=\"elementor-container elementor-column-gap-default\">\n<div class=\"elementor-column elementor-col-100 elementor-top-column elementor-element elementor-element-784eab0\" data-id=\"784eab0\" data-element_type=\"column\">\n<div class=\"elementor-widget-wrap elementor-element-populated\">\n<div class=\"elementor-element elementor-element-4a9b5a3 elementor-widget elementor-widget-xts_title\" data-id=\"4a9b5a3\" data-element_type=\"widget\" data-widget_type=\"xts_title.default\">\n<div class=\"elementor-widget-container\">\n<div class=\"xts-section-heading xts-reset-mb-10 xts-reset-last xts-textalign-left\" data-animation-delay=\"\">\n<div class=\"xts-section-desc\">\n<div class=\"xts-section-desc-text xts-reset-all-last\" data-elementor-setting-key=\"description\">\n<p>Kabel DJI RC-N1 RC \u0142\u0105czy pilota DJI RC-N1 z urz\u0105dzeniem mobilnym za pomoc\u0105 portu Micro USB. Zestaw zawiera ram\u0119 kabla, kt\u00f3ra mocuje telefon w uchwycie.<\/p>\n<\/p><\/div>\n<\/p><\/div>\n<\/p><\/div>\n<\/p><\/div>\n<\/p><\/div>\n<div class=\"elementor-element elementor-element-af809c4 elementor-widget elementor-widget-spacer\" data-id=\"af809c4\" data-element_type=\"widget\" data-widget_type=\"spacer.default\">\n<div class=\"elementor-widget-container\">\n<div class=\"elementor-spacer\">\n<div class=\"elementor-spacer-inner\"><\/div>\n<\/p><\/div>\n<\/p><\/div>\n<\/p><\/div>\n<\/p><\/div>\n<\/p><\/div>\n<\/p><\/div>\n<\/section>\n<section class=\"xts-negative-gap elementor-section elementor-top-section elementor-element elementor-element-8e9587f elementor-section-boxed elementor-section-height-default elementor-section-height-default xts-section-disabled\" data-id=\"8e9587f\" data-element_type=\"section\">\n<div class=\"elementor-container elementor-column-gap-default\">\n<div class=\"elementor-column elementor-col-100 elementor-top-column elementor-element elementor-element-7783770\" data-id=\"7783770\" data-element_type=\"column\">\n<div class=\"elementor-widget-wrap elementor-element-populated\">\n<div class=\"elementor-element elementor-element-11d241d elementor-widget elementor-widget-heading\" data-id=\"11d241d\" data-element_type=\"widget\" data-widget_type=\"heading.default\">\n<div class=\"elementor-widget-container\">\n<h2 class=\"elementor-heading-title elementor-size-default\">Zgodno\u015b\u0107<\/h2>\n<\/p><\/div>\n<\/p><\/div>\n<\/p><\/div>\n<\/p><\/div>\n<\/p><\/div>\n<\/section>\n<section class=\"xts-negative-gap elementor-section elementor-top-section elementor-element elementor-element-2a3dbaf elementor-section-boxed elementor-section-height-default elementor-section-height-default xts-section-disabled\" data-id=\"2a3dbaf\" data-element_type=\"section\">\n<div class=\"elementor-container elementor-column-gap-default\">\n<div class=\"elementor-column elementor-col-100 elementor-top-column elementor-element elementor-element-8903fc5\" data-id=\"8903fc5\" data-element_type=\"column\">\n<div class=\"elementor-widget-wrap elementor-element-populated\">\n<div class=\"elementor-element elementor-element-93bc7a6 elementor-widget elementor-widget-xts_title\" data-id=\"93bc7a6\" data-element_type=\"widget\" data-widget_type=\"xts_title.default\">\n<div class=\"elementor-widget-container\">\n<div class=\"xts-section-heading xts-reset-mb-10 xts-reset-last xts-textalign-left\" data-animation-delay=\"\">\n<div class=\"xts-section-desc\">\n<div class=\"xts-section-desc-text xts-reset-all-last\" data-elementor-setting-key=\"description\">\n<ol>\n<li>Kontroler zdalnego sterowania DJI Mavic 3 (kontroler zdalnego sterowania RC N1)<\/li>\n<li>Kontroler zdalnego sterowania DJI Air 2S (kontroler zdalnego sterowania RC N1)<\/li>\n<li>Kontroler zdalnego sterowania DJI Mavic Air 2 (kontroler zdalnego sterowania RC N1)<\/li>\n<li>Kontroler zdalnego sterowania DJI Mini 2 (kontroler zdalnego sterowania RC N1)<\/li>\n<li>Kontroler zdalnego sterowania DJI Mini 3 Pro (kontroler zdalnego sterowania RC N1)<\/li>\n<\/ol><\/div>\n<\/p><\/div>\n<\/p><\/div>\n<\/p><\/div>\n<\/p><\/div>\n<\/p><\/div>\n<\/p><\/div>\n<\/p><\/div>\n<\/section><\/div>","protected":false},"excerpt":{"rendered":"<p>Kabel DJI RC-N1 RC \u0142\u0105czy pilota DJI RC-N1 z urz\u0105dzeniem mobilnym za pomoc\u0105 portu Micro USB.<\/p>","protected":false},"featured_media":316,"template":"","meta":[],"product_cat":[76,78,59,61,33,18,79,77,28,17],"product_tag":[80,20,23,81,58,29],"class_list":{"0":"post-3112","1":"product","2":"type-product","3":"status-publish","4":"has-post-thumbnail","6":"product_brand-dji","7":"product_cat-accessories-for-air-2s","8":"product_cat-accessories-for-dji-mini-2","9":"product_cat-accessories-for-dji-mini-3","10":"product_cat-accessories-for-mavic-3","11":"product_cat-dji-air-2s","12":"product_cat-dji-mavic-3","13":"product_cat-dji-mavic-air-2","14":"product_cat-dji-mini-2","15":"product_cat-dji-mini-3","16":"product_cat-drones","17":"product_tag-2s","18":"product_tag-dji","19":"product_tag-mavic-3","20":"product_tag-mavic-air-2","21":"product_tag-mini-2","22":"product_tag-mini-3","24":"first","25":"instock","26":"purchasable","27":"product-type-simple"},"_links":{"self":[{"href":"https:\/\/dronvictory.com\/pl\/wp-json\/wp\/v2\/product\/3112","targetHints":{"allow":["GET"]}}],"collection":[{"href":"https:\/\/dronvictory.com\/pl\/wp-json\/wp\/v2\/product"}],"about":[{"href":"https:\/\/dronvictory.com\/pl\/wp-json\/wp\/v2\/types\/product"}],"wp:featuredmedia":[{"embeddable":true,"href":"https:\/\/dronvictory.com\/pl\/wp-json\/wp\/v2\/media\/316"}],"wp:attachment":[{"href":"https:\/\/dronvictory.com\/pl\/wp-json\/wp\/v2\/media?parent=3112"}],"wp:term":[{"taxonomy":"product_cat","embeddable":true,"href":"https:\/\/dronvictory.com\/pl\/wp-json\/wp\/v2\/product_cat?post=3112"},{"taxonomy":"product_tag","embeddable":true,"href":"https:\/\/dronvictory.com\/pl\/wp-json\/wp\/v2\/product_tag?post=3112"}],"curies":[{"name":"wp","href":"https:\/\/api.w.org\/{rel}","templated":true}]}}