{"id":3113,"date":"2025-06-02T07:18:47","date_gmt":"2025-06-02T07:18:47","guid":{"rendered":"http:\/\/localhost:3000\/product\/dji-65w-portable-charger\/"},"modified":"2025-06-02T07:18:53","modified_gmt":"2025-06-02T07:18:53","slug":"dji-65w-portable-charger","status":"publish","type":"product","link":"https:\/\/dronvictory.com\/pl\/produkt\/dji-65w-portable-charger\/","title":{"rendered":"\u0141adowarka przeno\u015bna DJI 65W"},"content":{"rendered":"<div data-elementor-type=\"wp-post\" data-elementor-id=\"23058\" class=\"elementor elementor-23058 elementor-5024\" data-elementor-post-type=\"product\">\n<section class=\"xts-negative-gap elementor-section elementor-top-section elementor-element elementor-element-c6a51af elementor-section-boxed elementor-section-height-default elementor-section-height-default xts-section-disabled\" data-id=\"c6a51af\" data-element_type=\"section\">\n<div class=\"elementor-container elementor-column-gap-default\">\n<div class=\"elementor-column elementor-col-100 elementor-top-column elementor-element elementor-element-d3eb866\" data-id=\"d3eb866\" data-element_type=\"column\">\n<div class=\"elementor-widget-wrap elementor-element-populated\">\n<div class=\"elementor-element elementor-element-e167085 elementor-widget elementor-widget-heading\" data-id=\"e167085\" data-element_type=\"widget\" data-widget_type=\"heading.default\">\n<div class=\"elementor-widget-container\">\n<style>\/*! elementor - v3.20.0 - 20-03-2024 *\/\n.elementor-heading-title{padding:0;margin:0;line-height:1}.elementor-widget-heading .elementor-heading-title[class*=elementor-size-]>a{color:inherit;font-size:inherit;line-height:inherit}.elementor-widget-heading .elementor-heading-title.elementor-size-small{font-size:15px}.elementor-widget-heading .elementor-heading-title.elementor-size-medium{font-size:19px}.elementor-widget-heading .elementor-heading-title.elementor-size-large{font-size:29px}.elementor-widget-heading .elementor-heading-title.elementor-size-xl{font-size:39px}.elementor-widget-heading .elementor-heading-title.elementor-size-xxl{font-size:59px}<\/style>\n<h2 class=\"elementor-heading-title elementor-size-default\">\u0141adowarka przeno\u015bna DJI 65W<\/h2>\n<\/p><\/div>\n<\/p><\/div>\n<\/p><\/div>\n<\/p><\/div>\n<\/p><\/div>\n<\/section>\n<section class=\"xts-negative-gap elementor-section elementor-top-section elementor-element elementor-element-287288f elementor-section-boxed elementor-section-height-default elementor-section-height-default xts-section-disabled\" data-id=\"287288f\" data-element_type=\"section\">\n<div class=\"elementor-container elementor-column-gap-default\">\n<div class=\"elementor-column elementor-col-100 elementor-top-column elementor-element elementor-element-784eab0\" data-id=\"784eab0\" data-element_type=\"column\">\n<div class=\"elementor-widget-wrap elementor-element-populated\">\n<div class=\"elementor-element elementor-element-4a9b5a3 elementor-widget elementor-widget-xts_title\" data-id=\"4a9b5a3\" data-element_type=\"widget\" data-widget_type=\"xts_title.default\">\n<div class=\"elementor-widget-container\">\n<div class=\"xts-section-heading xts-reset-mb-10 xts-reset-last xts-textalign-left\" data-animation-delay=\"\">\n<div class=\"xts-section-desc\">\n<div class=\"xts-section-desc-text xts-reset-all-last\" data-elementor-setting-key=\"description\">\n<p>DJI Mavic 3 65W przeno\u015bna \u0142adowarka \u2013 Dzi\u0119ki technologii GaN przeno\u015bna \u0142adowarka DJI 65W jest mniejsza, ale oferuje wi\u0119ksz\u0105 pr\u0119dko\u015b\u0107 \u0142adowania. Dzi\u0119ki dw\u00f3m portom wyj\u015bciowym USB-C i USB-A mo\u017ce \u0142adowa\u0107 inteligentny akumulator lotniczy i RC w tym samym czasie. Obs\u0142uguje protoko\u0142y PPS i PD i mo\u017ce \u0142adowa\u0107 smartfon, laptop i inne urz\u0105dzenia.<\/p>\n<\/p><\/div>\n<\/p><\/div>\n<\/p><\/div>\n<\/p><\/div>\n<\/p><\/div>\n<div class=\"elementor-element elementor-element-af809c4 elementor-widget elementor-widget-spacer\" data-id=\"af809c4\" data-element_type=\"widget\" data-widget_type=\"spacer.default\">\n<div class=\"elementor-widget-container\">\n<div class=\"elementor-spacer\">\n<div class=\"elementor-spacer-inner\"><\/div>\n<\/p><\/div>\n<\/p><\/div>\n<\/p><\/div>\n<\/p><\/div>\n<\/p><\/div>\n<\/p><\/div>\n<\/section>\n<section class=\"xts-negative-gap elementor-section elementor-top-section elementor-element elementor-element-8e9587f elementor-section-boxed elementor-section-height-default elementor-section-height-default xts-section-disabled\" data-id=\"8e9587f\" data-element_type=\"section\">\n<div class=\"elementor-container elementor-column-gap-default\">\n<div class=\"elementor-column elementor-col-100 elementor-top-column elementor-element elementor-element-7783770\" data-id=\"7783770\" data-element_type=\"column\">\n<div class=\"elementor-widget-wrap elementor-element-populated\">\n<div class=\"elementor-element elementor-element-11d241d elementor-widget elementor-widget-heading\" data-id=\"11d241d\" data-element_type=\"widget\" data-widget_type=\"heading.default\">\n<div class=\"elementor-widget-container\">\n<h2 class=\"elementor-heading-title elementor-size-default\">Specyfikacje<\/h2>\n<\/p><\/div>\n<\/p><\/div>\n<\/p><\/div>\n<\/p><\/div>\n<\/p><\/div>\n<\/section>\n<section class=\"xts-negative-gap elementor-section elementor-top-section elementor-element elementor-element-2a3dbaf elementor-section-boxed elementor-section-height-default elementor-section-height-default xts-section-disabled\" data-id=\"2a3dbaf\" data-element_type=\"section\">\n<div class=\"elementor-container elementor-column-gap-default\">\n<div class=\"elementor-column elementor-col-100 elementor-top-column elementor-element elementor-element-8903fc5\" data-id=\"8903fc5\" data-element_type=\"column\">\n<div class=\"elementor-widget-wrap elementor-element-populated\">\n<div class=\"elementor-element elementor-element-93bc7a6 elementor-widget elementor-widget-xts_title\" data-id=\"93bc7a6\" data-element_type=\"widget\" data-widget_type=\"xts_title.default\">\n<div class=\"elementor-widget-container\">\n<div class=\"xts-section-heading xts-reset-mb-10 xts-reset-last xts-textalign-left\" data-animation-delay=\"\">\n<div class=\"xts-section-desc\">\n<div class=\"xts-section-desc-text xts-reset-all-last\" data-elementor-setting-key=\"description\">\n<ul>\n<li>Temperatura pracy: od 5\u00b0 do 40\u00b0 C (od 41\u00b0 do 104\u00b0 F)<\/li>\n<li>Napi\u0119cie wej\u015bciowe: 100-240 V, 2 A, 50\/60 Hz<\/li>\n<li>Czas \u0142adowania \u2013 inteligentny akumulator lotniczy: ok. 1 godzina i 36 minut \/ DJI RC Pro: ok. 1 godzina i 30 minut (wyj\u015bcie USB-C)<\/li>\n<li>Wyj\u015bcie: 5 V, 5 A 9 V, 5 A 12 V, 5 A 15 V, 4,3 A 20 V, 3,25 A 5-20 V, 3,25 A USB-A: 5 V, 2 A<\/li>\n<li>Moc znamionowa: 65 W<\/li>\n<\/ul><\/div>\n<\/p><\/div>\n<\/p><\/div>\n<\/p><\/div>\n<\/p><\/div>\n<\/p><\/div>\n<\/p><\/div>\n<\/p><\/div>\n<\/section><\/div>","protected":false},"excerpt":{"rendered":"<p>Mo\u017cna \u0142adowa\u0107 jednocze\u015bnie inteligentny akumulator lotniczy i pilota, a tak\u017ce \u0142adowa\u0107 smartfon, laptop i inne urz\u0105dzenia.<\/p>","protected":false},"featured_media":319,"template":"","meta":[],"product_cat":[72,73,82,59,75,61,85,50,25,35,18,84,28,44,17,83],"product_tag":[20,23],"class_list":{"0":"post-3113","1":"product","2":"type-product","3":"status-publish","4":"has-post-thumbnail","6":"product_brand-dji","7":"product_cat-accessories-for-dji-air-3","8":"product_cat-accessories-for-dji-avata","9":"product_cat-accessories-for-dji-avata-2","10":"product_cat-accessories-for-dji-mini-3","11":"product_cat-accessories-for-dji-mini-4","12":"product_cat-accessories-for-mavic-3","13":"product_cat-accessories-for-mavic-3-enterprise","14":"product_cat-dji-air-3","15":"product_cat-dji-avata","16":"product_cat-dji-avata-2","17":"product_cat-dji-mavic-3","18":"product_cat-dji-mavic-3-enterprise","19":"product_cat-dji-mini-3","20":"product_cat-dji-mini-4","21":"product_cat-drones","22":"product_cat-enterprise-drones","23":"product_tag-dji","24":"product_tag-mavic-3","26":"first","27":"instock","28":"product-type-simple"},"_links":{"self":[{"href":"https:\/\/dronvictory.com\/pl\/wp-json\/wp\/v2\/product\/3113","targetHints":{"allow":["GET"]}}],"collection":[{"href":"https:\/\/dronvictory.com\/pl\/wp-json\/wp\/v2\/product"}],"about":[{"href":"https:\/\/dronvictory.com\/pl\/wp-json\/wp\/v2\/types\/product"}],"wp:featuredmedia":[{"embeddable":true,"href":"https:\/\/dronvictory.com\/pl\/wp-json\/wp\/v2\/media\/319"}],"wp:attachment":[{"href":"https:\/\/dronvictory.com\/pl\/wp-json\/wp\/v2\/media?parent=3113"}],"wp:term":[{"taxonomy":"product_cat","embeddable":true,"href":"https:\/\/dronvictory.com\/pl\/wp-json\/wp\/v2\/product_cat?post=3113"},{"taxonomy":"product_tag","embeddable":true,"href":"https:\/\/dronvictory.com\/pl\/wp-json\/wp\/v2\/product_tag?post=3113"}],"curies":[{"name":"wp","href":"https:\/\/api.w.org\/{rel}","templated":true}]}}