{"id":3117,"date":"2025-06-02T07:18:47","date_gmt":"2025-06-02T07:18:47","guid":{"rendered":"http:\/\/localhost:3000\/product\/dji-mavic-3-65w-car-charger\/"},"modified":"2025-06-02T07:18:56","modified_gmt":"2025-06-02T07:18:56","slug":"dji-mavic-3-65w-car-charger","status":"publish","type":"product","link":"https:\/\/dronvictory.com\/pl\/produkt\/dji-mavic-3-65w-car-charger\/","title":{"rendered":"\u0141adowarka samochodowa DJI Mavic 3 65W"},"content":{"rendered":"<div data-elementor-type=\"wp-post\" data-elementor-id=\"23064\" class=\"elementor elementor-23064 elementor-5067\" data-elementor-post-type=\"product\">\n<section class=\"xts-negative-gap elementor-section elementor-top-section elementor-element elementor-element-c6a51af elementor-section-boxed elementor-section-height-default elementor-section-height-default xts-section-disabled\" data-id=\"c6a51af\" data-element_type=\"section\">\n<div class=\"elementor-container elementor-column-gap-default\">\n<div class=\"elementor-column elementor-col-100 elementor-top-column elementor-element elementor-element-d3eb866\" data-id=\"d3eb866\" data-element_type=\"column\">\n<div class=\"elementor-widget-wrap elementor-element-populated\">\n<div class=\"elementor-element elementor-element-e167085 elementor-widget elementor-widget-heading\" data-id=\"e167085\" data-element_type=\"widget\" data-widget_type=\"heading.default\">\n<div class=\"elementor-widget-container\">\n<style>\/*! elementor - v3.20.0 - 20-03-2024 *\/\n.elementor-heading-title{padding:0;margin:0;line-height:1}.elementor-widget-heading .elementor-heading-title[class*=elementor-size-]>a{color:inherit;font-size:inherit;line-height:inherit}.elementor-widget-heading .elementor-heading-title.elementor-size-small{font-size:15px}.elementor-widget-heading .elementor-heading-title.elementor-size-medium{font-size:19px}.elementor-widget-heading .elementor-heading-title.elementor-size-large{font-size:29px}.elementor-widget-heading .elementor-heading-title.elementor-size-xl{font-size:39px}.elementor-widget-heading .elementor-heading-title.elementor-size-xxl{font-size:59px}<\/style>\n<h2 class=\"elementor-heading-title elementor-size-default\">\u0141adowarka samochodowa DJI Mavic 3 65W<\/h2>\n<\/p><\/div>\n<\/p><\/div>\n<\/p><\/div>\n<\/p><\/div>\n<\/p><\/div>\n<\/section>\n<section class=\"xts-negative-gap elementor-section elementor-top-section elementor-element elementor-element-287288f elementor-section-boxed elementor-section-height-default elementor-section-height-default xts-section-disabled\" data-id=\"287288f\" data-element_type=\"section\">\n<div class=\"elementor-container elementor-column-gap-default\">\n<div class=\"elementor-column elementor-col-100 elementor-top-column elementor-element elementor-element-784eab0\" data-id=\"784eab0\" data-element_type=\"column\">\n<div class=\"elementor-widget-wrap elementor-element-populated\">\n<div class=\"elementor-element elementor-element-4a9b5a3 elementor-widget elementor-widget-xts_title\" data-id=\"4a9b5a3\" data-element_type=\"widget\" data-widget_type=\"xts_title.default\">\n<div class=\"elementor-widget-container\">\n<div class=\"xts-section-heading xts-reset-mb-10 xts-reset-last xts-textalign-left\" data-animation-delay=\"\">\n<div class=\"xts-section-desc\">\n<div class=\"xts-section-desc-text xts-reset-all-last\" data-elementor-setting-key=\"description\">\n<p>\u0141adowarka samochodowa DJI Mavic 3 65 W \u2013 niezb\u0119dna w podr\u00f3\u017cy, \u0142adowarka samochodowa 65 W mo\u017ce \u0142adowa\u0107 r\u00f3\u017cne urz\u0105dzenia w samochodzie. Zapewnia stabiln\u0105 moc wyj\u015bciow\u0105 65 W i dwa porty wyj\u015bciowe (USB-C i USB-A) do \u0142adowania inteligentnego akumulatora lotu i pilota zdalnego sterowania w tym samym czasie. Obs\u0142uguje r\u00f3wnie\u017c protoko\u0142y PPS i PD do \u0142adowania smartfona, laptopa i innych urz\u0105dze\u0144.<\/p>\n<\/p><\/div>\n<\/p><\/div>\n<\/p><\/div>\n<\/p><\/div>\n<\/p><\/div>\n<\/p><\/div>\n<\/p><\/div>\n<\/p><\/div>\n<\/section><\/div>","protected":false},"excerpt":{"rendered":"<p>\u0141adowarka samochodowa DJI Mavic 3 65 W z uniwersalnym portem, lekka i przeno\u015bna.<\/p>","protected":false},"featured_media":2757,"template":"","meta":[],"product_cat":[72,73,82,59,75,61,85,50,25,35,18,84,28,44,17,83],"product_tag":[20,23],"class_list":{"0":"post-3117","1":"product","2":"type-product","3":"status-publish","4":"has-post-thumbnail","6":"product_brand-dji","7":"product_cat-accessories-for-dji-air-3","8":"product_cat-accessories-for-dji-avata","9":"product_cat-accessories-for-dji-avata-2","10":"product_cat-accessories-for-dji-mini-3","11":"product_cat-accessories-for-dji-mini-4","12":"product_cat-accessories-for-mavic-3","13":"product_cat-accessories-for-mavic-3-enterprise","14":"product_cat-dji-air-3","15":"product_cat-dji-avata","16":"product_cat-dji-avata-2","17":"product_cat-dji-mavic-3","18":"product_cat-dji-mavic-3-enterprise","19":"product_cat-dji-mini-3","20":"product_cat-dji-mini-4","21":"product_cat-drones","22":"product_cat-enterprise-drones","23":"product_tag-dji","24":"product_tag-mavic-3","26":"first","27":"instock","28":"product-type-simple"},"_links":{"self":[{"href":"https:\/\/dronvictory.com\/pl\/wp-json\/wp\/v2\/product\/3117","targetHints":{"allow":["GET"]}}],"collection":[{"href":"https:\/\/dronvictory.com\/pl\/wp-json\/wp\/v2\/product"}],"about":[{"href":"https:\/\/dronvictory.com\/pl\/wp-json\/wp\/v2\/types\/product"}],"wp:featuredmedia":[{"embeddable":true,"href":"https:\/\/dronvictory.com\/pl\/wp-json\/wp\/v2\/media\/2757"}],"wp:attachment":[{"href":"https:\/\/dronvictory.com\/pl\/wp-json\/wp\/v2\/media?parent=3117"}],"wp:term":[{"taxonomy":"product_cat","embeddable":true,"href":"https:\/\/dronvictory.com\/pl\/wp-json\/wp\/v2\/product_cat?post=3117"},{"taxonomy":"product_tag","embeddable":true,"href":"https:\/\/dronvictory.com\/pl\/wp-json\/wp\/v2\/product_tag?post=3117"}],"curies":[{"name":"wp","href":"https:\/\/api.w.org\/{rel}","templated":true}]}}