{"id":3120,"date":"2025-06-02T07:18:47","date_gmt":"2025-06-02T07:18:47","guid":{"rendered":"http:\/\/localhost:3000\/product\/dji-rc-n1-remote-controller-tablet-holder\/"},"modified":"2025-06-02T07:18:58","modified_gmt":"2025-06-02T07:18:58","slug":"dji-rc-n1-remote-controller-tablet-holder","status":"publish","type":"product","link":"https:\/\/dronvictory.com\/pl\/produkt\/dji-rc-n1-remote-controller-tablet-holder\/","title":{"rendered":"Uchwyt na tablet do pilota DJI RC-N1"},"content":{"rendered":"<div data-elementor-type=\"wp-post\" data-elementor-id=\"23082\" class=\"elementor elementor-23082 elementor-5141\" data-elementor-post-type=\"product\">\n<section class=\"xts-negative-gap elementor-section elementor-top-section elementor-element elementor-element-c6a51af elementor-section-boxed elementor-section-height-default elementor-section-height-default xts-section-disabled\" data-id=\"c6a51af\" data-element_type=\"section\">\n<div class=\"elementor-container elementor-column-gap-default\">\n<div class=\"elementor-column elementor-col-100 elementor-top-column elementor-element elementor-element-d3eb866\" data-id=\"d3eb866\" data-element_type=\"column\">\n<div class=\"elementor-widget-wrap elementor-element-populated\">\n<div class=\"elementor-element elementor-element-e167085 elementor-widget elementor-widget-heading\" data-id=\"e167085\" data-element_type=\"widget\" data-widget_type=\"heading.default\">\n<div class=\"elementor-widget-container\">\n<style>\/*! elementor - v3.20.0 - 20-03-2024 *\/\n.elementor-heading-title{padding:0;margin:0;line-height:1}.elementor-widget-heading .elementor-heading-title[class*=elementor-size-]>a{color:inherit;font-size:inherit;line-height:inherit}.elementor-widget-heading .elementor-heading-title.elementor-size-small{font-size:15px}.elementor-widget-heading .elementor-heading-title.elementor-size-medium{font-size:19px}.elementor-widget-heading .elementor-heading-title.elementor-size-large{font-size:29px}.elementor-widget-heading .elementor-heading-title.elementor-size-xl{font-size:39px}.elementor-widget-heading .elementor-heading-title.elementor-size-xxl{font-size:59px}<\/style>\n<h2 class=\"elementor-heading-title elementor-size-default\">Uchwyt na tablet do pilota DJI RC-N1<\/h2>\n<\/p><\/div>\n<\/p><\/div>\n<\/p><\/div>\n<\/p><\/div>\n<\/p><\/div>\n<\/section>\n<section class=\"xts-negative-gap elementor-section elementor-top-section elementor-element elementor-element-ff9cdea elementor-section-boxed elementor-section-height-default elementor-section-height-default xts-section-disabled\" data-id=\"ff9cdea\" data-element_type=\"section\">\n<div class=\"elementor-container elementor-column-gap-default\">\n<div class=\"elementor-column elementor-col-100 elementor-top-column elementor-element elementor-element-d1c6949\" data-id=\"d1c6949\" data-element_type=\"column\">\n<div class=\"elementor-widget-wrap elementor-element-populated\">\n<div class=\"elementor-element elementor-element-3214263 elementor-widget elementor-widget-xts_title\" data-id=\"3214263\" data-element_type=\"widget\" data-widget_type=\"xts_title.default\">\n<div class=\"elementor-widget-container\">\n<div class=\"xts-section-heading xts-reset-mb-10 xts-reset-last xts-textalign-left\" data-animation-delay=\"\">\n<div class=\"xts-section-desc\">\n<div class=\"xts-section-desc-text xts-reset-all-last\" data-elementor-setting-key=\"description\">\n<p>Uchwyt na tablet do pilota zdalnego sterowania DJI RC-N1 \u2013 Uchwyt na tablet do pilota zdalnego sterowania DJI RC-N1 jest kompatybilny z wi\u0119kszo\u015bci\u0105 tablet\u00f3w dost\u0119pnych na rynku, a tak\u017ce z pilotem zdalnego sterowania DJI RC-N1. Podstaw\u0119 mo\u017cna zamontowa\u0107 na uchwycie urz\u0105dzenia mobilnego pilota zdalnego sterowania DJI RC-N1. Spr\u0119\u017cynowy zacisk na g\u00f3rze centruje i mocno trzyma tablety 7-10 cali. Pilot zdalnego sterowania jest pod\u0142\u0105czony do uchwytu za pomoc\u0105 kabla USB.<\/p>\n<\/p><\/div>\n<\/p><\/div>\n<\/p><\/div>\n<\/p><\/div>\n<\/p><\/div>\n<\/p><\/div>\n<\/p><\/div>\n<\/p><\/div>\n<\/section>\n<section class=\"xts-negative-gap elementor-section elementor-top-section elementor-element elementor-element-7a6b043 elementor-section-boxed elementor-section-height-default elementor-section-height-default xts-section-disabled\" data-id=\"7a6b043\" data-element_type=\"section\">\n<div class=\"elementor-container elementor-column-gap-default\">\n<div class=\"elementor-column elementor-col-100 elementor-top-column elementor-element elementor-element-9beeb10\" data-id=\"9beeb10\" data-element_type=\"column\">\n<div class=\"elementor-widget-wrap elementor-element-populated\">\n<div class=\"elementor-element elementor-element-772be72 elementor-widget elementor-widget-heading\" data-id=\"772be72\" data-element_type=\"widget\" data-widget_type=\"heading.default\">\n<div class=\"elementor-widget-container\">\n<h2 class=\"elementor-heading-title elementor-size-default\">Zgodno\u015b\u0107<\/h2>\n<\/p><\/div>\n<\/p><\/div>\n<\/p><\/div>\n<\/p><\/div>\n<\/p><\/div>\n<\/section>\n<section class=\"xts-negative-gap elementor-section elementor-top-section elementor-element elementor-element-287288f elementor-section-boxed elementor-section-height-default elementor-section-height-default xts-section-disabled\" data-id=\"287288f\" data-element_type=\"section\">\n<div class=\"elementor-container elementor-column-gap-default\">\n<div class=\"elementor-column elementor-col-100 elementor-top-column elementor-element elementor-element-784eab0\" data-id=\"784eab0\" data-element_type=\"column\">\n<div class=\"elementor-widget-wrap elementor-element-populated\">\n<div class=\"elementor-element elementor-element-4a9b5a3 elementor-widget elementor-widget-xts_title\" data-id=\"4a9b5a3\" data-element_type=\"widget\" data-widget_type=\"xts_title.default\">\n<div class=\"elementor-widget-container\">\n<div class=\"xts-section-heading xts-reset-mb-10 xts-reset-last xts-textalign-left\" data-animation-delay=\"\">\n<div class=\"xts-section-desc\">\n<div class=\"xts-section-desc-text xts-reset-all-last\" data-elementor-setting-key=\"description\">\n<ul>\n<li>Kontroler zdalnego sterowania DJI Mavic 3 (kontroler zdalnego sterowania RC N1)<\/li>\n<li>Kontroler zdalnego sterowania DJI Air 2S (kontroler zdalnego sterowania RC N1)<\/li>\n<li>Kontroler zdalnego sterowania DJI Mavic Air 2 (kontroler zdalnego sterowania RC N1)<\/li>\n<li>Kontroler zdalnego sterowania DJI Mini 2 (kontroler zdalnego sterowania RC N1)<\/li>\n<li>Kontroler DJI Mini 3 PRO (kontroler RC N1)<\/li>\n<\/ul><\/div>\n<\/p><\/div>\n<\/p><\/div>\n<\/p><\/div>\n<\/p><\/div>\n<\/p><\/div>\n<\/p><\/div>\n<\/p><\/div>\n<\/section><\/div>","protected":false},"excerpt":{"rendered":"<p>DJI RC-N1 Remote Controller Tablet Holder DJI RC-N1 Remote Controller Tablet Holder &#8211; The DJI RC-N1 Remote Controller Tablet Holder is compatible with most tablets on the market as well as the DJI RC-N1 Remote Controller. The base can be mounted on the DJI RC-N1 Remote Controller&#8217;s Mobile Device Holder. The spring clamp at the [&hellip;]<\/p>","protected":false},"featured_media":2741,"template":"","meta":[],"product_cat":[76,78,59,61,33,18,79,77,28,17],"product_tag":[86,34,20,23,58,29],"class_list":{"0":"post-3120","1":"product","2":"type-product","3":"status-publish","4":"has-post-thumbnail","6":"product_brand-dji","7":"product_cat-accessories-for-air-2s","8":"product_cat-accessories-for-dji-mini-2","9":"product_cat-accessories-for-dji-mini-3","10":"product_cat-accessories-for-mavic-3","11":"product_cat-dji-air-2s","12":"product_cat-dji-mavic-3","13":"product_cat-dji-mavic-air-2","14":"product_cat-dji-mini-2","15":"product_cat-dji-mini-3","16":"product_cat-drones","17":"product_tag-air-2","18":"product_tag-air-2s","19":"product_tag-dji","20":"product_tag-mavic-3","21":"product_tag-mini-2","22":"product_tag-mini-3","24":"first","25":"instock","26":"product-type-simple"},"_links":{"self":[{"href":"https:\/\/dronvictory.com\/pl\/wp-json\/wp\/v2\/product\/3120","targetHints":{"allow":["GET"]}}],"collection":[{"href":"https:\/\/dronvictory.com\/pl\/wp-json\/wp\/v2\/product"}],"about":[{"href":"https:\/\/dronvictory.com\/pl\/wp-json\/wp\/v2\/types\/product"}],"wp:featuredmedia":[{"embeddable":true,"href":"https:\/\/dronvictory.com\/pl\/wp-json\/wp\/v2\/media\/2741"}],"wp:attachment":[{"href":"https:\/\/dronvictory.com\/pl\/wp-json\/wp\/v2\/media?parent=3120"}],"wp:term":[{"taxonomy":"product_cat","embeddable":true,"href":"https:\/\/dronvictory.com\/pl\/wp-json\/wp\/v2\/product_cat?post=3120"},{"taxonomy":"product_tag","embeddable":true,"href":"https:\/\/dronvictory.com\/pl\/wp-json\/wp\/v2\/product_tag?post=3120"}],"curies":[{"name":"wp","href":"https:\/\/api.w.org\/{rel}","templated":true}]}}