{"id":3121,"date":"2025-06-02T07:18:47","date_gmt":"2025-06-02T07:18:47","guid":{"rendered":"http:\/\/localhost:3000\/product\/dji-rc-n1-remote-controller-monitor-hood\/"},"modified":"2025-06-02T07:18:58","modified_gmt":"2025-06-02T07:18:58","slug":"dji-rc-n1-remote-controller-monitor-hood","status":"publish","type":"product","link":"https:\/\/dronvictory.com\/pl\/produkt\/dji-rc-n1-remote-controller-monitor-hood\/","title":{"rendered":"DJI RC-N1 Pilot zdalnego sterowania Monitor Hood"},"content":{"rendered":"<div data-elementor-type=\"wp-post\" data-elementor-id=\"23080\" class=\"elementor elementor-23080 elementor-5140\" data-elementor-post-type=\"product\">\n<section class=\"xts-negative-gap elementor-section elementor-top-section elementor-element elementor-element-cde4d11 elementor-section-boxed elementor-section-height-default elementor-section-height-default xts-section-disabled\" data-id=\"cde4d11\" data-element_type=\"section\">\n<div class=\"elementor-container elementor-column-gap-default\">\n<div class=\"elementor-column elementor-col-100 elementor-top-column elementor-element elementor-element-5811e18\" data-id=\"5811e18\" data-element_type=\"column\">\n<div class=\"elementor-widget-wrap elementor-element-populated\">\n<div class=\"elementor-element elementor-element-0b46bd3 elementor-widget elementor-widget-heading\" data-id=\"0b46bd3\" data-element_type=\"widget\" data-widget_type=\"heading.default\">\n<div class=\"elementor-widget-container\">\n<style>\/*! elementor - v3.20.0 - 20-03-2024 *\/\n.elementor-heading-title{padding:0;margin:0;line-height:1}.elementor-widget-heading .elementor-heading-title[class*=elementor-size-]>a{color:inherit;font-size:inherit;line-height:inherit}.elementor-widget-heading .elementor-heading-title.elementor-size-small{font-size:15px}.elementor-widget-heading .elementor-heading-title.elementor-size-medium{font-size:19px}.elementor-widget-heading .elementor-heading-title.elementor-size-large{font-size:29px}.elementor-widget-heading .elementor-heading-title.elementor-size-xl{font-size:39px}.elementor-widget-heading .elementor-heading-title.elementor-size-xxl{font-size:59px}<\/style>\n<h2 class=\"elementor-heading-title elementor-size-default\">DJI RC-N1 Pilot zdalnego sterowania Monitor Hood<\/h2>\n<\/p><\/div>\n<\/p><\/div>\n<\/p><\/div>\n<\/p><\/div>\n<\/p><\/div>\n<\/section>\n<section class=\"xts-negative-gap elementor-section elementor-top-section elementor-element elementor-element-2d1200b elementor-section-boxed elementor-section-height-default elementor-section-height-default xts-section-disabled\" data-id=\"2d1200b\" data-element_type=\"section\">\n<div class=\"elementor-container elementor-column-gap-default\">\n<div class=\"elementor-column elementor-col-100 elementor-top-column elementor-element elementor-element-93a6e78\" data-id=\"93a6e78\" data-element_type=\"column\">\n<div class=\"elementor-widget-wrap elementor-element-populated\">\n<div class=\"elementor-element elementor-element-c881bee elementor-widget elementor-widget-xts_title\" data-id=\"c881bee\" data-element_type=\"widget\" data-widget_type=\"xts_title.default\">\n<div class=\"elementor-widget-container\">\n<div class=\"xts-section-heading xts-reset-mb-10 xts-reset-last xts-textalign-left\" data-animation-delay=\"\">\n<div class=\"xts-section-desc\">\n<div class=\"xts-section-desc-text xts-reset-all-last\" data-elementor-setting-key=\"description\">\n<p>Os\u0142ona monitora do pilota DJI RC-N1 \u2013 Os\u0142ona monitora do pilota DJI RC-N1 chroni ekrany smartfon\u00f3w w silnych warunkach o\u015bwietleniowych i redukuje odblaski, zapewniaj\u0105c wyra\u017aniejszy obraz podczas u\u017cytkowania.<\/p>\n<\/p><\/div>\n<\/p><\/div>\n<\/p><\/div>\n<\/p><\/div>\n<\/p><\/div>\n<\/p><\/div>\n<\/p><\/div>\n<\/p><\/div>\n<\/section>\n<section class=\"xts-negative-gap elementor-section elementor-top-section elementor-element elementor-element-52ff93f elementor-section-boxed elementor-section-height-default elementor-section-height-default xts-section-disabled\" data-id=\"52ff93f\" data-element_type=\"section\">\n<div class=\"elementor-container elementor-column-gap-default\">\n<div class=\"elementor-column elementor-col-100 elementor-top-column elementor-element elementor-element-6562eea\" data-id=\"6562eea\" data-element_type=\"column\">\n<div class=\"elementor-widget-wrap elementor-element-populated\">\n<div class=\"elementor-element elementor-element-a321052 elementor-widget elementor-widget-heading\" data-id=\"a321052\" data-element_type=\"widget\" data-widget_type=\"heading.default\">\n<div class=\"elementor-widget-container\">\n<h2 class=\"elementor-heading-title elementor-size-default\">Zgodno\u015b\u0107<\/h2>\n<\/p><\/div>\n<\/p><\/div>\n<\/p><\/div>\n<\/p><\/div>\n<\/p><\/div>\n<\/section>\n<section class=\"xts-negative-gap elementor-section elementor-top-section elementor-element elementor-element-9adbb1e elementor-section-boxed elementor-section-height-default elementor-section-height-default xts-section-disabled\" data-id=\"9adbb1e\" data-element_type=\"section\">\n<div class=\"elementor-container elementor-column-gap-default\">\n<div class=\"elementor-column elementor-col-100 elementor-top-column elementor-element elementor-element-700cfa4\" data-id=\"700cfa4\" data-element_type=\"column\">\n<div class=\"elementor-widget-wrap elementor-element-populated\">\n<div class=\"elementor-element elementor-element-df67766 elementor-widget elementor-widget-xts_title\" data-id=\"df67766\" data-element_type=\"widget\" data-widget_type=\"xts_title.default\">\n<div class=\"elementor-widget-container\">\n<div class=\"xts-section-heading xts-reset-mb-10 xts-reset-last xts-textalign-left\" data-animation-delay=\"\">\n<div class=\"xts-section-desc\">\n<div class=\"xts-section-desc-text xts-reset-all-last\" data-elementor-setting-key=\"description\">\n<ul>\n<li>Kontroler zdalnego sterowania DJI Mavic 3 (kontroler zdalnego sterowania RC N1)<\/li>\n<li>Kontroler zdalnego sterowania DJI Air 2S (kontroler zdalnego sterowania RC N1)<\/li>\n<li>Kontroler zdalnego sterowania DJI Mavic Air 2 (kontroler zdalnego sterowania RC N1)<\/li>\n<li>Kontroler zdalnego sterowania DJI Mini 2 (kontroler zdalnego sterowania RC N1)<\/li>\n<li>Kontroler DJI Mini 3 PRO (kontroler RC N1)<\/li>\n<\/ul><\/div>\n<\/p><\/div>\n<\/p><\/div>\n<\/p><\/div>\n<\/p><\/div>\n<\/p><\/div>\n<\/p><\/div>\n<\/p><\/div>\n<\/section><\/div>","protected":false},"excerpt":{"rendered":"<p>DJI RC-N1 Remote Controller Monitor Hood DJI RC-N1 Remote Controller Monitor Hood &#8211; The DJI RC-N1 Remote Controller Monitor Hood protects smartphone screens in strong lighting conditions and reduces glare for a clearer image during use. Compatibility DJI Mavic 3 Remote Controller (RC N1 Remote Controller) DJI Air 2S Remote Controller (RC N1 Remote Controller) [&hellip;]<\/p>","protected":false},"featured_media":355,"template":"","meta":[],"product_cat":[76,78,59,61,33,18,79,77,28,17],"product_tag":[86,34,20,23,58,29],"class_list":{"0":"post-3121","1":"product","2":"type-product","3":"status-publish","4":"has-post-thumbnail","6":"product_brand-dji","7":"product_cat-accessories-for-air-2s","8":"product_cat-accessories-for-dji-mini-2","9":"product_cat-accessories-for-dji-mini-3","10":"product_cat-accessories-for-mavic-3","11":"product_cat-dji-air-2s","12":"product_cat-dji-mavic-3","13":"product_cat-dji-mavic-air-2","14":"product_cat-dji-mini-2","15":"product_cat-dji-mini-3","16":"product_cat-drones","17":"product_tag-air-2","18":"product_tag-air-2s","19":"product_tag-dji","20":"product_tag-mavic-3","21":"product_tag-mini-2","22":"product_tag-mini-3","24":"first","25":"instock","26":"product-type-simple"},"_links":{"self":[{"href":"https:\/\/dronvictory.com\/pl\/wp-json\/wp\/v2\/product\/3121","targetHints":{"allow":["GET"]}}],"collection":[{"href":"https:\/\/dronvictory.com\/pl\/wp-json\/wp\/v2\/product"}],"about":[{"href":"https:\/\/dronvictory.com\/pl\/wp-json\/wp\/v2\/types\/product"}],"wp:featuredmedia":[{"embeddable":true,"href":"https:\/\/dronvictory.com\/pl\/wp-json\/wp\/v2\/media\/355"}],"wp:attachment":[{"href":"https:\/\/dronvictory.com\/pl\/wp-json\/wp\/v2\/media?parent=3121"}],"wp:term":[{"taxonomy":"product_cat","embeddable":true,"href":"https:\/\/dronvictory.com\/pl\/wp-json\/wp\/v2\/product_cat?post=3121"},{"taxonomy":"product_tag","embeddable":true,"href":"https:\/\/dronvictory.com\/pl\/wp-json\/wp\/v2\/product_tag?post=3121"}],"curies":[{"name":"wp","href":"https:\/\/api.w.org\/{rel}","templated":true}]}}