{"id":3122,"date":"2025-06-02T07:18:47","date_gmt":"2025-06-02T07:18:47","guid":{"rendered":"http:\/\/localhost:3000\/product\/dji-mavic-3-storage-cover\/"},"modified":"2025-06-02T07:18:59","modified_gmt":"2025-06-02T07:18:59","slug":"dji-mavic-3-storage-cover","status":"publish","type":"product","link":"https:\/\/dronvictory.com\/pl\/produkt\/dji-mavic-3-storage-cover\/","title":{"rendered":"Pokrowiec do przechowywania DJI Mavic 3"},"content":{"rendered":"<div data-elementor-type=\"wp-post\" data-elementor-id=\"23070\" class=\"elementor elementor-23070 elementor-5095\" data-elementor-post-type=\"product\">\n<section class=\"xts-negative-gap elementor-section elementor-top-section elementor-element elementor-element-c6a51af elementor-section-boxed elementor-section-height-default elementor-section-height-default xts-section-disabled\" data-id=\"c6a51af\" data-element_type=\"section\">\n<div class=\"elementor-container elementor-column-gap-default\">\n<div class=\"elementor-column elementor-col-100 elementor-top-column elementor-element elementor-element-d3eb866\" data-id=\"d3eb866\" data-element_type=\"column\">\n<div class=\"elementor-widget-wrap elementor-element-populated\">\n<div class=\"elementor-element elementor-element-e167085 elementor-widget elementor-widget-heading\" data-id=\"e167085\" data-element_type=\"widget\" data-widget_type=\"heading.default\">\n<div class=\"elementor-widget-container\">\n<style>\/*! elementor - v3.20.0 - 20-03-2024 *\/\n.elementor-heading-title{padding:0;margin:0;line-height:1}.elementor-widget-heading .elementor-heading-title[class*=elementor-size-]>a{color:inherit;font-size:inherit;line-height:inherit}.elementor-widget-heading .elementor-heading-title.elementor-size-small{font-size:15px}.elementor-widget-heading .elementor-heading-title.elementor-size-medium{font-size:19px}.elementor-widget-heading .elementor-heading-title.elementor-size-large{font-size:29px}.elementor-widget-heading .elementor-heading-title.elementor-size-xl{font-size:39px}.elementor-widget-heading .elementor-heading-title.elementor-size-xxl{font-size:59px}<\/style>\n<h2 class=\"elementor-heading-title elementor-size-default\">Pokrowiec do przechowywania DJI Mavic 3<\/h2>\n<\/p><\/div>\n<\/p><\/div>\n<\/p><\/div>\n<\/p><\/div>\n<\/p><\/div>\n<\/section>\n<section class=\"xts-negative-gap elementor-section elementor-top-section elementor-element elementor-element-287288f elementor-section-boxed elementor-section-height-default elementor-section-height-default xts-section-disabled\" data-id=\"287288f\" data-element_type=\"section\">\n<div class=\"elementor-container elementor-column-gap-default\">\n<div class=\"elementor-column elementor-col-100 elementor-top-column elementor-element elementor-element-784eab0\" data-id=\"784eab0\" data-element_type=\"column\">\n<div class=\"elementor-widget-wrap elementor-element-populated\">\n<div class=\"elementor-element elementor-element-4a9b5a3 elementor-widget elementor-widget-xts_title\" data-id=\"4a9b5a3\" data-element_type=\"widget\" data-widget_type=\"xts_title.default\">\n<div class=\"elementor-widget-container\">\n<div class=\"xts-section-heading xts-reset-mb-10 xts-reset-last xts-textalign-left\" data-animation-delay=\"\">\n<div class=\"xts-section-desc\">\n<div class=\"xts-section-desc-text xts-reset-all-last\" data-elementor-setting-key=\"description\">\n<p>DJI Mavic 3 Storage Cover \u2013 Pokrowiec do przechowywania. Optymalnie zaprojektowany do ochrony gimbala i kamery oraz wygodniejszego przechowywania \u0142opatek \u015bmig\u0142a.<\/p>\n<\/p><\/div>\n<\/p><\/div>\n<\/p><\/div>\n<\/p><\/div>\n<\/p><\/div>\n<\/p><\/div>\n<\/p><\/div>\n<\/p><\/div>\n<\/section><\/div>","protected":false},"excerpt":{"rendered":"<p>Pokrywa do przechowywania. Ochrona gimbala i przechowywanie \u015bmigie\u0142.<\/p>","protected":false},"featured_media":332,"template":"","meta":[],"product_cat":[61,18,17],"product_tag":[20,23],"class_list":{"0":"post-3122","1":"product","2":"type-product","3":"status-publish","4":"has-post-thumbnail","6":"product_brand-dji","7":"product_cat-accessories-for-mavic-3","8":"product_cat-dji-mavic-3","9":"product_cat-drones","10":"product_tag-dji","11":"product_tag-mavic-3","13":"first","14":"instock","15":"product-type-simple"},"_links":{"self":[{"href":"https:\/\/dronvictory.com\/pl\/wp-json\/wp\/v2\/product\/3122","targetHints":{"allow":["GET"]}}],"collection":[{"href":"https:\/\/dronvictory.com\/pl\/wp-json\/wp\/v2\/product"}],"about":[{"href":"https:\/\/dronvictory.com\/pl\/wp-json\/wp\/v2\/types\/product"}],"wp:featuredmedia":[{"embeddable":true,"href":"https:\/\/dronvictory.com\/pl\/wp-json\/wp\/v2\/media\/332"}],"wp:attachment":[{"href":"https:\/\/dronvictory.com\/pl\/wp-json\/wp\/v2\/media?parent=3122"}],"wp:term":[{"taxonomy":"product_cat","embeddable":true,"href":"https:\/\/dronvictory.com\/pl\/wp-json\/wp\/v2\/product_cat?post=3122"},{"taxonomy":"product_tag","embeddable":true,"href":"https:\/\/dronvictory.com\/pl\/wp-json\/wp\/v2\/product_tag?post=3122"}],"curies":[{"name":"wp","href":"https:\/\/api.w.org\/{rel}","templated":true}]}}