{"id":3131,"date":"2025-06-02T07:18:47","date_gmt":"2025-06-02T07:18:47","guid":{"rendered":"http:\/\/localhost:3000\/product\/dji-mini-4-pro-mini-3-series-two-way-charging-hub\/"},"modified":"2025-06-02T07:19:06","modified_gmt":"2025-06-02T07:19:06","slug":"dji-mini-4-pro-mini-3-series-two-way-charging-hub","status":"publish","type":"product","link":"https:\/\/dronvictory.com\/pl\/produkt\/dji-mini-4-pro-mini-3-series-two-way-charging-hub\/","title":{"rendered":"DJI Mini 4 Pro\/Mini 3 Series Dwukierunkowy Hub \u0141adowania"},"content":{"rendered":"<div data-elementor-type=\"wp-post\" data-elementor-id=\"23106\" class=\"elementor elementor-23106 elementor-5353\" data-elementor-post-type=\"product\">\n<section class=\"xts-negative-gap elementor-section elementor-top-section elementor-element elementor-element-c6a51af elementor-section-boxed elementor-section-height-default elementor-section-height-default xts-section-disabled\" data-id=\"c6a51af\" data-element_type=\"section\">\n<div class=\"elementor-container elementor-column-gap-default\">\n<div class=\"elementor-column elementor-col-100 elementor-top-column elementor-element elementor-element-d3eb866\" data-id=\"d3eb866\" data-element_type=\"column\">\n<div class=\"elementor-widget-wrap elementor-element-populated\">\n<div class=\"elementor-element elementor-element-e167085 elementor-widget elementor-widget-heading\" data-id=\"e167085\" data-element_type=\"widget\" data-widget_type=\"heading.default\">\n<div class=\"elementor-widget-container\">\n<style>\/*! elementor - v3.20.0 - 20-03-2024 *\/\n.elementor-heading-title{padding:0;margin:0;line-height:1}.elementor-widget-heading .elementor-heading-title[class*=elementor-size-]>a{color:inherit;font-size:inherit;line-height:inherit}.elementor-widget-heading .elementor-heading-title.elementor-size-small{font-size:15px}.elementor-widget-heading .elementor-heading-title.elementor-size-medium{font-size:19px}.elementor-widget-heading .elementor-heading-title.elementor-size-large{font-size:29px}.elementor-widget-heading .elementor-heading-title.elementor-size-xl{font-size:39px}.elementor-widget-heading .elementor-heading-title.elementor-size-xxl{font-size:59px}<\/style>\n<h2 class=\"elementor-heading-title elementor-size-default\">DJI Mini 4 Pro\/Mini 3 Series Dwukierunkowy Hub \u0141adowania<\/h2>\n<\/p><\/div>\n<\/p><\/div>\n<\/p><\/div>\n<\/p><\/div>\n<\/p><\/div>\n<\/section>\n<section class=\"xts-negative-gap elementor-section elementor-top-section elementor-element elementor-element-287288f elementor-section-boxed elementor-section-height-default elementor-section-height-default xts-section-disabled\" data-id=\"287288f\" data-element_type=\"section\">\n<div class=\"elementor-container elementor-column-gap-default\">\n<div class=\"elementor-column elementor-col-100 elementor-top-column elementor-element elementor-element-784eab0\" data-id=\"784eab0\" data-element_type=\"column\">\n<div class=\"elementor-widget-wrap elementor-element-populated\">\n<div class=\"elementor-element elementor-element-4a9b5a3 elementor-widget elementor-widget-xts_title\" data-id=\"4a9b5a3\" data-element_type=\"widget\" data-widget_type=\"xts_title.default\">\n<div class=\"elementor-widget-container\">\n<div class=\"xts-section-heading xts-reset-mb-10 xts-reset-last xts-textalign-left\" data-animation-delay=\"\">\n<div class=\"xts-section-desc\">\n<div class=\"xts-section-desc-text xts-reset-all-last\" data-elementor-setting-key=\"description\">\n<p>DJI Mini 4 Pro\/Mini 3 Series Dwukierunkowa stacja \u0142aduj\u0105ca \u2013 Dwukierunkowa stacja \u0142aduj\u0105ca mo\u017ce \u0142adowa\u0107 pilota i trzy baterie sekwencyjnie. Mo\u017ce by\u0107 r\u00f3wnie\u017c u\u017cywana jako mobilne \u017ar\u00f3d\u0142o zasilania. Mo\u017ce by\u0107 r\u00f3wnie\u017c u\u017cywana jako magazyn baterii do wygodnego przenoszenia.<\/p>\n<p>Dzi\u0119ki \u0142adowarce USB-C DJI 30 W trzy inteligentne akumulatory lotnicze DJI Mini 4 Pro i DJI Mini 3 Pro mo\u017cna w pe\u0142ni na\u0142adowa\u0107 w zaledwie trzy godziny, co znacznie zwi\u0119ksza efektywno\u015b\u0107 \u0142adowania.<\/p>\n<\/p><\/div>\n<\/p><\/div>\n<\/p><\/div>\n<\/p><\/div>\n<\/p><\/div>\n<\/p><\/div>\n<\/p><\/div>\n<\/p><\/div>\n<\/section><\/div>","protected":false},"excerpt":{"rendered":"<p>DJI Mini 4 Pro\/Mini 3 Series Dwukierunkowy hub \u0142aduj\u0105cy. Dwukierunkowy hub \u0142aduj\u0105cy mo\u017ce \u0142adowa\u0107 pilota i trzy baterie sekwencyjnie.<\/p>","protected":false},"featured_media":385,"template":"","meta":[],"product_cat":[59,75,28,44,17],"product_tag":[20,29,45],"class_list":{"0":"post-3131","1":"product","2":"type-product","3":"status-publish","4":"has-post-thumbnail","6":"product_brand-dji","7":"product_cat-accessories-for-dji-mini-3","8":"product_cat-accessories-for-dji-mini-4","9":"product_cat-dji-mini-3","10":"product_cat-dji-mini-4","11":"product_cat-drones","12":"product_tag-dji","13":"product_tag-mini-3","14":"product_tag-mini-4","16":"first","17":"instock","18":"product-type-simple"},"_links":{"self":[{"href":"https:\/\/dronvictory.com\/pl\/wp-json\/wp\/v2\/product\/3131","targetHints":{"allow":["GET"]}}],"collection":[{"href":"https:\/\/dronvictory.com\/pl\/wp-json\/wp\/v2\/product"}],"about":[{"href":"https:\/\/dronvictory.com\/pl\/wp-json\/wp\/v2\/types\/product"}],"wp:featuredmedia":[{"embeddable":true,"href":"https:\/\/dronvictory.com\/pl\/wp-json\/wp\/v2\/media\/385"}],"wp:attachment":[{"href":"https:\/\/dronvictory.com\/pl\/wp-json\/wp\/v2\/media?parent=3131"}],"wp:term":[{"taxonomy":"product_cat","embeddable":true,"href":"https:\/\/dronvictory.com\/pl\/wp-json\/wp\/v2\/product_cat?post=3131"},{"taxonomy":"product_tag","embeddable":true,"href":"https:\/\/dronvictory.com\/pl\/wp-json\/wp\/v2\/product_tag?post=3131"}],"curies":[{"name":"wp","href":"https:\/\/api.w.org\/{rel}","templated":true}]}}