{"id":3144,"date":"2025-06-02T07:19:12","date_gmt":"2025-06-02T07:19:12","guid":{"rendered":"http:\/\/localhost:3000\/product\/dji-30w-usb-c-charger\/"},"modified":"2025-06-02T07:19:27","modified_gmt":"2025-06-02T07:19:27","slug":"dji-30w-usb-c-charger","status":"publish","type":"product","link":"https:\/\/dronvictory.com\/pl\/produkt\/dji-30w-usb-c-charger\/","title":{"rendered":"\u0141adowarka DJI 30W USB-C"},"content":{"rendered":"<div data-elementor-type=\"wp-post\" data-elementor-id=\"23110\" class=\"elementor elementor-23110 elementor-5363\" data-elementor-post-type=\"product\">\n<section class=\"xts-negative-gap elementor-section elementor-top-section elementor-element elementor-element-c6a51af elementor-section-boxed elementor-section-height-default elementor-section-height-default xts-section-disabled\" data-id=\"c6a51af\" data-element_type=\"section\">\n<div class=\"elementor-container elementor-column-gap-default\">\n<div class=\"elementor-column elementor-col-100 elementor-top-column elementor-element elementor-element-d3eb866\" data-id=\"d3eb866\" data-element_type=\"column\">\n<div class=\"elementor-widget-wrap elementor-element-populated\">\n<div class=\"elementor-element elementor-element-e167085 elementor-widget elementor-widget-heading\" data-id=\"e167085\" data-element_type=\"widget\" data-widget_type=\"heading.default\">\n<div class=\"elementor-widget-container\">\n<style>\/*! elementor - v3.20.0 - 20-03-2024 *\/\n.elementor-heading-title{padding:0;margin:0;line-height:1}.elementor-widget-heading .elementor-heading-title[class*=elementor-size-]>a{color:inherit;font-size:inherit;line-height:inherit}.elementor-widget-heading .elementor-heading-title.elementor-size-small{font-size:15px}.elementor-widget-heading .elementor-heading-title.elementor-size-medium{font-size:19px}.elementor-widget-heading .elementor-heading-title.elementor-size-large{font-size:29px}.elementor-widget-heading .elementor-heading-title.elementor-size-xl{font-size:39px}.elementor-widget-heading .elementor-heading-title.elementor-size-xxl{font-size:59px}<\/style>\n<h2 class=\"elementor-heading-title elementor-size-default\">\u0141adowarka DJI 30W USB-C<\/h2>\n<\/p><\/div>\n<\/p><\/div>\n<\/p><\/div>\n<\/p><\/div>\n<\/p><\/div>\n<\/section>\n<section class=\"xts-negative-gap elementor-section elementor-top-section elementor-element elementor-element-287288f elementor-section-boxed elementor-section-height-default elementor-section-height-default xts-section-disabled\" data-id=\"287288f\" data-element_type=\"section\">\n<div class=\"elementor-container elementor-column-gap-default\">\n<div class=\"elementor-column elementor-col-100 elementor-top-column elementor-element elementor-element-784eab0\" data-id=\"784eab0\" data-element_type=\"column\">\n<div class=\"elementor-widget-wrap elementor-element-populated\">\n<div class=\"elementor-element elementor-element-4a9b5a3 elementor-widget elementor-widget-xts_title\" data-id=\"4a9b5a3\" data-element_type=\"widget\" data-widget_type=\"xts_title.default\">\n<div class=\"elementor-widget-container\">\n<div class=\"xts-section-heading xts-reset-mb-10 xts-reset-last xts-textalign-left\" data-animation-delay=\"\">\n<div class=\"xts-section-desc\">\n<div class=\"xts-section-desc-text xts-reset-all-last\" data-elementor-setting-key=\"description\">\n<p>\u0141adowarka USB-C DJI 30W \u2013 szybkie \u0142adowanie o mocy 30 W, umo\u017cliwiaj\u0105ce na\u0142adowanie jednego inteligentnego akumulatora lotu DJI Mini 3 Pro w zaledwie 64 minuty.<\/p>\n<p>Czas \u0142adowania inteligentnego akumulatora lotu DJI Mavic Mini: ok. 90 minut (w zale\u017cno\u015bci od temperatury)<\/p>\n<p>Inteligentny akumulator lotniczy DJI Mavic Mini (1100 mAh) Czas \u0142adowania: oko\u0142o 50 minut (w zale\u017cno\u015bci od temperatury).<\/p>\n<p><span style=\"color: #ff0000;\"><strong>\u0141adowarka nie zawiera kabla zasilaj\u0105cego.<\/strong><\/span><\/p>\n<\/p><\/div>\n<\/p><\/div>\n<\/p><\/div>\n<\/p><\/div>\n<\/p><\/div>\n<\/p><\/div>\n<\/p><\/div>\n<\/p><\/div>\n<\/section><\/div>","protected":false},"excerpt":{"rendered":"<p>Szybkie \u0142adowanie o mocy 30 W, umo\u017cliwiaj\u0105ce na\u0142adowanie jednego inteligentnego akumulatora DJI Mini 3 Pro w zaledwie 64 minuty.<\/p>","protected":false},"featured_media":380,"template":"","meta":[],"product_cat":[78,59,77,28,17],"product_tag":[20,29],"class_list":{"0":"post-3144","1":"product","2":"type-product","3":"status-publish","4":"has-post-thumbnail","6":"product_brand-dji","7":"product_cat-accessories-for-dji-mini-2","8":"product_cat-accessories-for-dji-mini-3","9":"product_cat-dji-mini-2","10":"product_cat-dji-mini-3","11":"product_cat-drones","12":"product_tag-dji","13":"product_tag-mini-3","15":"first","16":"instock","17":"product-type-simple"},"_links":{"self":[{"href":"https:\/\/dronvictory.com\/pl\/wp-json\/wp\/v2\/product\/3144","targetHints":{"allow":["GET"]}}],"collection":[{"href":"https:\/\/dronvictory.com\/pl\/wp-json\/wp\/v2\/product"}],"about":[{"href":"https:\/\/dronvictory.com\/pl\/wp-json\/wp\/v2\/types\/product"}],"wp:featuredmedia":[{"embeddable":true,"href":"https:\/\/dronvictory.com\/pl\/wp-json\/wp\/v2\/media\/380"}],"wp:attachment":[{"href":"https:\/\/dronvictory.com\/pl\/wp-json\/wp\/v2\/media?parent=3144"}],"wp:term":[{"taxonomy":"product_cat","embeddable":true,"href":"https:\/\/dronvictory.com\/pl\/wp-json\/wp\/v2\/product_cat?post=3144"},{"taxonomy":"product_tag","embeddable":true,"href":"https:\/\/dronvictory.com\/pl\/wp-json\/wp\/v2\/product_tag?post=3144"}],"curies":[{"name":"wp","href":"https:\/\/api.w.org\/{rel}","templated":true}]}}