{"id":3148,"date":"2025-06-02T07:19:12","date_gmt":"2025-06-02T07:19:12","guid":{"rendered":"http:\/\/localhost:3000\/product\/intelligent-flight-battery-for-dji-avata-2\/"},"modified":"2025-06-02T07:19:30","modified_gmt":"2025-06-02T07:19:30","slug":"intelligent-flight-battery-for-dji-avata-2","status":"publish","type":"product","link":"https:\/\/dronvictory.com\/pl\/produkt\/intelligent-flight-battery-for-dji-avata-2\/","title":{"rendered":"Inteligentny akumulator lotniczy do DJI Avata 2"},"content":{"rendered":"<div data-elementor-type=\"wp-post\" data-elementor-id=\"45316\" class=\"elementor elementor-45316 elementor-40954\" data-elementor-post-type=\"product\">\n<section class=\"xts-negative-gap elementor-section elementor-top-section elementor-element elementor-element-c6a51af elementor-section-boxed elementor-section-height-default elementor-section-height-default xts-section-disabled\" data-id=\"c6a51af\" data-element_type=\"section\">\n<div class=\"elementor-container elementor-column-gap-default\">\n<div class=\"elementor-column elementor-col-100 elementor-top-column elementor-element elementor-element-d3eb866\" data-id=\"d3eb866\" data-element_type=\"column\">\n<div class=\"elementor-widget-wrap elementor-element-populated\">\n<div class=\"elementor-element elementor-element-e167085 elementor-widget elementor-widget-heading\" data-id=\"e167085\" data-element_type=\"widget\" data-widget_type=\"heading.default\">\n<div class=\"elementor-widget-container\">\n<style>\/*! elementor - v3.20.0 - 20-03-2024 *\/\n.elementor-heading-title{padding:0;margin:0;line-height:1}.elementor-widget-heading .elementor-heading-title[class*=elementor-size-]>a{color:inherit;font-size:inherit;line-height:inherit}.elementor-widget-heading .elementor-heading-title.elementor-size-small{font-size:15px}.elementor-widget-heading .elementor-heading-title.elementor-size-medium{font-size:19px}.elementor-widget-heading .elementor-heading-title.elementor-size-large{font-size:29px}.elementor-widget-heading .elementor-heading-title.elementor-size-xl{font-size:39px}.elementor-widget-heading .elementor-heading-title.elementor-size-xxl{font-size:59px}<\/style>\n<h2 class=\"elementor-heading-title elementor-size-default\">Inteligentny akumulator lotniczy do DJI Avata 2<\/h2>\n<\/p><\/div>\n<\/p><\/div>\n<\/p><\/div>\n<\/p><\/div>\n<\/p><\/div>\n<\/section>\n<section class=\"xts-negative-gap elementor-section elementor-top-section elementor-element elementor-element-287288f elementor-section-boxed elementor-section-height-default elementor-section-height-default xts-section-disabled\" data-id=\"287288f\" data-element_type=\"section\">\n<div class=\"elementor-container elementor-column-gap-default\">\n<div class=\"elementor-column elementor-col-100 elementor-top-column elementor-element elementor-element-784eab0\" data-id=\"784eab0\" data-element_type=\"column\">\n<div class=\"elementor-widget-wrap elementor-element-populated\">\n<div class=\"elementor-element elementor-element-4a9b5a3 elementor-widget elementor-widget-xts_title\" data-id=\"4a9b5a3\" data-element_type=\"widget\" data-widget_type=\"xts_title.default\">\n<div class=\"elementor-widget-container\">\n<div class=\"xts-section-heading xts-reset-mb-10 xts-reset-last xts-textalign-left\" data-animation-delay=\"\">\n<div class=\"xts-section-desc\">\n<div class=\"xts-section-desc-text xts-reset-all-last\" data-elementor-setting-key=\"description\">\n<p>Inteligentny akumulator lotniczy do DJI Avata 2 \u2013 zapewnia oko\u0142o 23 minut lotu.* Przygotuj si\u0119 na emocjonuj\u0105ce loty i swobod\u0119 oraz pewno\u015b\u0107 robienia zdj\u0119\u0107 z perspektywy pierwszej osoby.<\/p>\n<p><em>* Dane uzyskane w warunkach laboratoryjnych. Warunki testowe by\u0142y nast\u0119puj\u0105ce: lot ze sta\u0142\u0105 pr\u0119dko\u015bci\u0105 21,6 km\/h w warunkach bezwietrznych na poziomie morza, z ustawieniami kamery 1080p\/30fps, z wy\u0142\u0105czonym trybem wideo i z ca\u0142kowicie na\u0142adowan\u0105 bateri\u0105 a\u017c do ca\u0142kowitego roz\u0142adowania. Dane maj\u0105 charakter wy\u0142\u0105cznie informacyjny. Zawsze zwracaj uwag\u0119 na przypomnienia na ekranie gogli podczas lotu.<\/em><\/p>\n<\/p><\/div>\n<\/p><\/div>\n<\/p><\/div>\n<\/p><\/div>\n<\/p><\/div>\n<\/p><\/div>\n<\/p><\/div>\n<\/p><\/div>\n<\/section><\/div>","protected":false},"excerpt":{"rendered":"<p>Zapewnia oko\u0142o 23 minut lotu. Przygotuj si\u0119 na ekscytuj\u0105ce loty i bardziej swobodne i pewne strzelanie z perspektywy pierwszej osoby.<\/p>","protected":false},"featured_media":175,"template":"","meta":[],"product_cat":[82,35,17],"product_tag":[36,20],"class_list":{"0":"post-3148","1":"product","2":"type-product","3":"status-publish","4":"has-post-thumbnail","6":"product_brand-dji","7":"product_cat-accessories-for-dji-avata-2","8":"product_cat-dji-avata-2","9":"product_cat-drones","10":"product_tag-avata-2","11":"product_tag-dji","13":"first","14":"instock","15":"product-type-simple"},"_links":{"self":[{"href":"https:\/\/dronvictory.com\/pl\/wp-json\/wp\/v2\/product\/3148","targetHints":{"allow":["GET"]}}],"collection":[{"href":"https:\/\/dronvictory.com\/pl\/wp-json\/wp\/v2\/product"}],"about":[{"href":"https:\/\/dronvictory.com\/pl\/wp-json\/wp\/v2\/types\/product"}],"wp:featuredmedia":[{"embeddable":true,"href":"https:\/\/dronvictory.com\/pl\/wp-json\/wp\/v2\/media\/175"}],"wp:attachment":[{"href":"https:\/\/dronvictory.com\/pl\/wp-json\/wp\/v2\/media?parent=3148"}],"wp:term":[{"taxonomy":"product_cat","embeddable":true,"href":"https:\/\/dronvictory.com\/pl\/wp-json\/wp\/v2\/product_cat?post=3148"},{"taxonomy":"product_tag","embeddable":true,"href":"https:\/\/dronvictory.com\/pl\/wp-json\/wp\/v2\/product_tag?post=3148"}],"curies":[{"name":"wp","href":"https:\/\/api.w.org\/{rel}","templated":true}]}}