{"id":3151,"date":"2025-06-02T07:19:12","date_gmt":"2025-06-02T07:19:12","guid":{"rendered":"http:\/\/localhost:3000\/product\/dji-goggles-carry-more-backpack\/"},"modified":"2025-06-02T07:19:32","modified_gmt":"2025-06-02T07:19:32","slug":"dji-goggles-carry-more-backpack","status":"publish","type":"product","link":"https:\/\/dronvictory.com\/pl\/produkt\/dji-goggles-carry-more-backpack\/","title":{"rendered":"Gogle DJI nios\u0105 wi\u0119cej plecaka"},"content":{"rendered":"<div data-elementor-type=\"wp-post\" data-elementor-id=\"23167\" class=\"elementor elementor-23167 elementor-5692\" data-elementor-post-type=\"product\">\n<section class=\"xts-negative-gap elementor-section elementor-top-section elementor-element elementor-element-c6a51af elementor-section-boxed elementor-section-height-default elementor-section-height-default xts-section-disabled\" data-id=\"c6a51af\" data-element_type=\"section\">\n<div class=\"elementor-container elementor-column-gap-default\">\n<div class=\"elementor-column elementor-col-100 elementor-top-column elementor-element elementor-element-d3eb866\" data-id=\"d3eb866\" data-element_type=\"column\">\n<div class=\"elementor-widget-wrap elementor-element-populated\">\n<div class=\"elementor-element elementor-element-e167085 elementor-widget elementor-widget-heading\" data-id=\"e167085\" data-element_type=\"widget\" data-widget_type=\"heading.default\">\n<div class=\"elementor-widget-container\">\n<style>\/*! elementor - v3.20.0 - 20-03-2024 *\/\n.elementor-heading-title{padding:0;margin:0;line-height:1}.elementor-widget-heading .elementor-heading-title[class*=elementor-size-]>a{color:inherit;font-size:inherit;line-height:inherit}.elementor-widget-heading .elementor-heading-title.elementor-size-small{font-size:15px}.elementor-widget-heading .elementor-heading-title.elementor-size-medium{font-size:19px}.elementor-widget-heading .elementor-heading-title.elementor-size-large{font-size:29px}.elementor-widget-heading .elementor-heading-title.elementor-size-xl{font-size:39px}.elementor-widget-heading .elementor-heading-title.elementor-size-xxl{font-size:59px}<\/style>\n<h2 class=\"elementor-heading-title elementor-size-default\">Gogle DJI nios\u0105 wi\u0119cej plecaka<\/h2>\n<\/p><\/div>\n<\/p><\/div>\n<\/p><\/div>\n<\/p><\/div>\n<\/p><\/div>\n<\/section>\n<section class=\"xts-negative-gap elementor-section elementor-top-section elementor-element elementor-element-287288f elementor-section-boxed elementor-section-height-default elementor-section-height-default xts-section-disabled\" data-id=\"287288f\" data-element_type=\"section\">\n<div class=\"elementor-container elementor-column-gap-default\">\n<div class=\"elementor-column elementor-col-100 elementor-top-column elementor-element elementor-element-784eab0\" data-id=\"784eab0\" data-element_type=\"column\">\n<div class=\"elementor-widget-wrap elementor-element-populated\">\n<div class=\"elementor-element elementor-element-4a9b5a3 elementor-widget elementor-widget-xts_title\" data-id=\"4a9b5a3\" data-element_type=\"widget\" data-widget_type=\"xts_title.default\">\n<div class=\"elementor-widget-container\">\n<div class=\"xts-section-heading xts-reset-mb-10 xts-reset-last xts-textalign-left\" data-animation-delay=\"\">\n<div class=\"xts-section-desc\">\n<div class=\"xts-section-desc-text xts-reset-all-last\" data-elementor-setting-key=\"description\">\n<p>Plecak DJI Goggles Carry More \u2013 plecak DJI Goggles Carry More jest wodoodporny i mo\u017ce zapewni\u0107 kompleksow\u0105 ochron\u0119 Twoich gogli DJI i samolot\u00f3w. Ma mi\u0119kk\u0105 wewn\u0119trzn\u0105 wy\u015bci\u00f3\u0142k\u0119, kt\u00f3ra mo\u017ce przymocowa\u0107 wewn\u0119trzne przedmioty podczas transportu, aby unikn\u0105\u0107 kolizji i wyciskania. Zosta\u0142 zaprojektowany z wielofunkcyjn\u0105 niezale\u017cn\u0105 przestrzeni\u0105, dzi\u0119ki czemu mo\u017cesz przechowywa\u0107 wi\u0119cej przedmiot\u00f3w jednocze\u015bnie.<\/p>\n<\/p><\/div>\n<\/p><\/div>\n<\/p><\/div>\n<\/p><\/div>\n<\/p><\/div>\n<\/p><\/div>\n<\/p><\/div>\n<\/p><\/div>\n<\/section><\/div>","protected":false},"excerpt":{"rendered":"<p>Du\u017ca pojemno\u015b\u0107, wielofunkcyjna konstrukcja i mo\u017cliwo\u015b\u0107 przechowywania wi\u0119kszej ilo\u015bci przedmiot\u00f3w jednocze\u015bnie.<\/p>","protected":false},"featured_media":2766,"template":"","meta":[],"product_cat":[73,82,74,25,35,42,17],"product_tag":[26,20,27,64],"class_list":{"0":"post-3151","1":"product","2":"type-product","3":"status-publish","4":"has-post-thumbnail","6":"product_brand-dji","7":"product_cat-accessories-for-dji-avata","8":"product_cat-accessories-for-dji-avata-2","9":"product_cat-accessories-for-dji-fpv","10":"product_cat-dji-avata","11":"product_cat-dji-avata-2","12":"product_cat-dji-fpv","13":"product_cat-drones","14":"product_tag-avata","15":"product_tag-dji","16":"product_tag-fpv","17":"product_tag-goggles","19":"first","20":"instock","21":"product-type-simple"},"_links":{"self":[{"href":"https:\/\/dronvictory.com\/pl\/wp-json\/wp\/v2\/product\/3151","targetHints":{"allow":["GET"]}}],"collection":[{"href":"https:\/\/dronvictory.com\/pl\/wp-json\/wp\/v2\/product"}],"about":[{"href":"https:\/\/dronvictory.com\/pl\/wp-json\/wp\/v2\/types\/product"}],"wp:featuredmedia":[{"embeddable":true,"href":"https:\/\/dronvictory.com\/pl\/wp-json\/wp\/v2\/media\/2766"}],"wp:attachment":[{"href":"https:\/\/dronvictory.com\/pl\/wp-json\/wp\/v2\/media?parent=3151"}],"wp:term":[{"taxonomy":"product_cat","embeddable":true,"href":"https:\/\/dronvictory.com\/pl\/wp-json\/wp\/v2\/product_cat?post=3151"},{"taxonomy":"product_tag","embeddable":true,"href":"https:\/\/dronvictory.com\/pl\/wp-json\/wp\/v2\/product_tag?post=3151"}],"curies":[{"name":"wp","href":"https:\/\/api.w.org\/{rel}","templated":true}]}}