{"id":3153,"date":"2025-06-02T07:19:38","date_gmt":"2025-06-02T07:19:38","guid":{"rendered":"http:\/\/localhost:3000\/product\/dji-o3-air-unit\/"},"modified":"2025-06-02T07:19:43","modified_gmt":"2025-06-02T07:19:43","slug":"dji-o3-air-unit","status":"publish","type":"product","link":"https:\/\/dronvictory.com\/pl\/produkt\/dji-o3-air-unit\/","title":{"rendered":"Jednostka powietrzna DJI O3"},"content":{"rendered":"<div data-elementor-type=\"wp-post\" data-elementor-id=\"28201\" class=\"elementor elementor-28201 elementor-28108\" data-elementor-post-type=\"product\">\n<section class=\"xts-negative-gap elementor-section elementor-top-section elementor-element elementor-element-c6a51af elementor-section-boxed elementor-section-height-default elementor-section-height-default xts-section-disabled\" data-id=\"c6a51af\" data-element_type=\"section\">\n<div class=\"elementor-container elementor-column-gap-default\">\n<div class=\"elementor-column elementor-col-100 elementor-top-column elementor-element elementor-element-d3eb866\" data-id=\"d3eb866\" data-element_type=\"column\">\n<div class=\"elementor-widget-wrap elementor-element-populated\">\n<div class=\"elementor-element elementor-element-e167085 elementor-widget elementor-widget-heading\" data-id=\"e167085\" data-element_type=\"widget\" data-widget_type=\"heading.default\">\n<div class=\"elementor-widget-container\">\n<style>\/*! elementor - v3.20.0 - 20-03-2024 *\/\n.elementor-heading-title{padding:0;margin:0;line-height:1}.elementor-widget-heading .elementor-heading-title[class*=elementor-size-]>a{color:inherit;font-size:inherit;line-height:inherit}.elementor-widget-heading .elementor-heading-title.elementor-size-small{font-size:15px}.elementor-widget-heading .elementor-heading-title.elementor-size-medium{font-size:19px}.elementor-widget-heading .elementor-heading-title.elementor-size-large{font-size:29px}.elementor-widget-heading .elementor-heading-title.elementor-size-xl{font-size:39px}.elementor-widget-heading .elementor-heading-title.elementor-size-xxl{font-size:59px}<\/style>\n<h2 class=\"elementor-heading-title elementor-size-default\">Jednostka powietrzna DJI O3<\/h2>\n<\/p><\/div>\n<\/p><\/div>\n<\/p><\/div>\n<\/p><\/div>\n<\/p><\/div>\n<\/section>\n<section class=\"xts-negative-gap elementor-section elementor-top-section elementor-element elementor-element-287288f elementor-section-boxed elementor-section-height-default elementor-section-height-default xts-section-disabled\" data-id=\"287288f\" data-element_type=\"section\">\n<div class=\"elementor-container elementor-column-gap-default\">\n<div class=\"elementor-column elementor-col-100 elementor-top-column elementor-element elementor-element-784eab0\" data-id=\"784eab0\" data-element_type=\"column\">\n<div class=\"elementor-widget-wrap elementor-element-populated\">\n<div class=\"elementor-element elementor-element-4a9b5a3 elementor-widget elementor-widget-xts_title\" data-id=\"4a9b5a3\" data-element_type=\"widget\" data-widget_type=\"xts_title.default\">\n<div class=\"elementor-widget-container\">\n<div class=\"xts-section-heading xts-reset-mb-10 xts-reset-last xts-textalign-left\" data-animation-delay=\"\">\n<div class=\"xts-section-desc\">\n<div class=\"xts-section-desc-text xts-reset-all-last\" data-elementor-setting-key=\"description\">\n<p>DJI O3 Air Unit \u2014 Integruj\u0105c najnowocze\u015bniejsz\u0105 technologi\u0119 transmisji wideo DJI w kompaktowej i lekkiej obudowie, DJI O3 Air Unit przenosi Twoje do\u015bwiadczenie FPV na nowe wy\u017cyny. Ciesz si\u0119 doskona\u0142\u0105 transmisj\u0105 wideo wysokiej rozdzielczo\u015bci z du\u017cych odleg\u0142o\u015bci przy niskim op\u00f3\u017anieniu. DJI O3 Air Unit oferuje rozdzielczo\u015b\u0107 transmisji wideo do 1080p, przy jednoczesnym zachowaniu wysokiej liczby klatek na sekund\u0119 wynosz\u0105cej 100 kl.\/s. Obs\u0142uguje r\u00f3wnie\u017c format kodowania wideo H.265, zapewniaj\u0105c dodatkow\u0105 przejrzysto\u015b\u0107 i p\u0142ynno\u015b\u0107 w podgl\u0105dzie na \u017cywo.<\/p>\n<p>Jest on r\u00f3wnie\u017c kompatybilny z szerok\u0105 gam\u0105 produkt\u00f3w i stanowi rozwi\u0105zanie do transmisji obrazu, dzi\u0119ki kt\u00f3remu mo\u017cesz w pe\u0142ni uwolni\u0107 swoj\u0105 powietrzn\u0105 kreatywno\u015b\u0107.<\/p>\n<p>Kamera O3 Air Unit to prawdziwy skok jako\u015bciowy w kwestii obrazowania dzi\u0119ki przetwornikowi 1\/1,7 cala, superszerokiemu polu widzenia 155\u00b0, flagowej technologii wideo i innym udoskonaleniom.<\/p>\n<p>Zgodno\u015b\u0107 z DJI Goggles 2, DJI FPV Goggles V2 i DJI FPV Remote Controller 2 (Informacje mog\u0105 by\u0107 nieaktualne, aktualne mo\u017cna uzyska\u0107 na oficjalnej stronie DJI).<\/p>\n<\/p><\/div>\n<\/p><\/div>\n<\/p><\/div>\n<\/p><\/div>\n<\/p><\/div>\n<\/p><\/div>\n<\/p><\/div>\n<\/p><\/div>\n<\/section>\n<section class=\"xts-negative-gap elementor-section elementor-top-section elementor-element elementor-element-46a687e elementor-section-boxed elementor-section-height-default elementor-section-height-default xts-section-disabled\" data-id=\"46a687e\" data-element_type=\"section\">\n<div class=\"elementor-container elementor-column-gap-default\">\n<div class=\"elementor-column elementor-col-100 elementor-top-column elementor-element elementor-element-574395e\" data-id=\"574395e\" data-element_type=\"column\">\n<div class=\"elementor-widget-wrap elementor-element-populated\">\n<div class=\"elementor-element elementor-element-8eddc73 elementor-widget elementor-widget-xts_title\" data-id=\"8eddc73\" data-element_type=\"widget\" data-widget_type=\"xts_title.default\">\n<div class=\"elementor-widget-container\">\n<div class=\"xts-section-heading xts-reset-mb-10 xts-reset-last xts-textalign-left\" data-animation-delay=\"\">\n<h3 class=\"xts-section-title title xts-design-default xts-textcolor-custom xts-fontsize-l\">\n\t\t\t\t\t\t<span class=\"xts-section-title-text\" data-elementor-setting-key=\"title\"><br \/>\n\t\t\t\t\t\t\tCECHY\t\t\t\t\t\t<\/span><\/p>\n<\/h3>\n<div class=\"xts-section-desc\">\n<div class=\"xts-section-desc-text xts-reset-all-last\" data-elementor-setting-key=\"description\">\n<ul>\n<li>1080p\/100fps H.265 Maksymalna jako\u015b\u0107 transmisji wideo<\/li>\n<li>Maksymalna szybko\u015b\u0107 transmisji wideo 50 Mb\/s<\/li>\n<li>Maksymalny zasi\u0119g transmisji wideo 10 km<\/li>\n<li>30 ms Najni\u017csze op\u00f3\u017anienie transmisji wideo<\/li>\n<li>Antena dook\u00f3lna \u201e2T2R\u201d<\/li>\n<li>Czujnik CMOS 1\/1,7 cala<\/li>\n<li>Wideo 4K\/60 kl.\/s, 155\u00b0 superszerokie pole widzenia<\/li>\n<li>Lekki, kompaktowy i bardziej elastyczny w monta\u017cu<\/li>\n<\/ul><\/div>\n<\/p><\/div>\n<\/p><\/div>\n<\/p><\/div>\n<\/p><\/div>\n<\/p><\/div>\n<\/p><\/div>\n<\/p><\/div>\n<\/section>\n<section class=\"xts-negative-gap elementor-section elementor-top-section elementor-element elementor-element-76df6a9 elementor-section-boxed elementor-section-height-default elementor-section-height-default xts-section-disabled\" data-id=\"76df6a9\" data-element_type=\"section\">\n<div class=\"elementor-container elementor-column-gap-default\">\n<div class=\"elementor-column elementor-col-100 elementor-top-column elementor-element elementor-element-287734b\" data-id=\"287734b\" data-element_type=\"column\">\n<div class=\"elementor-widget-wrap elementor-element-populated\">\n<div class=\"elementor-element elementor-element-51f9841 elementor-widget elementor-widget-xts_title\" data-id=\"51f9841\" data-element_type=\"widget\" data-widget_type=\"xts_title.default\">\n<div class=\"elementor-widget-container\">\n<div class=\"xts-section-heading xts-reset-mb-10 xts-reset-last xts-textalign-left\" data-animation-delay=\"\">\n<h3 class=\"xts-section-title title xts-design-default xts-textcolor-custom xts-fontsize-l\">\n\t\t\t\t\t\t<span class=\"xts-section-title-text\" data-elementor-setting-key=\"title\"><br \/>\n\t\t\t\t\t\t\tZasilany przez flagow\u0105 transmisj\u0119 wideo DJI O3+\t\t\t\t\t\t<\/span><\/p>\n<\/h3>\n<div class=\"xts-section-desc\">\n<div class=\"xts-section-desc-text xts-reset-all-last\" data-elementor-setting-key=\"description\">\n<p>Wyposa\u017cony w transmisj\u0119 wideo DJI O3+, DJI O3 Air Unit zapewnia szereg pot\u0119\u017cnych mo\u017cliwo\u015bci transmisji wideo. Steruj swoim dronem z szybk\u0105 reakcj\u0105 i uzyskaj wyra\u017any, ultraostry przekaz na \u017cywo. Anteny wielokierunkowe 2T2R dodatkowo zapewniaj\u0105 stabilno\u015b\u0107 i p\u0142ynno\u015b\u0107 transmisji wideo w zakresie zasi\u0119gu sygna\u0142u.<\/p>\n<ul>\n<li>Transmisja wideo: 1080p\/100fps<\/li>\n<li>Maksymalny zasi\u0119g transmisji wideo: 10 km<\/li>\n<li>Transmisja wideo o bardzo niskim op\u00f3\u017anieniu: 30 ms<\/li>\n<li>Maksymalna szybko\u015b\u0107 transmisji wideo: 50 Mb\/s<\/li>\n<\/ul><\/div>\n<\/p><\/div>\n<\/p><\/div>\n<\/p><\/div>\n<\/p><\/div>\n<\/p><\/div>\n<\/p><\/div>\n<\/p><\/div>\n<\/section>\n<section class=\"xts-negative-gap elementor-section elementor-top-section elementor-element elementor-element-3352a24 elementor-section-boxed elementor-section-height-default elementor-section-height-default xts-section-disabled\" data-id=\"3352a24\" data-element_type=\"section\">\n<div class=\"elementor-container elementor-column-gap-default\">\n<div class=\"elementor-column elementor-col-100 elementor-top-column elementor-element elementor-element-5309bab\" data-id=\"5309bab\" data-element_type=\"column\">\n<div class=\"elementor-widget-wrap elementor-element-populated\">\n<div class=\"elementor-element elementor-element-8e3f13d elementor-widget elementor-widget-xts_video\" data-id=\"8e3f13d\" data-element_type=\"widget\" data-widget_type=\"xts_video.default\">\n<div class=\"elementor-widget-container\">\n<div class=\"xts-el-video xts-action-without xts-ar-inherit\">\n<p>\t\t\t\t\t<video data-lazy-load=\"https:\/\/dronvictory.com\/wp-content\/uploads\/2025\/06\/dji-o3-air-unit-section-1.mp4\" loop=\"\" muted=\"muted\" autoplay=\"\"><\/video>\n\t\t\t<\/div>\n<\/p><\/div>\n<\/p><\/div>\n<\/p><\/div>\n<\/p><\/div>\n<\/p><\/div>\n<\/section>\n<section class=\"xts-negative-gap elementor-section elementor-top-section elementor-element elementor-element-1c4cf65 elementor-section-boxed elementor-section-height-default elementor-section-height-default xts-section-disabled\" data-id=\"1c4cf65\" data-element_type=\"section\">\n<div class=\"elementor-container elementor-column-gap-default\">\n<div class=\"elementor-column elementor-col-100 elementor-top-column elementor-element elementor-element-7eaabb0\" data-id=\"7eaabb0\" data-element_type=\"column\">\n<div class=\"elementor-widget-wrap elementor-element-populated\">\n<div class=\"elementor-element elementor-element-c973475 elementor-widget elementor-widget-xts_title\" data-id=\"c973475\" data-element_type=\"widget\" data-widget_type=\"xts_title.default\">\n<div class=\"elementor-widget-container\">\n<div class=\"xts-section-heading xts-reset-mb-10 xts-reset-last xts-textalign-left\" data-animation-delay=\"\">\n<h3 class=\"xts-section-title title xts-design-default xts-textcolor-custom xts-fontsize-l\">\n\t\t\t\t\t\t<span class=\"xts-section-title-text\" data-elementor-setting-key=\"title\"><br \/>\n\t\t\t\t\t\t\tPodnie\u015b poziom swoich efekt\u00f3w wizualnych\t\t\t\t\t\t<\/span><\/p>\n<\/h3>\n<div class=\"xts-section-desc\">\n<div class=\"xts-section-desc-text xts-reset-all-last\" data-elementor-setting-key=\"description\">\n<p>Czujnik 1\/1,7 cala, ogniskowa ekwiwalentna 12,7 mm, przys\u0142ona f\/2,8<\/p>\n<p>DJI O3 Air Unit oferuje ulepszone parametry obrazowania na ca\u0142ej linii. Modu\u0142 kamery Air Unit jest wyposa\u017cony w 20 GB wbudowanej pami\u0119ci masowej, a tak\u017ce czujnik 1\/1,7 cala, aby prezentowa\u0107 bogatsze szczeg\u00f3\u0142y i wysokiej jako\u015bci obrazy. Obs\u0142uguje wideo 4K\/120 fps i nagrywa materia\u0142 filmowy o superszerokim polu widzenia 155\u00b0, aby uzyska\u0107 osza\u0142amiaj\u0105ce efekty wizualne. Ponadto tryb kolor\u00f3w D-Cinelike zapewnia wi\u0119ksz\u0105 swobod\u0119 tw\u00f3rcz\u0105 w zakresie gradacji kolor\u00f3w, umo\u017cliwiaj\u0105c bardziej elastyczn\u0105 edycj\u0119 i dostosowywanie materia\u0142u filmowego.<\/p>\n<\/p><\/div>\n<\/p><\/div>\n<\/p><\/div>\n<\/p><\/div>\n<\/p><\/div>\n<\/p><\/div>\n<\/p><\/div>\n<\/p><\/div>\n<\/section>\n<section class=\"xts-negative-gap elementor-section elementor-top-section elementor-element elementor-element-92f0483 elementor-section-boxed elementor-section-height-default elementor-section-height-default xts-section-disabled\" data-id=\"92f0483\" data-element_type=\"section\">\n<div class=\"elementor-container elementor-column-gap-default\">\n<div class=\"elementor-column elementor-col-100 elementor-top-column elementor-element elementor-element-e516f90\" data-id=\"e516f90\" data-element_type=\"column\">\n<div class=\"elementor-widget-wrap elementor-element-populated\">\n<div class=\"elementor-element elementor-element-dff500c elementor-widget elementor-widget-xts_tabs\" data-id=\"dff500c\" data-element_type=\"widget\" data-widget_type=\"xts_tabs.default\">\n<div class=\"elementor-widget-container\">\n<div class=\"xts-tabs\">\n<div class=\"xts-nav-wrapper xts-nav-tabs-wrapper xts-mb-action-swipe xts-textalign-center\">\n<ul class=\"xts-nav xts-nav-tabs xts-style-default xts-icon-left\">\n<li class=\"xts-active\" data-tab-index=\"0\">\n\t\t\t\t\t\t\t\t<a href=\"#\" class=\"xts-nav-link\"><br \/>\n\t\t\t\t\t\t\t\t\t<span class=\"xts-nav-text\"><br \/>\n\t\t\t\t\t\t\t\t\t\t155\u00b0 superszerokie pole widzenia\t\t\t\t\t\t\t\t\t<\/span><\/p>\n<p>\t\t\t\t\t\t\t\t\t\t\t\t\t\t\t\t\t<\/a>\n\t\t\t\t\t\t\t<\/li>\n<li class=\"\" data-tab-index=\"1\">\n\t\t\t\t\t\t\t\t<a href=\"#\" class=\"xts-nav-link\"><br \/>\n\t\t\t\t\t\t\t\t\t<span class=\"xts-nav-text\"><br \/>\n\t\t\t\t\t\t\t\t\t\tWideo 4K\/120 kl.\/s\t\t\t\t\t\t\t\t\t<\/span><\/p>\n<p>\t\t\t\t\t\t\t\t\t\t\t\t\t\t\t\t\t<\/a>\n\t\t\t\t\t\t\t<\/li>\n<li class=\"\" data-tab-index=\"2\">\n\t\t\t\t\t\t\t\t<a href=\"#\" class=\"xts-nav-link\"><br \/>\n\t\t\t\t\t\t\t\t\t<span class=\"xts-nav-text\"><br \/>\n\t\t\t\t\t\t\t\t\t\tTryb koloru D-Cinelike\t\t\t\t\t\t\t\t\t<\/span><\/p>\n<p>\t\t\t\t\t\t\t\t\t\t\t\t\t\t\t\t\t<\/a>\n\t\t\t\t\t\t\t<\/li>\n<\/ul><\/div>\n<div class=\"xts-tab-content-wrapper xts-textalign-left xts-anim-fade-in\">\n<div class=\"xts-tab-content elementor-repeater-item-f549bbb xts-active xts-in\" data-tab-index=\"0\">\n<div class=\"xts-tab-desc\">\n<style><\/style>\n<div data-elementor-type=\"wp-post\" data-elementor-id=\"28171\" class=\"elementor elementor-28171 elementor-28156\" data-elementor-post-type=\"xts-html-block\">\n<section class=\"xts-negative-gap xts-negative-gap elementor-section elementor-top-section elementor-element elementor-element-79f75b3 elementor-section-boxed elementor-section-height-default elementor-section-height-default xts-section-disabled\" data-id=\"79f75b3\" data-element_type=\"section\">\n<div class=\"elementor-container elementor-column-gap-default\">\n<div class=\"elementor-column elementor-col-100 elementor-top-column elementor-element elementor-element-d6d95f7\" data-id=\"d6d95f7\" data-element_type=\"column\">\n<div class=\"elementor-widget-wrap elementor-element-populated\">\n<div class=\"elementor-element elementor-element-95e9be7 elementor-widget elementor-widget-xts_video\" data-id=\"95e9be7\" data-element_type=\"widget\" data-widget_type=\"xts_video.default\">\n<div class=\"elementor-widget-container\">\n<div class=\"xts-el-video xts-action-without xts-ar-inherit\">\n<p>\t\t\t\t\t<video data-lazy-load=\"https:\/\/dronvictory.com\/wp-content\/uploads\/2025\/06\/dji-o3-air-unit-section-2.mp4\" loop=\"\" muted=\"muted\" autoplay=\"\"><\/video>\n\t\t\t<\/div>\n<\/p><\/div>\n<\/p><\/div>\n<\/p><\/div>\n<\/p><\/div>\n<\/p><\/div>\n<\/section><\/div>\n<\/p><\/div>\n<\/p><\/div>\n<div class=\"xts-tab-content elementor-repeater-item-9087b17\" data-tab-index=\"1\">\n<div class=\"xts-tab-desc\">\n<style><\/style>\n<div data-elementor-type=\"wp-post\" data-elementor-id=\"28167\" class=\"elementor elementor-28167 elementor-28153\" data-elementor-post-type=\"xts-html-block\">\n<section class=\"xts-negative-gap xts-negative-gap elementor-section elementor-top-section elementor-element elementor-element-22f732e elementor-section-boxed elementor-section-height-default elementor-section-height-default xts-section-disabled\" data-id=\"22f732e\" data-element_type=\"section\">\n<div class=\"elementor-container elementor-column-gap-default\">\n<div class=\"elementor-column elementor-col-100 elementor-top-column elementor-element elementor-element-c2b8a1c\" data-id=\"c2b8a1c\" data-element_type=\"column\">\n<div class=\"elementor-widget-wrap elementor-element-populated\">\n<div class=\"elementor-element elementor-element-2a759d9 elementor-widget elementor-widget-xts_video\" data-id=\"2a759d9\" data-element_type=\"widget\" data-widget_type=\"xts_video.default\">\n<div class=\"elementor-widget-container\">\n<div class=\"xts-el-video xts-action-without xts-ar-inherit xts-loaded\">\n<p>\t\t\t\t\t<video data-lazy-load=\"https:\/\/dronvictory.com\/wp-content\/uploads\/2025\/06\/dji-o3-air-unit-section-3.mp4\" loop=\"\" muted=\"muted\" autoplay=\"\" src=\"https:\/\/dronvictory.com\/wp-content\/uploads\/2025\/06\/dji-o3-air-unit-section-3.mp4\"><\/video>\n\t\t\t<\/div>\n<\/p><\/div>\n<\/p><\/div>\n<\/p><\/div>\n<\/p><\/div>\n<\/p><\/div>\n<\/section><\/div>\n<\/p><\/div>\n<\/p><\/div>\n<div class=\"xts-tab-content elementor-repeater-item-d2757d6\" data-tab-index=\"2\">\n<div class=\"xts-tab-desc\">\n<style><\/style>\n<div data-elementor-type=\"wp-post\" data-elementor-id=\"28169\" class=\"elementor elementor-28169 elementor-28154\" data-elementor-post-type=\"xts-html-block\">\n<section class=\"xts-negative-gap xts-negative-gap elementor-section elementor-top-section elementor-element elementor-element-74be56e elementor-section-boxed elementor-section-height-default elementor-section-height-default xts-section-disabled\" data-id=\"74be56e\" data-element_type=\"section\">\n<div class=\"elementor-container elementor-column-gap-default\">\n<div class=\"elementor-column elementor-col-100 elementor-top-column elementor-element elementor-element-ea4bc66\" data-id=\"ea4bc66\" data-element_type=\"column\">\n<div class=\"elementor-widget-wrap elementor-element-populated\">\n<div class=\"elementor-element elementor-element-f0e628d elementor-widget elementor-widget-xts_video\" data-id=\"f0e628d\" data-element_type=\"widget\" data-widget_type=\"xts_video.default\">\n<div class=\"elementor-widget-container\">\n<div class=\"xts-el-video xts-action-without xts-ar-inherit xts-loaded\">\n<p>\t\t\t\t\t<video data-lazy-load=\"https:\/\/dronvictory.com\/wp-content\/uploads\/2025\/06\/dji-o3-air-unit-section-4.mp4\" loop=\"\" muted=\"muted\" autoplay=\"\" src=\"https:\/\/dronvictory.com\/wp-content\/uploads\/2025\/06\/dji-o3-air-unit-section-4.mp4\"><\/video>\n\t\t\t<\/div>\n<\/p><\/div>\n<\/p><\/div>\n<\/p><\/div>\n<\/p><\/div>\n<\/p><\/div>\n<\/section><\/div>\n<\/p><\/div>\n<\/p><\/div>\n<\/p><\/div>\n<\/p><\/div>\n<\/p><\/div>\n<\/p><\/div>\n<\/p><\/div>\n<\/p><\/div>\n<\/p><\/div>\n<\/section>\n<section class=\"xts-negative-gap elementor-section elementor-top-section elementor-element elementor-element-0caa441 elementor-section-boxed elementor-section-height-default elementor-section-height-default xts-section-disabled\" data-id=\"0caa441\" data-element_type=\"section\">\n<div class=\"elementor-container elementor-column-gap-default\">\n<div class=\"elementor-column elementor-col-100 elementor-top-column elementor-element elementor-element-da7795b\" data-id=\"da7795b\" data-element_type=\"column\">\n<div class=\"elementor-widget-wrap elementor-element-populated\">\n<div class=\"elementor-element elementor-element-d9e8e01 elementor-widget elementor-widget-xts_title\" data-id=\"d9e8e01\" data-element_type=\"widget\" data-widget_type=\"xts_title.default\">\n<div class=\"elementor-widget-container\">\n<div class=\"xts-section-heading xts-reset-mb-10 xts-reset-last xts-textalign-left\" data-animation-delay=\"\">\n<div class=\"xts-section-desc\">\n<div class=\"xts-section-desc-text xts-reset-all-last\" data-elementor-setting-key=\"description\">\n<p>Modu\u0142 kamery O3 Air Unit mo\u017cna u\u017cywa\u0107 z zestawem filtr\u00f3w ND DJI Avata (ND8\/16\/32). Wykonane z wysokiej jako\u015bci materia\u0142\u00f3w filtry ND zapewniaj\u0105 prawdziwe szczeg\u00f3\u0142y kolor\u00f3w i kontrast \u015bwiat\u0142a i ciemno\u015bci, zapewniaj\u0105c elastyczn\u0105 kontrol\u0119 przys\u0142ony i wyb\u00f3r ekspozycji.<\/p>\n<\/p><\/div>\n<\/p><\/div>\n<\/p><\/div>\n<\/p><\/div>\n<\/p><\/div>\n<\/p><\/div>\n<\/p><\/div>\n<\/p><\/div>\n<\/section>\n<section class=\"xts-negative-gap elementor-section elementor-top-section elementor-element elementor-element-25773c3 elementor-section-boxed elementor-section-height-default elementor-section-height-default xts-section-disabled\" data-id=\"25773c3\" data-element_type=\"section\">\n<div class=\"elementor-container elementor-column-gap-default\">\n<div class=\"elementor-column elementor-col-100 elementor-top-column elementor-element elementor-element-4ee4502\" data-id=\"4ee4502\" data-element_type=\"column\">\n<div class=\"elementor-widget-wrap elementor-element-populated\">\n<div class=\"elementor-element elementor-element-2edb888 elementor-widget elementor-widget-xts_title\" data-id=\"2edb888\" data-element_type=\"widget\" data-widget_type=\"xts_title.default\">\n<div class=\"elementor-widget-container\">\n<div class=\"xts-section-heading xts-reset-mb-10 xts-reset-last xts-textalign-left\" data-animation-delay=\"\">\n<h3 class=\"xts-section-title title xts-design-default xts-textcolor-custom xts-fontsize-l\">\n\t\t\t\t\t\t<span class=\"xts-section-title-text\" data-elementor-setting-key=\"title\"><br \/>\n\t\t\t\t\t\t\tKonfiguracja OSD\t\t\t\t\t\t<\/span><\/p>\n<\/h3>\n<div class=\"xts-section-desc\">\n<div class=\"xts-section-desc-text xts-reset-all-last\" data-elementor-setting-key=\"description\">\n<p>Jednostka DJI O3 Air obs\u0142uguje tryb Canvas, umo\u017cliwiaj\u0105cy dostosowanie informacji wy\u015bwietlanych na ekranie DJI Goggles 2 lub DJI FPV Goggles V2. Dostosuj parametry PID i skonfiguruj system tak, aby odpowiada\u0142 Twojemu stylowi.<\/p>\n<\/p><\/div>\n<\/p><\/div>\n<\/p><\/div>\n<\/p><\/div>\n<\/p><\/div>\n<\/p><\/div>\n<\/p><\/div>\n<\/p><\/div>\n<\/section>\n<section class=\"xts-negative-gap elementor-section elementor-top-section elementor-element elementor-element-9148792 elementor-section-boxed elementor-section-height-default elementor-section-height-default xts-section-disabled\" data-id=\"9148792\" data-element_type=\"section\">\n<div class=\"elementor-container elementor-column-gap-default\">\n<div class=\"elementor-column elementor-col-100 elementor-top-column elementor-element elementor-element-4a76f60\" data-id=\"4a76f60\" data-element_type=\"column\">\n<div class=\"elementor-widget-wrap elementor-element-populated\">\n<div class=\"elementor-element elementor-element-02d124d elementor-widget elementor-widget-xts_video\" data-id=\"02d124d\" data-element_type=\"widget\" data-widget_type=\"xts_video.default\">\n<div class=\"elementor-widget-container\">\n<div class=\"xts-el-video xts-action-without xts-ar-inherit\">\n<p>\t\t\t\t\t<video data-lazy-load=\"https:\/\/dronvictory.com\/wp-content\/uploads\/2025\/06\/dji-o3-air-unit-section-5.mp4\" loop=\"\" muted=\"muted\" autoplay=\"\"><\/video>\n\t\t\t<\/div>\n<\/p><\/div>\n<\/p><\/div>\n<\/p><\/div>\n<\/p><\/div>\n<\/p><\/div>\n<\/section><\/div>","protected":false},"excerpt":{"rendered":"<p>Zgodno\u015b\u0107 z DJI Goggles 2, DJI FPV Goggles V2 i DJI FPV Remote Controller 2 (Informacje mog\u0105 by\u0107 nieaktualne, aktualne mo\u017cna uzyska\u0107 na oficjalnej stronie DJI).<\/p>","protected":false},"featured_media":900,"template":"","meta":[],"product_cat":[73,74,25,42,63,17],"product_tag":[66,92,20,27,69],"class_list":{"0":"post-3153","1":"product","2":"type-product","3":"status-publish","4":"has-post-thumbnail","6":"product_brand-dji","7":"product_cat-accessories-for-dji-avata","8":"product_cat-accessories-for-dji-fpv","9":"product_cat-dji-avata","10":"product_cat-dji-fpv","11":"product_cat-dji-goggles","12":"product_cat-drones","13":"product_tag-air-unit","14":"product_tag-digital","15":"product_tag-dji","16":"product_tag-fpv","17":"product_tag-o3","19":"first","20":"instock","21":"sale","22":"purchasable","23":"product-type-simple"},"_links":{"self":[{"href":"https:\/\/dronvictory.com\/pl\/wp-json\/wp\/v2\/product\/3153","targetHints":{"allow":["GET"]}}],"collection":[{"href":"https:\/\/dronvictory.com\/pl\/wp-json\/wp\/v2\/product"}],"about":[{"href":"https:\/\/dronvictory.com\/pl\/wp-json\/wp\/v2\/types\/product"}],"wp:featuredmedia":[{"embeddable":true,"href":"https:\/\/dronvictory.com\/pl\/wp-json\/wp\/v2\/media\/900"}],"wp:attachment":[{"href":"https:\/\/dronvictory.com\/pl\/wp-json\/wp\/v2\/media?parent=3153"}],"wp:term":[{"taxonomy":"product_cat","embeddable":true,"href":"https:\/\/dronvictory.com\/pl\/wp-json\/wp\/v2\/product_cat?post=3153"},{"taxonomy":"product_tag","embeddable":true,"href":"https:\/\/dronvictory.com\/pl\/wp-json\/wp\/v2\/product_tag?post=3153"}],"curies":[{"name":"wp","href":"https:\/\/api.w.org\/{rel}","templated":true}]}}