{"id":3163,"date":"2025-06-02T07:19:38","date_gmt":"2025-06-02T07:19:38","guid":{"rendered":"http:\/\/localhost:3000\/product\/truerc-singularity-5-8-stubby-fpv-antenna-4-pack-for-dji-fpv-lhcp\/"},"modified":"2025-06-02T07:19:48","modified_gmt":"2025-06-02T07:19:48","slug":"truerc-singularity-5-8-stubby-fpv-antenna-4-pack-for-dji-fpv-lhcp","status":"publish","type":"product","link":"https:\/\/dronvictory.com\/pl\/produkt\/truerc-singularity-5-8-stubby-fpv-antenna-4-pack-for-dji-fpv-lhcp\/","title":{"rendered":"TrueRC Singularity 5.8 Stubby Antena FPV 4-pak do DJI FPV LHCP"},"content":{"rendered":"<div data-elementor-type=\"wp-post\" data-elementor-id=\"23205\" class=\"elementor elementor-23205 elementor-9292\" data-elementor-post-type=\"product\">\n<section class=\"xts-negative-gap elementor-section elementor-top-section elementor-element elementor-element-c6a51af elementor-section-boxed elementor-section-height-default elementor-section-height-default xts-section-disabled\" data-id=\"c6a51af\" data-element_type=\"section\">\n<div class=\"elementor-container elementor-column-gap-default\">\n<div class=\"elementor-column elementor-col-100 elementor-top-column elementor-element elementor-element-d3eb866\" data-id=\"d3eb866\" data-element_type=\"column\">\n<div class=\"elementor-widget-wrap elementor-element-populated\">\n<div class=\"elementor-element elementor-element-e167085 elementor-widget elementor-widget-heading\" data-id=\"e167085\" data-element_type=\"widget\" data-widget_type=\"heading.default\">\n<div class=\"elementor-widget-container\">\n<style>\/*! elementor - v3.20.0 - 20-03-2024 *\/\n.elementor-heading-title{padding:0;margin:0;line-height:1}.elementor-widget-heading .elementor-heading-title[class*=elementor-size-]>a{color:inherit;font-size:inherit;line-height:inherit}.elementor-widget-heading .elementor-heading-title.elementor-size-small{font-size:15px}.elementor-widget-heading .elementor-heading-title.elementor-size-medium{font-size:19px}.elementor-widget-heading .elementor-heading-title.elementor-size-large{font-size:29px}.elementor-widget-heading .elementor-heading-title.elementor-size-xl{font-size:39px}.elementor-widget-heading .elementor-heading-title.elementor-size-xxl{font-size:59px}<\/style>\n<h2 class=\"elementor-heading-title elementor-size-default\">TrueRC Singularity 5.8 Stubby Antena FPV 4-pak do DJI FPV LHCP<\/h2>\n<\/p><\/div>\n<\/p><\/div>\n<\/p><\/div>\n<\/p><\/div>\n<\/p><\/div>\n<\/section>\n<section class=\"xts-negative-gap elementor-section elementor-top-section elementor-element elementor-element-287288f elementor-section-boxed elementor-section-height-default elementor-section-height-default xts-section-disabled\" data-id=\"287288f\" data-element_type=\"section\">\n<div class=\"elementor-container elementor-column-gap-default\">\n<div class=\"elementor-column elementor-col-100 elementor-top-column elementor-element elementor-element-784eab0\" data-id=\"784eab0\" data-element_type=\"column\">\n<div class=\"elementor-widget-wrap elementor-element-populated\">\n<div class=\"elementor-element elementor-element-4a9b5a3 elementor-widget elementor-widget-xts_title\" data-id=\"4a9b5a3\" data-element_type=\"widget\" data-widget_type=\"xts_title.default\">\n<div class=\"elementor-widget-container\">\n<div class=\"xts-section-heading xts-reset-mb-10 xts-reset-last xts-textalign-left\" data-animation-delay=\"\">\n<div class=\"xts-section-desc\">\n<div class=\"xts-section-desc-text xts-reset-all-last\" data-elementor-setting-key=\"description\">\n<p>TrueRC Singularity 5.8 Stubby FPV Antenna 4-Pack For DJI FPV LHCP \u2013 4-pak Singularity 5.8 Stubby, kt\u00f3ry zosta\u0142 specjalnie wykonany do okular\u00f3w DJI fpv system. Anteny mo\u017cna przykr\u0119ci\u0107 bezpo\u015brednio, maj\u0105 znacznie ni\u017cszy profil ni\u017c standardowe anteny i ponad 50% wi\u0119kszy zasi\u0119g!<\/p>\n<\/p><\/div>\n<\/p><\/div>\n<\/p><\/div>\n<\/p><\/div>\n<\/p><\/div>\n<\/p><\/div>\n<\/p><\/div>\n<\/p><\/div>\n<\/section><\/div>","protected":false},"excerpt":{"rendered":"<p>TrueRC Singularity 5.8 Stubby FPV Antenna 4-Pack For DJI FPV LHCP TrueRC Singularity 5.8 Stubby FPV Antenna 4-Pack For DJI FPV LHCP &#8211; 4-pack of the Singularity 5.8 Stubby, which was specially made for the DJI fpv system glasses. The antennas can be screwed on directly, have a much lower profile than the standard antennas [&hellip;]<\/p>","protected":false},"featured_media":2841,"template":"","meta":[],"product_cat":[73,74,25,42,17],"product_tag":[92,20,27,94,95],"class_list":{"0":"post-3163","1":"product","2":"type-product","3":"status-publish","4":"has-post-thumbnail","6":"product_brand-truerc","7":"product_cat-accessories-for-dji-avata","8":"product_cat-accessories-for-dji-fpv","9":"product_cat-dji-avata","10":"product_cat-dji-fpv","11":"product_cat-drones","12":"product_tag-digital","13":"product_tag-dji","14":"product_tag-fpv","15":"product_tag-singularity","16":"product_tag-truerc","18":"first","19":"instock","20":"product-type-simple"},"_links":{"self":[{"href":"https:\/\/dronvictory.com\/pl\/wp-json\/wp\/v2\/product\/3163","targetHints":{"allow":["GET"]}}],"collection":[{"href":"https:\/\/dronvictory.com\/pl\/wp-json\/wp\/v2\/product"}],"about":[{"href":"https:\/\/dronvictory.com\/pl\/wp-json\/wp\/v2\/types\/product"}],"wp:featuredmedia":[{"embeddable":true,"href":"https:\/\/dronvictory.com\/pl\/wp-json\/wp\/v2\/media\/2841"}],"wp:attachment":[{"href":"https:\/\/dronvictory.com\/pl\/wp-json\/wp\/v2\/media?parent=3163"}],"wp:term":[{"taxonomy":"product_cat","embeddable":true,"href":"https:\/\/dronvictory.com\/pl\/wp-json\/wp\/v2\/product_cat?post=3163"},{"taxonomy":"product_tag","embeddable":true,"href":"https:\/\/dronvictory.com\/pl\/wp-json\/wp\/v2\/product_tag?post=3163"}],"curies":[{"name":"wp","href":"https:\/\/api.w.org\/{rel}","templated":true}]}}