{"id":3165,"date":"2025-06-02T07:19:38","date_gmt":"2025-06-02T07:19:38","guid":{"rendered":"http:\/\/localhost:3000\/product\/dji-fpv-goggles-power-cable-xt60\/"},"modified":"2025-06-02T07:19:49","modified_gmt":"2025-06-02T07:19:49","slug":"dji-fpv-goggles-power-cable-xt60","status":"publish","type":"product","link":"https:\/\/dronvictory.com\/pl\/produkt\/dji-fpv-goggles-power-cable-xt60\/","title":{"rendered":"Kabel zasilaj\u0105cy do gogli DJI FPV (XT60)"},"content":{"rendered":"<div data-elementor-type=\"wp-post\" data-elementor-id=\"23199\" class=\"elementor elementor-23199 elementor-6000\" data-elementor-post-type=\"product\">\n<section class=\"xts-negative-gap elementor-section elementor-top-section elementor-element elementor-element-c6a51af elementor-section-boxed elementor-section-height-default elementor-section-height-default xts-section-disabled\" data-id=\"c6a51af\" data-element_type=\"section\">\n<div class=\"elementor-container elementor-column-gap-default\">\n<div class=\"elementor-column elementor-col-100 elementor-top-column elementor-element elementor-element-d3eb866\" data-id=\"d3eb866\" data-element_type=\"column\">\n<div class=\"elementor-widget-wrap elementor-element-populated\">\n<div class=\"elementor-element elementor-element-e167085 elementor-widget elementor-widget-heading\" data-id=\"e167085\" data-element_type=\"widget\" data-widget_type=\"heading.default\">\n<div class=\"elementor-widget-container\">\n<style>\/*! elementor - v3.20.0 - 20-03-2024 *\/\n.elementor-heading-title{padding:0;margin:0;line-height:1}.elementor-widget-heading .elementor-heading-title[class*=elementor-size-]>a{color:inherit;font-size:inherit;line-height:inherit}.elementor-widget-heading .elementor-heading-title.elementor-size-small{font-size:15px}.elementor-widget-heading .elementor-heading-title.elementor-size-medium{font-size:19px}.elementor-widget-heading .elementor-heading-title.elementor-size-large{font-size:29px}.elementor-widget-heading .elementor-heading-title.elementor-size-xl{font-size:39px}.elementor-widget-heading .elementor-heading-title.elementor-size-xxl{font-size:59px}<\/style>\n<h2 class=\"elementor-heading-title elementor-size-default\">Kabel zasilaj\u0105cy do gogli DJI FPV (XT60)<\/h2>\n<\/p><\/div>\n<\/p><\/div>\n<\/p><\/div>\n<\/p><\/div>\n<\/p><\/div>\n<\/section>\n<section class=\"xts-negative-gap elementor-section elementor-top-section elementor-element elementor-element-287288f elementor-section-boxed elementor-section-height-default elementor-section-height-default xts-section-disabled\" data-id=\"287288f\" data-element_type=\"section\">\n<div class=\"elementor-container elementor-column-gap-default\">\n<div class=\"elementor-column elementor-col-100 elementor-top-column elementor-element elementor-element-784eab0\" data-id=\"784eab0\" data-element_type=\"column\">\n<div class=\"elementor-widget-wrap elementor-element-populated\">\n<div class=\"elementor-element elementor-element-4a9b5a3 elementor-widget elementor-widget-xts_title\" data-id=\"4a9b5a3\" data-element_type=\"widget\" data-widget_type=\"xts_title.default\">\n<div class=\"elementor-widget-container\">\n<div class=\"xts-section-heading xts-reset-mb-10 xts-reset-last xts-textalign-left\" data-animation-delay=\"\">\n<div class=\"xts-section-desc\">\n<div class=\"xts-section-desc-text xts-reset-all-last\" data-elementor-setting-key=\"description\">\n<p>Kabel zasilaj\u0105cy do gogli DJI FPV (XT60) \u2013 kabel zasilaj\u0105cy XT60 do pr\u0105du sta\u0142ego \u0142\u0105czy gogle DJI FPV z akumulatorem.<\/p>\n<p>Prosz\u0119 u\u017cywa\u0107 baterii spe\u0142niaj\u0105cych wymagania dotycz\u0105ce napi\u0119cia.<\/p>\n<p><strong>Zgodno\u015b\u0107:<\/strong><\/p>\n<ul>\n<li>Gogle DJI FPV V2<\/li>\n<li>Gogle DJI FPV<\/li>\n<\/ul><\/div>\n<\/p><\/div>\n<\/p><\/div>\n<\/p><\/div>\n<\/p><\/div>\n<\/p><\/div>\n<\/p><\/div>\n<\/p><\/div>\n<\/section><\/div>","protected":false},"excerpt":{"rendered":"<p>DJI FPV Goggles Power Cable (XT60) DJI FPV Goggles Power Cable (XT60) &#8211; XT60 to DC power cable connects the DJI FPV Goggles to the battery. Please use batteries that meet voltage requirements. Compatibility: DJI FPV Goggles V2 DJI FPV Goggles<\/p>","protected":false},"featured_media":13519,"template":"","meta":[],"product_cat":[73,74,25,42,17],"product_tag":[26,20,27],"class_list":{"0":"post-3165","1":"product","2":"type-product","3":"status-publish","4":"has-post-thumbnail","6":"product_brand-dji","7":"product_cat-accessories-for-dji-avata","8":"product_cat-accessories-for-dji-fpv","9":"product_cat-dji-avata","10":"product_cat-dji-fpv","11":"product_cat-drones","12":"product_tag-avata","13":"product_tag-dji","14":"product_tag-fpv","16":"first","17":"instock","18":"product-type-simple"},"_links":{"self":[{"href":"https:\/\/dronvictory.com\/pl\/wp-json\/wp\/v2\/product\/3165","targetHints":{"allow":["GET"]}}],"collection":[{"href":"https:\/\/dronvictory.com\/pl\/wp-json\/wp\/v2\/product"}],"about":[{"href":"https:\/\/dronvictory.com\/pl\/wp-json\/wp\/v2\/types\/product"}],"wp:featuredmedia":[{"embeddable":true,"href":"https:\/\/dronvictory.com\/pl\/wp-json\/wp\/v2\/media\/13519"}],"wp:attachment":[{"href":"https:\/\/dronvictory.com\/pl\/wp-json\/wp\/v2\/media?parent=3165"}],"wp:term":[{"taxonomy":"product_cat","embeddable":true,"href":"https:\/\/dronvictory.com\/pl\/wp-json\/wp\/v2\/product_cat?post=3165"},{"taxonomy":"product_tag","embeddable":true,"href":"https:\/\/dronvictory.com\/pl\/wp-json\/wp\/v2\/product_tag?post=3165"}],"curies":[{"name":"wp","href":"https:\/\/api.w.org\/{rel}","templated":true}]}}