{"id":3194,"date":"2025-06-02T07:20:19","date_gmt":"2025-06-02T07:20:19","guid":{"rendered":"http:\/\/localhost:3000\/product\/dji-mavic-air-2-2s-battery-charging-hub\/"},"modified":"2025-06-02T07:20:25","modified_gmt":"2025-06-02T07:20:25","slug":"dji-mavic-air-2-2s-battery-charging-hub","status":"publish","type":"product","link":"https:\/\/dronvictory.com\/pl\/produkt\/dji-mavic-air-2-2s-battery-charging-hub\/","title":{"rendered":"Hub \u0142adowania baterii DJI Mavic Air 2\/2S"},"content":{"rendered":"<div data-elementor-type=\"wp-post\" data-elementor-id=\"23225\" class=\"elementor elementor-23225 elementor-5458\" data-elementor-post-type=\"product\">\n<section class=\"xts-negative-gap elementor-section elementor-top-section elementor-element elementor-element-c6a51af elementor-section-boxed elementor-section-height-default elementor-section-height-default xts-section-disabled\" data-id=\"c6a51af\" data-element_type=\"section\">\n<div class=\"elementor-container elementor-column-gap-default\">\n<div class=\"elementor-column elementor-col-100 elementor-top-column elementor-element elementor-element-d3eb866\" data-id=\"d3eb866\" data-element_type=\"column\">\n<div class=\"elementor-widget-wrap elementor-element-populated\">\n<div class=\"elementor-element elementor-element-e167085 elementor-widget elementor-widget-heading\" data-id=\"e167085\" data-element_type=\"widget\" data-widget_type=\"heading.default\">\n<div class=\"elementor-widget-container\">\n<style>\/*! elementor - v3.20.0 - 20-03-2024 *\/\n.elementor-heading-title{padding:0;margin:0;line-height:1}.elementor-widget-heading .elementor-heading-title[class*=elementor-size-]>a{color:inherit;font-size:inherit;line-height:inherit}.elementor-widget-heading .elementor-heading-title.elementor-size-small{font-size:15px}.elementor-widget-heading .elementor-heading-title.elementor-size-medium{font-size:19px}.elementor-widget-heading .elementor-heading-title.elementor-size-large{font-size:29px}.elementor-widget-heading .elementor-heading-title.elementor-size-xl{font-size:39px}.elementor-widget-heading .elementor-heading-title.elementor-size-xxl{font-size:59px}<\/style>\n<h2 class=\"elementor-heading-title elementor-size-default\">Hub \u0142adowania baterii DJI Mavic Air 2\/2S<\/h2>\n<\/p><\/div>\n<\/p><\/div>\n<\/p><\/div>\n<\/p><\/div>\n<\/p><\/div>\n<\/section>\n<section class=\"xts-negative-gap elementor-section elementor-top-section elementor-element elementor-element-287288f elementor-section-boxed elementor-section-height-default elementor-section-height-default xts-section-disabled\" data-id=\"287288f\" data-element_type=\"section\">\n<div class=\"elementor-container elementor-column-gap-default\">\n<div class=\"elementor-column elementor-col-100 elementor-top-column elementor-element elementor-element-784eab0\" data-id=\"784eab0\" data-element_type=\"column\">\n<div class=\"elementor-widget-wrap elementor-element-populated\">\n<div class=\"elementor-element elementor-element-4a9b5a3 elementor-widget elementor-widget-xts_title\" data-id=\"4a9b5a3\" data-element_type=\"widget\" data-widget_type=\"xts_title.default\">\n<div class=\"elementor-widget-container\">\n<div class=\"xts-section-heading xts-reset-mb-10 xts-reset-last xts-textalign-left\" data-animation-delay=\"\">\n<div class=\"xts-section-desc\">\n<div class=\"xts-section-desc-text xts-reset-all-last\" data-elementor-setting-key=\"description\">\n<p>DJI Mavic Air 2\/2S Battery Charging Hub \u2013 \u0142aduj 3 akumulatory w kolejno\u015bci. Po pod\u0142\u0105czeniu do \u0142adowarki Mavic Air 2 lub \u0142adowarki samochodowej, Mavic Air 2 Battery Charging Hub mo\u017cna rozszerzy\u0107, aby \u0142adowa\u0107 trzy dodatkowe akumulatory.<\/p>\n<p>Koncentrator \u0142adowania akumulator\u00f3w zwi\u0119ksza wydajno\u015b\u0107 poprzez \u0142adowanie akumulator\u00f3w sekwencyjnie, zgodnie z pozosta\u0142ym poziomem na\u0142adowania. W pierwszej kolejno\u015bci \u0142adowane s\u0105 akumulatory o pe\u0142nym na\u0142adowaniu.<\/p>\n<p>Kompaktowe wymiary i sk\u0142adana konstrukcja pozwalaj\u0105 pilotowi zabra\u0107 hub w dowolne miejsce, kt\u00f3rego potrzebuje. Hub mo\u017ce by\u0107 r\u00f3wnie\u017c u\u017cywany jako dodatkowy sprz\u0119t wraz z innymi \u0142adowarkami.<\/p>\n<p><strong>Zgodno\u015b\u0107:<\/strong><\/p>\n<ul>\n<li>Inteligentny akumulator do lotu DJI Mavic Air 2\/2S<\/li>\n<li>\u0141adowarka baterii DJI Mavic Air 2\/2S<\/li>\n<li>\u0141adowarka samochodowa do akumulatora DJI Mavic Air 2\/2S<\/li>\n<\/ul><\/div>\n<\/p><\/div>\n<\/p><\/div>\n<\/p><\/div>\n<\/p><\/div>\n<\/p><\/div>\n<\/p><\/div>\n<\/p><\/div>\n<\/section><\/div>","protected":false},"excerpt":{"rendered":"<ul>\n<li>Na\u0142aduj 3 akumulatory po kolei.<\/li>\n<li>Sk\u0142adana konstrukcja<\/li>\n<li>Kompaktowy i przeno\u015bny<\/li>\n<\/ul>","protected":false},"featured_media":440,"template":"","meta":[],"product_cat":[76,33,79,17],"product_tag":[86,34,20],"class_list":{"0":"post-3194","1":"product","2":"type-product","3":"status-publish","4":"has-post-thumbnail","6":"product_brand-dji","7":"product_cat-accessories-for-air-2s","8":"product_cat-dji-air-2s","9":"product_cat-dji-mavic-air-2","10":"product_cat-drones","11":"product_tag-air-2","12":"product_tag-air-2s","13":"product_tag-dji","15":"first","16":"instock","17":"product-type-simple"},"_links":{"self":[{"href":"https:\/\/dronvictory.com\/pl\/wp-json\/wp\/v2\/product\/3194","targetHints":{"allow":["GET"]}}],"collection":[{"href":"https:\/\/dronvictory.com\/pl\/wp-json\/wp\/v2\/product"}],"about":[{"href":"https:\/\/dronvictory.com\/pl\/wp-json\/wp\/v2\/types\/product"}],"wp:featuredmedia":[{"embeddable":true,"href":"https:\/\/dronvictory.com\/pl\/wp-json\/wp\/v2\/media\/440"}],"wp:attachment":[{"href":"https:\/\/dronvictory.com\/pl\/wp-json\/wp\/v2\/media?parent=3194"}],"wp:term":[{"taxonomy":"product_cat","embeddable":true,"href":"https:\/\/dronvictory.com\/pl\/wp-json\/wp\/v2\/product_cat?post=3194"},{"taxonomy":"product_tag","embeddable":true,"href":"https:\/\/dronvictory.com\/pl\/wp-json\/wp\/v2\/product_tag?post=3194"}],"curies":[{"name":"wp","href":"https:\/\/api.w.org\/{rel}","templated":true}]}}