{"id":3196,"date":"2025-06-02T07:20:19","date_gmt":"2025-06-02T07:20:19","guid":{"rendered":"http:\/\/localhost:3000\/product\/dji-mavic-air-2-2s-shoulder-bag\/"},"modified":"2025-06-02T07:20:26","modified_gmt":"2025-06-02T07:20:26","slug":"dji-mavic-air-2-2s-shoulder-bag","status":"publish","type":"product","link":"https:\/\/dronvictory.com\/pl\/produkt\/dji-mavic-air-2-2s-shoulder-bag\/","title":{"rendered":"Torba na rami\u0119 DJI Mavic Air 2\/2S"},"content":{"rendered":"<div data-elementor-type=\"wp-post\" data-elementor-id=\"23219\" class=\"elementor elementor-23219 elementor-5443\" data-elementor-post-type=\"product\">\n<section class=\"xts-negative-gap elementor-section elementor-top-section elementor-element elementor-element-c6a51af elementor-section-boxed elementor-section-height-default elementor-section-height-default xts-section-disabled\" data-id=\"c6a51af\" data-element_type=\"section\">\n<div class=\"elementor-container elementor-column-gap-default\">\n<div class=\"elementor-column elementor-col-100 elementor-top-column elementor-element elementor-element-d3eb866\" data-id=\"d3eb866\" data-element_type=\"column\">\n<div class=\"elementor-widget-wrap elementor-element-populated\">\n<div class=\"elementor-element elementor-element-e167085 elementor-widget elementor-widget-heading\" data-id=\"e167085\" data-element_type=\"widget\" data-widget_type=\"heading.default\">\n<div class=\"elementor-widget-container\">\n<style>\/*! elementor - v3.20.0 - 20-03-2024 *\/\n.elementor-heading-title{padding:0;margin:0;line-height:1}.elementor-widget-heading .elementor-heading-title[class*=elementor-size-]>a{color:inherit;font-size:inherit;line-height:inherit}.elementor-widget-heading .elementor-heading-title.elementor-size-small{font-size:15px}.elementor-widget-heading .elementor-heading-title.elementor-size-medium{font-size:19px}.elementor-widget-heading .elementor-heading-title.elementor-size-large{font-size:29px}.elementor-widget-heading .elementor-heading-title.elementor-size-xl{font-size:39px}.elementor-widget-heading .elementor-heading-title.elementor-size-xxl{font-size:59px}<\/style>\n<h2 class=\"elementor-heading-title elementor-size-default\">Torba na rami\u0119 DJI Mavic Air 2\/2S<\/h2>\n<\/p><\/div>\n<\/p><\/div>\n<\/p><\/div>\n<\/p><\/div>\n<\/p><\/div>\n<\/section>\n<section class=\"xts-negative-gap elementor-section elementor-top-section elementor-element elementor-element-287288f elementor-section-boxed elementor-section-height-default elementor-section-height-default xts-section-disabled\" data-id=\"287288f\" data-element_type=\"section\">\n<div class=\"elementor-container elementor-column-gap-default\">\n<div class=\"elementor-column elementor-col-100 elementor-top-column elementor-element elementor-element-784eab0\" data-id=\"784eab0\" data-element_type=\"column\">\n<div class=\"elementor-widget-wrap elementor-element-populated\">\n<div class=\"elementor-element elementor-element-4a9b5a3 elementor-widget elementor-widget-xts_title\" data-id=\"4a9b5a3\" data-element_type=\"widget\" data-widget_type=\"xts_title.default\">\n<div class=\"elementor-widget-container\">\n<div class=\"xts-section-heading xts-reset-mb-10 xts-reset-last xts-textalign-left\" data-animation-delay=\"\">\n<div class=\"xts-section-desc\">\n<div class=\"xts-section-desc-text xts-reset-all-last\" data-elementor-setting-key=\"description\">\n<p>Torba na rami\u0119 DJI Mavic Air 2\/2S \u2013 stworzona dla Mavic Air 2 \/ DJI Air 2S Torba na rami\u0119 Mavic Air 2 zosta\u0142a dostosowana do samolotu i jego akcesori\u00f3w. Mo\u017cna j\u0105 uporz\u0105dkowa\u0107, jest kompaktowa i wygodna w noszeniu. Dzi\u0119ki wewn\u0119trznej konstrukcji przegr\u00f3dki torba na rami\u0119 pomie\u015bci Fly More Combo i inny profesjonalny sprz\u0119t fotograficzny.<\/p>\n<\/p><\/div>\n<\/p><\/div>\n<\/p><\/div>\n<\/p><\/div>\n<\/p><\/div>\n<\/p><\/div>\n<\/p><\/div>\n<\/p><\/div>\n<\/section><\/div>","protected":false},"excerpt":{"rendered":"<ul>\n<li>Torba na rami\u0119 przeznaczona do Mavic Air 2 \/ DJI Air 2S<\/li>\n<li>Torba na rami\u0119 pomie\u015bci Fly More Combo<\/li>\n<\/ul>","protected":false},"featured_media":416,"template":"","meta":[],"product_cat":[76,33,79,17],"product_tag":[86,34,20],"class_list":{"0":"post-3196","1":"product","2":"type-product","3":"status-publish","4":"has-post-thumbnail","6":"product_brand-dji","7":"product_cat-accessories-for-air-2s","8":"product_cat-dji-air-2s","9":"product_cat-dji-mavic-air-2","10":"product_cat-drones","11":"product_tag-air-2","12":"product_tag-air-2s","13":"product_tag-dji","15":"first","16":"instock","17":"product-type-simple"},"_links":{"self":[{"href":"https:\/\/dronvictory.com\/pl\/wp-json\/wp\/v2\/product\/3196","targetHints":{"allow":["GET"]}}],"collection":[{"href":"https:\/\/dronvictory.com\/pl\/wp-json\/wp\/v2\/product"}],"about":[{"href":"https:\/\/dronvictory.com\/pl\/wp-json\/wp\/v2\/types\/product"}],"wp:featuredmedia":[{"embeddable":true,"href":"https:\/\/dronvictory.com\/pl\/wp-json\/wp\/v2\/media\/416"}],"wp:attachment":[{"href":"https:\/\/dronvictory.com\/pl\/wp-json\/wp\/v2\/media?parent=3196"}],"wp:term":[{"taxonomy":"product_cat","embeddable":true,"href":"https:\/\/dronvictory.com\/pl\/wp-json\/wp\/v2\/product_cat?post=3196"},{"taxonomy":"product_tag","embeddable":true,"href":"https:\/\/dronvictory.com\/pl\/wp-json\/wp\/v2\/product_tag?post=3196"}],"curies":[{"name":"wp","href":"https:\/\/api.w.org\/{rel}","templated":true}]}}