{"id":3205,"date":"2025-06-02T07:20:19","date_gmt":"2025-06-02T07:20:19","guid":{"rendered":"http:\/\/localhost:3000\/product\/dji-mini-mini-2-bag-blue-yellow\/"},"modified":"2025-06-02T07:20:33","modified_gmt":"2025-06-02T07:20:33","slug":"dji-mini-mini-2-bag-blue-yellow","status":"publish","type":"product","link":"https:\/\/dronvictory.com\/pl\/produkt\/dji-mini-mini-2-bag-blue-yellow\/","title":{"rendered":"Torba DJI Mini \/ Mini 2+ (niebieska i \u017c\u00f3\u0142ta)"},"content":{"rendered":"<div data-elementor-type=\"wp-post\" data-elementor-id=\"23249\" class=\"elementor elementor-23249 elementor-5575\" data-elementor-post-type=\"product\">\n<section class=\"xts-negative-gap elementor-section elementor-top-section elementor-element elementor-element-c6a51af elementor-section-boxed elementor-section-height-default elementor-section-height-default xts-section-disabled\" data-id=\"c6a51af\" data-element_type=\"section\">\n<div class=\"elementor-container elementor-column-gap-default\">\n<div class=\"elementor-column elementor-col-100 elementor-top-column elementor-element elementor-element-d3eb866\" data-id=\"d3eb866\" data-element_type=\"column\">\n<div class=\"elementor-widget-wrap elementor-element-populated\">\n<div class=\"elementor-element elementor-element-e167085 elementor-widget elementor-widget-heading\" data-id=\"e167085\" data-element_type=\"widget\" data-widget_type=\"heading.default\">\n<div class=\"elementor-widget-container\">\n<style>\/*! elementor - v3.20.0 - 20-03-2024 *\/\n.elementor-heading-title{padding:0;margin:0;line-height:1}.elementor-widget-heading .elementor-heading-title[class*=elementor-size-]>a{color:inherit;font-size:inherit;line-height:inherit}.elementor-widget-heading .elementor-heading-title.elementor-size-small{font-size:15px}.elementor-widget-heading .elementor-heading-title.elementor-size-medium{font-size:19px}.elementor-widget-heading .elementor-heading-title.elementor-size-large{font-size:29px}.elementor-widget-heading .elementor-heading-title.elementor-size-xl{font-size:39px}.elementor-widget-heading .elementor-heading-title.elementor-size-xxl{font-size:59px}<\/style>\n<h2 class=\"elementor-heading-title elementor-size-default\">Torba DJI Mini \/ Mini 2+ (niebieska i \u017c\u00f3\u0142ta)<\/h2>\n<\/p><\/div>\n<\/p><\/div>\n<\/p><\/div>\n<\/p><\/div>\n<\/p><\/div>\n<\/section>\n<section class=\"xts-negative-gap elementor-section elementor-top-section elementor-element elementor-element-287288f elementor-section-boxed elementor-section-height-default elementor-section-height-default xts-section-disabled\" data-id=\"287288f\" data-element_type=\"section\">\n<div class=\"elementor-container elementor-column-gap-default\">\n<div class=\"elementor-column elementor-col-100 elementor-top-column elementor-element elementor-element-784eab0\" data-id=\"784eab0\" data-element_type=\"column\">\n<div class=\"elementor-widget-wrap elementor-element-populated\">\n<div class=\"elementor-element elementor-element-4a9b5a3 elementor-widget elementor-widget-xts_title\" data-id=\"4a9b5a3\" data-element_type=\"widget\" data-widget_type=\"xts_title.default\">\n<div class=\"elementor-widget-container\">\n<div class=\"xts-section-heading xts-reset-mb-10 xts-reset-last xts-textalign-left\" data-animation-delay=\"\">\n<div class=\"xts-section-desc\">\n<div class=\"xts-section-desc-text xts-reset-all-last\" data-elementor-setting-key=\"description\">\n<p>Torba na DJI Mini \/ Mini 2+ (niebieska i \u017c\u00f3\u0142ta) \u2013 torba na DJI Mini 2 z \u0142atwo\u015bci\u0105 pomie\u015bci Mini 2, stacj\u0119 \u0142aduj\u0105c\u0105, pilota i inne ma\u0142e przedmioty lub produkty takie jak DJI Pocket 2, Osmo Pocket i Osmo Action 2\/3.<\/p>\n<ul>\n<li>Materia\u0142: poliester 77%, PVC 23%<\/li>\n<li>Rozmiar: 170\u00d7180\u00d7105mm<\/li>\n<li>Kolor: Niebiesko-\u017c\u00f3\u0142ty<\/li>\n<\/ul><\/div>\n<\/p><\/div>\n<\/p><\/div>\n<\/p><\/div>\n<\/p><\/div>\n<\/p><\/div>\n<\/p><\/div>\n<\/p><\/div>\n<\/section><\/div>","protected":false},"excerpt":{"rendered":"<p>DJI Mini Compact Bag (niebiesko-\u017c\u00f3\u0142ta) do DJI Mavic Mini i Mini 2<\/p>","protected":false},"featured_media":459,"template":"","meta":[],"product_cat":[78,98,77,17],"product_tag":[20,99,58],"class_list":{"0":"post-3205","1":"product","2":"type-product","3":"status-publish","4":"has-post-thumbnail","6":"product_brand-dji","7":"product_cat-accessories-for-dji-mini-2","8":"product_cat-dji-mavic-mini","9":"product_cat-dji-mini-2","10":"product_cat-drones","11":"product_tag-dji","12":"product_tag-mavic-mini","13":"product_tag-mini-2","15":"first","16":"instock","17":"product-type-simple"},"_links":{"self":[{"href":"https:\/\/dronvictory.com\/pl\/wp-json\/wp\/v2\/product\/3205","targetHints":{"allow":["GET"]}}],"collection":[{"href":"https:\/\/dronvictory.com\/pl\/wp-json\/wp\/v2\/product"}],"about":[{"href":"https:\/\/dronvictory.com\/pl\/wp-json\/wp\/v2\/types\/product"}],"wp:featuredmedia":[{"embeddable":true,"href":"https:\/\/dronvictory.com\/pl\/wp-json\/wp\/v2\/media\/459"}],"wp:attachment":[{"href":"https:\/\/dronvictory.com\/pl\/wp-json\/wp\/v2\/media?parent=3205"}],"wp:term":[{"taxonomy":"product_cat","embeddable":true,"href":"https:\/\/dronvictory.com\/pl\/wp-json\/wp\/v2\/product_cat?post=3205"},{"taxonomy":"product_tag","embeddable":true,"href":"https:\/\/dronvictory.com\/pl\/wp-json\/wp\/v2\/product_tag?post=3205"}],"curies":[{"name":"wp","href":"https:\/\/api.w.org\/{rel}","templated":true}]}}