{"id":3206,"date":"2025-06-02T07:20:19","date_gmt":"2025-06-02T07:20:19","guid":{"rendered":"http:\/\/localhost:3000\/product\/pgytech-dji-mavic-mini-landing-gear-extensions\/"},"modified":"2025-06-02T07:20:34","modified_gmt":"2025-06-02T07:20:34","slug":"pgytech-dji-mavic-mini-landing-gear-extensions","status":"publish","type":"product","link":"https:\/\/dronvictory.com\/pl\/produkt\/pgytech-dji-mavic-mini-landing-gear-extensions\/","title":{"rendered":"PGYTECH DJI Mavic Mini Rozszerzenia Podwozia"},"content":{"rendered":"<div data-elementor-type=\"wp-post\" data-elementor-id=\"23267\" class=\"elementor elementor-23267 elementor-5810\" data-elementor-post-type=\"product\">\n<section class=\"xts-negative-gap elementor-section elementor-top-section elementor-element elementor-element-c6a51af elementor-section-boxed elementor-section-height-default elementor-section-height-default xts-section-disabled\" data-id=\"c6a51af\" data-element_type=\"section\">\n<div class=\"elementor-container elementor-column-gap-default\">\n<div class=\"elementor-column elementor-col-100 elementor-top-column elementor-element elementor-element-d3eb866\" data-id=\"d3eb866\" data-element_type=\"column\">\n<div class=\"elementor-widget-wrap elementor-element-populated\">\n<div class=\"elementor-element elementor-element-e167085 elementor-widget elementor-widget-heading\" data-id=\"e167085\" data-element_type=\"widget\" data-widget_type=\"heading.default\">\n<div class=\"elementor-widget-container\">\n<style>\/*! elementor - v3.20.0 - 20-03-2024 *\/\n.elementor-heading-title{padding:0;margin:0;line-height:1}.elementor-widget-heading .elementor-heading-title[class*=elementor-size-]>a{color:inherit;font-size:inherit;line-height:inherit}.elementor-widget-heading .elementor-heading-title.elementor-size-small{font-size:15px}.elementor-widget-heading .elementor-heading-title.elementor-size-medium{font-size:19px}.elementor-widget-heading .elementor-heading-title.elementor-size-large{font-size:29px}.elementor-widget-heading .elementor-heading-title.elementor-size-xl{font-size:39px}.elementor-widget-heading .elementor-heading-title.elementor-size-xxl{font-size:59px}<\/style>\n<h2 class=\"elementor-heading-title elementor-size-default\">PGYTECH DJI Mavic Mini Rozszerzenia Podwozia<\/h2>\n<\/p><\/div>\n<\/p><\/div>\n<\/p><\/div>\n<\/p><\/div>\n<\/p><\/div>\n<\/section>\n<section class=\"xts-negative-gap elementor-section elementor-top-section elementor-element elementor-element-287288f elementor-section-boxed elementor-section-height-default elementor-section-height-default xts-section-disabled\" data-id=\"287288f\" data-element_type=\"section\">\n<div class=\"elementor-container elementor-column-gap-default\">\n<div class=\"elementor-column elementor-col-100 elementor-top-column elementor-element elementor-element-784eab0\" data-id=\"784eab0\" data-element_type=\"column\">\n<div class=\"elementor-widget-wrap elementor-element-populated\">\n<div class=\"elementor-element elementor-element-4a9b5a3 elementor-widget elementor-widget-xts_title\" data-id=\"4a9b5a3\" data-element_type=\"widget\" data-widget_type=\"xts_title.default\">\n<div class=\"elementor-widget-container\">\n<div class=\"xts-section-heading xts-reset-mb-10 xts-reset-last xts-textalign-left\" data-animation-delay=\"\">\n<div class=\"xts-section-desc\">\n<div class=\"xts-section-desc-text xts-reset-all-last\" data-elementor-setting-key=\"description\">\n<p>PGYTECH DJI Mavic Mini Landing Gear Extensions \u2013 Efektywne przed\u0142u\u017cenie podwozia 25 mm. Szybko zwalniana sk\u0142adana konstrukcja. Sp\u00f3d podwozia jest wyposa\u017cony w silikonow\u0105 podk\u0142adk\u0119 amortyzuj\u0105c\u0105 wstrz\u0105sy. Wa\u017cy zaledwie 17 g i nie wp\u0142ywa na osi\u0105gi lotu.<\/p>\n<\/p><\/div>\n<\/p><\/div>\n<\/p><\/div>\n<\/p><\/div>\n<\/p><\/div>\n<\/p><\/div>\n<\/p><\/div>\n<\/p><\/div>\n<\/section><\/div>","protected":false},"excerpt":{"rendered":"<p>PGYTECH DJI Mavic Mini Landing Gear Extensions PGYTECH DJI Mavic Mini Landing Gear Extensions &#8211; Effective gear extension 25 mm. Quick release folding design. The underside of the chassis is equipped with a silicone pad for shock absorption. Weighs only 17 g and does not affect flight performance.<\/p>","protected":false},"featured_media":2718,"template":"","meta":[],"product_cat":[78,98,77,17],"product_tag":[20,99,58,97,101],"class_list":{"0":"post-3206","1":"product","2":"type-product","3":"status-publish","4":"has-post-thumbnail","6":"product_brand-pgytech","7":"product_cat-accessories-for-dji-mini-2","8":"product_cat-dji-mavic-mini","9":"product_cat-dji-mini-2","10":"product_cat-drones","11":"product_tag-dji","12":"product_tag-mavic-mini","13":"product_tag-mini-2","14":"product_tag-mini-se","15":"product_tag-pgytech","17":"first","18":"instock","19":"product-type-simple"},"_links":{"self":[{"href":"https:\/\/dronvictory.com\/pl\/wp-json\/wp\/v2\/product\/3206","targetHints":{"allow":["GET"]}}],"collection":[{"href":"https:\/\/dronvictory.com\/pl\/wp-json\/wp\/v2\/product"}],"about":[{"href":"https:\/\/dronvictory.com\/pl\/wp-json\/wp\/v2\/types\/product"}],"wp:featuredmedia":[{"embeddable":true,"href":"https:\/\/dronvictory.com\/pl\/wp-json\/wp\/v2\/media\/2718"}],"wp:attachment":[{"href":"https:\/\/dronvictory.com\/pl\/wp-json\/wp\/v2\/media?parent=3206"}],"wp:term":[{"taxonomy":"product_cat","embeddable":true,"href":"https:\/\/dronvictory.com\/pl\/wp-json\/wp\/v2\/product_cat?post=3206"},{"taxonomy":"product_tag","embeddable":true,"href":"https:\/\/dronvictory.com\/pl\/wp-json\/wp\/v2\/product_tag?post=3206"}],"curies":[{"name":"wp","href":"https:\/\/api.w.org\/{rel}","templated":true}]}}