{"id":3208,"date":"2025-06-02T07:20:19","date_gmt":"2025-06-02T07:20:19","guid":{"rendered":"http:\/\/localhost:3000\/product\/dji-mini-2-two-way-charging-hub\/"},"modified":"2025-06-02T07:20:35","modified_gmt":"2025-06-02T07:20:35","slug":"dji-mini-2-two-way-charging-hub","status":"publish","type":"product","link":"https:\/\/dronvictory.com\/pl\/produkt\/dji-mini-2-two-way-charging-hub\/","title":{"rendered":"DJI Mini 2 Dwukierunkowy Hub \u0141adowania"},"content":{"rendered":"<div data-elementor-type=\"wp-post\" data-elementor-id=\"23263\" class=\"elementor elementor-23263 elementor-5772\" data-elementor-post-type=\"product\">\n<section class=\"xts-negative-gap elementor-section elementor-top-section elementor-element elementor-element-c6a51af elementor-section-boxed elementor-section-height-default elementor-section-height-default xts-section-disabled\" data-id=\"c6a51af\" data-element_type=\"section\">\n<div class=\"elementor-container elementor-column-gap-default\">\n<div class=\"elementor-column elementor-col-100 elementor-top-column elementor-element elementor-element-d3eb866\" data-id=\"d3eb866\" data-element_type=\"column\">\n<div class=\"elementor-widget-wrap elementor-element-populated\">\n<div class=\"elementor-element elementor-element-e167085 elementor-widget elementor-widget-heading\" data-id=\"e167085\" data-element_type=\"widget\" data-widget_type=\"heading.default\">\n<div class=\"elementor-widget-container\">\n<style>\/*! elementor - v3.20.0 - 20-03-2024 *\/\n.elementor-heading-title{padding:0;margin:0;line-height:1}.elementor-widget-heading .elementor-heading-title[class*=elementor-size-]>a{color:inherit;font-size:inherit;line-height:inherit}.elementor-widget-heading .elementor-heading-title.elementor-size-small{font-size:15px}.elementor-widget-heading .elementor-heading-title.elementor-size-medium{font-size:19px}.elementor-widget-heading .elementor-heading-title.elementor-size-large{font-size:29px}.elementor-widget-heading .elementor-heading-title.elementor-size-xl{font-size:39px}.elementor-widget-heading .elementor-heading-title.elementor-size-xxl{font-size:59px}<\/style>\n<h2 class=\"elementor-heading-title elementor-size-default\">DJI Mini 2 Dwukierunkowy Hub \u0141adowania<\/h2>\n<\/p><\/div>\n<\/p><\/div>\n<\/p><\/div>\n<\/p><\/div>\n<\/p><\/div>\n<\/section>\n<section class=\"xts-negative-gap elementor-section elementor-top-section elementor-element elementor-element-287288f elementor-section-boxed elementor-section-height-default elementor-section-height-default xts-section-disabled\" data-id=\"287288f\" data-element_type=\"section\">\n<div class=\"elementor-container elementor-column-gap-default\">\n<div class=\"elementor-column elementor-col-100 elementor-top-column elementor-element elementor-element-784eab0\" data-id=\"784eab0\" data-element_type=\"column\">\n<div class=\"elementor-widget-wrap elementor-element-populated\">\n<div class=\"elementor-element elementor-element-4a9b5a3 elementor-widget elementor-widget-xts_title\" data-id=\"4a9b5a3\" data-element_type=\"widget\" data-widget_type=\"xts_title.default\">\n<div class=\"elementor-widget-container\">\n<div class=\"xts-section-heading xts-reset-mb-10 xts-reset-last xts-textalign-left\" data-animation-delay=\"\">\n<div class=\"xts-section-desc\">\n<div class=\"xts-section-desc-text xts-reset-all-last\" data-elementor-setting-key=\"description\">\n<p>Dwukierunkowa stacja \u0142aduj\u0105ca DJI Mini 2 \u2013 \u0142aduje do trzech akumulator\u00f3w jednocze\u015bnie i mo\u017ce by\u0107 u\u017cywana jako power bank do \u0142adowania dodatkowych urz\u0105dze\u0144.<\/p>\n<p><strong>Specyfikacja:<\/strong><\/p>\n<ul>\n<li>Temperatura pracy: od 5\u00b0 do 40\u00b0C<\/li>\n<li>Napi\u0119cie wej\u015bciowe: 5V\/3A 9V\/3A 12V\/3A<\/li>\n<li>Wyj\u015bcie portu USB: maks. 5 V\/2 A<\/li>\n<li>Waga: ok. 72 g<\/li>\n<li><strong>Typ \u0142adowarki:<\/strong><\/li>\n<li>Zaleca si\u0119 u\u017cywanie \u0142adowarki USB DJI 18 W lub \u0142adowarki z certyfikatem FCC\/CE, kt\u00f3ra obs\u0142uguje protoko\u0142y szybkiego \u0142adowania QC i\/lub USB PD. <\/li>\n<li><strong>Typ baterii:<\/strong><\/li>\n<li>BWX161-2250-7.7<\/li>\n<li>BWX161-1065-7.6<\/li>\n<li>MB2-2400mAh -7,2V<\/li>\n<li>MB2-1100mAh -7,6V<\/li>\n<li><strong>Czas \u0142adowania:*<\/strong><\/li>\n<li>Dla trzech akumulator\u00f3w BWX161-2250-7.7: oko\u0142o 240 minut.<\/li>\n<\/ul>\n<p>* Pomiary w kontrolowanym \u015brodowisku (temperatura pokojowa 25\u00b0 C) przy u\u017cyciu \u0142adowarki DJI 18W USB. Dane te maj\u0105 charakter wy\u0142\u0105cznie informacyjny i mog\u0105 ulec zmianie w zale\u017cno\u015bci od mocy \u0142adowarki, kabla \u0142aduj\u0105cego, temperatury i innych czynnik\u00f3w.<\/p>\n<\/p><\/div>\n<\/p><\/div>\n<\/p><\/div>\n<\/p><\/div>\n<\/p><\/div>\n<\/p><\/div>\n<\/p><\/div>\n<\/p><\/div>\n<\/section><\/div>","protected":false},"excerpt":{"rendered":"<p>\u0141aduje do trzech baterii jednocze\u015bnie i mo\u017ce by\u0107 u\u017cywana jako power bank do \u0142adowania dodatkowych urz\u0105dze\u0144.<\/p>","protected":false},"featured_media":478,"template":"","meta":[],"product_cat":[78,77,17],"product_tag":[20,58],"class_list":{"0":"post-3208","1":"product","2":"type-product","3":"status-publish","4":"has-post-thumbnail","6":"product_brand-dji","7":"product_cat-accessories-for-dji-mini-2","8":"product_cat-dji-mini-2","9":"product_cat-drones","10":"product_tag-dji","11":"product_tag-mini-2","13":"first","14":"instock","15":"product-type-simple"},"_links":{"self":[{"href":"https:\/\/dronvictory.com\/pl\/wp-json\/wp\/v2\/product\/3208","targetHints":{"allow":["GET"]}}],"collection":[{"href":"https:\/\/dronvictory.com\/pl\/wp-json\/wp\/v2\/product"}],"about":[{"href":"https:\/\/dronvictory.com\/pl\/wp-json\/wp\/v2\/types\/product"}],"wp:featuredmedia":[{"embeddable":true,"href":"https:\/\/dronvictory.com\/pl\/wp-json\/wp\/v2\/media\/478"}],"wp:attachment":[{"href":"https:\/\/dronvictory.com\/pl\/wp-json\/wp\/v2\/media?parent=3208"}],"wp:term":[{"taxonomy":"product_cat","embeddable":true,"href":"https:\/\/dronvictory.com\/pl\/wp-json\/wp\/v2\/product_cat?post=3208"},{"taxonomy":"product_tag","embeddable":true,"href":"https:\/\/dronvictory.com\/pl\/wp-json\/wp\/v2\/product_tag?post=3208"}],"curies":[{"name":"wp","href":"https:\/\/api.w.org\/{rel}","templated":true}]}}