{"id":3211,"date":"2025-06-02T07:20:19","date_gmt":"2025-06-02T07:20:19","guid":{"rendered":"http:\/\/localhost:3000\/product\/dji-mavic-air-2-nd-filtrikomplekt-nd16-64-256\/"},"modified":"2025-06-02T07:20:38","modified_gmt":"2025-06-02T07:20:38","slug":"dji-mavic-air-2-nd-filtrikomplekt-nd16-64-256","status":"publish","type":"product","link":"https:\/\/dronvictory.com\/pl\/produkt\/dji-mavic-air-2-nd-filtrikomplekt-nd16-64-256\/","title":{"rendered":"DJI Mavic Air 2 ND Filtrikomplekt (ND16\/64\/256)"},"content":{"rendered":"<div data-elementor-type=\"wp-post\" data-elementor-id=\"15010\" class=\"elementor elementor-15010 elementor-5428\" data-elementor-post-type=\"product\">\n<section class=\"xts-negative-gap elementor-section elementor-top-section elementor-element elementor-element-c6a51af elementor-section-boxed elementor-section-height-default elementor-section-height-default xts-section-disabled\" data-id=\"c6a51af\" data-element_type=\"section\">\n<div class=\"elementor-container elementor-column-gap-default\">\n<div class=\"elementor-column elementor-col-100 elementor-top-column elementor-element elementor-element-d3eb866\" data-id=\"d3eb866\" data-element_type=\"column\">\n<div class=\"elementor-widget-wrap elementor-element-populated\">\n<div class=\"elementor-element elementor-element-e167085 elementor-widget elementor-widget-heading\" data-id=\"e167085\" data-element_type=\"widget\" data-widget_type=\"heading.default\">\n<div class=\"elementor-widget-container\">\n<style>\/*! elementor - v3.20.0 - 20-03-2024 *\/\n.elementor-heading-title{padding:0;margin:0;line-height:1}.elementor-widget-heading .elementor-heading-title[class*=elementor-size-]>a{color:inherit;font-size:inherit;line-height:inherit}.elementor-widget-heading .elementor-heading-title.elementor-size-small{font-size:15px}.elementor-widget-heading .elementor-heading-title.elementor-size-medium{font-size:19px}.elementor-widget-heading .elementor-heading-title.elementor-size-large{font-size:29px}.elementor-widget-heading .elementor-heading-title.elementor-size-xl{font-size:39px}.elementor-widget-heading .elementor-heading-title.elementor-size-xxl{font-size:59px}<\/style>\n<h2 class=\"elementor-heading-title elementor-size-default\">DJI Mavic Air 2 ND Filtrikomplekt (ND16\/64\/256)<\/h2>\n<\/p><\/div>\n<\/p><\/div>\n<\/p><\/div>\n<\/p><\/div>\n<\/p><\/div>\n<\/section>\n<section class=\"xts-negative-gap elementor-section elementor-top-section elementor-element elementor-element-287288f elementor-section-boxed elementor-section-height-default elementor-section-height-default xts-section-disabled\" data-id=\"287288f\" data-element_type=\"section\">\n<div class=\"elementor-container elementor-column-gap-default\">\n<div class=\"elementor-column elementor-col-100 elementor-top-column elementor-element elementor-element-784eab0\" data-id=\"784eab0\" data-element_type=\"column\">\n<div class=\"elementor-widget-wrap elementor-element-populated\">\n<div class=\"elementor-element elementor-element-4a9b5a3 elementor-widget elementor-widget-xts_title\" data-id=\"4a9b5a3\" data-element_type=\"widget\" data-widget_type=\"xts_title.default\">\n<div class=\"elementor-widget-container\">\n<div class=\"xts-section-heading xts-reset-mb-10 xts-reset-last xts-textalign-left\" data-animation-delay=\"\">\n<div class=\"xts-section-desc\">\n<div class=\"xts-section-desc-text xts-reset-all-last\" data-elementor-setting-key=\"description\">\n<p>DJI Mavic Air 2 ND Filtrikomplekt (ND16\/64\/256) \u2013 Specjalne gniazda kaamera Mavic Air 2. Zobacz komplekt sisaldab ND16, ND64 i ND256 filtreid. Potrzebujesz kvaliteetsed, valgust v\u00e4hendavad ND-filtrid v\u00e4hendavad andurisse tuleva valguse hulka, andes teile suurema kontrolli kaamera ava, s\u00e4riaja ja sensori tundlikkuse s\u00e4tete \u00fcle. Lihtsamalt \u00f6eldes aitavad ND-filtrid v\u00e4ltida \u00fcleekspositsiooni.<\/p>\n<ul>\n<li>Filtr ND16 v\u00e4hendab 1\/16 v\u00f5rra maatriksisse siseneva valguse hulka, mis on samav\u00e4\u00e4rne 4-stoppfiltriga.<\/li>\n<li>Filtr ND64 v\u00e4hendab 1\/64 v\u00f5rra maatriksisse siseneva valguse hulka, mis on samav\u00e4\u00e4rne 6-stoppfiltriga.<\/li>\n<li>Filtr ND256 v\u00e4hendab 1\/256 v\u00f5rra maatriksisse siseneva valguse hulka, mis on samav\u00e4\u00e4rne 8-stoppfiltriga.<\/li>\n<\/ul><\/div>\n<\/p><\/div>\n<\/p><\/div>\n<\/p><\/div>\n<\/p><\/div>\n<\/p><\/div>\n<\/p><\/div>\n<\/p><\/div>\n<\/section><\/div>","protected":false},"excerpt":{"rendered":"<p>DJI Mavic Air 2 ND Filtrikomplekt (ND16\/64\/256) Specjalny zestaw gniazd Mavic Air 2 do kamery.<\/p>","protected":false},"featured_media":1065,"template":"","meta":[],"product_cat":[79,17],"product_tag":[86,20],"class_list":{"0":"post-3211","1":"product","2":"type-product","3":"status-publish","4":"has-post-thumbnail","6":"product_brand-dji","7":"product_cat-dji-mavic-air-2","8":"product_cat-drones","9":"product_tag-air-2","10":"product_tag-dji","12":"first","13":"instock","14":"product-type-simple"},"_links":{"self":[{"href":"https:\/\/dronvictory.com\/pl\/wp-json\/wp\/v2\/product\/3211","targetHints":{"allow":["GET"]}}],"collection":[{"href":"https:\/\/dronvictory.com\/pl\/wp-json\/wp\/v2\/product"}],"about":[{"href":"https:\/\/dronvictory.com\/pl\/wp-json\/wp\/v2\/types\/product"}],"wp:featuredmedia":[{"embeddable":true,"href":"https:\/\/dronvictory.com\/pl\/wp-json\/wp\/v2\/media\/1065"}],"wp:attachment":[{"href":"https:\/\/dronvictory.com\/pl\/wp-json\/wp\/v2\/media?parent=3211"}],"wp:term":[{"taxonomy":"product_cat","embeddable":true,"href":"https:\/\/dronvictory.com\/pl\/wp-json\/wp\/v2\/product_cat?post=3211"},{"taxonomy":"product_tag","embeddable":true,"href":"https:\/\/dronvictory.com\/pl\/wp-json\/wp\/v2\/product_tag?post=3211"}],"curies":[{"name":"wp","href":"https:\/\/api.w.org\/{rel}","templated":true}]}}