{"id":3216,"date":"2025-06-02T07:20:43","date_gmt":"2025-06-02T07:20:43","guid":{"rendered":"http:\/\/localhost:3000\/product\/dji-mavic-mini-aku-laadimisjaam\/"},"modified":"2025-06-02T07:20:53","modified_gmt":"2025-06-02T07:20:53","slug":"dji-mavic-mini-aku-laadimisjaam","status":"publish","type":"product","link":"https:\/\/dronvictory.com\/pl\/produkt\/dji-mavic-mini-aku-laadimisjaam\/","title":{"rendered":"DJI Mavic Mini Aku dla aadimisji"},"content":{"rendered":"<div data-elementor-type=\"wp-post\" data-elementor-id=\"14989\" class=\"elementor elementor-14989 elementor-5564\" data-elementor-post-type=\"product\">\n<section class=\"xts-negative-gap elementor-section elementor-top-section elementor-element elementor-element-c6a51af elementor-section-boxed elementor-section-height-default elementor-section-height-default xts-section-disabled\" data-id=\"c6a51af\" data-element_type=\"section\">\n<div class=\"elementor-container elementor-column-gap-default\">\n<div class=\"elementor-column elementor-col-100 elementor-top-column elementor-element elementor-element-d3eb866\" data-id=\"d3eb866\" data-element_type=\"column\">\n<div class=\"elementor-widget-wrap elementor-element-populated\">\n<div class=\"elementor-element elementor-element-e167085 elementor-widget elementor-widget-heading\" data-id=\"e167085\" data-element_type=\"widget\" data-widget_type=\"heading.default\">\n<div class=\"elementor-widget-container\">\n<style>\/*! elementor - v3.20.0 - 20-03-2024 *\/\n.elementor-heading-title{padding:0;margin:0;line-height:1}.elementor-widget-heading .elementor-heading-title[class*=elementor-size-]>a{color:inherit;font-size:inherit;line-height:inherit}.elementor-widget-heading .elementor-heading-title.elementor-size-small{font-size:15px}.elementor-widget-heading .elementor-heading-title.elementor-size-medium{font-size:19px}.elementor-widget-heading .elementor-heading-title.elementor-size-large{font-size:29px}.elementor-widget-heading .elementor-heading-title.elementor-size-xl{font-size:39px}.elementor-widget-heading .elementor-heading-title.elementor-size-xxl{font-size:59px}<\/style>\n<h2 class=\"elementor-heading-title elementor-size-default\">DJI Mavic Mini Aku dla aadimisji<\/h2>\n<\/p><\/div>\n<\/p><\/div>\n<\/p><\/div>\n<\/p><\/div>\n<\/p><\/div>\n<\/section>\n<section class=\"xts-negative-gap elementor-section elementor-top-section elementor-element elementor-element-287288f elementor-section-boxed elementor-section-height-default elementor-section-height-default xts-section-disabled\" data-id=\"287288f\" data-element_type=\"section\">\n<div class=\"elementor-container elementor-column-gap-default\">\n<div class=\"elementor-column elementor-col-100 elementor-top-column elementor-element elementor-element-784eab0\" data-id=\"784eab0\" data-element_type=\"column\">\n<div class=\"elementor-widget-wrap elementor-element-populated\">\n<div class=\"elementor-element elementor-element-4a9b5a3 elementor-widget elementor-widget-xts_title\" data-id=\"4a9b5a3\" data-element_type=\"widget\" data-widget_type=\"xts_title.default\">\n<div class=\"elementor-widget-container\">\n<div class=\"xts-section-heading xts-reset-mb-10 xts-reset-last xts-textalign-left\" data-animation-delay=\"\">\n<div class=\"xts-section-desc\">\n<div class=\"xts-section-desc-text xts-reset-all-last\" data-elementor-setting-key=\"description\">\n<p>DJI Mavic Mini Aku laadimisjam \u2013 Laadimisjaam saab kasutada Mavic Mini akulaadijana ja toitepangana v\u00e4lisseadmete laadimiseks.<\/p>\n<ul>\n<li>T\u00f6\u00f6temperatura: 5\u00b0 kuni 40\u00b0C<\/li>\n<li>Napi\u0119cie zasilania: 5V\/2A 9V\/2A 12V\/2A<\/li>\n<li>Warto\u015b\u0107 USB: maks. 5 V\/2 A<\/li>\n<li>Kaal: umbe 80 g<\/li>\n<li><strong>\u0141adowanie:<\/strong><\/li>\n<li>Soovitatav DJI 18 W USB \u0142aduje. V\u00f5i FCC\/CE-sertifikaadiga USB-laadija, mis toetab kiirlaadimisprotokolli.<\/li>\n<li><strong>Aku ty:<\/strong><\/li>\n<li>MB2-2400mAh -7,2V<\/li>\n<li>MB3-1100 mAh -7,6 V<\/li>\n<li><strong>\u0141adowanie:*<\/strong><\/li>\n<li>Kolme MB2-2400mAh-7,2V akuga umbes 270 minut.<\/li>\n<li>Kolme MB3-1100mAh-7,6V akuga umbes 150 minut.<\/li>\n<\/ul>\n<p>* Mo\u017cna ustawi\u0107 temperatur\u0119 25\u00b0C i temperatur\u0119 DJI 18W USB. Laadimisaeg v\u00f5ib erineda olenevalt laadimiskaablist, temperatuurist v\u00f5i muudest teguritest.<\/p>\n<\/p><\/div>\n<\/p><\/div>\n<\/p><\/div>\n<\/p><\/div>\n<\/p><\/div>\n<\/p><\/div>\n<\/p><\/div>\n<\/p><\/div>\n<\/section><\/div>","protected":false},"excerpt":{"rendered":"<p>DJI Mavic Mini Aku laadimisja \u2013 saab kasutada Mavic Mini akulaadijana w dowolnym miejscu, w kt\u00f3rym mo\u017cna korzysta\u0107 z aplikacji.<\/p>","protected":false},"featured_media":1091,"template":"","meta":[],"product_cat":[98,17],"product_tag":[20,99],"class_list":{"0":"post-3216","1":"product","2":"type-product","3":"status-publish","4":"has-post-thumbnail","6":"product_brand-dji","7":"product_cat-dji-mavic-mini","8":"product_cat-drones","9":"product_tag-dji","10":"product_tag-mavic-mini","12":"first","13":"instock","14":"product-type-simple"},"_links":{"self":[{"href":"https:\/\/dronvictory.com\/pl\/wp-json\/wp\/v2\/product\/3216","targetHints":{"allow":["GET"]}}],"collection":[{"href":"https:\/\/dronvictory.com\/pl\/wp-json\/wp\/v2\/product"}],"about":[{"href":"https:\/\/dronvictory.com\/pl\/wp-json\/wp\/v2\/types\/product"}],"wp:featuredmedia":[{"embeddable":true,"href":"https:\/\/dronvictory.com\/pl\/wp-json\/wp\/v2\/media\/1091"}],"wp:attachment":[{"href":"https:\/\/dronvictory.com\/pl\/wp-json\/wp\/v2\/media?parent=3216"}],"wp:term":[{"taxonomy":"product_cat","embeddable":true,"href":"https:\/\/dronvictory.com\/pl\/wp-json\/wp\/v2\/product_cat?post=3216"},{"taxonomy":"product_tag","embeddable":true,"href":"https:\/\/dronvictory.com\/pl\/wp-json\/wp\/v2\/product_tag?post=3216"}],"curies":[{"name":"wp","href":"https:\/\/api.w.org\/{rel}","templated":true}]}}