{"id":3224,"date":"2025-06-02T07:20:43","date_gmt":"2025-06-02T07:20:43","guid":{"rendered":"http:\/\/localhost:3000\/product\/dji-mavic-3-enterprise-series-battery-kit\/"},"modified":"2025-06-02T07:21:00","modified_gmt":"2025-06-02T07:21:00","slug":"dji-mavic-3-enterprise-series-battery-kit","status":"publish","type":"product","link":"https:\/\/dronvictory.com\/pl\/produkt\/dji-mavic-3-enterprise-series-battery-kit\/","title":{"rendered":"Zestaw akumulator\u00f3w DJI Mavic 3 Enterprise Series"},"content":{"rendered":"<div data-elementor-type=\"wp-post\" data-elementor-id=\"24689\" class=\"elementor elementor-24689 elementor-24688\" data-elementor-post-type=\"product\">\n<section class=\"xts-negative-gap elementor-section elementor-top-section elementor-element elementor-element-b85bf63 elementor-section-boxed elementor-section-height-default elementor-section-height-default xts-section-disabled\" data-id=\"b85bf63\" data-element_type=\"section\">\n<div class=\"elementor-container elementor-column-gap-default\">\n<div class=\"elementor-column elementor-col-100 elementor-top-column elementor-element elementor-element-3b4babc\" data-id=\"3b4babc\" data-element_type=\"column\">\n<div class=\"elementor-widget-wrap elementor-element-populated\">\n<div class=\"elementor-element elementor-element-a1e79a9 elementor-widget elementor-widget-heading\" data-id=\"a1e79a9\" data-element_type=\"widget\" data-widget_type=\"heading.default\">\n<div class=\"elementor-widget-container\">\n<style>\/*! elementor - v3.20.0 - 20-03-2024 *\/\n.elementor-heading-title{padding:0;margin:0;line-height:1}.elementor-widget-heading .elementor-heading-title[class*=elementor-size-]>a{color:inherit;font-size:inherit;line-height:inherit}.elementor-widget-heading .elementor-heading-title.elementor-size-small{font-size:15px}.elementor-widget-heading .elementor-heading-title.elementor-size-medium{font-size:19px}.elementor-widget-heading .elementor-heading-title.elementor-size-large{font-size:29px}.elementor-widget-heading .elementor-heading-title.elementor-size-xl{font-size:39px}.elementor-widget-heading .elementor-heading-title.elementor-size-xxl{font-size:59px}<\/style>\n<h2 class=\"elementor-heading-title elementor-size-default\">Zestaw akumulator\u00f3w DJI Mavic 3 Enterprise Series<\/h2>\n<\/p><\/div>\n<\/p><\/div>\n<div class=\"elementor-element elementor-element-6702922 xts-textalign-left xts-scheme-inherit elementor-widget elementor-widget-text-editor\" data-id=\"6702922\" data-element_type=\"widget\" data-widget_type=\"text-editor.default\">\n<div class=\"elementor-widget-container\">\n<p>Zestaw baterii do dron\u00f3w DJI Mavic 3 Enterprise. Zawiera trzy inteligentne baterie lotnicze i jedn\u0105 \u0142adowark\u0119 baterii DJI Mavic 3 (100 W), aby sprosta\u0107 potrzebom d\u0142ugich operacji.<\/p>\n<p>DJI Mavic 3 100W Battery Charging Hub mo\u017cna u\u017cywa\u0107 do \u0142adowania akumulator\u00f3w. Po pod\u0142\u0105czeniu do odpowiedniej \u0142adowarki DJI Mavic 3 100W Battery Charging Hub mo\u017ce rozszerzy\u0107 liczb\u0119 interfejs\u00f3w \u0142adowania do trzech. Charging Hub zwi\u0119ksza wydajno\u015b\u0107, \u0142aduj\u0105c akumulatory sekwencyjnie zgodnie z poziomem pozosta\u0142ego na\u0142adowania, przy czym w pe\u0142ni na\u0142adowane akumulatory otrzymuj\u0105 zasilanie jako pierwsze.<\/p>\n<\/p><\/div>\n<\/p><\/div>\n<div class=\"elementor-element elementor-element-2546f9c elementor-widget elementor-widget-spacer\" data-id=\"2546f9c\" data-element_type=\"widget\" data-widget_type=\"spacer.default\">\n<div class=\"elementor-widget-container\">\n<div class=\"elementor-spacer\">\n<div class=\"elementor-spacer-inner\"><\/div>\n<\/p><\/div>\n<\/p><\/div>\n<\/p><\/div>\n<\/p><\/div>\n<\/p><\/div>\n<\/p><\/div>\n<\/section>\n<section class=\"xts-negative-gap elementor-section elementor-top-section elementor-element elementor-element-0a193fd elementor-section-boxed elementor-section-height-default elementor-section-height-default xts-section-disabled\" data-id=\"0a193fd\" data-element_type=\"section\">\n<div class=\"elementor-container elementor-column-gap-default\">\n<div class=\"elementor-column elementor-col-100 elementor-top-column elementor-element elementor-element-099dfbb\" data-id=\"099dfbb\" data-element_type=\"column\">\n<div class=\"elementor-widget-wrap elementor-element-populated\">\n<div class=\"elementor-element elementor-element-728bb6e elementor-widget elementor-widget-heading\" data-id=\"728bb6e\" data-element_type=\"widget\" data-widget_type=\"heading.default\">\n<div class=\"elementor-widget-container\">\n<h2 class=\"elementor-heading-title elementor-size-default\">G\u0142\u00f3wne cechy<\/h2>\n<\/p><\/div>\n<\/p><\/div>\n<div class=\"elementor-element elementor-element-3ae04e8 xts-textalign-left xts-scheme-inherit elementor-widget elementor-widget-text-editor\" data-id=\"3ae04e8\" data-element_type=\"widget\" data-widget_type=\"text-editor.default\">\n<div class=\"elementor-widget-container\">\n<p>Po pod\u0142\u0105czeniu do przeno\u015bnej lub samochodowej \u0142adowarki o mocy 100 W, stacja \u0142aduj\u0105ca akumulatory DJI Mavic 3 (100 W) mo\u017ce \u0142adowa\u0107 maksymalnie trzy akumulatory jednocze\u015bnie.<\/p>\n<\/p><\/div>\n<\/p><\/div>\n<div class=\"elementor-element elementor-element-5fd04e2 elementor-widget elementor-widget-spacer\" data-id=\"5fd04e2\" data-element_type=\"widget\" data-widget_type=\"spacer.default\">\n<div class=\"elementor-widget-container\">\n<div class=\"elementor-spacer\">\n<div class=\"elementor-spacer-inner\"><\/div>\n<\/p><\/div>\n<\/p><\/div>\n<\/p><\/div>\n<\/p><\/div>\n<\/p><\/div>\n<\/p><\/div>\n<\/section>\n<section class=\"xts-negative-gap elementor-section elementor-top-section elementor-element elementor-element-e4534cb elementor-section-boxed elementor-section-height-default elementor-section-height-default xts-section-disabled\" data-id=\"e4534cb\" data-element_type=\"section\">\n<div class=\"elementor-container elementor-column-gap-default\">\n<div class=\"elementor-column elementor-col-100 elementor-top-column elementor-element elementor-element-e73d1fc\" data-id=\"e73d1fc\" data-element_type=\"column\">\n<div class=\"elementor-widget-wrap elementor-element-populated\">\n<div class=\"elementor-element elementor-element-768ec2e elementor-widget elementor-widget-heading\" data-id=\"768ec2e\" data-element_type=\"widget\" data-widget_type=\"heading.default\">\n<div class=\"elementor-widget-container\">\n<h2 class=\"elementor-heading-title elementor-size-default\">Porady<\/h2>\n<\/p><\/div>\n<\/p><\/div>\n<div class=\"elementor-element elementor-element-5ad7e99 xts-textalign-left xts-scheme-inherit elementor-widget elementor-widget-text-editor\" data-id=\"5ad7e99\" data-element_type=\"widget\" data-widget_type=\"text-editor.default\">\n<div class=\"elementor-widget-container\">\n<p>\u0141adowarka nie jest do\u0142\u0105czona.<\/p>\n<p>Zakres temperatury roboczej od 5\u00b0 do 40\u00b0C<\/p>\n<p>Czas \u0142adowania zale\u017cy od u\u017cytej \u0142adowarki:<\/p>\n<ul>\n<li>Z zasilaczem DJI 100 W USB-C: oko\u0142o 1 godziny 10 minut (na ka\u017cd\u0105 bateri\u0119).<\/li>\n<li>Z przeno\u015bn\u0105 \u0142adowark\u0105 DJI 65W: ok. 1 godziny 36 minut (ka\u017cda bateria)<\/li>\n<li>Z \u0142adowark\u0105 samochodow\u0105 DJI 65W: oko\u0142o 1 godziny i 36 minut (na ka\u017cdy akumulator)<\/li>\n<\/ul><\/div>\n<\/p><\/div>\n<div class=\"elementor-element elementor-element-c24b7dd elementor-widget elementor-widget-spacer\" data-id=\"c24b7dd\" data-element_type=\"widget\" data-widget_type=\"spacer.default\">\n<div class=\"elementor-widget-container\">\n<div class=\"elementor-spacer\">\n<div class=\"elementor-spacer-inner\"><\/div>\n<\/p><\/div>\n<\/p><\/div>\n<\/p><\/div>\n<\/p><\/div>\n<\/p><\/div>\n<\/p><\/div>\n<\/section>\n<section class=\"xts-negative-gap elementor-section elementor-top-section elementor-element elementor-element-511dbc7 elementor-section-boxed elementor-section-height-default elementor-section-height-default xts-section-disabled\" data-id=\"511dbc7\" data-element_type=\"section\">\n<div class=\"elementor-container elementor-column-gap-default\">\n<div class=\"elementor-column elementor-col-100 elementor-top-column elementor-element elementor-element-b26d369\" data-id=\"b26d369\" data-element_type=\"column\">\n<div class=\"elementor-widget-wrap elementor-element-populated\">\n<div class=\"elementor-element elementor-element-c8b4825 elementor-widget elementor-widget-heading\" data-id=\"c8b4825\" data-element_type=\"widget\" data-widget_type=\"heading.default\">\n<div class=\"elementor-widget-container\">\n<h2 class=\"elementor-heading-title elementor-size-default\">W pude\u0142ku<\/h2>\n<\/p><\/div>\n<\/p><\/div>\n<div class=\"elementor-element elementor-element-fc07770 xts-textalign-left xts-scheme-inherit elementor-widget elementor-widget-text-editor\" data-id=\"fc07770\" data-element_type=\"widget\" data-widget_type=\"text-editor.default\">\n<div class=\"elementor-widget-container\">\n<ul>\n<li>DJI Mavic 3 Inteligentny akumulator lotniczy \u00d7 2<\/li>\n<li>DJI Mavic 3 100W Hub \u0142adowania baterii \u00d7 1<\/li>\n<\/ul><\/div>\n<\/p><\/div>\n<div class=\"elementor-element elementor-element-98adc95 elementor-widget elementor-widget-spacer\" data-id=\"98adc95\" data-element_type=\"widget\" data-widget_type=\"spacer.default\">\n<div class=\"elementor-widget-container\">\n<div class=\"elementor-spacer\">\n<div class=\"elementor-spacer-inner\"><\/div>\n<\/p><\/div>\n<\/p><\/div>\n<\/p><\/div>\n<\/p><\/div>\n<\/p><\/div>\n<\/p><\/div>\n<\/section><\/div>","protected":false},"excerpt":{"rendered":"<p>Zestaw baterii do dron\u00f3w DJI Mavic 3 Enterprise. Zawiera trzy inteligentne baterie lotnicze i jedn\u0105 \u0142adowark\u0119 baterii DJI Mavic 3 (100 W), aby sprosta\u0107 potrzebom d\u0142ugich operacji.<\/p>","protected":false},"featured_media":831,"template":"","meta":[],"product_cat":[85,84,83],"product_tag":[121,20,108,23,71],"class_list":{"0":"post-3224","1":"product","2":"type-product","3":"status-publish","4":"has-post-thumbnail","6":"product_brand-dji","7":"product_cat-accessories-for-mavic-3-enterprise","8":"product_cat-dji-mavic-3-enterprise","9":"product_cat-enterprise-drones","10":"product_tag-battery-kit","11":"product_tag-dji","12":"product_tag-enterprise","13":"product_tag-mavic-3","14":"product_tag-set","16":"first","17":"instock","18":"sale","19":"purchasable","20":"product-type-simple"},"_links":{"self":[{"href":"https:\/\/dronvictory.com\/pl\/wp-json\/wp\/v2\/product\/3224","targetHints":{"allow":["GET"]}}],"collection":[{"href":"https:\/\/dronvictory.com\/pl\/wp-json\/wp\/v2\/product"}],"about":[{"href":"https:\/\/dronvictory.com\/pl\/wp-json\/wp\/v2\/types\/product"}],"wp:featuredmedia":[{"embeddable":true,"href":"https:\/\/dronvictory.com\/pl\/wp-json\/wp\/v2\/media\/831"}],"wp:attachment":[{"href":"https:\/\/dronvictory.com\/pl\/wp-json\/wp\/v2\/media?parent=3224"}],"wp:term":[{"taxonomy":"product_cat","embeddable":true,"href":"https:\/\/dronvictory.com\/pl\/wp-json\/wp\/v2\/product_cat?post=3224"},{"taxonomy":"product_tag","embeddable":true,"href":"https:\/\/dronvictory.com\/pl\/wp-json\/wp\/v2\/product_tag?post=3224"}],"curies":[{"name":"wp","href":"https:\/\/api.w.org\/{rel}","templated":true}]}}