{"id":3229,"date":"2025-06-02T07:20:43","date_gmt":"2025-06-02T07:20:43","guid":{"rendered":"http:\/\/localhost:3000\/product\/rtk-moodul-dji-mavic-3-enterprise-series-droonidele\/"},"modified":"2025-06-02T07:21:04","modified_gmt":"2025-06-02T07:21:04","slug":"rtk-moodul-dji-mavic-3-enterprise-series-droonidele","status":"publish","type":"product","link":"https:\/\/dronvictory.com\/pl\/produkt\/rtk-moodul-dji-mavic-3-enterprise-series-droonidele\/","title":{"rendered":"RTK nastrojowy DJI Mavic 3 Enterprise Series droonidele"},"content":{"rendered":"<div data-elementor-type=\"wp-post\" data-elementor-id=\"35661\" class=\"elementor elementor-35661 elementor-31076\" data-elementor-post-type=\"product\">\n<section class=\"xts-negative-gap elementor-section elementor-top-section elementor-element elementor-element-ea0149b elementor-section-boxed elementor-section-height-default elementor-section-height-default xts-section-disabled\" data-id=\"ea0149b\" data-element_type=\"section\">\n<div class=\"elementor-container elementor-column-gap-default\">\n<div class=\"elementor-column elementor-col-100 elementor-top-column elementor-element elementor-element-2c7bae0\" data-id=\"2c7bae0\" data-element_type=\"column\">\n<div class=\"elementor-widget-wrap elementor-element-populated\">\n<div class=\"elementor-element elementor-element-b04e559 elementor-widget elementor-widget-xts_title\" data-id=\"b04e559\" data-element_type=\"widget\" data-widget_type=\"xts_title.default\">\n<div class=\"elementor-widget-container\">\n<div class=\"xts-section-heading xts-reset-mb-10 xts-reset-last xts-textalign-center\" data-animation-delay=\"\">\n<h3 class=\"xts-section-title title xts-design-default xts-fontsize-l\">\n\t\t\t\t\t\t<span class=\"xts-section-title-text\" data-elementor-setting-key=\"title\"><br \/>\n\t\t\t\t\t\t\tRTK nastrojowy DJI Mavic 3 Enterprise Series droonidele\t\t\t\t\t\t<\/span><\/p>\n<\/h3>\n<div class=\"xts-section-desc\">\n<div class=\"xts-section-desc-text xts-reset-all-last\" data-elementor-setting-key=\"description\">\n<p>RTK nastrojowy DJI Mavic 3 Enterprise Series droonidele. Tagab sentimeetri t\u00e4psuse tasemel positsioneerimise v\u00e4ikese energiatarbimise ja suure j\u00f5udlusega.<\/p>\n<\/p><\/div>\n<\/p><\/div>\n<\/p><\/div>\n<\/p><\/div>\n<\/p><\/div>\n<\/p><\/div>\n<\/p><\/div>\n<\/p><\/div>\n<\/section><\/div>","protected":false},"excerpt":{"rendered":"<p>RTK nastrojowy DJI Mavic 3 Enterprise Series droonidele. Tagab sentimeetri t\u00e4psuse tasemel positsioneerimise v\u00e4ikese energiatarbimise ja suure j\u00f5udlusega.<\/p>","protected":false},"featured_media":947,"template":"","meta":[],"product_cat":[85,84,83],"product_tag":[20,108,23,118],"class_list":{"0":"post-3229","1":"product","2":"type-product","3":"status-publish","4":"has-post-thumbnail","6":"product_brand-dji","7":"product_cat-accessories-for-mavic-3-enterprise","8":"product_cat-dji-mavic-3-enterprise","9":"product_cat-enterprise-drones","10":"product_tag-dji","11":"product_tag-enterprise","12":"product_tag-mavic-3","13":"product_tag-rtk","15":"first","16":"instock","17":"product-type-simple"},"_links":{"self":[{"href":"https:\/\/dronvictory.com\/pl\/wp-json\/wp\/v2\/product\/3229","targetHints":{"allow":["GET"]}}],"collection":[{"href":"https:\/\/dronvictory.com\/pl\/wp-json\/wp\/v2\/product"}],"about":[{"href":"https:\/\/dronvictory.com\/pl\/wp-json\/wp\/v2\/types\/product"}],"wp:featuredmedia":[{"embeddable":true,"href":"https:\/\/dronvictory.com\/pl\/wp-json\/wp\/v2\/media\/947"}],"wp:attachment":[{"href":"https:\/\/dronvictory.com\/pl\/wp-json\/wp\/v2\/media?parent=3229"}],"wp:term":[{"taxonomy":"product_cat","embeddable":true,"href":"https:\/\/dronvictory.com\/pl\/wp-json\/wp\/v2\/product_cat?post=3229"},{"taxonomy":"product_tag","embeddable":true,"href":"https:\/\/dronvictory.com\/pl\/wp-json\/wp\/v2\/product_tag?post=3229"}],"curies":[{"name":"wp","href":"https:\/\/api.w.org\/{rel}","templated":true}]}}