{"id":3230,"date":"2025-06-02T07:20:43","date_gmt":"2025-06-02T07:20:43","guid":{"rendered":"http:\/\/localhost:3000\/product\/dji-mavic-3-enterprise-100w-aku-laadimisjaam\/"},"modified":"2025-06-02T07:21:05","modified_gmt":"2025-06-02T07:21:05","slug":"dji-mavic-3-enterprise-100w-aku-laadimisjaam","status":"publish","type":"product","link":"https:\/\/dronvictory.com\/pl\/produkt\/dji-mavic-3-enterprise-100w-aku-laadimisjaam\/","title":{"rendered":"DJI Mavic 3 Enterprise 100W to adimisja"},"content":{"rendered":"<div data-elementor-type=\"wp-post\" data-elementor-id=\"31126\" class=\"elementor elementor-31126 elementor-31124\" data-elementor-post-type=\"product\">\n<section class=\"xts-negative-gap elementor-section elementor-top-section elementor-element elementor-element-3ccfa26 elementor-section-boxed elementor-section-height-default elementor-section-height-default xts-section-disabled\" data-id=\"3ccfa26\" data-element_type=\"section\">\n<div class=\"elementor-container elementor-column-gap-default\">\n<div class=\"elementor-column elementor-col-100 elementor-top-column elementor-element elementor-element-a619e12\" data-id=\"a619e12\" data-element_type=\"column\">\n<div class=\"elementor-widget-wrap elementor-element-populated\">\n<div class=\"elementor-element elementor-element-c7b07eb elementor-widget elementor-widget-xts_title\" data-id=\"c7b07eb\" data-element_type=\"widget\" data-widget_type=\"xts_title.default\">\n<div class=\"elementor-widget-container\">\n<div class=\"xts-section-heading xts-reset-mb-10 xts-reset-last xts-textalign-center\" data-animation-delay=\"\">\n<h3 class=\"xts-section-title title xts-design-default xts-fontsize-l\">\n\t\t\t\t\t\t<span class=\"xts-section-title-text\" data-elementor-setting-key=\"title\"><br \/>\n\t\t\t\t\t\t\tDJI Mavic 3 Enterprise 100W to adimisja\t\t\t\t\t\t<\/span><\/p>\n<\/h3>\n<div class=\"xts-section-desc\">\n<div class=\"xts-section-desc-text xts-reset-all-last\" data-elementor-setting-key=\"description\">\n<p>Kui \u00fchendate spetsiaalse laadijaga, v\u00f5ib 100 W v\u00f5imsusega DJI Mavic 3 akulaadija laiendada laadimisliidest kolmeni. Aku laadimiskeskus parandab t\u00f5husust, laadides akusid j\u00e4rjestikku Vastavalt nende j\u00e4relej\u00e4\u00e4nud laetuse tasemele, kusjuures k\u00f5ige paremini laetud akud saavad k\u00f5igepealt toidet.<\/p>\n<\/p><\/div>\n<\/p><\/div>\n<\/p><\/div>\n<\/p><\/div>\n<\/p><\/div>\n<\/p><\/div>\n<\/p><\/div>\n<\/p><\/div>\n<\/section><\/div>","protected":false},"excerpt":{"rendered":"<p>100 W v\u00f5imsusega DJI USB-C toiteadapteriga \u00fchendamisel, saab zobacz kiiresti laadida kuni kolme akut j\u00e4rjest.<\/p>","protected":false},"featured_media":1053,"template":"","meta":[],"product_cat":[85,84,83],"product_tag":[20,108,23],"class_list":{"0":"post-3230","1":"product","2":"type-product","3":"status-publish","4":"has-post-thumbnail","6":"product_brand-dji","7":"product_cat-accessories-for-mavic-3-enterprise","8":"product_cat-dji-mavic-3-enterprise","9":"product_cat-enterprise-drones","10":"product_tag-dji","11":"product_tag-enterprise","12":"product_tag-mavic-3","14":"first","15":"instock","16":"product-type-simple"},"_links":{"self":[{"href":"https:\/\/dronvictory.com\/pl\/wp-json\/wp\/v2\/product\/3230","targetHints":{"allow":["GET"]}}],"collection":[{"href":"https:\/\/dronvictory.com\/pl\/wp-json\/wp\/v2\/product"}],"about":[{"href":"https:\/\/dronvictory.com\/pl\/wp-json\/wp\/v2\/types\/product"}],"wp:featuredmedia":[{"embeddable":true,"href":"https:\/\/dronvictory.com\/pl\/wp-json\/wp\/v2\/media\/1053"}],"wp:attachment":[{"href":"https:\/\/dronvictory.com\/pl\/wp-json\/wp\/v2\/media?parent=3230"}],"wp:term":[{"taxonomy":"product_cat","embeddable":true,"href":"https:\/\/dronvictory.com\/pl\/wp-json\/wp\/v2\/product_cat?post=3230"},{"taxonomy":"product_tag","embeddable":true,"href":"https:\/\/dronvictory.com\/pl\/wp-json\/wp\/v2\/product_tag?post=3230"}],"curies":[{"name":"wp","href":"https:\/\/api.w.org\/{rel}","templated":true}]}}