{"id":3246,"date":"2025-06-02T07:21:14","date_gmt":"2025-06-02T07:21:14","guid":{"rendered":"http:\/\/localhost:3000\/product\/ailf-u10-laser-methane-leakage-detector\/"},"modified":"2025-06-02T07:21:30","modified_gmt":"2025-06-02T07:21:30","slug":"ailf-u10-laser-methane-leakage-detector","status":"publish","type":"product","link":"https:\/\/dronvictory.com\/pl\/produkt\/ailf-u10-laser-methane-leakage-detector\/","title":{"rendered":"Detektor wycieku metanu laserowy AILF U10"},"content":{"rendered":"<div data-elementor-type=\"wp-post\" data-elementor-id=\"26342\" class=\"elementor elementor-26342 elementor-7713\" data-elementor-post-type=\"product\">\n<section class=\"xts-negative-gap elementor-section elementor-top-section elementor-element elementor-element-ea4d5bf elementor-section-boxed elementor-section-height-default elementor-section-height-default xts-section-disabled\" data-id=\"ea4d5bf\" data-element_type=\"section\">\n<div class=\"elementor-container elementor-column-gap-default\">\n<div class=\"elementor-column elementor-col-100 elementor-top-column elementor-element elementor-element-22296ff\" data-id=\"22296ff\" data-element_type=\"column\">\n<div class=\"elementor-widget-wrap elementor-element-populated\">\n<div class=\"elementor-element elementor-element-05f39b9 elementor-widget elementor-widget-spacer\" data-id=\"05f39b9\" data-element_type=\"widget\" data-widget_type=\"spacer.default\">\n<div class=\"elementor-widget-container\">\n<div class=\"elementor-spacer\">\n<div class=\"elementor-spacer-inner\"><\/div>\n<\/p><\/div>\n<\/p><\/div>\n<\/p><\/div>\n<div class=\"elementor-element elementor-element-11997e6 elementor-widget elementor-widget-heading\" data-id=\"11997e6\" data-element_type=\"widget\" data-widget_type=\"heading.default\">\n<div class=\"elementor-widget-container\">\n<style>\/*! elementor - v3.20.0 - 20-03-2024 *\/\n.elementor-heading-title{padding:0;margin:0;line-height:1}.elementor-widget-heading .elementor-heading-title[class*=elementor-size-]>a{color:inherit;font-size:inherit;line-height:inherit}.elementor-widget-heading .elementor-heading-title.elementor-size-small{font-size:15px}.elementor-widget-heading .elementor-heading-title.elementor-size-medium{font-size:19px}.elementor-widget-heading .elementor-heading-title.elementor-size-large{font-size:29px}.elementor-widget-heading .elementor-heading-title.elementor-size-xl{font-size:39px}.elementor-widget-heading .elementor-heading-title.elementor-size-xxl{font-size:59px}<\/style>\n<h2 class=\"elementor-heading-title elementor-size-default\">Detektor wycieku metanu laserowy AILF U10<\/h2>\n<\/p><\/div>\n<\/p><\/div>\n<div class=\"elementor-element elementor-element-e0e363e xts-textalign-center xts-scheme-inherit elementor-widget elementor-widget-text-editor\" data-id=\"e0e363e\" data-element_type=\"widget\" data-widget_type=\"text-editor.default\">\n<div class=\"elementor-widget-container\">\n<p>U10 to lekki, wysoce czu\u0142y detektor gazu oparty na spektroskopii absorpcji lasera diodowego (TDLAS). Umo\u017cliwia szybk\u0105 identyfikacj\u0119 metanu z odleg\u0142o\u015bci do 100 m lub przy st\u0119\u017ceniu tak niskim jak 5 ppm.m. Zasilany przez DJI SkyPort, U10 mo\u017cna bezproblemowo zintegrowa\u0107 z DJI Matrice 200 Series i Matrice 300 RTK<\/p>\n<\/p><\/div>\n<\/p><\/div>\n<div class=\"elementor-element elementor-element-bd121c9 elementor-widget elementor-widget-spacer\" data-id=\"bd121c9\" data-element_type=\"widget\" data-widget_type=\"spacer.default\">\n<div class=\"elementor-widget-container\">\n<div class=\"elementor-spacer\">\n<div class=\"elementor-spacer-inner\"><\/div>\n<\/p><\/div>\n<\/p><\/div>\n<\/p><\/div>\n<\/p><\/div>\n<\/p><\/div>\n<\/p><\/div>\n<\/section>\n<section class=\"xts-negative-gap elementor-section elementor-top-section elementor-element elementor-element-130f523 elementor-section-boxed elementor-section-height-default elementor-section-height-default xts-section-disabled\" data-id=\"130f523\" data-element_type=\"section\">\n<div class=\"elementor-container elementor-column-gap-default\">\n<div class=\"elementor-column elementor-col-100 elementor-top-column elementor-element elementor-element-90d6410\" data-id=\"90d6410\" data-element_type=\"column\">\n<div class=\"elementor-widget-wrap elementor-element-populated\">\n<div class=\"elementor-element elementor-element-21daeff elementor-widget elementor-widget-heading\" data-id=\"21daeff\" data-element_type=\"widget\" data-widget_type=\"heading.default\">\n<div class=\"elementor-widget-container\">\n<h2 class=\"elementor-heading-title elementor-size-default\">Korzy\u015bci z U10<\/h2>\n<\/p><\/div>\n<\/p><\/div>\n<div class=\"elementor-element elementor-element-8ebc8dc xts-scheme-inherit xts-textalign-inherit elementor-widget elementor-widget-text-editor\" data-id=\"8ebc8dc\" data-element_type=\"widget\" data-widget_type=\"text-editor.default\">\n<div class=\"elementor-widget-container\">\n<ul>\n<li><strong>Dok\u0142adne wyniki z odleg\u0142o\u015bci do 100 m<\/strong> Zapewnij bezpiecze\u0144stwo pracownikom, wykrywaj\u0105c i monitoruj\u0105c wycieki metanu z odleg\u0142o\u015bci do 100 m, z pe\u0142n\u0105 kontrol\u0105 nachylenia dla uzyskania dok\u0142adno\u015bci. Uzyskaj odczyty st\u0119\u017cenia metanu w czasie rzeczywistym, aby zlokalizowa\u0107 wycieki w niebezpiecznych lub trudno dost\u0119pnych miejscach, jednocze\u015bnie zapewniaj\u0105c bezpiecze\u0144stwo personelowi.<\/li>\n<li><strong>Wizualizuj wykrywanie<\/strong> U10 ma wysok\u0105 czu\u0142o\u015b\u0107, umo\u017cliwiaj\u0105c\u0105 wykrywanie przy st\u0119\u017ceniu tak niskim jak 5 ppm.m. Czas reakcji 25 ms zapewnia informacje zwrotne w czasie rzeczywistym, co pozwala na szybkie podejmowanie decyzji. Kamera wizualna 720p pomaga operatorom uzyska\u0107 widok z powietrza na podejrzewany wyciek lub miejsce wycieku.<\/li>\n<li><strong>Zautomatyzowane przep\u0142ywy pracy<\/strong> Planuj misje lotnicze i przegl\u0105daj trasy lot\u00f3w, monitoruj poziomy st\u0119\u017ce\u0144 gaz\u00f3w i trendy historyczne w czasie rzeczywistym, oznaczaj okre\u015blone punkty na trasie lotu pod k\u0105tem nieprawid\u0142owo\u015bci i generuj raporty z inspekcji \u2014 wszystko za po\u015brednictwem aplikacji \u03b1-ONE iOS.<\/li>\n<\/ul><\/div>\n<\/p><\/div>\n<div class=\"elementor-element elementor-element-03c91b5 elementor-widget elementor-widget-spacer\" data-id=\"03c91b5\" data-element_type=\"widget\" data-widget_type=\"spacer.default\">\n<div class=\"elementor-widget-container\">\n<div class=\"elementor-spacer\">\n<div class=\"elementor-spacer-inner\"><\/div>\n<\/p><\/div>\n<\/p><\/div>\n<\/p><\/div>\n<\/p><\/div>\n<\/p><\/div>\n<\/p><\/div>\n<\/section>\n<section class=\"xts-negative-gap elementor-section elementor-top-section elementor-element elementor-element-609b3a4 elementor-section-boxed elementor-section-height-default elementor-section-height-default xts-section-disabled\" data-id=\"609b3a4\" data-element_type=\"section\">\n<div class=\"elementor-container elementor-column-gap-default\">\n<div class=\"elementor-column elementor-col-100 elementor-top-column elementor-element elementor-element-0fbe225\" data-id=\"0fbe225\" data-element_type=\"column\">\n<div class=\"elementor-widget-wrap elementor-element-populated\">\n<div class=\"elementor-element elementor-element-ed4d410 elementor-widget elementor-widget-heading\" data-id=\"ed4d410\" data-element_type=\"widget\" data-widget_type=\"heading.default\">\n<div class=\"elementor-widget-container\">\n<h2 class=\"elementor-heading-title elementor-size-default\">Zastosowania:<\/h2>\n<\/p><\/div>\n<\/p><\/div>\n<div class=\"elementor-element elementor-element-5bf4557 xts-textalign-center xts-scheme-inherit elementor-widget elementor-widget-text-editor\" data-id=\"5bf4557\" data-element_type=\"widget\" data-widget_type=\"text-editor.default\">\n<div class=\"elementor-widget-container\">\n<p>U\u017cyj wiod\u0105cych platform dron\u00f3w DJI wyposa\u017conych w U10 do inspekcji i konserwacji obiekt\u00f3w, takich jak zak\u0142ady gazu ziemnego p\u0142ynnego, zbiorniki magazynowe gazu i gazoci\u0105gi w obszarach, do kt\u00f3rych operatorzy maj\u0105 utrudniony dost\u0119p, takich jak g\u00f3ry lub rzeki. Dzi\u0119ki U10 u\u017cytkownicy mog\u0105 dok\u0142adnie wykrywa\u0107 i monitorowa\u0107 wycieki metanu, aby szybko podejmowa\u0107 \u015bwiadome decyzje dotycz\u0105ce reakcji.<\/p>\n<\/p><\/div>\n<\/p><\/div>\n<div class=\"elementor-element elementor-element-1e55a35 elementor-widget elementor-widget-spacer\" data-id=\"1e55a35\" data-element_type=\"widget\" data-widget_type=\"spacer.default\">\n<div class=\"elementor-widget-container\">\n<div class=\"elementor-spacer\">\n<div class=\"elementor-spacer-inner\"><\/div>\n<\/p><\/div>\n<\/p><\/div>\n<\/p><\/div>\n<\/p><\/div>\n<\/p><\/div>\n<\/p><\/div>\n<\/section>\n<section class=\"xts-negative-gap elementor-section elementor-top-section elementor-element elementor-element-60b1b8c elementor-section-boxed elementor-section-height-default elementor-section-height-default xts-section-disabled\" data-id=\"60b1b8c\" data-element_type=\"section\">\n<div class=\"elementor-container elementor-column-gap-default\">\n<div class=\"elementor-column elementor-col-100 elementor-top-column elementor-element elementor-element-86819bf\" data-id=\"86819bf\" data-element_type=\"column\">\n<div class=\"elementor-widget-wrap elementor-element-populated\">\n<div class=\"elementor-element elementor-element-bfd066b elementor-widget elementor-widget-heading\" data-id=\"bfd066b\" data-element_type=\"widget\" data-widget_type=\"heading.default\">\n<div class=\"elementor-widget-container\">\n<h2 class=\"elementor-heading-title elementor-size-default\">Kompatybilny sprz\u0119t:<\/h2>\n<\/p><\/div>\n<\/p><\/div>\n<div class=\"elementor-element elementor-element-1a58404 xts-textalign-left xts-scheme-inherit elementor-widget elementor-widget-text-editor\" data-id=\"1a58404\" data-element_type=\"widget\" data-widget_type=\"text-editor.default\">\n<div class=\"elementor-widget-container\">\n<p><strong>Platformy lataj\u0105ce:<\/strong> Seria DJI Matrice 200 V1 i Matrice 200 V2<\/p>\n<p>Konstrukcja pozwala na u\u017cywanie U10 z gimbalami kamer Zenmuse XT2, Zenmuse Z30 i Zenmuse X5S w dronach M210, M210 V2, M210 RTK, M210 RTK V2, Matrice 300 RTK.<\/p>\n<p>Aby w pe\u0142ni korzysta\u0107 z funkcji, nale\u017cy pobra\u0107 aplikacj\u0119 \u03b1-ONE ze sklepu App Store<\/p>\n<\/p><\/div>\n<\/p><\/div>\n<\/p><\/div>\n<\/p><\/div>\n<\/p><\/div>\n<\/section><\/div>","protected":false},"excerpt":{"rendered":"<p>AILF U10 Laserowy detektor wycieku metanu do u\u017cytku na przemys\u0142owych platformach lataj\u0105cych DJI. Mo\u017cna go u\u017cywa\u0107 z gimbalami i platformami Zenmuse M200, M300.<\/p>","protected":false},"featured_media":2739,"template":"","meta":[],"product_cat":[83,129,140],"product_tag":[141,20,142],"class_list":{"0":"post-3246","1":"product","2":"type-product","3":"status-publish","4":"has-post-thumbnail","6":"product_brand-dji","7":"product_cat-enterprise-drones","8":"product_cat-payload-for-drones","9":"product_cat-suspended-equipment","10":"product_tag-ailf","11":"product_tag-dji","12":"product_tag-u10","14":"first","15":"instock","16":"product-type-simple"},"_links":{"self":[{"href":"https:\/\/dronvictory.com\/pl\/wp-json\/wp\/v2\/product\/3246","targetHints":{"allow":["GET"]}}],"collection":[{"href":"https:\/\/dronvictory.com\/pl\/wp-json\/wp\/v2\/product"}],"about":[{"href":"https:\/\/dronvictory.com\/pl\/wp-json\/wp\/v2\/types\/product"}],"wp:featuredmedia":[{"embeddable":true,"href":"https:\/\/dronvictory.com\/pl\/wp-json\/wp\/v2\/media\/2739"}],"wp:attachment":[{"href":"https:\/\/dronvictory.com\/pl\/wp-json\/wp\/v2\/media?parent=3246"}],"wp:term":[{"taxonomy":"product_cat","embeddable":true,"href":"https:\/\/dronvictory.com\/pl\/wp-json\/wp\/v2\/product_cat?post=3246"},{"taxonomy":"product_tag","embeddable":true,"href":"https:\/\/dronvictory.com\/pl\/wp-json\/wp\/v2\/product_tag?post=3246"}],"curies":[{"name":"wp","href":"https:\/\/api.w.org\/{rel}","templated":true}]}}