{"id":3247,"date":"2025-06-02T07:21:14","date_gmt":"2025-06-02T07:21:14","guid":{"rendered":"http:\/\/localhost:3000\/product\/dji-wingsland-z15-gimbal-spotlight\/"},"modified":"2025-06-02T07:21:31","modified_gmt":"2025-06-02T07:21:31","slug":"dji-wingsland-z15-gimbal-spotlight","status":"publish","type":"product","link":"https:\/\/dronvictory.com\/pl\/produkt\/dji-wingsland-z15-gimbal-spotlight\/","title":{"rendered":"DJI Wingsland Z15 Gimbal Spotlight"},"content":{"rendered":"<div data-elementor-type=\"wp-post\" data-elementor-id=\"26344\" class=\"elementor elementor-26344 elementor-7707\" data-elementor-post-type=\"product\">\n<section class=\"xts-negative-gap elementor-section elementor-top-section elementor-element elementor-element-ea4d5bf elementor-section-boxed elementor-section-height-default elementor-section-height-default xts-section-disabled\" data-id=\"ea4d5bf\" data-element_type=\"section\">\n<div class=\"elementor-container elementor-column-gap-default\">\n<div class=\"elementor-column elementor-col-100 elementor-top-column elementor-element elementor-element-22296ff\" data-id=\"22296ff\" data-element_type=\"column\">\n<div class=\"elementor-widget-wrap elementor-element-populated\">\n<div class=\"elementor-element elementor-element-05f39b9 elementor-widget elementor-widget-spacer\" data-id=\"05f39b9\" data-element_type=\"widget\" data-widget_type=\"spacer.default\">\n<div class=\"elementor-widget-container\">\n<div class=\"elementor-spacer\">\n<div class=\"elementor-spacer-inner\"><\/div>\n<\/p><\/div>\n<\/p><\/div>\n<\/p><\/div>\n<div class=\"elementor-element elementor-element-11997e6 elementor-widget elementor-widget-heading\" data-id=\"11997e6\" data-element_type=\"widget\" data-widget_type=\"heading.default\">\n<div class=\"elementor-widget-container\">\n<style>\/*! elementor - v3.20.0 - 20-03-2024 *\/\n.elementor-heading-title{padding:0;margin:0;line-height:1}.elementor-widget-heading .elementor-heading-title[class*=elementor-size-]>a{color:inherit;font-size:inherit;line-height:inherit}.elementor-widget-heading .elementor-heading-title.elementor-size-small{font-size:15px}.elementor-widget-heading .elementor-heading-title.elementor-size-medium{font-size:19px}.elementor-widget-heading .elementor-heading-title.elementor-size-large{font-size:29px}.elementor-widget-heading .elementor-heading-title.elementor-size-xl{font-size:39px}.elementor-widget-heading .elementor-heading-title.elementor-size-xxl{font-size:59px}<\/style>\n<h2 class=\"elementor-heading-title elementor-size-default\">DJI Wingsland Z15 Gimbal Spotlight<\/h2>\n<\/p><\/div>\n<\/p><\/div>\n<div class=\"elementor-element elementor-element-e0e363e xts-textalign-center xts-scheme-inherit elementor-widget elementor-widget-text-editor\" data-id=\"e0e363e\" data-element_type=\"widget\" data-widget_type=\"text-editor.default\">\n<div class=\"elementor-widget-container\">\n<p>Wingsland Z15 to jasny, 3-osiowy stabilizowany reflektor typu gimbal z koralikami o du\u017cej mocy. Zasilany przez DJI SkyPort, ma zasi\u0119g do 150 m i mo\u017cna go \u0142atwo zintegrowa\u0107 z dronami DJI Matrice 200 Series V1 i V2, o\u015bwietlaj\u0105c przestrze\u0144 w nocy lub w warunkach s\u0142abego o\u015bwietlenia dla u\u017cytkownik\u00f3w w stra\u017cy po\u017carnej, reagowaniu kryzysowym, egzekwowaniu prawa i nie tylko. Projektor mo\u017ce by\u0107 u\u017cywany przez pracownik\u00f3w stra\u017cy po\u017carnej, Ministerstwa Sytuacji Nadzwyczajnych, jednostek egzekwowania prawa i innych struktur. Urz\u0105dzenie mo\u017cna zainstalowa\u0107 na dolnych gimbalach dron\u00f3w, ma maksymaln\u0105 moc wyj\u015bciow\u0105 48 W i jest kompatybilne z Dual Intelligent Protection.<\/p>\n<\/p><\/div>\n<\/p><\/div>\n<div class=\"elementor-element elementor-element-bd121c9 elementor-widget elementor-widget-spacer\" data-id=\"bd121c9\" data-element_type=\"widget\" data-widget_type=\"spacer.default\">\n<div class=\"elementor-widget-container\">\n<div class=\"elementor-spacer\">\n<div class=\"elementor-spacer-inner\"><\/div>\n<\/p><\/div>\n<\/p><\/div>\n<\/p><\/div>\n<\/p><\/div>\n<\/p><\/div>\n<\/p><\/div>\n<\/section>\n<section class=\"xts-negative-gap elementor-section elementor-top-section elementor-element elementor-element-130f523 elementor-section-boxed elementor-section-height-default elementor-section-height-default xts-section-disabled\" data-id=\"130f523\" data-element_type=\"section\">\n<div class=\"elementor-container elementor-column-gap-default\">\n<div class=\"elementor-column elementor-col-100 elementor-top-column elementor-element elementor-element-90d6410\" data-id=\"90d6410\" data-element_type=\"column\">\n<div class=\"elementor-widget-wrap elementor-element-populated\">\n<div class=\"elementor-element elementor-element-21daeff elementor-widget elementor-widget-heading\" data-id=\"21daeff\" data-element_type=\"widget\" data-widget_type=\"heading.default\">\n<div class=\"elementor-widget-container\">\n<h2 class=\"elementor-heading-title elementor-size-default\">Tryby pracy<\/h2>\n<\/p><\/div>\n<\/p><\/div>\n<div class=\"elementor-element elementor-element-8ebc8dc xts-textalign-center xts-scheme-inherit elementor-widget elementor-widget-text-editor\" data-id=\"8ebc8dc\" data-element_type=\"widget\" data-widget_type=\"text-editor.default\">\n<div class=\"elementor-widget-container\">\n<p>Prze\u0142\u0105czaj si\u0119 mi\u0119dzy trybami Always on, Flashing i SOS dla r\u00f3\u017cnych \u015brodowisk i aplikacji. Wyb\u00f3r trybu zale\u017cy od \u015brodowiska i okoliczno\u015bci, w kt\u00f3rych urz\u0105dzenie jest u\u017cywane.<\/p>\n<\/p><\/div>\n<\/p><\/div>\n<div class=\"elementor-element elementor-element-03c91b5 elementor-widget elementor-widget-spacer\" data-id=\"03c91b5\" data-element_type=\"widget\" data-widget_type=\"spacer.default\">\n<div class=\"elementor-widget-container\">\n<div class=\"elementor-spacer\">\n<div class=\"elementor-spacer-inner\"><\/div>\n<\/p><\/div>\n<\/p><\/div>\n<\/p><\/div>\n<\/p><\/div>\n<\/p><\/div>\n<\/p><\/div>\n<\/section>\n<section class=\"xts-negative-gap elementor-section elementor-top-section elementor-element elementor-element-609b3a4 elementor-section-boxed elementor-section-height-default elementor-section-height-default xts-section-disabled\" data-id=\"609b3a4\" data-element_type=\"section\">\n<div class=\"elementor-container elementor-column-gap-default\">\n<div class=\"elementor-column elementor-col-100 elementor-top-column elementor-element elementor-element-0fbe225\" data-id=\"0fbe225\" data-element_type=\"column\">\n<div class=\"elementor-widget-wrap elementor-element-populated\">\n<div class=\"elementor-element elementor-element-ed4d410 elementor-widget elementor-widget-heading\" data-id=\"ed4d410\" data-element_type=\"widget\" data-widget_type=\"heading.default\">\n<div class=\"elementor-widget-container\">\n<h2 class=\"elementor-heading-title elementor-size-default\">Uk\u0142ad ch\u0142odzenia powietrzem<\/h2>\n<\/p><\/div>\n<\/p><\/div>\n<div class=\"elementor-element elementor-element-5bf4557 xts-textalign-center xts-scheme-inherit elementor-widget elementor-widget-text-editor\" data-id=\"5bf4557\" data-element_type=\"widget\" data-widget_type=\"text-editor.default\">\n<div class=\"elementor-widget-container\">\n<p>Wbudowany uk\u0142ad ch\u0142odzenia powietrzem zapobiega przegrzaniu reflektora poprzez sta\u0142e odprowadzanie ciep\u0142a.<\/p>\n<\/p><\/div>\n<\/p><\/div>\n<div class=\"elementor-element elementor-element-1e55a35 elementor-widget elementor-widget-spacer\" data-id=\"1e55a35\" data-element_type=\"widget\" data-widget_type=\"spacer.default\">\n<div class=\"elementor-widget-container\">\n<div class=\"elementor-spacer\">\n<div class=\"elementor-spacer-inner\"><\/div>\n<\/p><\/div>\n<\/p><\/div>\n<\/p><\/div>\n<\/p><\/div>\n<\/p><\/div>\n<\/p><\/div>\n<\/section>\n<section class=\"xts-negative-gap elementor-section elementor-top-section elementor-element elementor-element-60b1b8c elementor-section-boxed elementor-section-height-default elementor-section-height-default xts-section-disabled\" data-id=\"60b1b8c\" data-element_type=\"section\">\n<div class=\"elementor-container elementor-column-gap-default\">\n<div class=\"elementor-column elementor-col-100 elementor-top-column elementor-element elementor-element-86819bf\" data-id=\"86819bf\" data-element_type=\"column\">\n<div class=\"elementor-widget-wrap elementor-element-populated\">\n<div class=\"elementor-element elementor-element-bfd066b elementor-widget elementor-widget-heading\" data-id=\"bfd066b\" data-element_type=\"widget\" data-widget_type=\"heading.default\">\n<div class=\"elementor-widget-container\">\n<h2 class=\"elementor-heading-title elementor-size-default\">Inteligentna ochrona<\/h2>\n<\/p><\/div>\n<\/p><\/div>\n<div class=\"elementor-element elementor-element-1a58404 xts-textalign-center xts-scheme-inherit elementor-widget elementor-widget-text-editor\" data-id=\"1a58404\" data-element_type=\"widget\" data-widget_type=\"text-editor.default\">\n<div class=\"elementor-widget-container\">\n<p>Wingsland Z15 jest zabezpieczony przed przegrzaniem. System automatycznie dostosuje si\u0119, gdy temperatura wewn\u0119trzna przekroczy 90\u2103.<\/p>\n<\/p><\/div>\n<\/p><\/div>\n<div class=\"elementor-element elementor-element-c9e1e6d elementor-widget elementor-widget-spacer\" data-id=\"c9e1e6d\" data-element_type=\"widget\" data-widget_type=\"spacer.default\">\n<div class=\"elementor-widget-container\">\n<div class=\"elementor-spacer\">\n<div class=\"elementor-spacer-inner\"><\/div>\n<\/p><\/div>\n<\/p><\/div>\n<\/p><\/div>\n<\/p><\/div>\n<\/p><\/div>\n<\/p><\/div>\n<\/section>\n<section class=\"xts-negative-gap elementor-section elementor-top-section elementor-element elementor-element-e31f0f2 elementor-section-boxed elementor-section-height-default elementor-section-height-default xts-section-disabled\" data-id=\"e31f0f2\" data-element_type=\"section\">\n<div class=\"elementor-container elementor-column-gap-default\">\n<div class=\"elementor-column elementor-col-100 elementor-top-column elementor-element elementor-element-bca4a3c\" data-id=\"bca4a3c\" data-element_type=\"column\">\n<div class=\"elementor-widget-wrap elementor-element-populated\">\n<div class=\"elementor-element elementor-element-dfa9c10 elementor-widget elementor-widget-heading\" data-id=\"dfa9c10\" data-element_type=\"widget\" data-widget_type=\"heading.default\">\n<div class=\"elementor-widget-container\">\n<h2 class=\"elementor-heading-title elementor-size-default\">Obs\u0142uguje podw\u00f3jne gimbale skierowane w d\u00f3\u0142<\/h2>\n<\/p><\/div>\n<\/p><\/div>\n<div class=\"elementor-element elementor-element-c77aeb4 xts-textalign-center xts-scheme-inherit elementor-widget elementor-widget-text-editor\" data-id=\"c77aeb4\" data-element_type=\"widget\" data-widget_type=\"text-editor.default\">\n<div class=\"elementor-widget-container\">\n<p>Kamery Wingsland Z15 mo\u017cna u\u017cywa\u0107 z \u0142adunkami DJI Zenmuse w samolotach DJI, kt\u00f3re obejmuj\u0105 podw\u00f3jny skierowany w d\u00f3\u0142 gimbal, co u\u0142atwia o\u015bwietlenie operacji.<\/p>\n<\/p><\/div>\n<\/p><\/div>\n<div class=\"elementor-element elementor-element-a010857 elementor-widget elementor-widget-spacer\" data-id=\"a010857\" data-element_type=\"widget\" data-widget_type=\"spacer.default\">\n<div class=\"elementor-widget-container\">\n<div class=\"elementor-spacer\">\n<div class=\"elementor-spacer-inner\"><\/div>\n<\/p><\/div>\n<\/p><\/div>\n<\/p><\/div>\n<\/p><\/div>\n<\/p><\/div>\n<\/p><\/div>\n<\/section><\/div>","protected":false},"excerpt":{"rendered":"<p>Wingsland Z15 to jasny, 3-osiowy stabilizowany reflektor gimbala z koralikami o du\u017cej mocy. Mo\u017cna go \u0142atwo zintegrowa\u0107 z dronami DJI Matrice 200 Series (obie wersje) i gimbalami Zenmuse Series.<\/p>","protected":false},"featured_media":2734,"template":"","meta":[],"product_cat":[83,129,140],"product_tag":[20,143,144],"class_list":{"0":"post-3247","1":"product","2":"type-product","3":"status-publish","4":"has-post-thumbnail","6":"product_brand-dji","7":"product_cat-enterprise-drones","8":"product_cat-payload-for-drones","9":"product_cat-suspended-equipment","10":"product_tag-dji","11":"product_tag-wingsland","12":"product_tag-z15","14":"first","15":"instock","16":"product-type-simple"},"_links":{"self":[{"href":"https:\/\/dronvictory.com\/pl\/wp-json\/wp\/v2\/product\/3247","targetHints":{"allow":["GET"]}}],"collection":[{"href":"https:\/\/dronvictory.com\/pl\/wp-json\/wp\/v2\/product"}],"about":[{"href":"https:\/\/dronvictory.com\/pl\/wp-json\/wp\/v2\/types\/product"}],"wp:featuredmedia":[{"embeddable":true,"href":"https:\/\/dronvictory.com\/pl\/wp-json\/wp\/v2\/media\/2734"}],"wp:attachment":[{"href":"https:\/\/dronvictory.com\/pl\/wp-json\/wp\/v2\/media?parent=3247"}],"wp:term":[{"taxonomy":"product_cat","embeddable":true,"href":"https:\/\/dronvictory.com\/pl\/wp-json\/wp\/v2\/product_cat?post=3247"},{"taxonomy":"product_tag","embeddable":true,"href":"https:\/\/dronvictory.com\/pl\/wp-json\/wp\/v2\/product_tag?post=3247"}],"curies":[{"name":"wp","href":"https:\/\/api.w.org\/{rel}","templated":true}]}}