{"id":3257,"date":"2025-06-02T07:21:40","date_gmt":"2025-06-02T07:21:40","guid":{"rendered":"http:\/\/localhost:3000\/product\/syma-x20s-droon-puutetundliku-juhtimispuldiga\/"},"modified":"2025-06-02T07:21:51","modified_gmt":"2025-06-02T07:21:51","slug":"syma-x20s-droon-puutetundliku-juhtimispuldiga","status":"publish","type":"product","link":"https:\/\/dronvictory.com\/pl\/produkt\/syma-x20s-droon-puutetundliku-juhtimispuldiga\/","title":{"rendered":"SYMA X20S Droon puutetundliku juhtimispuldiga"},"content":{"rendered":"<div data-elementor-type=\"wp-post\" data-elementor-id=\"14689\" class=\"elementor elementor-14689 elementor-10486\" data-elementor-post-type=\"product\">\n<section class=\"xts-negative-gap elementor-section elementor-top-section elementor-element elementor-element-c6a51af elementor-section-boxed elementor-section-height-default elementor-section-height-default xts-section-disabled\" data-id=\"c6a51af\" data-element_type=\"section\">\n<div class=\"elementor-container elementor-column-gap-default\">\n<div class=\"elementor-column elementor-col-100 elementor-top-column elementor-element elementor-element-d3eb866\" data-id=\"d3eb866\" data-element_type=\"column\">\n<div class=\"elementor-widget-wrap elementor-element-populated\">\n<div class=\"elementor-element elementor-element-e167085 elementor-widget elementor-widget-heading\" data-id=\"e167085\" data-element_type=\"widget\" data-widget_type=\"heading.default\">\n<div class=\"elementor-widget-container\">\n<style>\/*! elementor - v3.20.0 - 20-03-2024 *\/\n.elementor-heading-title{padding:0;margin:0;line-height:1}.elementor-widget-heading .elementor-heading-title[class*=elementor-size-]>a{color:inherit;font-size:inherit;line-height:inherit}.elementor-widget-heading .elementor-heading-title.elementor-size-small{font-size:15px}.elementor-widget-heading .elementor-heading-title.elementor-size-medium{font-size:19px}.elementor-widget-heading .elementor-heading-title.elementor-size-large{font-size:29px}.elementor-widget-heading .elementor-heading-title.elementor-size-xl{font-size:39px}.elementor-widget-heading .elementor-heading-title.elementor-size-xxl{font-size:59px}<\/style>\n<h2 class=\"elementor-heading-title elementor-size-default\">SYMA X20S Droon puutetundliku juhtimispuldiga<\/h2>\n<\/p><\/div>\n<\/p><\/div>\n<\/p><\/div>\n<\/p><\/div>\n<\/p><\/div>\n<\/section>\n<section class=\"xts-negative-gap elementor-section elementor-top-section elementor-element elementor-element-287288f elementor-section-boxed elementor-section-height-default elementor-section-height-default xts-section-disabled\" data-id=\"287288f\" data-element_type=\"section\">\n<div class=\"elementor-container elementor-column-gap-default\">\n<div class=\"elementor-column elementor-col-100 elementor-top-column elementor-element elementor-element-784eab0\" data-id=\"784eab0\" data-element_type=\"column\">\n<div class=\"elementor-widget-wrap elementor-element-populated\">\n<div class=\"elementor-element elementor-element-4a9b5a3 elementor-widget elementor-widget-xts_title\" data-id=\"4a9b5a3\" data-element_type=\"widget\" data-widget_type=\"xts_title.default\">\n<div class=\"elementor-widget-container\">\n<div class=\"xts-section-heading xts-reset-mb-10 xts-reset-last xts-textalign-left\" data-animation-delay=\"\">\n<div class=\"xts-section-desc\">\n<div class=\"xts-section-desc-text xts-reset-all-last\" data-elementor-setting-key=\"description\">\n<p>SYMA X20S Droon puutetundliku juhtimispuldiga \u2013 Miniatuurne droon \u201eSYMA X20-S\u201d innovatiivse juhtimisega v\u00f5ib lennata nii sise- kui ka v\u00e4listingimustes.<\/p>\n<p>Zobacz mudel sobib idealselt lastele ja algajatele. G-touch kaugjuhtimispuldiga minidroonil na palju funktsioone, mis muudavad juhtimise meeldivaks ja l\u00f5busaks meelelahutuseks.<\/p>\n<p>Mo\u017cesz \u0142atwo skorzysta\u0107 z Syma X20-S, aby uzyska\u0107 wi\u0119cej informacji!<\/p>\n<p>Syma X20-S na saadaval mitmes v\u00e4rvivalikus i Sellel na futuristlik v\u00e4limus. V\u00f5ib j\u00e4\u00e4da mulje, et zobacz na lendav kaamera, kuid tegelikult pole Selles mudelis kaamerat, kuid na olemas sisseehitatud barromeeter, mis aitab hoida lennu m\u00e4\u00e4ratud k\u00f5rgust.<\/p>\n<p>\u00d5hku t\u00f5usmine ja maandumine toimub k\u00e4epideme liigutamisega, na olemas re\u017eiim \u201eHeadless\u201d \u2013 Selles re\u017eiimis saate juhtida minidrooni, m\u00f5tlemata, millises suunas seadme esiots na suunatud.<\/p>\n<p>G-touchiga juhtkang asub mugavalt k\u00e4es ja v\u00f5imaldab teil juhtige po\u017cyczka kuni 50 spotka\u0144 kauguselt! Juhtkangiga saate teha ka 360-kraadiseid man\u00f6\u00f6vreid mis tahes suunas!<\/p>\n<\/p><\/div>\n<\/p><\/div>\n<\/p><\/div>\n<\/p><\/div>\n<\/p><\/div>\n<\/p><\/div>\n<\/p><\/div>\n<\/p><\/div>\n<\/section>\n<section class=\"xts-negative-gap elementor-section elementor-top-section elementor-element elementor-element-77bd472 elementor-section-boxed elementor-section-height-default elementor-section-height-default xts-section-disabled\" data-id=\"77bd472\" data-element_type=\"section\">\n<div class=\"elementor-container elementor-column-gap-default\">\n<div class=\"elementor-column elementor-col-100 elementor-top-column elementor-element elementor-element-8559011\" data-id=\"8559011\" data-element_type=\"column\">\n<div class=\"elementor-widget-wrap elementor-element-populated\">\n<div class=\"elementor-element elementor-element-453da76 elementor-widget elementor-widget-xts_title\" data-id=\"453da76\" data-element_type=\"widget\" data-widget_type=\"xts_title.default\">\n<div class=\"elementor-widget-container\">\n<div class=\"xts-section-heading xts-reset-mb-10 xts-reset-last xts-textalign-left\" data-animation-delay=\"\">\n<h3 class=\"xts-section-title title xts-design-default xts-textcolor-custom xts-fontsize-l\">\n\t\t\t\t\t\t<span class=\"xts-section-title-text\" data-elementor-setting-key=\"title\"><br \/>\n\t\t\t\t\t\t\tDrooni eelizowany\t\t\t\t\t\t<\/span><\/p>\n<\/h3>\n<div class=\"xts-section-desc\">\n<div class=\"xts-section-desc-text xts-reset-all-last\" data-elementor-setting-key=\"description\">\n<ul>\n<li>V\u00e4ike suurus \u2013 saab k\u00f5ijkale kaasa v\u00f5tta<\/li>\n<li>G-touch jest obs\u0142ugiwany<\/li>\n<li>T\u00e4idab h\u00f5lpsalt 360-kraadiseid man\u00f6\u00f6vreid<\/li>\n<li>Pingelanguse kaitse ja liigvoolu kaitse<\/li>\n<li>\u201eHeadless\u201d re\u017eiim \u2013 v\u00f5imaldab teil po\u017cyczka juhtida, m\u00f5tlemata, millises suunas na seadme esiots.<\/li>\n<li>Sisseehitatud barometr aitab hoida lennu k\u00f5rgust<\/li>\n<li>Mitmeteljelise g\u00fcroskoobiga stabiliseerimise s\u00fcsteem tagab t\u00e4pse juhtimise ja stabiilse lennu<\/li>\n<li>Moodul konstruktsioon \u2013 lihtne parandada ja asendada kulunud osad<\/li>\n<li>Saab lennata nii sise-kui ka v\u00e4listingimustes<\/li>\n<li>Eredad LED-tuled v\u00f5imaldavad lennata ka \u00f6\u00f6sel<\/li>\n<\/ul>\n<p>Seadme lihtsus v\u00f5imaldab teil osta minidrooni lapsele alates 6-aastast, muretsemata, et ta juhtimisega hakkama ei saa. Pool tundi harjutamist ja teie laps saab aru seadme t\u00f6\u00f6 ise\u00e4rasustest.<\/p>\n<\/p><\/div>\n<\/p><\/div>\n<\/p><\/div>\n<\/p><\/div>\n<\/p><\/div>\n<\/p><\/div>\n<\/p><\/div>\n<\/p><\/div>\n<\/section>\n<section class=\"xts-negative-gap elementor-section elementor-top-section elementor-element elementor-element-d4371ee elementor-section-boxed elementor-section-height-default elementor-section-height-default xts-section-disabled\" data-id=\"d4371ee\" data-element_type=\"section\">\n<div class=\"elementor-container elementor-column-gap-default\">\n<div class=\"elementor-column elementor-col-100 elementor-top-column elementor-element elementor-element-dca6d1d\" data-id=\"dca6d1d\" data-element_type=\"column\">\n<div class=\"elementor-widget-wrap elementor-element-populated\">\n<div class=\"elementor-element elementor-element-3476fc7 elementor-widget elementor-widget-xts_title\" data-id=\"3476fc7\" data-element_type=\"widget\" data-widget_type=\"xts_title.default\">\n<div class=\"elementor-widget-container\">\n<div class=\"xts-section-heading xts-reset-mb-10 xts-reset-last xts-textalign-left\" data-animation-delay=\"\">\n<h3 class=\"xts-section-title title xts-design-default xts-textcolor-custom xts-fontsize-l\">\n\t\t\t\t\t\t<span class=\"xts-section-title-text\" data-elementor-setting-key=\"title\"><br \/>\n\t\t\t\t\t\t\tKellele\t\t\t\t\t\t<\/span><\/p>\n<\/h3>\n<div class=\"xts-section-desc\">\n<div class=\"xts-section-desc-text xts-reset-all-last\" data-elementor-setting-key=\"description\">\n<p>Tohutu funktsionaalsus ja kasutusmugavus muudavad mudeli suurep\u00e4raseks valikuks kingitusek teie lapsele, lennujuhtimise maksimaalne lihtsustamine on eelis, mida algajad hindavad.<\/p>\n<\/p><\/div>\n<\/p><\/div>\n<\/p><\/div>\n<\/p><\/div>\n<\/p><\/div>\n<\/p><\/div>\n<\/p><\/div>\n<\/p><\/div>\n<\/section>\n<section class=\"xts-negative-gap elementor-section elementor-top-section elementor-element elementor-element-d169c94 elementor-section-boxed elementor-section-height-default elementor-section-height-default xts-section-disabled\" data-id=\"d169c94\" data-element_type=\"section\">\n<div class=\"elementor-container elementor-column-gap-default\">\n<div class=\"elementor-column elementor-col-100 elementor-top-column elementor-element elementor-element-707a93c\" data-id=\"707a93c\" data-element_type=\"column\">\n<div class=\"elementor-widget-wrap elementor-element-populated\">\n<div class=\"elementor-element elementor-element-ad99421 elementor-widget elementor-widget-xts_title\" data-id=\"ad99421\" data-element_type=\"widget\" data-widget_type=\"xts_title.default\">\n<div class=\"elementor-widget-container\">\n<div class=\"xts-section-heading xts-reset-mb-10 xts-reset-last xts-textalign-left\" data-animation-delay=\"\">\n<h3 class=\"xts-section-title title xts-design-default xts-textcolor-custom xts-fontsize-l\">\n\t\t\t\t\t\t<span class=\"xts-section-title-text\" data-elementor-setting-key=\"title\"><br \/>\n\t\t\t\t\t\t\tKus m\u00e4ngida\t\t\t\t\t\t<\/span><\/p>\n<\/h3>\n<div class=\"xts-section-desc\">\n<div class=\"xts-section-desc-text xts-reset-all-last\" data-elementor-setting-key=\"description\">\n<p>Selle mudeli k\u00f5ikide eeliste kogemiseks na soovitatav droon k\u00e4itada suure vaba ruumiga piirkondades. Nendel eesm\u00e4rkidel sobib idealselt park v\u00f5i lihtsalt maja hoov.<\/p>\n<\/p><\/div>\n<\/p><\/div>\n<\/p><\/div>\n<\/p><\/div>\n<\/p><\/div>\n<\/p><\/div>\n<\/p><\/div>\n<\/p><\/div>\n<\/section>\n<section class=\"xts-negative-gap elementor-section elementor-top-section elementor-element elementor-element-360ae4f elementor-section-boxed elementor-section-height-default elementor-section-height-default xts-section-disabled\" data-id=\"360ae4f\" data-element_type=\"section\">\n<div class=\"elementor-container elementor-column-gap-default\">\n<div class=\"elementor-column elementor-col-100 elementor-top-column elementor-element elementor-element-4d04f93\" data-id=\"4d04f93\" data-element_type=\"column\">\n<div class=\"elementor-widget-wrap elementor-element-populated\">\n<div class=\"elementor-element elementor-element-053b9cf elementor-widget elementor-widget-xts_title\" data-id=\"053b9cf\" data-element_type=\"widget\" data-widget_type=\"xts_title.default\">\n<div class=\"elementor-widget-container\">\n<div class=\"xts-section-heading xts-reset-mb-10 xts-reset-last xts-textalign-left\" data-animation-delay=\"\">\n<h3 class=\"xts-section-title title xts-design-default xts-textcolor-custom xts-fontsize-l\">\n\t\t\t\t\t\t<span class=\"xts-section-title-text\" data-elementor-setting-key=\"title\"><br \/>\n\t\t\t\t\t\t\tKuidas juhtida\t\t\t\t\t\t<\/span><\/p>\n<\/h3>\n<div class=\"xts-section-desc\">\n<div class=\"xts-section-desc-text xts-reset-all-last\" data-elementor-setting-key=\"description\">\n<p>Drooni lennu juhtimine na lihtne: Selleks sisaldab komplekt kaugjuhtimispulti. Drooni saatja edastuskaugus na kuni 50 metri.<\/p>\n<\/p><\/div>\n<\/p><\/div>\n<\/p><\/div>\n<\/p><\/div>\n<\/p><\/div>\n<\/p><\/div>\n<\/p><\/div>\n<\/p><\/div>\n<\/section>\n<section class=\"xts-negative-gap elementor-section elementor-top-section elementor-element elementor-element-2cef77a elementor-section-boxed elementor-section-height-default elementor-section-height-default xts-section-disabled\" data-id=\"2cef77a\" data-element_type=\"section\">\n<div class=\"elementor-container elementor-column-gap-default\">\n<div class=\"elementor-column elementor-col-100 elementor-top-column elementor-element elementor-element-d281a26\" data-id=\"d281a26\" data-element_type=\"column\">\n<div class=\"elementor-widget-wrap elementor-element-populated\">\n<div class=\"elementor-element elementor-element-e003aa9 elementor-widget-divider--view-line elementor-widget elementor-widget-divider\" data-id=\"e003aa9\" data-element_type=\"widget\" data-widget_type=\"divider.default\">\n<div class=\"elementor-widget-container\">\n<style>\/*! elementor - v3.20.0 - 20-03-2024 *\/\n.elementor-widget-divider{--divider-border-style:none;--divider-border-width:1px;--divider-color:#0c0d0e;--divider-icon-size:20px;--divider-element-spacing:10px;--divider-pattern-height:24px;--divider-pattern-size:20px;--divider-pattern-url:none;--divider-pattern-repeat:repeat-x}.elementor-widget-divider .elementor-divider{display:flex}.elementor-widget-divider .elementor-divider__text{font-size:15px;line-height:1;max-width:95%}.elementor-widget-divider .elementor-divider__element{margin:0 var(--divider-element-spacing);flex-shrink:0}.elementor-widget-divider .elementor-icon{font-size:var(--divider-icon-size)}.elementor-widget-divider .elementor-divider-separator{display:flex;margin:0;direction:ltr}.elementor-widget-divider--view-line_icon .elementor-divider-separator,.elementor-widget-divider--view-line_text .elementor-divider-separator{align-items:center}.elementor-widget-divider--view-line_icon .elementor-divider-separator:after,.elementor-widget-divider--view-line_icon .elementor-divider-separator:before,.elementor-widget-divider--view-line_text .elementor-divider-separator:after,.elementor-widget-divider--view-line_text .elementor-divider-separator:before{display:block;content:\"\";border-block-end:0;flex-grow:1;border-block-start:var(--divider-border-width) var(--divider-border-style) var(--divider-color)}.elementor-widget-divider--element-align-left .elementor-divider .elementor-divider-separator>.elementor-divider__svg:first-of-type{flex-grow:0;flex-shrink:100}.elementor-widget-divider--element-align-left .elementor-divider-separator:before{content:none}.elementor-widget-divider--element-align-left .elementor-divider__element{margin-left:0}.elementor-widget-divider--element-align-right .elementor-divider .elementor-divider-separator>.elementor-divider__svg:last-of-type{flex-grow:0;flex-shrink:100}.elementor-widget-divider--element-align-right .elementor-divider-separator:after{content:none}.elementor-widget-divider--element-align-right .elementor-divider__element{margin-right:0}.elementor-widget-divider--element-align-start .elementor-divider .elementor-divider-separator>.elementor-divider__svg:first-of-type{flex-grow:0;flex-shrink:100}.elementor-widget-divider--element-align-start .elementor-divider-separator:before{content:none}.elementor-widget-divider--element-align-start .elementor-divider__element{margin-inline-start:0}.elementor-widget-divider--element-align-end .elementor-divider .elementor-divider-separator>.elementor-divider__svg:last-of-type{flex-grow:0;flex-shrink:100}.elementor-widget-divider--element-align-end .elementor-divider-separator:after{content:none}.elementor-widget-divider--element-align-end .elementor-divider__element{margin-inline-end:0}.elementor-widget-divider:not(.elementor-widget-divider--view-line_text):not(.elementor-widget-divider--view-line_icon) .elementor-divider-separator{border-block-start:var(--divider-border-width) var(--divider-border-style) var(--divider-color)}.elementor-widget-divider--separator-type-pattern{--divider-border-style:none}.elementor-widget-divider--separator-type-pattern.elementor-widget-divider--view-line .elementor-divider-separator,.elementor-widget-divider--separator-type-pattern:not(.elementor-widget-divider--view-line) .elementor-divider-separator:after,.elementor-widget-divider--separator-type-pattern:not(.elementor-widget-divider--view-line) .elementor-divider-separator:before,.elementor-widget-divider--separator-type-pattern:not([class*=elementor-widget-divider--view]) .elementor-divider-separator{width:100%;min-height:var(--divider-pattern-height);-webkit-mask-size:var(--divider-pattern-size) 100%;mask-size:var(--divider-pattern-size) 100%;-webkit-mask-repeat:var(--divider-pattern-repeat);mask-repeat:var(--divider-pattern-repeat);background-color:var(--divider-color);-webkit-mask-image:var(--divider-pattern-url);mask-image:var(--divider-pattern-url)}.elementor-widget-divider--no-spacing{--divider-pattern-size:auto}.elementor-widget-divider--bg-round{--divider-pattern-repeat:round}.rtl .elementor-widget-divider .elementor-divider__text{direction:rtl}.e-con-inner>.elementor-widget-divider,.e-con>.elementor-widget-divider{width:var(--container-widget-width,100%);--flex-grow:var(--container-widget-flex-grow)}<\/style>\n<div class=\"elementor-divider\">\n\t\t\t<span class=\"elementor-divider-separator\"><br \/>\n\t\t\t\t\t\t<\/span>\n\t\t<\/div>\n<\/p><\/div>\n<\/p><\/div>\n<\/p><\/div>\n<\/p><\/div>\n<\/p><\/div>\n<\/section>\n<section class=\"xts-negative-gap elementor-section elementor-top-section elementor-element elementor-element-e72f064 elementor-section-boxed elementor-section-height-default elementor-section-height-default xts-section-disabled\" data-id=\"e72f064\" data-element_type=\"section\">\n<div class=\"elementor-container elementor-column-gap-default\">\n<div class=\"elementor-column elementor-col-100 elementor-top-column elementor-element elementor-element-4aef9d7\" data-id=\"4aef9d7\" data-element_type=\"column\">\n<div class=\"elementor-widget-wrap elementor-element-populated\">\n<div class=\"elementor-element elementor-element-8e73ae4 elementor-widget elementor-widget-xts_title\" data-id=\"8e73ae4\" data-element_type=\"widget\" data-widget_type=\"xts_title.default\">\n<div class=\"elementor-widget-container\">\n<div class=\"xts-section-heading xts-reset-mb-10 xts-reset-last xts-textalign-left\" data-animation-delay=\"\">\n<h3 class=\"xts-section-title title xts-design-default xts-textcolor-custom xts-fontsize-l\">\n\t\t\t\t\t\t<span class=\"xts-section-title-text\" data-elementor-setting-key=\"title\"><br \/>\n\t\t\t\t\t\t\tDrooni kasutaja registreerimiskohustus\t\t\t\t\t\t<\/span><\/p>\n<\/h3>\n<div class=\"xts-section-desc\">\n<div class=\"xts-section-desc-text xts-reset-all-last\" data-elementor-setting-key=\"description\">\n<p>Kasutaja peab registreerima, kui drooni kasutamine Vastab \u00fchele j\u00e4rgmistest tingimustest:<\/p>\n<ul>\n<li>\u00d5hus\u00f5iduki stardimass na v\u00e4hemalt 250 g.<\/li>\n<li>Kokkup\u00f5rkel \u00f5hus\u00f5idukiga edastatakse \u00fcle 80 d\u017eaulikineetilise energia.<\/li>\n<li>\u00d5hus\u00f5idukile na paigaldatud andur, mis v\u00f5imaldab teil isikuandmeid koguda.<\/li>\n<li>T\u00f6\u00f6tamine toimub erikategoorias (olenemata lennuki kaalust).<\/li>\n<\/ul>\n<p><strong><span style=\"text-decoration: underline; color: #800000;\">Zarejestruj si\u0119 ei ole vajalik, kui drooni piloteeritakse ilma kaamerata, mis kaalub alla 250g&#039;mi v\u00f5i kui droon kvalifitseerub m\u00e4nguasjaks. (Naiteks: Syma, Tello)<\/span><\/strong><\/p>\n<\/p><\/div>\n<\/p><\/div>\n<\/p><\/div>\n<\/p><\/div>\n<\/p><\/div>\n<\/p><\/div>\n<\/p><\/div>\n<\/p><\/div>\n<\/section><\/div>","protected":false},"excerpt":{"rendered":"<p>SYMA X20S Droon puutetundliku juhtimispuldiga SYMA X20S Droon puutetundliku juhtimispuldiga &#8211; Miniatuurne droon &#8220;SYMA X20-S&#8221; innovatiivse juhtimisega v\u00f5ib lennata nii sise- kui ka v\u00e4listingimustes. See mudel sobib ideaalselt lastele ja algajatele. G-touch kaugjuhtimispuldiga minidroonil on palju funktsioone, mis muudavad juhtimise meeldivaks ja l\u00f5busaks meelelahutuseks. Lihtsalt kallutage juhtkang \u00f5iges suunas ja Syma X20-S lendab antud suunas [&hellip;]<\/p>","protected":false},"featured_media":2337,"template":"","meta":[],"product_cat":[39],"product_tag":[22,150,160],"class_list":{"0":"post-3257","1":"product","2":"type-product","3":"status-publish","4":"has-post-thumbnail","6":"product_brand-syma","7":"product_cat-rc-models","8":"product_tag-drone","9":"product_tag-syma","10":"product_tag-x20","12":"first","13":"instock","14":"product-type-simple"},"_links":{"self":[{"href":"https:\/\/dronvictory.com\/pl\/wp-json\/wp\/v2\/product\/3257","targetHints":{"allow":["GET"]}}],"collection":[{"href":"https:\/\/dronvictory.com\/pl\/wp-json\/wp\/v2\/product"}],"about":[{"href":"https:\/\/dronvictory.com\/pl\/wp-json\/wp\/v2\/types\/product"}],"wp:featuredmedia":[{"embeddable":true,"href":"https:\/\/dronvictory.com\/pl\/wp-json\/wp\/v2\/media\/2337"}],"wp:attachment":[{"href":"https:\/\/dronvictory.com\/pl\/wp-json\/wp\/v2\/media?parent=3257"}],"wp:term":[{"taxonomy":"product_cat","embeddable":true,"href":"https:\/\/dronvictory.com\/pl\/wp-json\/wp\/v2\/product_cat?post=3257"},{"taxonomy":"product_tag","embeddable":true,"href":"https:\/\/dronvictory.com\/pl\/wp-json\/wp\/v2\/product_tag?post=3257"}],"curies":[{"name":"wp","href":"https:\/\/api.w.org\/{rel}","templated":true}]}}