{"id":3261,"date":"2025-06-02T07:21:40","date_gmt":"2025-06-02T07:21:40","guid":{"rendered":"http:\/\/localhost:3000\/product\/syma-w1-pro-brushless-gps-wifi-fpv-4k-rtf-2-4g-droon\/"},"modified":"2025-06-02T07:21:55","modified_gmt":"2025-06-02T07:21:55","slug":"syma-w1-pro-brushless-gps-wifi-fpv-4k-rtf-2-4g-droon","status":"publish","type":"product","link":"https:\/\/dronvictory.com\/pl\/produkt\/syma-w1-pro-brushless-gps-wifi-fpv-4k-rtf-2-4g-droon\/","title":{"rendered":"Syma W1 PRO Bezszczotkowy GPS WIFI FPV 4K RTF 2.4G Droon"},"content":{"rendered":"<div data-elementor-type=\"wp-post\" data-elementor-id=\"14682\" class=\"elementor elementor-14682 elementor-10597\" data-elementor-post-type=\"product\">\n<section class=\"xts-negative-gap elementor-section elementor-top-section elementor-element elementor-element-c6a51af elementor-section-boxed elementor-section-height-default elementor-section-height-default xts-section-disabled\" data-id=\"c6a51af\" data-element_type=\"section\">\n<div class=\"elementor-container elementor-column-gap-default\">\n<div class=\"elementor-column elementor-col-100 elementor-top-column elementor-element elementor-element-d3eb866\" data-id=\"d3eb866\" data-element_type=\"column\">\n<div class=\"elementor-widget-wrap elementor-element-populated\">\n<div class=\"elementor-element elementor-element-e167085 elementor-widget elementor-widget-heading\" data-id=\"e167085\" data-element_type=\"widget\" data-widget_type=\"heading.default\">\n<div class=\"elementor-widget-container\">\n<style>\/*! elementor - v3.20.0 - 20-03-2024 *\/\n.elementor-heading-title{padding:0;margin:0;line-height:1}.elementor-widget-heading .elementor-heading-title[class*=elementor-size-]>a{color:inherit;font-size:inherit;line-height:inherit}.elementor-widget-heading .elementor-heading-title.elementor-size-small{font-size:15px}.elementor-widget-heading .elementor-heading-title.elementor-size-medium{font-size:19px}.elementor-widget-heading .elementor-heading-title.elementor-size-large{font-size:29px}.elementor-widget-heading .elementor-heading-title.elementor-size-xl{font-size:39px}.elementor-widget-heading .elementor-heading-title.elementor-size-xxl{font-size:59px}<\/style>\n<h2 class=\"elementor-heading-title elementor-size-default\">Syma W1 PRO Bezszczotkowy GPS WIFI FPV 4K RTF 2.4G Droon<\/h2>\n<\/p><\/div>\n<\/p><\/div>\n<\/p><\/div>\n<\/p><\/div>\n<\/p><\/div>\n<\/section>\n<section class=\"xts-negative-gap elementor-section elementor-top-section elementor-element elementor-element-287288f elementor-section-boxed elementor-section-height-default elementor-section-height-default xts-section-disabled\" data-id=\"287288f\" data-element_type=\"section\">\n<div class=\"elementor-container elementor-column-gap-default\">\n<div class=\"elementor-column elementor-col-100 elementor-top-column elementor-element elementor-element-784eab0\" data-id=\"784eab0\" data-element_type=\"column\">\n<div class=\"elementor-widget-wrap elementor-element-populated\">\n<div class=\"elementor-element elementor-element-4a9b5a3 elementor-widget elementor-widget-xts_title\" data-id=\"4a9b5a3\" data-element_type=\"widget\" data-widget_type=\"xts_title.default\">\n<div class=\"elementor-widget-container\">\n<div class=\"xts-section-heading xts-reset-mb-10 xts-reset-last xts-textalign-left\" data-animation-delay=\"\">\n<div class=\"xts-section-desc\">\n<div class=\"xts-section-desc-text xts-reset-all-last\" data-elementor-setting-key=\"description\">\n<p>Syma W1 PRO Brushless (harjadeta) GPS WIFI FPV 4K RTF 2.4G Droon \u2013 kvadrootor SYMA W1 PRO dzia\u0142a na przednich kamerach 1080P FPV WiFi i kamerach aluminiowych 720P (p\u00f5hjas). Kaamerate vahelise pildi \u00fcmberl\u00fclitamine toimub kaugjuhtimispuldi nuppu vajutusel v\u00f5i nutitelefoni rakenduste men\u00fc\u00fcs. SYMA W1PRO droonil na paigaldatud kollektorivabad mootorid kokkupandavate propelleritega, seade na varustatud kuueteljelise stabiliseerimiss\u00fcsteemiga koos sisseehitatud g\u00fcroskoobi i optymalizacja pozycji pozycji, GPS-mooduli i baromeetri anduriga. SYMA W1PRO droon sailitab suurep\u00e4raselt k\u00f5rgust ja seadme asendit FPV-lendude ja k\u00f5rguselt videofilmimise ajal \u2013 seda t\u00e4nu Selle k\u00f5rgtehnoloogilise sisule.<\/p>\n<p>Optiline positsioneerimiss\u00fcsteem tagab k\u00f5ige t\u00e4psema punktis asukoha s\u00e4ilitamise video- v\u00f5i pildistamise ajal \u2013 isegi GPS-signaali puudumisel. Objektituvastustehnoloogia v\u00f5imaldab juhtida kaamera funktsioone \u017eestide abil. Kaamera tunneb \u00e4ra inimeste liigutusi, mille abil saab aktiveerida pildistamise reziimi v\u00f5i video salvestamise. Pilt edastatakse nutitelefonile realajas. GPS-moodul v\u00f5imaldab lennata m\u00f6\u00f6da etteseatud marsruuti, huvitava punkti \u00fcmber lendamist, lennata re\u017eiimis \u201ej\u00e4lita mind\u201d ja olemas ka juba tavap\u00e4raseks saanud funktsioon \u201eKoju naasemine\u201d.<\/p>\n<p>Seadme harjadeta mootorid na usaldusv\u00e4\u00e4rsed ja taluvad kergelt ka pikaajalist t\u00f6\u00f6s olekut, kokkupandavad propellerid s\u00e4\u00e4stavad transpordi ajal oluliselt ruumi. Drooni aku laadimiseks kulub orienteeruvalt 280 minut, misj\u00e4rel na droon v\u00f5imeline po\u017cyczka 17 minut j\u00e4rjest. Pange t\u00e4hele, et Selle Mudeli Stardimass ei \u00fcleta 250 gram\u00f3w, Seega Pole Lendamiseks Eraldi Luba vaja. V\u00f5ite rahuliku s\u00fcdmega lennata ja nautida kvaliteetseid linnulennu k\u00f5rguselt tehtud v\u00f5tteid, saades unustamatu kogemust.<\/p>\n<\/p><\/div>\n<\/p><\/div>\n<\/p><\/div>\n<\/p><\/div>\n<\/p><\/div>\n<\/p><\/div>\n<\/p><\/div>\n<\/p><\/div>\n<\/section>\n<section class=\"xts-negative-gap elementor-section elementor-top-section elementor-element elementor-element-2d054f3 elementor-section-boxed elementor-section-height-default elementor-section-height-default xts-section-disabled\" data-id=\"2d054f3\" data-element_type=\"section\">\n<div class=\"elementor-container elementor-column-gap-default\">\n<div class=\"elementor-column elementor-col-100 elementor-top-column elementor-element elementor-element-e4e4905\" data-id=\"e4e4905\" data-element_type=\"column\">\n<div class=\"elementor-widget-wrap elementor-element-populated\">\n<div class=\"elementor-element elementor-element-a4efb2d elementor-widget elementor-widget-xts_title\" data-id=\"a4efb2d\" data-element_type=\"widget\" data-widget_type=\"xts_title.default\">\n<div class=\"elementor-widget-container\">\n<div class=\"xts-section-heading xts-reset-mb-10 xts-reset-last xts-textalign-left\" data-animation-delay=\"\">\n<h3 class=\"xts-section-title title xts-design-default xts-textcolor-custom xts-fontsize-l\">\n\t\t\t\t\t\t<span class=\"xts-section-title-text\" data-elementor-setting-key=\"title\"><br \/>\n\t\t\t\t\t\t\tOmadused\t\t\t\t\t\t<\/span><\/p>\n<\/h3>\n<div class=\"xts-section-desc\">\n<div class=\"xts-section-desc-text xts-reset-all-last\" data-elementor-setting-key=\"description\">\n<ul>\n<li>K\u00f5rgtehnoloogiline nutikas droon<\/li>\n<li>Varustatud kahe kaameraga<\/li>\n<li>Kamera WiFi Eesmine FPV 1080P<\/li>\n<li>Kaamera Alumine 720P<\/li>\n<li>Optiline positionioneerimiss\u00fcsteem<\/li>\n<li>Inimese tuvastuss\u00fcsteem<\/li>\n<li>Kaamerat juhtimine liigutuste, kaugjuhtimispuldi v\u00f5i rakenduse abil<\/li>\n<li>GPS-moodul v\u00f5imaldab Selliseid funktsioone nagu marsruudi m\u00f6\u00f6da lendamine, \u201ej\u00e4lita mind\u201d, huvipunkti \u00fcmber lendamine, \u201ekoju naasmine\u201d ja lend etteantud marsruudil.<\/li>\n<li>Automatyczna skrzynia bieg\u00f3w\/r\u0119czna skrzynia bieg\u00f3w<\/li>\n<li>Koju naasmine juhul, kui side katkeb ja kui akku pinge langeb alla miinimumi<\/li>\n<li>Kolm kiirusre\u017eiimi ja algaja re\u017eiim<\/li>\n<li>Sisseehitatud redaktor fotode v\u00f5i videote t\u00f6\u00f6tlemiseks ja avaldamiseks<\/li>\n<li>Usaldusv\u00e4\u00e4rsed harjadeta mootorid<\/li>\n<li>D\u0142ugo\u015b\u0107 17 minut<\/li>\n<li>\u00d5hkut\u00f5usu kaal mitte rohkem kui 250 gram\u00f3w<\/li>\n<\/ul><\/div>\n<\/p><\/div>\n<\/p><\/div>\n<\/p><\/div>\n<\/p><\/div>\n<\/p><\/div>\n<\/p><\/div>\n<\/p><\/div>\n<\/section>\n<section class=\"xts-negative-gap elementor-section elementor-top-section elementor-element elementor-element-2cef77a elementor-section-boxed elementor-section-height-default elementor-section-height-default xts-section-disabled\" data-id=\"2cef77a\" data-element_type=\"section\">\n<div class=\"elementor-container elementor-column-gap-default\">\n<div class=\"elementor-column elementor-col-100 elementor-top-column elementor-element elementor-element-d281a26\" data-id=\"d281a26\" data-element_type=\"column\">\n<div class=\"elementor-widget-wrap elementor-element-populated\">\n<div class=\"elementor-element elementor-element-e003aa9 elementor-widget-divider--view-line elementor-widget elementor-widget-divider\" data-id=\"e003aa9\" data-element_type=\"widget\" data-widget_type=\"divider.default\">\n<div class=\"elementor-widget-container\">\n<style>\/*! elementor - v3.20.0 - 20-03-2024 *\/\n.elementor-widget-divider{--divider-border-style:none;--divider-border-width:1px;--divider-color:#0c0d0e;--divider-icon-size:20px;--divider-element-spacing:10px;--divider-pattern-height:24px;--divider-pattern-size:20px;--divider-pattern-url:none;--divider-pattern-repeat:repeat-x}.elementor-widget-divider .elementor-divider{display:flex}.elementor-widget-divider .elementor-divider__text{font-size:15px;line-height:1;max-width:95%}.elementor-widget-divider .elementor-divider__element{margin:0 var(--divider-element-spacing);flex-shrink:0}.elementor-widget-divider .elementor-icon{font-size:var(--divider-icon-size)}.elementor-widget-divider .elementor-divider-separator{display:flex;margin:0;direction:ltr}.elementor-widget-divider--view-line_icon .elementor-divider-separator,.elementor-widget-divider--view-line_text .elementor-divider-separator{align-items:center}.elementor-widget-divider--view-line_icon .elementor-divider-separator:after,.elementor-widget-divider--view-line_icon .elementor-divider-separator:before,.elementor-widget-divider--view-line_text .elementor-divider-separator:after,.elementor-widget-divider--view-line_text .elementor-divider-separator:before{display:block;content:\"\";border-block-end:0;flex-grow:1;border-block-start:var(--divider-border-width) var(--divider-border-style) var(--divider-color)}.elementor-widget-divider--element-align-left .elementor-divider .elementor-divider-separator>.elementor-divider__svg:first-of-type{flex-grow:0;flex-shrink:100}.elementor-widget-divider--element-align-left .elementor-divider-separator:before{content:none}.elementor-widget-divider--element-align-left .elementor-divider__element{margin-left:0}.elementor-widget-divider--element-align-right .elementor-divider .elementor-divider-separator>.elementor-divider__svg:last-of-type{flex-grow:0;flex-shrink:100}.elementor-widget-divider--element-align-right .elementor-divider-separator:after{content:none}.elementor-widget-divider--element-align-right .elementor-divider__element{margin-right:0}.elementor-widget-divider--element-align-start .elementor-divider .elementor-divider-separator>.elementor-divider__svg:first-of-type{flex-grow:0;flex-shrink:100}.elementor-widget-divider--element-align-start .elementor-divider-separator:before{content:none}.elementor-widget-divider--element-align-start .elementor-divider__element{margin-inline-start:0}.elementor-widget-divider--element-align-end .elementor-divider .elementor-divider-separator>.elementor-divider__svg:last-of-type{flex-grow:0;flex-shrink:100}.elementor-widget-divider--element-align-end .elementor-divider-separator:after{content:none}.elementor-widget-divider--element-align-end .elementor-divider__element{margin-inline-end:0}.elementor-widget-divider:not(.elementor-widget-divider--view-line_text):not(.elementor-widget-divider--view-line_icon) .elementor-divider-separator{border-block-start:var(--divider-border-width) var(--divider-border-style) var(--divider-color)}.elementor-widget-divider--separator-type-pattern{--divider-border-style:none}.elementor-widget-divider--separator-type-pattern.elementor-widget-divider--view-line .elementor-divider-separator,.elementor-widget-divider--separator-type-pattern:not(.elementor-widget-divider--view-line) .elementor-divider-separator:after,.elementor-widget-divider--separator-type-pattern:not(.elementor-widget-divider--view-line) .elementor-divider-separator:before,.elementor-widget-divider--separator-type-pattern:not([class*=elementor-widget-divider--view]) .elementor-divider-separator{width:100%;min-height:var(--divider-pattern-height);-webkit-mask-size:var(--divider-pattern-size) 100%;mask-size:var(--divider-pattern-size) 100%;-webkit-mask-repeat:var(--divider-pattern-repeat);mask-repeat:var(--divider-pattern-repeat);background-color:var(--divider-color);-webkit-mask-image:var(--divider-pattern-url);mask-image:var(--divider-pattern-url)}.elementor-widget-divider--no-spacing{--divider-pattern-size:auto}.elementor-widget-divider--bg-round{--divider-pattern-repeat:round}.rtl .elementor-widget-divider .elementor-divider__text{direction:rtl}.e-con-inner>.elementor-widget-divider,.e-con>.elementor-widget-divider{width:var(--container-widget-width,100%);--flex-grow:var(--container-widget-flex-grow)}<\/style>\n<div class=\"elementor-divider\">\n\t\t\t<span class=\"elementor-divider-separator\"><br \/>\n\t\t\t\t\t\t<\/span>\n\t\t<\/div>\n<\/p><\/div>\n<\/p><\/div>\n<\/p><\/div>\n<\/p><\/div>\n<\/p><\/div>\n<\/section>\n<section class=\"xts-negative-gap elementor-section elementor-top-section elementor-element elementor-element-e72f064 elementor-section-boxed elementor-section-height-default elementor-section-height-default xts-section-disabled\" data-id=\"e72f064\" data-element_type=\"section\">\n<div class=\"elementor-container elementor-column-gap-default\">\n<div class=\"elementor-column elementor-col-100 elementor-top-column elementor-element elementor-element-4aef9d7\" data-id=\"4aef9d7\" data-element_type=\"column\">\n<div class=\"elementor-widget-wrap elementor-element-populated\">\n<div class=\"elementor-element elementor-element-8e73ae4 elementor-widget elementor-widget-xts_title\" data-id=\"8e73ae4\" data-element_type=\"widget\" data-widget_type=\"xts_title.default\">\n<div class=\"elementor-widget-container\">\n<div class=\"xts-section-heading xts-reset-mb-10 xts-reset-last xts-textalign-left\" data-animation-delay=\"\">\n<h3 class=\"xts-section-title title xts-design-default xts-textcolor-custom xts-fontsize-l\">\n\t\t\t\t\t\t<span class=\"xts-section-title-text\" data-elementor-setting-key=\"title\"><br \/>\n\t\t\t\t\t\t\tDrooni kasutaja registreerimiskohustus\t\t\t\t\t\t<\/span><\/p>\n<\/h3>\n<div class=\"xts-section-desc\">\n<div class=\"xts-section-desc-text xts-reset-all-last\" data-elementor-setting-key=\"description\">\n<p>Kasutaja peab registreerima, kui drooni kasutamine Vastab \u00fchele j\u00e4rgmistest tingimustest:<\/p>\n<ul>\n<li>\u00d5hus\u00f5iduki stardimass na v\u00e4hemalt 250 g.<\/li>\n<li>Kokkup\u00f5rkel \u00f5hus\u00f5idukiga edastatakse \u00fcle 80 d\u017eaulikineetilise energia.<\/li>\n<li>\u00d5hus\u00f5idukile na paigaldatud andur, mis v\u00f5imaldab teil isikuandmeid koguda.<\/li>\n<li>T\u00f6\u00f6tamine toimub erikategoorias (olenemata lennuki kaalust).<\/li>\n<\/ul>\n<p><strong><span style=\"text-decoration: underline; color: #800000;\">Zarejestruj si\u0119 ei ole vajalik, kui drooni piloteeritakse ilma kaamerata, mis kaalub alla 250g&#039;mi v\u00f5i kui droon kvalifitseerub m\u00e4nguasjaks. (Naiteks: Syma, Tello)<\/span><\/strong><\/p>\n<\/p><\/div>\n<\/p><\/div>\n<\/p><\/div>\n<\/p><\/div>\n<\/p><\/div>\n<\/p><\/div>\n<\/p><\/div>\n<\/p><\/div>\n<\/section><\/div>","protected":false},"excerpt":{"rendered":"<p>Syma W1 PRO Brushless GPS WIFI FPV 4K RTF 2.4G Droon Syma W1 PRO Brushless (harjadeta) GPS WIFI FPV 4K RTF 2.4G Droon &#8211; kvadrootor SYMA W1 PRO varustuses on t\u00e4iendatud 1080P frontaalne FPV WiFi kaamera ja 720P alumine kaamera (seadme p\u00f5hjas). Kaamerate vahelise pildi \u00fcmberl\u00fclitamine toimub kaugjuhtimispuldi nuppu vajutusel v\u00f5i nutitelefoni rakenduste men\u00fc\u00fcs. SYMA [&hellip;]<\/p>","protected":false},"featured_media":2389,"template":"","meta":[],"product_cat":[39],"product_tag":[22,150,164],"class_list":{"0":"post-3261","1":"product","2":"type-product","3":"status-publish","4":"has-post-thumbnail","6":"product_brand-syma","7":"product_cat-rc-models","8":"product_tag-drone","9":"product_tag-syma","10":"product_tag-w1-pro","12":"first","13":"instock","14":"product-type-simple"},"_links":{"self":[{"href":"https:\/\/dronvictory.com\/pl\/wp-json\/wp\/v2\/product\/3261","targetHints":{"allow":["GET"]}}],"collection":[{"href":"https:\/\/dronvictory.com\/pl\/wp-json\/wp\/v2\/product"}],"about":[{"href":"https:\/\/dronvictory.com\/pl\/wp-json\/wp\/v2\/types\/product"}],"wp:featuredmedia":[{"embeddable":true,"href":"https:\/\/dronvictory.com\/pl\/wp-json\/wp\/v2\/media\/2389"}],"wp:attachment":[{"href":"https:\/\/dronvictory.com\/pl\/wp-json\/wp\/v2\/media?parent=3261"}],"wp:term":[{"taxonomy":"product_cat","embeddable":true,"href":"https:\/\/dronvictory.com\/pl\/wp-json\/wp\/v2\/product_cat?post=3261"},{"taxonomy":"product_tag","embeddable":true,"href":"https:\/\/dronvictory.com\/pl\/wp-json\/wp\/v2\/product_tag?post=3261"}],"curies":[{"name":"wp","href":"https:\/\/api.w.org\/{rel}","templated":true}]}}