{"id":3278,"date":"2025-06-02T07:22:11","date_gmt":"2025-06-02T07:22:11","guid":{"rendered":"http:\/\/localhost:3000\/product\/seljakott-allveedroonile-gladius-mini-mini-s\/"},"modified":"2025-06-02T07:22:22","modified_gmt":"2025-06-02T07:22:22","slug":"seljakott-allveedroonile-gladius-mini-mini-s","status":"publish","type":"product","link":"https:\/\/dronvictory.com\/pl\/produkt\/seljakott-allveedroonile-gladius-mini-mini-s\/","title":{"rendered":"Seljakott allveedroonile Gladius Mini \/ Mini S"},"content":{"rendered":"<div data-elementor-type=\"product-post\" data-elementor-id=\"42510\" class=\"elementor elementor-42510 elementor-40454\" data-elementor-post-type=\"product\">\n<section class=\"xts-negative-gap elementor-section elementor-top-section elementor-element elementor-element-93a35b8 elementor-section-boxed elementor-section-height-default elementor-section-height-default xts-section-disabled\" data-id=\"93a35b8\" data-element_type=\"section\">\n<div class=\"elementor-container elementor-column-gap-default\">\n<div class=\"elementor-column elementor-col-100 elementor-top-column elementor-element elementor-element-5879971\" data-id=\"5879971\" data-element_type=\"column\">\n<div class=\"elementor-widget-wrap elementor-element-populated\">\n<div class=\"elementor-element elementor-element-3bd233e elementor-widget elementor-widget-heading\" data-id=\"3bd233e\" data-element_type=\"widget\" data-widget_type=\"heading.default\">\n<div class=\"elementor-widget-container\">\n<style>\/*! elementor - v3.20.0 - 20-03-2024 *\/\n.elementor-heading-title{padding:0;margin:0;line-height:1}.elementor-widget-heading .elementor-heading-title[class*=elementor-size-]>a{color:inherit;font-size:inherit;line-height:inherit}.elementor-widget-heading .elementor-heading-title.elementor-size-small{font-size:15px}.elementor-widget-heading .elementor-heading-title.elementor-size-medium{font-size:19px}.elementor-widget-heading .elementor-heading-title.elementor-size-large{font-size:29px}.elementor-widget-heading .elementor-heading-title.elementor-size-xl{font-size:39px}.elementor-widget-heading .elementor-heading-title.elementor-size-xxl{font-size:59px}<\/style>\n<h2 class=\"elementor-heading-title elementor-size-default\">Seljakott allveedroonile Gladius Mini \/ Mini S<\/h2>\n<\/p><\/div>\n<\/p><\/div>\n<\/p><\/div>\n<\/p><\/div>\n<\/p><\/div>\n<\/section>\n<section class=\"xts-negative-gap elementor-section elementor-top-section elementor-element elementor-element-fffbbf4 elementor-section-boxed elementor-section-height-default elementor-section-height-default xts-section-disabled\" data-id=\"fffbbf4\" data-element_type=\"section\">\n<div class=\"elementor-container elementor-column-gap-default\">\n<div class=\"elementor-column elementor-col-100 elementor-top-column elementor-element elementor-element-5f307f8\" data-id=\"5f307f8\" data-element_type=\"column\">\n<div class=\"elementor-widget-wrap elementor-element-populated\">\n<div class=\"elementor-element elementor-element-53b85fe elementor-widget elementor-widget-xts_title\" data-id=\"53b85fe\" data-element_type=\"widget\" data-widget_type=\"xts_title.default\">\n<div class=\"elementor-widget-container\">\n<div class=\"xts-section-heading xts-reset-mb-10 xts-reset-last xts-textalign-left\" data-animation-delay=\"\">\n<div class=\"xts-section-desc\">\n<div class=\"xts-section-desc-text xts-reset-all-last\" data-elementor-setting-key=\"description\">\n<p>Seljakott allveedroonile Gladius Mini \/ Mini S \u2013 veekindel seljakott allveedroonide transportimiseks. K\u00f5ik vajalikud tarvikud mahuvad \u00fchte kotti, mis v\u00f5imaldab kergesti kaasa v\u00f5tta kogu komplekti.<\/p>\n<\/p><\/div>\n<\/p><\/div>\n<\/p><\/div>\n<\/p><\/div>\n<\/p><\/div>\n<\/p><\/div>\n<\/p><\/div>\n<\/p><\/div>\n<\/section>\n<section class=\"xts-negative-gap elementor-section elementor-top-section elementor-element elementor-element-6133fe4 elementor-section-boxed elementor-section-height-default elementor-section-height-default xts-section-disabled\" data-id=\"6133fe4\" data-element_type=\"section\">\n<div class=\"elementor-container elementor-column-gap-default\">\n<div class=\"elementor-column elementor-col-100 elementor-top-column elementor-element elementor-element-747091b\" data-id=\"747091b\" data-element_type=\"column\">\n<div class=\"elementor-widget-wrap elementor-element-populated\">\n<div class=\"elementor-element elementor-element-9410f90 elementor-widget elementor-widget-xts_title\" data-id=\"9410f90\" data-element_type=\"widget\" data-widget_type=\"xts_title.default\">\n<div class=\"elementor-widget-container\">\n<div class=\"xts-section-heading xts-reset-mb-10 xts-reset-last xts-textalign-left\" data-animation-delay=\"\">\n<div class=\"xts-section-desc\">\n<div class=\"xts-section-desc-text xts-reset-all-last\" data-elementor-setting-key=\"description\">\n<p><strong>Uhildwa:<\/strong><\/p>\n<ul>\n<li>W pogoni za Gladiusem Mini<\/li>\n<li>W pogoni za Gladiusem Mini S<\/li>\n<\/ul><\/div>\n<\/p><\/div>\n<\/p><\/div>\n<\/p><\/div>\n<\/p><\/div>\n<\/p><\/div>\n<\/p><\/div>\n<\/p><\/div>\n<\/section><\/div>","protected":false},"excerpt":{"rendered":"<p>Veekindel seljakott Chasing Gladius Mini i Gladius Mini S allveedroonide transportimiseks.<\/p>","protected":false},"featured_media":218,"template":"","meta":[],"product_cat":[180,172],"product_tag":[181,173,182,179],"class_list":{"0":"post-3278","1":"product","2":"type-product","3":"status-publish","4":"has-post-thumbnail","6":"product_brand-chasing","7":"product_cat-accessories","8":"product_cat-underwater-drones","9":"product_tag-battery","10":"product_tag-chasing","11":"product_tag-f1","12":"product_tag-f1-pro","14":"first","15":"instock","16":"product-type-simple"},"_links":{"self":[{"href":"https:\/\/dronvictory.com\/pl\/wp-json\/wp\/v2\/product\/3278","targetHints":{"allow":["GET"]}}],"collection":[{"href":"https:\/\/dronvictory.com\/pl\/wp-json\/wp\/v2\/product"}],"about":[{"href":"https:\/\/dronvictory.com\/pl\/wp-json\/wp\/v2\/types\/product"}],"wp:featuredmedia":[{"embeddable":true,"href":"https:\/\/dronvictory.com\/pl\/wp-json\/wp\/v2\/media\/218"}],"wp:attachment":[{"href":"https:\/\/dronvictory.com\/pl\/wp-json\/wp\/v2\/media?parent=3278"}],"wp:term":[{"taxonomy":"product_cat","embeddable":true,"href":"https:\/\/dronvictory.com\/pl\/wp-json\/wp\/v2\/product_cat?post=3278"},{"taxonomy":"product_tag","embeddable":true,"href":"https:\/\/dronvictory.com\/pl\/wp-json\/wp\/v2\/product_tag?post=3278"}],"curies":[{"name":"wp","href":"https:\/\/api.w.org\/{rel}","templated":true}]}}