{"id":3279,"date":"2025-06-02T07:22:11","date_gmt":"2025-06-02T07:22:11","guid":{"rendered":"http:\/\/localhost:3000\/product\/chasing-f1-f1-pro-aku\/"},"modified":"2025-06-02T07:22:23","modified_gmt":"2025-06-02T07:22:23","slug":"chasing-f1-f1-pro-aku","status":"publish","type":"product","link":"https:\/\/dronvictory.com\/pl\/produkt\/chasing-f1-f1-pro-aku\/","title":{"rendered":"Pogo\u0144 za F1 \/ F1 Pro Aku"},"content":{"rendered":"<div data-elementor-type=\"product-post\" data-elementor-id=\"42508\" class=\"elementor elementor-42508 elementor-40423\" data-elementor-post-type=\"product\">\n<section class=\"xts-negative-gap elementor-section elementor-top-section elementor-element elementor-element-93a35b8 elementor-section-boxed elementor-section-height-default elementor-section-height-default xts-section-disabled\" data-id=\"93a35b8\" data-element_type=\"section\">\n<div class=\"elementor-container elementor-column-gap-default\">\n<div class=\"elementor-column elementor-col-100 elementor-top-column elementor-element elementor-element-5879971\" data-id=\"5879971\" data-element_type=\"column\">\n<div class=\"elementor-widget-wrap elementor-element-populated\">\n<div class=\"elementor-element elementor-element-3bd233e elementor-widget elementor-widget-heading\" data-id=\"3bd233e\" data-element_type=\"widget\" data-widget_type=\"heading.default\">\n<div class=\"elementor-widget-container\">\n<style>\/*! elementor - v3.20.0 - 20-03-2024 *\/\n.elementor-heading-title{padding:0;margin:0;line-height:1}.elementor-widget-heading .elementor-heading-title[class*=elementor-size-]>a{color:inherit;font-size:inherit;line-height:inherit}.elementor-widget-heading .elementor-heading-title.elementor-size-small{font-size:15px}.elementor-widget-heading .elementor-heading-title.elementor-size-medium{font-size:19px}.elementor-widget-heading .elementor-heading-title.elementor-size-large{font-size:29px}.elementor-widget-heading .elementor-heading-title.elementor-size-xl{font-size:39px}.elementor-widget-heading .elementor-heading-title.elementor-size-xxl{font-size:59px}<\/style>\n<h2 class=\"elementor-heading-title elementor-size-default\">Pogo\u0144 za F1 \/ F1 Pro Aku<\/h2>\n<\/p><\/div>\n<\/p><\/div>\n<\/p><\/div>\n<\/p><\/div>\n<\/p><\/div>\n<\/section>\n<section class=\"xts-negative-gap elementor-section elementor-top-section elementor-element elementor-element-fffbbf4 elementor-section-boxed elementor-section-height-default elementor-section-height-default xts-section-disabled\" data-id=\"fffbbf4\" data-element_type=\"section\">\n<div class=\"elementor-container elementor-column-gap-default\">\n<div class=\"elementor-column elementor-col-100 elementor-top-column elementor-element elementor-element-5f307f8\" data-id=\"5f307f8\" data-element_type=\"column\">\n<div class=\"elementor-widget-wrap elementor-element-populated\">\n<div class=\"elementor-element elementor-element-53b85fe elementor-widget elementor-widget-xts_title\" data-id=\"53b85fe\" data-element_type=\"widget\" data-widget_type=\"xts_title.default\">\n<div class=\"elementor-widget-container\">\n<div class=\"xts-section-heading xts-reset-mb-10 xts-reset-last xts-textalign-left\" data-animation-delay=\"\">\n<div class=\"xts-section-desc\">\n<div class=\"xts-section-desc-text xts-reset-all-last\" data-elementor-setting-key=\"description\">\n<p>Chasing F1 \/ F1 Pro Aku \u2013 Spetsiaalselt Chasing F1 jaoks v\u00e4lja t\u00f6\u00f6tatud aku na suure mahutavuse ja t\u00f5hususega, mis v\u00f5imaldab droonil kauem liikumises p\u00fcsida ja suurendab Selle tootlikkust \u00fclesannete t\u00e4itmisel.<\/p>\n<p>T\u00e4nu uuenduslike tehnoloogiate kasutamisele ja kvaliteetsete materjalide rakendamisele tagab aku stabiilse ja katkematu t\u00f6\u00f6 kogu kasutusaja v\u00e4ltel.<\/p>\n<p>Turvalisus na \u00fcks olulisemaid aspekte Chasing F1 aku arendamisel.<\/p>\n<\/p><\/div>\n<\/p><\/div>\n<\/p><\/div>\n<\/p><\/div>\n<\/p><\/div>\n<\/p><\/div>\n<\/p><\/div>\n<\/p><\/div>\n<\/section>\n<section class=\"xts-negative-gap elementor-section elementor-top-section elementor-element elementor-element-6133fe4 elementor-section-boxed elementor-section-height-default elementor-section-height-default xts-section-disabled\" data-id=\"6133fe4\" data-element_type=\"section\">\n<div class=\"elementor-container elementor-column-gap-default\">\n<div class=\"elementor-column elementor-col-100 elementor-top-column elementor-element elementor-element-747091b\" data-id=\"747091b\" data-element_type=\"column\">\n<div class=\"elementor-widget-wrap elementor-element-populated\">\n<div class=\"elementor-element elementor-element-9410f90 elementor-widget elementor-widget-xts_title\" data-id=\"9410f90\" data-element_type=\"widget\" data-widget_type=\"xts_title.default\">\n<div class=\"elementor-widget-container\">\n<div class=\"xts-section-heading xts-reset-mb-10 xts-reset-last xts-textalign-left\" data-animation-delay=\"\">\n<div class=\"xts-section-desc\">\n<div class=\"xts-section-desc-text xts-reset-all-last\" data-elementor-setting-key=\"description\">\n<p><strong>Uhildwa:<\/strong><\/p>\n<ul>\n<li>Pogo\u0144 za F1<\/li>\n<li>W pogoni za F1 Pro<\/li>\n<\/ul><\/div>\n<\/p><\/div>\n<\/p><\/div>\n<\/p><\/div>\n<\/p><\/div>\n<\/p><\/div>\n<\/p><\/div>\n<\/p><\/div>\n<\/section><\/div>","protected":false},"excerpt":{"rendered":"<p>Eemaldatav aku allveedroonile Chasing F1 i Chasing F1 Pro graczy<\/p>","protected":false},"featured_media":221,"template":"","meta":[],"product_cat":[180,172],"product_tag":[181,173,182,179],"class_list":{"0":"post-3279","1":"product","2":"type-product","3":"status-publish","4":"has-post-thumbnail","6":"product_brand-chasing","7":"product_cat-accessories","8":"product_cat-underwater-drones","9":"product_tag-battery","10":"product_tag-chasing","11":"product_tag-f1","12":"product_tag-f1-pro","14":"first","15":"instock","16":"product-type-simple"},"_links":{"self":[{"href":"https:\/\/dronvictory.com\/pl\/wp-json\/wp\/v2\/product\/3279","targetHints":{"allow":["GET"]}}],"collection":[{"href":"https:\/\/dronvictory.com\/pl\/wp-json\/wp\/v2\/product"}],"about":[{"href":"https:\/\/dronvictory.com\/pl\/wp-json\/wp\/v2\/types\/product"}],"wp:featuredmedia":[{"embeddable":true,"href":"https:\/\/dronvictory.com\/pl\/wp-json\/wp\/v2\/media\/221"}],"wp:attachment":[{"href":"https:\/\/dronvictory.com\/pl\/wp-json\/wp\/v2\/media?parent=3279"}],"wp:term":[{"taxonomy":"product_cat","embeddable":true,"href":"https:\/\/dronvictory.com\/pl\/wp-json\/wp\/v2\/product_cat?post=3279"},{"taxonomy":"product_tag","embeddable":true,"href":"https:\/\/dronvictory.com\/pl\/wp-json\/wp\/v2\/product_tag?post=3279"}],"curies":[{"name":"wp","href":"https:\/\/api.w.org\/{rel}","templated":true}]}}