{"id":3284,"date":"2025-06-02T07:22:11","date_gmt":"2025-06-02T07:22:11","guid":{"rendered":"http:\/\/localhost:3000\/product\/speedybee-flex25-fpv-4s-cinewhoop-tbs-crossfire\/"},"modified":"2025-06-02T07:22:27","modified_gmt":"2025-06-02T07:22:27","slug":"speedybee-flex25-fpv-4s-cinewhoop-tbs-crossfire","status":"publish","type":"product","link":"https:\/\/dronvictory.com\/pl\/produkt\/speedybee-flex25-fpv-4s-cinewhoop-tbs-crossfire\/","title":{"rendered":"SpeedyBee Flex25 FPV 4S Cinewhoop TBS Crossfire"},"content":{"rendered":"<div data-elementor-type=\"wp-post\" data-elementor-id=\"14855\" class=\"elementor elementor-14855 elementor-9113\" data-elementor-post-type=\"product\">\n<section class=\"xts-negative-gap elementor-section elementor-top-section elementor-element elementor-element-c6a51af elementor-section-boxed elementor-section-height-default elementor-section-height-default xts-section-disabled\" data-id=\"c6a51af\" data-element_type=\"section\">\n<div class=\"elementor-container elementor-column-gap-default\">\n<div class=\"elementor-column elementor-col-100 elementor-top-column elementor-element elementor-element-d3eb866\" data-id=\"d3eb866\" data-element_type=\"column\">\n<div class=\"elementor-widget-wrap elementor-element-populated\">\n<div class=\"elementor-element elementor-element-e167085 elementor-widget elementor-widget-heading\" data-id=\"e167085\" data-element_type=\"widget\" data-widget_type=\"heading.default\">\n<div class=\"elementor-widget-container\">\n<style>\/*! elementor - v3.20.0 - 20-03-2024 *\/\n.elementor-heading-title{padding:0;margin:0;line-height:1}.elementor-widget-heading .elementor-heading-title[class*=elementor-size-]>a{color:inherit;font-size:inherit;line-height:inherit}.elementor-widget-heading .elementor-heading-title.elementor-size-small{font-size:15px}.elementor-widget-heading .elementor-heading-title.elementor-size-medium{font-size:19px}.elementor-widget-heading .elementor-heading-title.elementor-size-large{font-size:29px}.elementor-widget-heading .elementor-heading-title.elementor-size-xl{font-size:39px}.elementor-widget-heading .elementor-heading-title.elementor-size-xxl{font-size:59px}<\/style>\n<h2 class=\"elementor-heading-title elementor-size-default\">SpeedyBee Flex25 FPV 4S Cinewhoop TBS Crossfire<\/h2>\n<\/p><\/div>\n<\/p><\/div>\n<\/p><\/div>\n<\/p><\/div>\n<\/p><\/div>\n<\/section>\n<section class=\"xts-negative-gap elementor-section elementor-top-section elementor-element elementor-element-287288f elementor-section-boxed elementor-section-height-default elementor-section-height-default xts-section-disabled\" data-id=\"287288f\" data-element_type=\"section\">\n<div class=\"elementor-container elementor-column-gap-default\">\n<div class=\"elementor-column elementor-col-100 elementor-top-column elementor-element elementor-element-784eab0\" data-id=\"784eab0\" data-element_type=\"column\">\n<div class=\"elementor-widget-wrap elementor-element-populated\">\n<div class=\"elementor-element elementor-element-4a9b5a3 elementor-widget elementor-widget-xts_title\" data-id=\"4a9b5a3\" data-element_type=\"widget\" data-widget_type=\"xts_title.default\">\n<div class=\"elementor-widget-container\">\n<div class=\"xts-section-heading xts-reset-mb-10 xts-reset-last xts-textalign-left\" data-animation-delay=\"\">\n<div class=\"xts-section-desc\">\n<div class=\"xts-section-desc-text xts-reset-all-last\" data-elementor-setting-key=\"description\">\n<p>SpeedyBee Flex25 FPV 4S Cinewhoop TBS Crossfire \u2013 SpeedyBee Flex25 Cinewhoop pakiet 2,5-tonowy droni, kt\u00f3ry mo\u017ce skorzysta\u0107 z 2-p\u0142atowego suurusega! Alus na 28% v\u00e4iksem kui enamikul 2.5-tollistel mudelitel, zobacz na kerge ja Sellel na Vasupidav \u00fches t\u00fckis kaitsekorpus. RunCam Phoenix 2 Nano kamera z TX800 VTX zapewnia wsparcie dla analogowych wideo, takich jak F745 35A, kt\u00f3re dzia\u0142aj\u0105 na platformie Wi-Fi. SpeedyBee przyspiesza.<\/p>\n<\/p><\/div>\n<\/p><\/div>\n<\/p><\/div>\n<\/p><\/div>\n<\/p><\/div>\n<\/p><\/div>\n<\/p><\/div>\n<\/p><\/div>\n<\/section><\/div>","protected":false},"excerpt":{"rendered":"<p>SpeedyBee Flex25 FPV 4S Cinewhoop TBS Crossfire SpeedyBee Flex25 FPV 4S Cinewhoop TBS Crossfire &#8211; SpeedyBee Flex25 Cinewhoop pakub 2,5-tollise drooni j\u00f5udlust vaid 2-tollise suurusega! Alus on 28% v\u00e4iksem kui enamikul 2.5-tollistel mudelitel, see on kerge ja sellel on vastupidav \u00fches t\u00fckis kaitsekorpus. RunCam Phoenix 2 Nano kaamera ja TX800 VTX s\u00fcsteem pakuvad suurep\u00e4rast analoogvideo [&hellip;]<\/p>","protected":false},"featured_media":2846,"template":"","meta":[],"product_cat":[184],"product_tag":[22,199,200],"class_list":{"0":"post-3284","1":"product","2":"type-product","3":"status-publish","4":"has-post-thumbnail","6":"product_brand-speedybee","7":"product_cat-fpv-drones","8":"product_tag-drone","9":"product_tag-flex25","10":"product_tag-speedybee","12":"first","13":"instock","14":"product-type-simple"},"_links":{"self":[{"href":"https:\/\/dronvictory.com\/pl\/wp-json\/wp\/v2\/product\/3284","targetHints":{"allow":["GET"]}}],"collection":[{"href":"https:\/\/dronvictory.com\/pl\/wp-json\/wp\/v2\/product"}],"about":[{"href":"https:\/\/dronvictory.com\/pl\/wp-json\/wp\/v2\/types\/product"}],"wp:featuredmedia":[{"embeddable":true,"href":"https:\/\/dronvictory.com\/pl\/wp-json\/wp\/v2\/media\/2846"}],"wp:attachment":[{"href":"https:\/\/dronvictory.com\/pl\/wp-json\/wp\/v2\/media?parent=3284"}],"wp:term":[{"taxonomy":"product_cat","embeddable":true,"href":"https:\/\/dronvictory.com\/pl\/wp-json\/wp\/v2\/product_cat?post=3284"},{"taxonomy":"product_tag","embeddable":true,"href":"https:\/\/dronvictory.com\/pl\/wp-json\/wp\/v2\/product_tag?post=3284"}],"curies":[{"name":"wp","href":"https:\/\/api.w.org\/{rel}","templated":true}]}}