{"id":3286,"date":"2025-06-02T07:22:11","date_gmt":"2025-06-02T07:22:11","guid":{"rendered":"http:\/\/localhost:3000\/product\/iflight-protek35-35%e2%80%b3-hd-dji-fpv-4s-cinewhoop-pnp\/"},"modified":"2025-06-02T07:22:29","modified_gmt":"2025-06-02T07:22:29","slug":"iflight-protek35-35%e2%80%b3-hd-dji-fpv-4s-cinewhoop-pnp","status":"publish","type":"product","link":"https:\/\/dronvictory.com\/pl\/produkt\/iflight-protek35-35%e2%80%b3-hd-dji-fpv-4s-cinewhoop-pnp\/","title":{"rendered":"iFlight Protek35 3,5\u2033 HD DJI FPV 4S Cinewhoop PNP"},"content":{"rendered":"<div data-elementor-type=\"wp-post\" data-elementor-id=\"14851\" class=\"elementor elementor-14851 elementor-9141\" data-elementor-post-type=\"product\">\n<section class=\"xts-negative-gap elementor-section elementor-top-section elementor-element elementor-element-c6a51af elementor-section-boxed elementor-section-height-default elementor-section-height-default xts-section-disabled\" data-id=\"c6a51af\" data-element_type=\"section\">\n<div class=\"elementor-container elementor-column-gap-default\">\n<div class=\"elementor-column elementor-col-100 elementor-top-column elementor-element elementor-element-d3eb866\" data-id=\"d3eb866\" data-element_type=\"column\">\n<div class=\"elementor-widget-wrap elementor-element-populated\">\n<div class=\"elementor-element elementor-element-e167085 elementor-widget elementor-widget-heading\" data-id=\"e167085\" data-element_type=\"widget\" data-widget_type=\"heading.default\">\n<div class=\"elementor-widget-container\">\n<style>\/*! elementor - v3.20.0 - 20-03-2024 *\/\n.elementor-heading-title{padding:0;margin:0;line-height:1}.elementor-widget-heading .elementor-heading-title[class*=elementor-size-]>a{color:inherit;font-size:inherit;line-height:inherit}.elementor-widget-heading .elementor-heading-title.elementor-size-small{font-size:15px}.elementor-widget-heading .elementor-heading-title.elementor-size-medium{font-size:19px}.elementor-widget-heading .elementor-heading-title.elementor-size-large{font-size:29px}.elementor-widget-heading .elementor-heading-title.elementor-size-xl{font-size:39px}.elementor-widget-heading .elementor-heading-title.elementor-size-xxl{font-size:59px}<\/style>\n<h2 class=\"elementor-heading-title elementor-size-default\">iFlight Protek35 3,5\u2033 HD DJI FPV 4S Cinewhoop PNP<\/h2>\n<\/p><\/div>\n<\/p><\/div>\n<\/p><\/div>\n<\/p><\/div>\n<\/p><\/div>\n<\/section>\n<section class=\"xts-negative-gap elementor-section elementor-top-section elementor-element elementor-element-287288f elementor-section-boxed elementor-section-height-default elementor-section-height-default xts-section-disabled\" data-id=\"287288f\" data-element_type=\"section\">\n<div class=\"elementor-container elementor-column-gap-default\">\n<div class=\"elementor-column elementor-col-100 elementor-top-column elementor-element elementor-element-784eab0\" data-id=\"784eab0\" data-element_type=\"column\">\n<div class=\"elementor-widget-wrap elementor-element-populated\">\n<div class=\"elementor-element elementor-element-4a9b5a3 elementor-widget elementor-widget-xts_title\" data-id=\"4a9b5a3\" data-element_type=\"widget\" data-widget_type=\"xts_title.default\">\n<div class=\"elementor-widget-container\">\n<div class=\"xts-section-heading xts-reset-mb-10 xts-reset-last xts-textalign-left\" data-animation-delay=\"\">\n<div class=\"xts-section-desc\">\n<div class=\"xts-section-desc-text xts-reset-all-last\" data-elementor-setting-key=\"description\">\n<p>iFlight Protek35 3,5\u2033 HD DJI FPV 4S Cinewhoop PNP \u2013 popularne 3-tolliseid Cinematic EVA BumbleBee i Green Hornet CineWhoop droone, kt\u00f3re mog\u0105 s\u0142u\u017cy\u0107 do zabawy i ogl\u0105dania film\u00f3w i pikemaks lennuks erinevatel eesm\u00e4rkidel.<\/p>\n<p>Meie t\u00e4iesti uus 3,5-tolline droon na l\u00f5puks valmis teile k\u00f5igile, sisuloojatele v\u00f5i nendele kuttidele, kellele meeldib aeg-ajalt kanda mingit kaitset. Jutt k\u00e4ib siin droonikaitsest \u2026<\/p>\n<p>ProTek ei ole tavaline Cinewhoopi seria, zobacz na palju enamat. Varustatud meie uute 2203.5 mootoritega, mis tagavad suurema v\u00f5imsuse ja v\u00e4iksema kuumenemise. Suutsime suurendada kiirust ja t\u00f5ukej\u00f5udu 50% v\u00f5rreldes Selle 3-tollise eelk\u00e4ijaga, andes palju rohkem ruumi meelelahutuseks. Meie nawigacja GPS basen m\u00f5\u00f5detud maksimaalne kiirus \u00fcletas 120 km\/ h ja maksimaalne t\u00f5ukej\u00f5ud 750 g mootori kohta (waid 3 kg) lubas taluda veelgi raskemaid kaameraid kui GoPro, kuid v\u00f5imaldas teha ka mitmeid koormatud t\u00f5ukeid v\u00f5i Freestyle-lende.<\/p>\n<p>Rohkem t\u00e4helepanu oli p\u00f6\u00f6ratud erinevatele montaa\u017eiv\u00f5imalustele. Meie standardowe BNF na standardowych konfiguracjach, kuid saate teha t\u00f5ukurmudeli (keerates komplekt tagurpidi) v\u00f5i kerge mudeli (kaalu opttimeerimiseks eemaldage propelleri kilp).<\/p>\n<p>Vastupidavad plastikust kaitsmed vask toedega, kaasaskantav kompaktne disain, h\u00f5lpsasti p\u00e4\u00e4setav USB-port, aku oleku LED indicator, kadunud mudeli helisignaal and universaalne GoPro termiline pol\u00fcuretaan t\u00e4issuuruses v\u00f5i lihtsalt vaid GoPro-le.<\/p>\n<\/p><\/div>\n<\/p><\/div>\n<\/p><\/div>\n<\/p><\/div>\n<\/p><\/div>\n<\/p><\/div>\n<\/p><\/div>\n<\/p><\/div>\n<\/section><\/div>","protected":false},"excerpt":{"rendered":"<p>iFlight Protek35 3,5&#8243; HD DJI FPV 4S Cinewhoop PNP iFlight Protek35 3.5&#8243; HD DJI FPV 4S Cinewhoop PNP &#8211; P\u00e4rast meie v\u00e4ga populaarseid 3-tolliseid Cinematic EVA BumbleBee ja Green Hornet CineWhoop droone p\u00fc\u00fcdsime parandada j\u00f5udlust ja v\u00e4hendada kaalu \u00f5veelgi paremaks ja pikemaks lennuks erinevatel eesm\u00e4rkidel. Meie t\u00e4iesti uus 3,5-tolline droon on l\u00f5puks valmis teile k\u00f5igile, [&hellip;]<\/p>","protected":false},"featured_media":2959,"template":"","meta":[],"product_cat":[184],"product_tag":[20,22,192,193,202],"class_list":{"0":"post-3286","1":"product","2":"type-product","3":"status-publish","4":"has-post-thumbnail","6":"product_brand-iflight","7":"product_cat-fpv-drones","8":"product_tag-dji","9":"product_tag-drone","10":"product_tag-hd","11":"product_tag-iflight","12":"product_tag-protek35","14":"first","15":"instock","16":"purchasable","17":"product-type-simple"},"_links":{"self":[{"href":"https:\/\/dronvictory.com\/pl\/wp-json\/wp\/v2\/product\/3286","targetHints":{"allow":["GET"]}}],"collection":[{"href":"https:\/\/dronvictory.com\/pl\/wp-json\/wp\/v2\/product"}],"about":[{"href":"https:\/\/dronvictory.com\/pl\/wp-json\/wp\/v2\/types\/product"}],"wp:featuredmedia":[{"embeddable":true,"href":"https:\/\/dronvictory.com\/pl\/wp-json\/wp\/v2\/media\/2959"}],"wp:attachment":[{"href":"https:\/\/dronvictory.com\/pl\/wp-json\/wp\/v2\/media?parent=3286"}],"wp:term":[{"taxonomy":"product_cat","embeddable":true,"href":"https:\/\/dronvictory.com\/pl\/wp-json\/wp\/v2\/product_cat?post=3286"},{"taxonomy":"product_tag","embeddable":true,"href":"https:\/\/dronvictory.com\/pl\/wp-json\/wp\/v2\/product_tag?post=3286"}],"curies":[{"name":"wp","href":"https:\/\/api.w.org\/{rel}","templated":true}]}}