{"id":3287,"date":"2025-06-02T07:22:11","date_gmt":"2025-06-02T07:22:11","guid":{"rendered":"http:\/\/localhost:3000\/product\/iflight-protek25-25%e2%80%b3-hd-dji-fpv-4s-cinewhoop\/"},"modified":"2025-06-02T07:22:30","modified_gmt":"2025-06-02T07:22:30","slug":"iflight-protek25-25%e2%80%b3-hd-dji-fpv-4s-cinewhoop","status":"publish","type":"product","link":"https:\/\/dronvictory.com\/pl\/produkt\/iflight-protek25-25%e2%80%b3-hd-dji-fpv-4s-cinewhoop\/","title":{"rendered":"iFlight Protek25 2,5\u2033 HD DJI FPV 4S Cinewhoop"},"content":{"rendered":"<div data-elementor-type=\"wp-post\" data-elementor-id=\"14848\" class=\"elementor elementor-14848 elementor-9155\" data-elementor-post-type=\"product\">\n<section class=\"xts-negative-gap elementor-section elementor-top-section elementor-element elementor-element-c6a51af elementor-section-boxed elementor-section-height-default elementor-section-height-default xts-section-disabled\" data-id=\"c6a51af\" data-element_type=\"section\">\n<div class=\"elementor-container elementor-column-gap-default\">\n<div class=\"elementor-column elementor-col-100 elementor-top-column elementor-element elementor-element-d3eb866\" data-id=\"d3eb866\" data-element_type=\"column\">\n<div class=\"elementor-widget-wrap elementor-element-populated\">\n<div class=\"elementor-element elementor-element-e167085 elementor-widget elementor-widget-heading\" data-id=\"e167085\" data-element_type=\"widget\" data-widget_type=\"heading.default\">\n<div class=\"elementor-widget-container\">\n<style>\/*! elementor - v3.20.0 - 20-03-2024 *\/\n.elementor-heading-title{padding:0;margin:0;line-height:1}.elementor-widget-heading .elementor-heading-title[class*=elementor-size-]>a{color:inherit;font-size:inherit;line-height:inherit}.elementor-widget-heading .elementor-heading-title.elementor-size-small{font-size:15px}.elementor-widget-heading .elementor-heading-title.elementor-size-medium{font-size:19px}.elementor-widget-heading .elementor-heading-title.elementor-size-large{font-size:29px}.elementor-widget-heading .elementor-heading-title.elementor-size-xl{font-size:39px}.elementor-widget-heading .elementor-heading-title.elementor-size-xxl{font-size:59px}<\/style>\n<h2 class=\"elementor-heading-title elementor-size-default\">iFlight Protek25 2,5\u2033 HD DJI FPV 4S Cinewhoop<\/h2>\n<\/p><\/div>\n<\/p><\/div>\n<\/p><\/div>\n<\/p><\/div>\n<\/p><\/div>\n<\/section>\n<section class=\"xts-negative-gap elementor-section elementor-top-section elementor-element elementor-element-287288f elementor-section-boxed elementor-section-height-default elementor-section-height-default xts-section-disabled\" data-id=\"287288f\" data-element_type=\"section\">\n<div class=\"elementor-container elementor-column-gap-default\">\n<div class=\"elementor-column elementor-col-100 elementor-top-column elementor-element elementor-element-784eab0\" data-id=\"784eab0\" data-element_type=\"column\">\n<div class=\"elementor-widget-wrap elementor-element-populated\">\n<div class=\"elementor-element elementor-element-4a9b5a3 elementor-widget elementor-widget-xts_title\" data-id=\"4a9b5a3\" data-element_type=\"widget\" data-widget_type=\"xts_title.default\">\n<div class=\"elementor-widget-container\">\n<div class=\"xts-section-heading xts-reset-mb-10 xts-reset-last xts-textalign-left\" data-animation-delay=\"\">\n<div class=\"xts-section-desc\">\n<div class=\"xts-section-desc-text xts-reset-all-last\" data-elementor-setting-key=\"description\">\n<p>iFlight Protek25 2,5\u2033 HD DJI FPV 4S Cinewhoop \u2013 umo\u017cliwia demonta\u017c kaalu i parema hugeupidavusega. Kulumiskindel kaitse, k\u00f5rge l\u00f6\u00f6gikindlus. Mootorite uus suurus v\u00f5imaldas v\u00e4hendada kuumenemist. Lisaki:<\/p>\n<ul>\n<li>Wska\u017anik LED aku<\/li>\n<li>Oznaczone diodami LED<\/li>\n<li>Mugav ligip\u00e4\u00e4s USB-porti<\/li>\n<li>Vaskpostid suurema konstruktsiooni tugevuse tagamiseks<\/li>\n<li>Znakowanie \u015bmig\u0142owca Varustatud<\/li>\n<\/ul>\n<p>Drooni t\u00e4ielikuks lahtiv\u00f5tmiseks piisab ainult 12 kruvi lahti keeramisest.<\/p>\n<p>ProTek25 na rohkem kui lihtsalt cinewhoop. Varustatud populaarsete XING 1404 mootoritega, millel na k\u00f5rge KV, na Sellel piisavalt v\u00f5imsusvaru i saavutada head kiirust ja teha erinevaid freestyle trikke. Vaikimisi na droon standardkonfiguratsioonis, kuid seda saab kompileerida pusheriks v\u00f5i eemaldada plastikust kaitse kaalu v\u00e4hendamiseks.<\/p>\n<p>Droonil na PID-ide i filtrite p\u00f5hiseadistus. Vaikimisi t\u00f6\u00f6tab re\u017eiim Angle (horisondilise stabiliseerimisega), et teie esimene po\u017cyczka ei l\u00f5peks allakukkumisega.<\/p>\n<\/p><\/div>\n<\/p><\/div>\n<\/p><\/div>\n<\/p><\/div>\n<\/p><\/div>\n<\/p><\/div>\n<\/p><\/div>\n<\/p><\/div>\n<\/section>\n<section class=\"xts-negative-gap elementor-section elementor-top-section elementor-element elementor-element-1b6979b elementor-section-boxed elementor-section-height-default elementor-section-height-default xts-section-disabled\" data-id=\"1b6979b\" data-element_type=\"section\">\n<div class=\"elementor-container elementor-column-gap-default\">\n<div class=\"elementor-column elementor-col-100 elementor-top-column elementor-element elementor-element-fe91f9b\" data-id=\"fe91f9b\" data-element_type=\"column\">\n<div class=\"elementor-widget-wrap elementor-element-populated\">\n<div class=\"elementor-element elementor-element-84bbccc elementor-widget elementor-widget-xts_title\" data-id=\"84bbccc\" data-element_type=\"widget\" data-widget_type=\"xts_title.default\">\n<div class=\"elementor-widget-container\">\n<div class=\"xts-section-heading xts-reset-mb-10 xts-reset-last xts-textalign-left\" data-animation-delay=\"\">\n<h3 class=\"xts-section-title title xts-design-default xts-textcolor-custom xts-fontsize-l\">\n\t\t\t\t\t\t<span class=\"xts-section-title-text\" data-elementor-setting-key=\"title\"><br \/>\n\t\t\t\t\t\t\tOmadused\t\t\t\t\t\t<\/span><\/p>\n<\/h3>\n<div class=\"xts-section-desc\">\n<div class=\"xts-section-desc-text xts-reset-all-last\" data-elementor-setting-key=\"description\">\n<ul>\n<li>Vastupidav plastkaitse vaskpostidega<\/li>\n<li>Kasaskantav kompaktne disain<\/li>\n<li>Mugav ligip\u00e4\u00e4s USB-porti ilma drooni lahti v\u00f5tmata<\/li>\n<li>Wska\u017anik LED aku<\/li>\n<li>\u015amig\u0142owiec sygnalizacyjny<\/li>\n<li>Uniwersalne gniazda GoPro<\/li>\n<li>Kamera FPV Caddx Polar Vista Digital HD System<\/li>\n<li>Suure j\u00f5udlusega SucceX-D 20A Whoop F4 AIO, mis s\u00e4\u00e4stab kaalu ja ruumi<\/li>\n<li>Kvaliteetne s\u00fcsinikkiud T700 (40% rohkem purunemiskindel v\u00f5rreldes tavalise 3K s\u00fcsinikkiust)<\/li>\n<li>Kerge \u00fches t\u00fckis raami konstruktsioon (v\u00e4hem paintdlik, j\u00e4igem, Wasupidavam).<\/li>\n<li>Madala resonantsiga raami konstruktsioon (v\u00e4hem \u017eeleed, rohkem filmilisi raame)<\/li>\n<li>Mootorid XING 1404 5500KV<\/li>\n<li>Eelseadistatud Freestyle reziimile<\/li>\n<\/ul><\/div>\n<\/p><\/div>\n<\/p><\/div>\n<\/p><\/div>\n<\/p><\/div>\n<\/p><\/div>\n<\/p><\/div>\n<\/p><\/div>\n<\/section><\/div>","protected":false},"excerpt":{"rendered":"<ul>\n<li>\u015amig\u0142o 2,5\u2033 \u2013 suurem efektiivsus, v\u00e4hem m\u00fcra.<\/li>\n<li>Kaasaskantav \u2013 lihtne osadeks lahti v\u00f5tta.<\/li>\n<li>Suurem j\u00f5udlus, pikemad lennud.<\/li>\n<li>Uniwersalne GoPro kinnitus<\/li>\n<\/ul>","protected":false},"featured_media":2108,"template":"","meta":[],"product_cat":[184],"product_tag":[20,22,192,193,203],"class_list":{"0":"post-3287","1":"product","2":"type-product","3":"status-publish","4":"has-post-thumbnail","6":"product_brand-iflight","7":"product_cat-fpv-drones","8":"product_tag-dji","9":"product_tag-drone","10":"product_tag-hd","11":"product_tag-iflight","12":"product_tag-protek25","14":"first","15":"instock","16":"product-type-simple"},"_links":{"self":[{"href":"https:\/\/dronvictory.com\/pl\/wp-json\/wp\/v2\/product\/3287","targetHints":{"allow":["GET"]}}],"collection":[{"href":"https:\/\/dronvictory.com\/pl\/wp-json\/wp\/v2\/product"}],"about":[{"href":"https:\/\/dronvictory.com\/pl\/wp-json\/wp\/v2\/types\/product"}],"wp:featuredmedia":[{"embeddable":true,"href":"https:\/\/dronvictory.com\/pl\/wp-json\/wp\/v2\/media\/2108"}],"wp:attachment":[{"href":"https:\/\/dronvictory.com\/pl\/wp-json\/wp\/v2\/media?parent=3287"}],"wp:term":[{"taxonomy":"product_cat","embeddable":true,"href":"https:\/\/dronvictory.com\/pl\/wp-json\/wp\/v2\/product_cat?post=3287"},{"taxonomy":"product_tag","embeddable":true,"href":"https:\/\/dronvictory.com\/pl\/wp-json\/wp\/v2\/product_tag?post=3287"}],"curies":[{"name":"wp","href":"https:\/\/api.w.org\/{rel}","templated":true}]}}