{"id":3288,"date":"2025-06-02T07:22:11","date_gmt":"2025-06-02T07:22:11","guid":{"rendered":"http:\/\/localhost:3000\/product\/iflight-alpha-a85-digital-hd-fpv-cinewhoop\/"},"modified":"2025-06-02T07:22:30","modified_gmt":"2025-06-02T07:22:30","slug":"iflight-alpha-a85-digital-hd-fpv-cinewhoop","status":"publish","type":"product","link":"https:\/\/dronvictory.com\/pl\/produkt\/iflight-alpha-a85-digital-hd-fpv-cinewhoop\/","title":{"rendered":"iFlight Alpha A85 Cyfrowy HD FPV Cinewhoop"},"content":{"rendered":"<div data-elementor-type=\"wp-post\" data-elementor-id=\"14845\" class=\"elementor elementor-14845 elementor-9170\" data-elementor-post-type=\"product\">\n<section class=\"xts-negative-gap elementor-section elementor-top-section elementor-element elementor-element-c6a51af elementor-section-boxed elementor-section-height-default elementor-section-height-default xts-section-disabled\" data-id=\"c6a51af\" data-element_type=\"section\">\n<div class=\"elementor-container elementor-column-gap-default\">\n<div class=\"elementor-column elementor-col-100 elementor-top-column elementor-element elementor-element-d3eb866\" data-id=\"d3eb866\" data-element_type=\"column\">\n<div class=\"elementor-widget-wrap elementor-element-populated\">\n<div class=\"elementor-element elementor-element-e167085 elementor-widget elementor-widget-heading\" data-id=\"e167085\" data-element_type=\"widget\" data-widget_type=\"heading.default\">\n<div class=\"elementor-widget-container\">\n<style>\/*! elementor - v3.20.0 - 20-03-2024 *\/\n.elementor-heading-title{padding:0;margin:0;line-height:1}.elementor-widget-heading .elementor-heading-title[class*=elementor-size-]>a{color:inherit;font-size:inherit;line-height:inherit}.elementor-widget-heading .elementor-heading-title.elementor-size-small{font-size:15px}.elementor-widget-heading .elementor-heading-title.elementor-size-medium{font-size:19px}.elementor-widget-heading .elementor-heading-title.elementor-size-large{font-size:29px}.elementor-widget-heading .elementor-heading-title.elementor-size-xl{font-size:39px}.elementor-widget-heading .elementor-heading-title.elementor-size-xxl{font-size:59px}<\/style>\n<h2 class=\"elementor-heading-title elementor-size-default\">iFlight Alpha A85 Cyfrowy HD FPV Cinewhoop<\/h2>\n<\/p><\/div>\n<\/p><\/div>\n<\/p><\/div>\n<\/p><\/div>\n<\/p><\/div>\n<\/section>\n<section class=\"xts-negative-gap elementor-section elementor-top-section elementor-element elementor-element-287288f elementor-section-boxed elementor-section-height-default elementor-section-height-default xts-section-disabled\" data-id=\"287288f\" data-element_type=\"section\">\n<div class=\"elementor-container elementor-column-gap-default\">\n<div class=\"elementor-column elementor-col-100 elementor-top-column elementor-element elementor-element-784eab0\" data-id=\"784eab0\" data-element_type=\"column\">\n<div class=\"elementor-widget-wrap elementor-element-populated\">\n<div class=\"elementor-element elementor-element-4a9b5a3 elementor-widget elementor-widget-xts_title\" data-id=\"4a9b5a3\" data-element_type=\"widget\" data-widget_type=\"xts_title.default\">\n<div class=\"elementor-widget-container\">\n<div class=\"xts-section-heading xts-reset-mb-10 xts-reset-last xts-textalign-left\" data-animation-delay=\"\">\n<div class=\"xts-section-desc\">\n<div class=\"xts-section-desc-text xts-reset-all-last\" data-elementor-setting-key=\"description\">\n<p>iFlight Alpha A85 Digital HD FPV Cinewhoop \u2013 mo\u017cesz ogl\u0105da\u0107 droony, mille peale na wirtualnych urz\u0105dzeniach FPV. 2-tonowy telefon kom\u00f3rkowy na cyfrowym odtwarzaczu wideo Caddx Vista w Caddx Polar Nano w kamerze. iFlighti meeskonna Poolt oli valitud optimaalne kaalu ja v\u00f5imsuse suhte, t\u00e4nu millele oli v\u00f5imalik saavutada pikk lennuaeg piisava v\u00f5imsusega.<\/p>\n<p>Droonil na PID-ide i filtrite p\u00f5hiseadistus. Vaikimisi t\u00f6\u00f6tab re\u017eiim Angle (horisondilise stabiliseerimisega), et teie esimene po\u017cyczka ei l\u00f5peks allakukkumisega.<\/p>\n<ul>\n<li>XING-E 1204 mootorid \u2013 suurem p\u00f6\u00f6rdemoment ja efektiivsus pikema lennuajaga v\u00f5rreldes 1105 mootoriga.<\/li>\n<li>Kaasas zosta\u0142 sfilmowany.<\/li>\n<li>Pod\u0142\u0105cz anten\u0119 iFlight Sigma 5,8 GHz.<\/li>\n<li>Daktyle kaitsevad tundlikku keskkonda ja teid.<\/li>\n<\/ul><\/div>\n<\/p><\/div>\n<\/p><\/div>\n<\/p><\/div>\n<\/p><\/div>\n<\/p><\/div>\n<\/p><\/div>\n<\/p><\/div>\n<\/section>\n<section class=\"xts-negative-gap elementor-section elementor-top-section elementor-element elementor-element-1b6979b elementor-section-boxed elementor-section-height-default elementor-section-height-default xts-section-disabled\" data-id=\"1b6979b\" data-element_type=\"section\">\n<div class=\"elementor-container elementor-column-gap-default\">\n<div class=\"elementor-column elementor-col-100 elementor-top-column elementor-element elementor-element-fe91f9b\" data-id=\"fe91f9b\" data-element_type=\"column\">\n<div class=\"elementor-widget-wrap elementor-element-populated\">\n<div class=\"elementor-element elementor-element-84bbccc elementor-widget elementor-widget-xts_title\" data-id=\"84bbccc\" data-element_type=\"widget\" data-widget_type=\"xts_title.default\">\n<div class=\"elementor-widget-container\">\n<div class=\"xts-section-heading xts-reset-mb-10 xts-reset-last xts-textalign-left\" data-animation-delay=\"\">\n<h3 class=\"xts-section-title title xts-design-default xts-textcolor-custom xts-fontsize-l\">\n\t\t\t\t\t\t<span class=\"xts-section-title-text\" data-elementor-setting-key=\"title\"><br \/>\n\t\t\t\t\t\t\tOmadused\t\t\t\t\t\t<\/span><\/p>\n<\/h3>\n<div class=\"xts-section-desc\">\n<div class=\"xts-section-desc-text xts-reset-all-last\" data-elementor-setting-key=\"description\">\n<ul>\n<li>Vastupidav plastkaitse vaskpostidega<\/li>\n<li>Kasaskantav kompaktne disain<\/li>\n<li>Mugav ligip\u00e4\u00e4s USB-porti ilma drooni lahti v\u00f5tmata<\/li>\n<li>Wska\u017anik LED aku<\/li>\n<li>\u015amig\u0142owiec sygnalizacyjny<\/li>\n<li>Uniwersalne gniazda GoPro<\/li>\n<li>Kamera FPV Caddx Polar Vista Digital HD System<\/li>\n<li>Suure j\u00f5udlusega SucceX-D 20A Whoop F4 AIO, mis s\u00e4\u00e4stab kaalu ja ruumi<\/li>\n<li>Kvaliteetne s\u00fcsinikkiud T700 (40% rohkem purunemiskindel v\u00f5rreldes tavalise 3K s\u00fcsinikkiust)<\/li>\n<li>Kerge \u00fches t\u00fckis raami konstruktsioon (v\u00e4hem paintdlik, j\u00e4igem, Wasupidavam).<\/li>\n<li>Madala resonantsiga raami konstruktsioon (v\u00e4hem \u017eeleed, rohkem filmilisi raame)<\/li>\n<li>Mootorid XING 1404 5500KV<\/li>\n<li>Eelseadistatud Freestyle reziimile<\/li>\n<\/ul><\/div>\n<\/p><\/div>\n<\/p><\/div>\n<\/p><\/div>\n<\/p><\/div>\n<\/p><\/div>\n<\/p><\/div>\n<\/p><\/div>\n<\/section><\/div>","protected":false},"excerpt":{"rendered":"<p>iFlight Alpha A85 Digital HD FPV Cinewhoop iFlight Alpha A85 Digital HD FPV Cinewhoop &#8211; v\u00e4ikseima raami suurusega droon, mille peale on v\u00f5imalik paigutada digitaalne FPV s\u00fcsteem. 2-tolline woop droon on varustatud Caddx Vista digitaalse videosaatja ja Caddx Polar Nano kaameraga. iFlighti meeskonna poolt oli valitud optimaalne kaalu ja v\u00f5imsuse suhte, t\u00e4nu millele oli v\u00f5imalik [&hellip;]<\/p>","protected":false},"featured_media":2980,"template":"","meta":[],"product_cat":[184],"product_tag":[204,20,22,192,193],"class_list":{"0":"post-3288","1":"product","2":"type-product","3":"status-publish","4":"has-post-thumbnail","6":"product_brand-iflight","7":"product_cat-fpv-drones","8":"product_tag-alpha-a85","9":"product_tag-dji","10":"product_tag-drone","11":"product_tag-hd","12":"product_tag-iflight","14":"first","15":"instock","16":"purchasable","17":"product-type-simple"},"_links":{"self":[{"href":"https:\/\/dronvictory.com\/pl\/wp-json\/wp\/v2\/product\/3288","targetHints":{"allow":["GET"]}}],"collection":[{"href":"https:\/\/dronvictory.com\/pl\/wp-json\/wp\/v2\/product"}],"about":[{"href":"https:\/\/dronvictory.com\/pl\/wp-json\/wp\/v2\/types\/product"}],"wp:featuredmedia":[{"embeddable":true,"href":"https:\/\/dronvictory.com\/pl\/wp-json\/wp\/v2\/media\/2980"}],"wp:attachment":[{"href":"https:\/\/dronvictory.com\/pl\/wp-json\/wp\/v2\/media?parent=3288"}],"wp:term":[{"taxonomy":"product_cat","embeddable":true,"href":"https:\/\/dronvictory.com\/pl\/wp-json\/wp\/v2\/product_cat?post=3288"},{"taxonomy":"product_tag","embeddable":true,"href":"https:\/\/dronvictory.com\/pl\/wp-json\/wp\/v2\/product_tag?post=3288"}],"curies":[{"name":"wp","href":"https:\/\/api.w.org\/{rel}","templated":true}]}}