{"id":3290,"date":"2025-06-02T07:22:11","date_gmt":"2025-06-02T07:22:11","guid":{"rendered":"http:\/\/localhost:3000\/product\/iflight-nazgul-evoque-f6x-digital-hd-bnf-fpv-droon\/"},"modified":"2025-06-02T07:22:32","modified_gmt":"2025-06-02T07:22:32","slug":"iflight-nazgul-evoque-f6x-digital-hd-bnf-fpv-droon","status":"publish","type":"product","link":"https:\/\/dronvictory.com\/pl\/produkt\/iflight-nazgul-evoque-f6x-digital-hd-bnf-fpv-droon\/","title":{"rendered":"iFlight Nazgul Evoque F6X Cyfrowy HD BNF FPV Droon"},"content":{"rendered":"<div data-elementor-type=\"wp-post\" data-elementor-id=\"14841\" class=\"elementor elementor-14841 elementor-9200\" data-elementor-post-type=\"product\">\n<section class=\"xts-negative-gap elementor-section elementor-top-section elementor-element elementor-element-c6a51af elementor-section-boxed elementor-section-height-default elementor-section-height-default xts-section-disabled\" data-id=\"c6a51af\" data-element_type=\"section\">\n<div class=\"elementor-container elementor-column-gap-default\">\n<div class=\"elementor-column elementor-col-100 elementor-top-column elementor-element elementor-element-d3eb866\" data-id=\"d3eb866\" data-element_type=\"column\">\n<div class=\"elementor-widget-wrap elementor-element-populated\">\n<div class=\"elementor-element elementor-element-e167085 elementor-widget elementor-widget-heading\" data-id=\"e167085\" data-element_type=\"widget\" data-widget_type=\"heading.default\">\n<div class=\"elementor-widget-container\">\n<style>\/*! elementor - v3.20.0 - 20-03-2024 *\/\n.elementor-heading-title{padding:0;margin:0;line-height:1}.elementor-widget-heading .elementor-heading-title[class*=elementor-size-]>a{color:inherit;font-size:inherit;line-height:inherit}.elementor-widget-heading .elementor-heading-title.elementor-size-small{font-size:15px}.elementor-widget-heading .elementor-heading-title.elementor-size-medium{font-size:19px}.elementor-widget-heading .elementor-heading-title.elementor-size-large{font-size:29px}.elementor-widget-heading .elementor-heading-title.elementor-size-xl{font-size:39px}.elementor-widget-heading .elementor-heading-title.elementor-size-xxl{font-size:59px}<\/style>\n<h2 class=\"elementor-heading-title elementor-size-default\">iFlight Nazgul Evoque F6X Cyfrowy HD BNF FPV Droon<\/h2>\n<\/p><\/div>\n<\/p><\/div>\n<\/p><\/div>\n<\/p><\/div>\n<\/p><\/div>\n<\/section>\n<section class=\"xts-negative-gap elementor-section elementor-top-section elementor-element elementor-element-287288f elementor-section-boxed elementor-section-height-default elementor-section-height-default xts-section-disabled\" data-id=\"287288f\" data-element_type=\"section\">\n<div class=\"elementor-container elementor-column-gap-default\">\n<div class=\"elementor-column elementor-col-100 elementor-top-column elementor-element elementor-element-784eab0\" data-id=\"784eab0\" data-element_type=\"column\">\n<div class=\"elementor-widget-wrap elementor-element-populated\">\n<div class=\"elementor-element elementor-element-4a9b5a3 elementor-widget elementor-widget-xts_title\" data-id=\"4a9b5a3\" data-element_type=\"widget\" data-widget_type=\"xts_title.default\">\n<div class=\"elementor-widget-container\">\n<div class=\"xts-section-heading xts-reset-mb-10 xts-reset-last xts-textalign-left\" data-animation-delay=\"\">\n<div class=\"xts-section-desc\">\n<div class=\"xts-section-desc-text xts-reset-all-last\" data-elementor-setting-key=\"description\">\n<p>Flight Nazgul Evoque F6X Digital HD BNF FPV Droon \u2013 Zobacz, jak mo\u017cesz cieszy\u0107 si\u0119 loosung Selle kunstiteose loomisele! T\u00e4ielikult kaitsstud elektroonika, t\u00e4ielikult valgustatud, kombineeritud uusima ja parima elektroonikaga, mida saame pakkuda. Drooni BNF-wersja loomisele kulus mitmeid kuid ja k\u00f5ik varem saadud \u00f5ppetunnid, et nii algajad kui ka kogenud piloodid saaksid uut Nazgul Evoque&#039;i esimesest sekundist t\u00e4ielikult nautida.<\/p>\n<p>Kas esimestel p\u00e4evadel tundsite end kunagi nagu muruniiduk, kes niidab rohtu ja loobib seda samal ajal lennuraamile? No nii\u2026 Potrzebujesz p\u00e4evad na m\u00f6\u00f6das! Uued k\u00fclgpaneelid kaitsevad mitte ainult niiskuse eest, vaid ka lennukontrolleri v\u00f5imalike pisikeste osade eest.<\/p>\n<\/p><\/div>\n<\/p><\/div>\n<\/p><\/div>\n<\/p><\/div>\n<\/p><\/div>\n<\/p><\/div>\n<\/p><\/div>\n<\/p><\/div>\n<\/section><\/div>","protected":false},"excerpt":{"rendered":"<p>iFlight Nazgul Evoque F6X Digital HD BNF FPV Droon Flight Nazgul Evoque F6X Digital HD BNF FPV Droon &#8211; See oli meie uusima l\u00e4henemise loosung selle kunstiteose loomisele! T\u00e4ielikult kaitstud elektroonika, t\u00e4ielikult valgustatud, kombineeritud uusima ja parima elektroonikaga, mida saame pakkuda. Drooni BNF-versiooni loomisele kulus mitmeid kuid ja k\u00f5ik varem saadud \u00f5ppetunnid, et nii algajad [&hellip;]<\/p>","protected":false},"featured_media":2965,"template":"","meta":[],"product_cat":[184],"product_tag":[22,206,207,27,192,193,208],"class_list":{"0":"post-3290","1":"product","2":"type-product","3":"status-publish","4":"has-post-thumbnail","6":"product_brand-iflight","7":"product_cat-fpv-drones","8":"product_tag-drone","9":"product_tag-evoque","10":"product_tag-f6x","11":"product_tag-fpv","12":"product_tag-hd","13":"product_tag-iflight","14":"product_tag-nazgul","16":"first","17":"instock","18":"product-type-simple"},"_links":{"self":[{"href":"https:\/\/dronvictory.com\/pl\/wp-json\/wp\/v2\/product\/3290","targetHints":{"allow":["GET"]}}],"collection":[{"href":"https:\/\/dronvictory.com\/pl\/wp-json\/wp\/v2\/product"}],"about":[{"href":"https:\/\/dronvictory.com\/pl\/wp-json\/wp\/v2\/types\/product"}],"wp:featuredmedia":[{"embeddable":true,"href":"https:\/\/dronvictory.com\/pl\/wp-json\/wp\/v2\/media\/2965"}],"wp:attachment":[{"href":"https:\/\/dronvictory.com\/pl\/wp-json\/wp\/v2\/media?parent=3290"}],"wp:term":[{"taxonomy":"product_cat","embeddable":true,"href":"https:\/\/dronvictory.com\/pl\/wp-json\/wp\/v2\/product_cat?post=3290"},{"taxonomy":"product_tag","embeddable":true,"href":"https:\/\/dronvictory.com\/pl\/wp-json\/wp\/v2\/product_tag?post=3290"}],"curies":[{"name":"wp","href":"https:\/\/api.w.org\/{rel}","templated":true}]}}