{"id":3292,"date":"2025-06-02T07:22:11","date_gmt":"2025-06-02T07:22:11","guid":{"rendered":"http:\/\/localhost:3000\/product\/iflight-nazgul-xl5-v2-digital-hd-6s-pnp-fpv-droon\/"},"modified":"2025-06-02T07:22:34","modified_gmt":"2025-06-02T07:22:34","slug":"iflight-nazgul-xl5-v2-digital-hd-6s-pnp-fpv-droon","status":"publish","type":"product","link":"https:\/\/dronvictory.com\/pl\/produkt\/iflight-nazgul-xl5-v2-digital-hd-6s-pnp-fpv-droon\/","title":{"rendered":"iFlight Nazgul XL5 V2 Cyfrowy HD 6S PNP FPV Droon"},"content":{"rendered":"<div data-elementor-type=\"wp-post\" data-elementor-id=\"14839\" class=\"elementor elementor-14839 elementor-9227\" data-elementor-post-type=\"product\">\n<section class=\"xts-negative-gap elementor-section elementor-top-section elementor-element elementor-element-c6a51af elementor-section-boxed elementor-section-height-default elementor-section-height-default xts-section-disabled\" data-id=\"c6a51af\" data-element_type=\"section\">\n<div class=\"elementor-container elementor-column-gap-default\">\n<div class=\"elementor-column elementor-col-100 elementor-top-column elementor-element elementor-element-d3eb866\" data-id=\"d3eb866\" data-element_type=\"column\">\n<div class=\"elementor-widget-wrap elementor-element-populated\">\n<div class=\"elementor-element elementor-element-e167085 elementor-widget elementor-widget-heading\" data-id=\"e167085\" data-element_type=\"widget\" data-widget_type=\"heading.default\">\n<div class=\"elementor-widget-container\">\n<style>\/*! elementor - v3.20.0 - 20-03-2024 *\/\n.elementor-heading-title{padding:0;margin:0;line-height:1}.elementor-widget-heading .elementor-heading-title[class*=elementor-size-]>a{color:inherit;font-size:inherit;line-height:inherit}.elementor-widget-heading .elementor-heading-title.elementor-size-small{font-size:15px}.elementor-widget-heading .elementor-heading-title.elementor-size-medium{font-size:19px}.elementor-widget-heading .elementor-heading-title.elementor-size-large{font-size:29px}.elementor-widget-heading .elementor-heading-title.elementor-size-xl{font-size:39px}.elementor-widget-heading .elementor-heading-title.elementor-size-xxl{font-size:59px}<\/style>\n<h2 class=\"elementor-heading-title elementor-size-default\">iFlight Nazgul XL5 V2 Cyfrowy HD 6S PNP FPV Droon<\/h2>\n<\/p><\/div>\n<\/p><\/div>\n<\/p><\/div>\n<\/p><\/div>\n<\/p><\/div>\n<\/section>\n<section class=\"xts-negative-gap elementor-section elementor-top-section elementor-element elementor-element-287288f elementor-section-boxed elementor-section-height-default elementor-section-height-default xts-section-disabled\" data-id=\"287288f\" data-element_type=\"section\">\n<div class=\"elementor-container elementor-column-gap-default\">\n<div class=\"elementor-column elementor-col-100 elementor-top-column elementor-element elementor-element-784eab0\" data-id=\"784eab0\" data-element_type=\"column\">\n<div class=\"elementor-widget-wrap elementor-element-populated\">\n<div class=\"elementor-element elementor-element-4a9b5a3 elementor-widget elementor-widget-xts_title\" data-id=\"4a9b5a3\" data-element_type=\"widget\" data-widget_type=\"xts_title.default\">\n<div class=\"elementor-widget-container\">\n<div class=\"xts-section-heading xts-reset-mb-10 xts-reset-last xts-textalign-left\" data-animation-delay=\"\">\n<div class=\"xts-section-desc\">\n<div class=\"xts-section-desc-text xts-reset-all-last\" data-elementor-setting-key=\"description\">\n<p>iFlight Nazgul XL5 V2 Digital HD 6S PNP FPV Droon \u2013 Nazgul5 HD na 5-tonowym droonie PNP Caddx Vista Digital HD s\u00fcsteemiga. Paigaldasime kergem Caddx Vista mo\u017ce by\u0107 u\u017cywany przez XL5 V5 FPV. K\u00f5ik on eelseadistatud, lihtsalt droon \u00fchenda ja haka lendama!<\/p>\n<p>Maksimaalne v\u00f5imsus ja sujuv po\u017cyczaj na tagatud meie populaarsete XING-E mootorite kasutamisega, millel na kauakestvad NSK laagrid. Pole vaja muret tunda varuosad tulevad koos tellimusega ja kergesti vahetatavad erinevates tingimustes.<\/p>\n<\/p><\/div>\n<\/p><\/div>\n<\/p><\/div>\n<\/p><\/div>\n<\/p><\/div>\n<\/p><\/div>\n<\/p><\/div>\n<\/p><\/div>\n<\/section><\/div>","protected":false},"excerpt":{"rendered":"<p>iFlight Nazgul XL5 V2 Digital HD 6S PNP FPV Droon iFlight Nazgul XL5 V2 Digital HD 6S PNP FPV Droon &#8211; Nazgul5 HD on 5-tolline PNP droon Caddx Vista Digital HD s\u00fcsteemiga. Paigaldasime kergema Caddx Vista \u00fchele meie uuele uuendatud XL5 V5 FPV raamile. K\u00f5ik on eelseadistatud, lihtsalt droon \u00fchenda ja haka lendama! Maksimaalne v\u00f5imsus [&hellip;]<\/p>","protected":false},"featured_media":2817,"template":"","meta":[],"product_cat":[184],"product_tag":[22,27,192,193,208,210],"class_list":{"0":"post-3292","1":"product","2":"type-product","3":"status-publish","4":"has-post-thumbnail","6":"product_brand-iflight","7":"product_cat-fpv-drones","8":"product_tag-drone","9":"product_tag-fpv","10":"product_tag-hd","11":"product_tag-iflight","12":"product_tag-nazgul","13":"product_tag-xl5","15":"first","16":"instock","17":"product-type-simple"},"_links":{"self":[{"href":"https:\/\/dronvictory.com\/pl\/wp-json\/wp\/v2\/product\/3292","targetHints":{"allow":["GET"]}}],"collection":[{"href":"https:\/\/dronvictory.com\/pl\/wp-json\/wp\/v2\/product"}],"about":[{"href":"https:\/\/dronvictory.com\/pl\/wp-json\/wp\/v2\/types\/product"}],"wp:featuredmedia":[{"embeddable":true,"href":"https:\/\/dronvictory.com\/pl\/wp-json\/wp\/v2\/media\/2817"}],"wp:attachment":[{"href":"https:\/\/dronvictory.com\/pl\/wp-json\/wp\/v2\/media?parent=3292"}],"wp:term":[{"taxonomy":"product_cat","embeddable":true,"href":"https:\/\/dronvictory.com\/pl\/wp-json\/wp\/v2\/product_cat?post=3292"},{"taxonomy":"product_tag","embeddable":true,"href":"https:\/\/dronvictory.com\/pl\/wp-json\/wp\/v2\/product_tag?post=3292"}],"curies":[{"name":"wp","href":"https:\/\/api.w.org\/{rel}","templated":true}]}}