{"id":3294,"date":"2025-06-02T07:22:39","date_gmt":"2025-06-02T07:22:39","guid":{"rendered":"http:\/\/localhost:3000\/product\/iflight-baby-nazgul-nano-analog-2-5%e2%80%b3-1s-fpv-freestyle-bnf-crossfire-nano\/"},"modified":"2025-06-02T07:22:48","modified_gmt":"2025-06-02T07:22:48","slug":"iflight-baby-nazgul-nano-analog-2-5%e2%80%b3-1s-fpv-freestyle-bnf-crossfire-nano","status":"publish","type":"product","link":"https:\/\/dronvictory.com\/pl\/produkt\/iflight-baby-nazgul-nano-analog-2-5%e2%80%b3-1s-fpv-freestyle-bnf-crossfire-nano\/","title":{"rendered":"iFlight Baby Nazgul Nano Analogowy 2.5\u2033 1S FPV Freestyle BNF Crossfire Nano"},"content":{"rendered":"<div data-elementor-type=\"wp-post\" data-elementor-id=\"14837\" class=\"elementor elementor-14837 elementor-9255\" data-elementor-post-type=\"product\">\n<section class=\"xts-negative-gap elementor-section elementor-top-section elementor-element elementor-element-c6a51af elementor-section-boxed elementor-section-height-default elementor-section-height-default xts-section-disabled\" data-id=\"c6a51af\" data-element_type=\"section\">\n<div class=\"elementor-container elementor-column-gap-default\">\n<div class=\"elementor-column elementor-col-100 elementor-top-column elementor-element elementor-element-d3eb866\" data-id=\"d3eb866\" data-element_type=\"column\">\n<div class=\"elementor-widget-wrap elementor-element-populated\">\n<div class=\"elementor-element elementor-element-e167085 elementor-widget elementor-widget-heading\" data-id=\"e167085\" data-element_type=\"widget\" data-widget_type=\"heading.default\">\n<div class=\"elementor-widget-container\">\n<style>\/*! elementor - v3.20.0 - 20-03-2024 *\/\n.elementor-heading-title{padding:0;margin:0;line-height:1}.elementor-widget-heading .elementor-heading-title[class*=elementor-size-]>a{color:inherit;font-size:inherit;line-height:inherit}.elementor-widget-heading .elementor-heading-title.elementor-size-small{font-size:15px}.elementor-widget-heading .elementor-heading-title.elementor-size-medium{font-size:19px}.elementor-widget-heading .elementor-heading-title.elementor-size-large{font-size:29px}.elementor-widget-heading .elementor-heading-title.elementor-size-xl{font-size:39px}.elementor-widget-heading .elementor-heading-title.elementor-size-xxl{font-size:59px}<\/style>\n<h2 class=\"elementor-heading-title elementor-size-default\">iFlight Baby Nazgul Nano Analogowy 2.5\u2033 1S FPV Freestyle BNF Crossfire Nano<\/h2>\n<\/p><\/div>\n<\/p><\/div>\n<\/p><\/div>\n<\/p><\/div>\n<\/p><\/div>\n<\/section>\n<section class=\"xts-negative-gap elementor-section elementor-top-section elementor-element elementor-element-287288f elementor-section-boxed elementor-section-height-default elementor-section-height-default xts-section-disabled\" data-id=\"287288f\" data-element_type=\"section\">\n<div class=\"elementor-container elementor-column-gap-default\">\n<div class=\"elementor-column elementor-col-100 elementor-top-column elementor-element elementor-element-784eab0\" data-id=\"784eab0\" data-element_type=\"column\">\n<div class=\"elementor-widget-wrap elementor-element-populated\">\n<div class=\"elementor-element elementor-element-4a9b5a3 elementor-widget elementor-widget-xts_title\" data-id=\"4a9b5a3\" data-element_type=\"widget\" data-widget_type=\"xts_title.default\">\n<div class=\"elementor-widget-container\">\n<div class=\"xts-section-heading xts-reset-mb-10 xts-reset-last xts-textalign-left\" data-animation-delay=\"\">\n<div class=\"xts-section-desc\">\n<div class=\"xts-section-desc-text xts-reset-all-last\" data-elementor-setting-key=\"description\">\n<p>Flight Baby Nazgul Nano Analog 2,5\u2033 1S FPV Freestyle BNF Crossfire Nano \u2013 zobacz minidroon mahub, kt\u00f3ry jest otseses m\u00f5ttes igasse taskusse! Idealne suurus iga koha jaoks!<\/p>\n<p><strong>\u2013 V\u00f5imsad XING 0803 motorid<\/strong><\/p>\n<p>Harjadeta mootorid, millel on suurem t\u00f6\u00f6kindlus ja pikem kasutusiga kui harjamootoritel!<\/p>\n<p><strong>\u2013 Sisseehitatud AIO FC D8 Vastuv\u00f5tja<\/strong><\/p>\n<p>V\u00e4hem kaalu ja ruumi t\u00e4nu meie integreeritud rozleg\u0142uv\u00f5tjale (protokoll \u00fchildub Frsky D8-ga)<\/p>\n<p><strong>\u2013 Eraldi VTX stabiilseks pildiedastuseks<\/strong><\/p>\n<p>Kerge mikrovideotransiiver, millel on 40 kanalit, 50 mW v\u00e4ljundv\u00f5imsus ja tihvtantenn<\/p>\n<p><strong>\u2013 Jako\u015b\u0107 FPV kogemus<\/strong><\/p>\n<p>Runcam Atom 800TVL-ga i 1,7g<\/p>\n<\/p><\/div>\n<\/p><\/div>\n<\/p><\/div>\n<\/p><\/div>\n<\/p><\/div>\n<\/p><\/div>\n<\/p><\/div>\n<\/p><\/div>\n<\/section><\/div>","protected":false},"excerpt":{"rendered":"<p>iFlight Baby Nazgul Nano Analog 2.5&#8243; 1S FPV Freestyle BNF Crossfire Nano Flight Baby Nazgul Nano Analog 2.5&#8243; 1S FPV Freestyle BNF Crossfire Nano &#8211; see minidroon mahub s\u00f5na otseses m\u00f5ttes igasse taskusse! Ideaalne suurus iga koha jaoks! &#8211; V\u00f5imsad XING 0803 mootorid Harjadeta mootorid, millel on suurem t\u00f6\u00f6kindlus ja pikem kasutusiga kui harjamootoritel! &#8211; [&hellip;]<\/p>","protected":false},"featured_media":2978,"template":"","meta":[],"product_cat":[184],"product_tag":[188,212,22,27,193,208],"class_list":{"0":"post-3294","1":"product","2":"type-product","3":"status-publish","4":"has-post-thumbnail","6":"product_brand-iflight","7":"product_cat-fpv-drones","8":"product_tag-analog","9":"product_tag-baby","10":"product_tag-drone","11":"product_tag-fpv","12":"product_tag-iflight","13":"product_tag-nazgul","15":"first","16":"instock","17":"product-type-simple"},"_links":{"self":[{"href":"https:\/\/dronvictory.com\/pl\/wp-json\/wp\/v2\/product\/3294","targetHints":{"allow":["GET"]}}],"collection":[{"href":"https:\/\/dronvictory.com\/pl\/wp-json\/wp\/v2\/product"}],"about":[{"href":"https:\/\/dronvictory.com\/pl\/wp-json\/wp\/v2\/types\/product"}],"wp:featuredmedia":[{"embeddable":true,"href":"https:\/\/dronvictory.com\/pl\/wp-json\/wp\/v2\/media\/2978"}],"wp:attachment":[{"href":"https:\/\/dronvictory.com\/pl\/wp-json\/wp\/v2\/media?parent=3294"}],"wp:term":[{"taxonomy":"product_cat","embeddable":true,"href":"https:\/\/dronvictory.com\/pl\/wp-json\/wp\/v2\/product_cat?post=3294"},{"taxonomy":"product_tag","embeddable":true,"href":"https:\/\/dronvictory.com\/pl\/wp-json\/wp\/v2\/product_tag?post=3294"}],"curies":[{"name":"wp","href":"https:\/\/api.w.org\/{rel}","templated":true}]}}