{"id":3295,"date":"2025-06-02T07:22:39","date_gmt":"2025-06-02T07:22:39","guid":{"rendered":"http:\/\/localhost:3000\/product\/diatone-fpv-roma-f35-3-5%e2%80%b3-caddx-polar-vista-6s-hd\/"},"modified":"2025-06-02T07:22:49","modified_gmt":"2025-06-02T07:22:49","slug":"diatone-fpv-roma-f35-3-5%e2%80%b3-caddx-polar-vista-6s-hd","status":"publish","type":"product","link":"https:\/\/dronvictory.com\/pl\/produkt\/diatone-fpv-roma-f35-3-5%e2%80%b3-caddx-polar-vista-6s-hd\/","title":{"rendered":"Diatone FPV Roma F35 3,5\u2033 Caddx Polar Vista 6S HD"},"content":{"rendered":"<div data-elementor-type=\"wp-post\" data-elementor-id=\"14836\" class=\"elementor elementor-14836 elementor-9264\" data-elementor-post-type=\"product\">\n<section class=\"xts-negative-gap elementor-section elementor-top-section elementor-element elementor-element-c6a51af elementor-section-boxed elementor-section-height-default elementor-section-height-default xts-section-disabled\" data-id=\"c6a51af\" data-element_type=\"section\">\n<div class=\"elementor-container elementor-column-gap-default\">\n<div class=\"elementor-column elementor-col-100 elementor-top-column elementor-element elementor-element-d3eb866\" data-id=\"d3eb866\" data-element_type=\"column\">\n<div class=\"elementor-widget-wrap elementor-element-populated\">\n<div class=\"elementor-element elementor-element-e167085 elementor-widget elementor-widget-heading\" data-id=\"e167085\" data-element_type=\"widget\" data-widget_type=\"heading.default\">\n<div class=\"elementor-widget-container\">\n<style>\/*! elementor - v3.20.0 - 20-03-2024 *\/\n.elementor-heading-title{padding:0;margin:0;line-height:1}.elementor-widget-heading .elementor-heading-title[class*=elementor-size-]>a{color:inherit;font-size:inherit;line-height:inherit}.elementor-widget-heading .elementor-heading-title.elementor-size-small{font-size:15px}.elementor-widget-heading .elementor-heading-title.elementor-size-medium{font-size:19px}.elementor-widget-heading .elementor-heading-title.elementor-size-large{font-size:29px}.elementor-widget-heading .elementor-heading-title.elementor-size-xl{font-size:39px}.elementor-widget-heading .elementor-heading-title.elementor-size-xxl{font-size:59px}<\/style>\n<h2 class=\"elementor-heading-title elementor-size-default\">Diatone FPV Roma F35 3,5\u2033 Caddx Polar Vista 6S HD<\/h2>\n<\/p><\/div>\n<\/p><\/div>\n<\/p><\/div>\n<\/p><\/div>\n<\/p><\/div>\n<\/section>\n<section class=\"xts-negative-gap elementor-section elementor-top-section elementor-element elementor-element-287288f elementor-section-boxed elementor-section-height-default elementor-section-height-default xts-section-disabled\" data-id=\"287288f\" data-element_type=\"section\">\n<div class=\"elementor-container elementor-column-gap-default\">\n<div class=\"elementor-column elementor-col-100 elementor-top-column elementor-element elementor-element-784eab0\" data-id=\"784eab0\" data-element_type=\"column\">\n<div class=\"elementor-widget-wrap elementor-element-populated\">\n<div class=\"elementor-element elementor-element-4a9b5a3 elementor-widget elementor-widget-xts_title\" data-id=\"4a9b5a3\" data-element_type=\"widget\" data-widget_type=\"xts_title.default\">\n<div class=\"elementor-widget-container\">\n<div class=\"xts-section-heading xts-reset-mb-10 xts-reset-last xts-textalign-left\" data-animation-delay=\"\">\n<div class=\"xts-section-desc\">\n<div class=\"xts-section-desc-text xts-reset-all-last\" data-elementor-setting-key=\"description\">\n<p>Diatone FPV Roma F35 3,5\u2033 Caddx Polar Vista 6S HD \u2013 Diatone Roma F35 to 3,5-tonowy zestaw segment\u00f3w. Erinevalt teistest 3,5-tollistest droonidest, mis on Selle mikroperekonna liikmete laiendatud versioonid, on Roma F35 oma vanema \u00f5e-venna Roma F5 3,5-tollline versioon. Ta rikkus k\u00f5iki reegleid seoses Sellega Milline Peab Olema 3,5-tolline droon ja Definierib Selle Segmendi \u00fcmber. Zobacz esmaklassilin\u0119 droon, mitte odav. Zobacz na droon, millega paljud piloodid lendavad rohkem kui \u00fchegi teise drooniga.<\/p>\n<\/p><\/div>\n<\/p><\/div>\n<\/p><\/div>\n<\/p><\/div>\n<\/p><\/div>\n<\/p><\/div>\n<\/p><\/div>\n<\/p><\/div>\n<\/section><\/div>","protected":false},"excerpt":{"rendered":"<p>Diatone FPV Roma F35 3.5&#8243; Caddx Polar Vista 6S HD Diatone FPV Roma F35 3,5&#8243; Caddx Polar Vista 6S HD &#8211; Diatone Roma F35 ei j\u00e4rgi k\u00f5iki 3,5-tollise segmendi reegleid. Erinevalt teistest 3,5-tollistest droonidest, mis on selle mikroperekonna liikmete laiendatud versioonid, on Roma F35 oma vanema \u00f5e-venna Roma F5 3,5-tolline versioon. Ta rikkus k\u00f5iki reegleid [&hellip;]<\/p>","protected":false},"featured_media":2986,"template":"","meta":[],"product_cat":[184],"product_tag":[214,22,27,192,215],"class_list":{"0":"post-3295","1":"product","2":"type-product","3":"status-publish","4":"has-post-thumbnail","6":"product_brand-diatone","7":"product_cat-fpv-drones","8":"product_tag-diatone","9":"product_tag-drone","10":"product_tag-fpv","11":"product_tag-hd","12":"product_tag-roma","14":"first","15":"instock","16":"product-type-simple"},"_links":{"self":[{"href":"https:\/\/dronvictory.com\/pl\/wp-json\/wp\/v2\/product\/3295","targetHints":{"allow":["GET"]}}],"collection":[{"href":"https:\/\/dronvictory.com\/pl\/wp-json\/wp\/v2\/product"}],"about":[{"href":"https:\/\/dronvictory.com\/pl\/wp-json\/wp\/v2\/types\/product"}],"wp:featuredmedia":[{"embeddable":true,"href":"https:\/\/dronvictory.com\/pl\/wp-json\/wp\/v2\/media\/2986"}],"wp:attachment":[{"href":"https:\/\/dronvictory.com\/pl\/wp-json\/wp\/v2\/media?parent=3295"}],"wp:term":[{"taxonomy":"product_cat","embeddable":true,"href":"https:\/\/dronvictory.com\/pl\/wp-json\/wp\/v2\/product_cat?post=3295"},{"taxonomy":"product_tag","embeddable":true,"href":"https:\/\/dronvictory.com\/pl\/wp-json\/wp\/v2\/product_tag?post=3295"}],"curies":[{"name":"wp","href":"https:\/\/api.w.org\/{rel}","templated":true}]}}