{"id":3308,"date":"2025-06-02T07:22:39","date_gmt":"2025-06-02T07:22:39","guid":{"rendered":"http:\/\/localhost:3000\/product\/stabilisaator-dji-rs-4-pro\/"},"modified":"2025-06-02T07:23:00","modified_gmt":"2025-06-02T07:23:00","slug":"stabilisaator-dji-rs-4-pro","status":"publish","type":"product","link":"https:\/\/dronvictory.com\/pl\/produkt\/stabilisaator-dji-rs-4-pro\/","title":{"rendered":"Stabilizator DJI RS 4 Pro"},"content":{"rendered":"<div data-elementor-type=\"wp-post\" data-elementor-id=\"40927\" class=\"elementor elementor-40927 elementor-40891\" data-elementor-post-type=\"product\">\n<section class=\"elementor-section elementor-top-section elementor-element elementor-element-9d3d262 elementor-section-full_width elementor-section-stretched elementor-section-height-default elementor-section-height-default xts-section-disabled\" data-id=\"9d3d262\" data-element_type=\"section\" data-settings=\"{&quot;stretch_section&quot;:&quot;section-stretched&quot;}\" style=\"width: 1359px; left: -197.398px;\">\n<div class=\"elementor-container elementor-column-gap-no\">\n<div class=\"elementor-column elementor-col-100 elementor-top-column elementor-element elementor-element-7f248ff\" data-id=\"7f248ff\" data-element_type=\"column\">\n<div class=\"elementor-widget-wrap elementor-element-populated\">\n<div class=\"elementor-element elementor-element-d02cb9e elementor-widget elementor-widget-xts_banner\" data-id=\"d02cb9e\" data-element_type=\"widget\" data-widget_type=\"xts_banner.default\">\n<div class=\"elementor-widget-container\">\n<div class=\"xts-iimage xts-with-background xts-scheme-light\" onclick=\"\">\n<div class=\"xts-iimage-img-wrapper\">\n<div class=\"xts-iimage-img xts-bg-position-center-center\">\n\t\t\t\t\t<img fetchpriority=\"high\" decoding=\"async\" width=\"1918\" height=\"1010\" src=\"data:image\/svg+xml,%3Csvg%20%20viewBox='0%200%201918%201010'%3E%3C\/svg%3E\" class=\"attachment-full size-full wp-image-40881\" alt=\"ModelForce \u043a\u0443\u043f\u0438\u0442\u044c \u0421\u0442\u0430\u0431\u0438\u043b\u0438\u0437\u0430\u0442\u043e\u0440 DJI RS 4 Pro Combo \u0432 \u042d\u0441\u0442\u043e\u043d\u0438\u0438\" data-lazy-srcset=\"https:\/\/dronvictory.com\/wp-content\/uploads\/2025\/06\/osta-stabilisaator-dji-rs-4-pro-combo-eestis-1_.jpg 1918w, https:\/\/dronvictory.com\/wp-content\/uploads\/2025\/06\/osta-stabilisaator-dji-rs-4-pro-combo-eestis-1-300x158_.jpg 300w, https:\/\/dronvictory.com\/wp-content\/uploads\/2025\/06\/osta-stabilisaator-dji-rs-4-pro-combo-eestis-1-1000x527_.jpg 1000w, https:\/\/dronvictory.com\/wp-content\/uploads\/2025\/06\/osta-stabilisaator-dji-rs-4-pro-combo-eestis-1-768x404_.jpg 768w, https:\/\/dronvictory.com\/wp-content\/uploads\/2025\/06\/osta-stabilisaator-dji-rs-4-pro-combo-eestis-1-1536x809_.jpg 1536w\" data-lazy-sizes=\"(max-width: 1918px) 100vw, 1918px\" data-lazy-src=\"https:\/\/dronvictory.com\/wp-content\/uploads\/2025\/06\/osta-stabilisaator-dji-rs-4-pro-combo-eestis-1_.jpg\"><noscript><img loading=\"lazy\" decoding=\"async\" width=\"1918\" height=\"1010\" src=\"https:\/\/dronvictory.com\/wp-content\/uploads\/2025\/06\/osta-stabilisaator-dji-rs-4-pro-combo-eestis-1_.jpg\" class=\"attachment-full size-full wp-image-40881\" alt=\"ModelForce \u043a\u0443\u043f\u0438\u0442\u044c \u0421\u0442\u0430\u0431\u0438\u043b\u0438\u0437\u0430\u0442\u043e\u0440 DJI RS 4 Pro Combo \u0432 \u042d\u0441\u0442\u043e\u043d\u0438\u0438\" srcset=\"https:\/\/dronvictory.com\/wp-content\/uploads\/2025\/06\/osta-stabilisaator-dji-rs-4-pro-combo-eestis-1_.jpg 1918w, https:\/\/dronvictory.com\/wp-content\/uploads\/2025\/06\/osta-stabilisaator-dji-rs-4-pro-combo-eestis-1-300x158_.jpg 300w, https:\/\/dronvictory.com\/wp-content\/uploads\/2025\/06\/osta-stabilisaator-dji-rs-4-pro-combo-eestis-1-1000x527_.jpg 1000w, https:\/\/dronvictory.com\/wp-content\/uploads\/2025\/06\/osta-stabilisaator-dji-rs-4-pro-combo-eestis-1-768x404_.jpg 768w, https:\/\/dronvictory.com\/wp-content\/uploads\/2025\/06\/osta-stabilisaator-dji-rs-4-pro-combo-eestis-1-1536x809_.jpg 1536w\" sizes=\"auto, (max-width: 1918px) 100vw, 1918px\" \/><\/noscript>\t\t\t\t<\/div>\n<div class=\"xts-iimage-overlay xts-fill\"><\/div>\n<\/p><\/div>\n<div class=\"xts-iimage-content-wrapper xts-fill xts-justify-center xts-items-start xts-textalign-center\">\n<div class=\"xts-iimage-content xts-reset-all-last\">\n<h4 class=\"xts-iimage-title title xts-fontsize-m\" data-elementor-setting-key=\"title\">\n\t\t\t\t\t\t\t<b>DJI RS 4<\/b> Pro\t\t\t\t\t\t<\/h4>\n<div class=\"xts-iimage-desc xts-reset-mb-10 xts-textcolor-white\" data-elementor-setting-key=\"description\">\n<p>Potencjalne \u00dcletamine<\/p>\n<\/p><\/div>\n<\/p><\/div>\n<\/p><\/div>\n<\/p><\/div>\n<\/p><\/div>\n<\/p><\/div>\n<\/p><\/div>\n<\/p><\/div>\n<\/p><\/div>\n<\/section>\n<section class=\"elementor-section elementor-top-section elementor-element elementor-element-3407829 elementor-section-full_width elementor-section-stretched elementor-section-height-default elementor-section-height-default xts-section-disabled\" data-id=\"3407829\" data-element_type=\"section\" data-settings=\"{&quot;background_background&quot;:&quot;classic&quot;,&quot;stretch_section&quot;:&quot;section-stretched&quot;}\" style=\"width: 1359px; left: -197.398px;\">\n<div class=\"elementor-container elementor-column-gap-default\">\n<div class=\"elementor-column elementor-col-100 elementor-top-column elementor-element elementor-element-708eb3b\" data-id=\"708eb3b\" data-element_type=\"column\">\n<div class=\"elementor-widget-wrap elementor-element-populated\">\n<div class=\"elementor-element elementor-element-318df00 elementor-widget elementor-widget-spacer\" data-id=\"318df00\" data-element_type=\"widget\" data-widget_type=\"spacer.default\">\n<div class=\"elementor-widget-container\">\n<div class=\"elementor-spacer\">\n<div class=\"elementor-spacer-inner\"><\/div>\n<\/p><\/div>\n<\/p><\/div>\n<\/p><\/div>\n<\/p><\/div>\n<\/p><\/div>\n<\/p><\/div>\n<\/section>\n<section class=\"elementor-section elementor-top-section elementor-element elementor-element-b5292b7 elementor-section-full_width elementor-section-stretched elementor-section-height-default elementor-section-height-default xts-section-disabled\" data-id=\"b5292b7\" data-element_type=\"section\" data-settings=\"{&quot;background_background&quot;:&quot;classic&quot;,&quot;stretch_section&quot;:&quot;section-stretched&quot;}\" style=\"width: 1359px; left: -197.398px;\">\n<div class=\"elementor-container elementor-column-gap-no\">\n<div class=\"elementor-column elementor-col-100 elementor-top-column elementor-element elementor-element-cbeb8c2\" data-id=\"cbeb8c2\" data-element_type=\"column\">\n<div class=\"elementor-widget-wrap elementor-element-populated\">\n<div class=\"elementor-element elementor-element-6c36fd9 xts-animation-zoom-in xts-animation-slow xts_delay_600 elementor-widget elementor-widget-video\" data-id=\"6c36fd9\" data-element_type=\"widget\" data-settings=\"{&quot;video_type&quot;:&quot;hosted&quot;,&quot;autoplay&quot;:&quot;yes&quot;,&quot;mute&quot;:&quot;yes&quot;,&quot;loop&quot;:&quot;yes&quot;,&quot;play_on_mobile&quot;:&quot;yes&quot;}\" data-widget_type=\"video.default\">\n<div class=\"elementor-widget-container\">\n<style>\/*! elementor - v3.20.0 - 20-03-2024 *\/\n.elementor-widget-video .elementor-widget-container{overflow:hidden;transform:translateZ(0)}.elementor-widget-video .elementor-wrapper{aspect-ratio:var(--video-aspect-ratio)}.elementor-widget-video .elementor-wrapper iframe,.elementor-widget-video .elementor-wrapper video{height:100%;width:100%;display:flex;border:none;background-color:#000}@supports not (aspect-ratio:1\/1){.elementor-widget-video .elementor-wrapper{position:relative;overflow:hidden;height:0;padding-bottom:calc(100% \/ var(--video-aspect-ratio))}.elementor-widget-video .elementor-wrapper iframe,.elementor-widget-video .elementor-wrapper video{position:absolute;top:0;right:0;bottom:0;left:0}}.elementor-widget-video .elementor-open-inline .elementor-custom-embed-image-overlay{position:absolute;top:0;right:0;bottom:0;left:0;background-size:cover;background-position:50%}.elementor-widget-video .elementor-custom-embed-image-overlay{cursor:pointer;text-align:center}.elementor-widget-video .elementor-custom-embed-image-overlay:hover .elementor-custom-embed-play i{opacity:1}.elementor-widget-video .elementor-custom-embed-image-overlay img{display:block;width:100%;aspect-ratio:var(--video-aspect-ratio);-o-object-fit:cover;object-fit:cover;-o-object-position:center center;object-position:center center}@supports not (aspect-ratio:1\/1){.elementor-widget-video .elementor-custom-embed-image-overlay{position:relative;overflow:hidden;height:0;padding-bottom:calc(100% \/ var(--video-aspect-ratio))}.elementor-widget-video .elementor-custom-embed-image-overlay img{position:absolute;top:0;right:0;bottom:0;left:0}}.elementor-widget-video .e-hosted-video .elementor-video{-o-object-fit:cover;object-fit:cover}.e-con-inner>.elementor-widget-video,.e-con>.elementor-widget-video{width:var(--container-widget-width);--flex-grow:var(--container-widget-flex-grow)}<\/style>\n<div class=\"e-hosted-video elementor-wrapper elementor-open-inline\">\n\t\t\t\t\t<video class=\"elementor-video\" src=\"https:\/\/dronvictory.com\/wp-content\/uploads\/2025\/06\/osta-stabilisaator-dji-rs-4-pro-combo-eestis-2_.webm\" autoplay=\"\" loop=\"\" muted=\"muted\" playsinline=\"\" controlslist=\"nodownload\"><\/video>\n\t\t\t\t<\/div>\n<\/p><\/div>\n<\/p><\/div>\n<\/p><\/div>\n<\/p><\/div>\n<\/p><\/div>\n<\/section><\/div>","protected":false},"excerpt":{"rendered":"<ul>\n<li>Teise p\u00f5lvkonna vertikaalne pildistamina<\/li>\n<li>Kandev\u00f5ime 4,5 kg ja mootori p\u00f6\u00f6rdemoment suurenenud 20%<\/li>\n<li>Toetab kaugjuhtimispuldiga topeltfookuse ja suumimootoreid.<\/li>\n<li>LiDAR: 76 800 kauguspunkti, fokusseerides objektile 20 metri kaugusel<\/li>\n<li>Pikenenud aku t\u00f6\u00f6iga 2,4 korda<\/li>\n<\/ul>","protected":false},"featured_media":188,"template":"","meta":[],"product_cat":[223],"product_tag":[20,62,228,232,226],"class_list":{"0":"post-3308","1":"product","2":"type-product","3":"status-publish","4":"has-post-thumbnail","6":"product_brand-dji","7":"product_cat-stabilizers","8":"product_tag-dji","9":"product_tag-pro","10":"product_tag-ronin","11":"product_tag-rs-4","12":"product_tag-stabilizer","14":"first","15":"instock","16":"product-type-simple"},"_links":{"self":[{"href":"https:\/\/dronvictory.com\/pl\/wp-json\/wp\/v2\/product\/3308","targetHints":{"allow":["GET"]}}],"collection":[{"href":"https:\/\/dronvictory.com\/pl\/wp-json\/wp\/v2\/product"}],"about":[{"href":"https:\/\/dronvictory.com\/pl\/wp-json\/wp\/v2\/types\/product"}],"wp:featuredmedia":[{"embeddable":true,"href":"https:\/\/dronvictory.com\/pl\/wp-json\/wp\/v2\/media\/188"}],"wp:attachment":[{"href":"https:\/\/dronvictory.com\/pl\/wp-json\/wp\/v2\/media?parent=3308"}],"wp:term":[{"taxonomy":"product_cat","embeddable":true,"href":"https:\/\/dronvictory.com\/pl\/wp-json\/wp\/v2\/product_cat?post=3308"},{"taxonomy":"product_tag","embeddable":true,"href":"https:\/\/dronvictory.com\/pl\/wp-json\/wp\/v2\/product_tag?post=3308"}],"curies":[{"name":"wp","href":"https:\/\/api.w.org\/{rel}","templated":true}]}}