{"id":3316,"date":"2025-06-02T07:23:09","date_gmt":"2025-06-02T07:23:09","guid":{"rendered":"http:\/\/localhost:3000\/product\/stabilizer-dji-ronin-rs-3-pro\/"},"modified":"2025-06-02T07:23:18","modified_gmt":"2025-06-02T07:23:18","slug":"stabilizer-dji-ronin-rs-3-pro","status":"publish","type":"product","link":"https:\/\/dronvictory.com\/pl\/produkt\/stabilizer-dji-ronin-rs-3-pro\/","title":{"rendered":"Stabilizator DJI Ronin RS 3 Pro"},"content":{"rendered":"<div data-elementor-type=\"wp-post\" data-elementor-id=\"26320\" class=\"elementor elementor-26320 elementor-8811\" data-elementor-post-type=\"product\">\n<section class=\"xts-negative-gap elementor-section elementor-top-section elementor-element elementor-element-9d3d262 elementor-section-boxed elementor-section-height-default elementor-section-height-default xts-section-disabled\" data-id=\"9d3d262\" data-element_type=\"section\">\n<div class=\"elementor-container elementor-column-gap-no\">\n<div class=\"elementor-column elementor-col-100 elementor-top-column elementor-element elementor-element-7f248ff\" data-id=\"7f248ff\" data-element_type=\"column\">\n<div class=\"elementor-widget-wrap elementor-element-populated\">\n<div class=\"elementor-element elementor-element-d02cb9e elementor-widget elementor-widget-xts_banner\" data-id=\"d02cb9e\" data-element_type=\"widget\" data-widget_type=\"xts_banner.default\">\n<div class=\"elementor-widget-container\">\n<div class=\"xts-iimage xts-with-image xts-style-mask xts-scheme-light\" onclick=\"\">\n<div class=\"xts-iimage-img-wrapper\">\n<div class=\"xts-iimage-img\">\n\t\t\t\t\t<img fetchpriority=\"high\" decoding=\"async\" width=\"1000\" height=\"563\" src=\"data:image\/svg+xml,%3Csvg%20%20viewBox='0%200%201000%20563'%3E%3C\/svg%3E\" class=\"attachment-large size-large wp-image-8834\" alt=\"DJI RS 3 Pro\" data-lazy-srcset=\"https:\/\/dronvictory.com\/wp-content\/uploads\/2025\/06\/rs_3_pro_banner-1000x563_.jpg 1000w, https:\/\/dronvictory.com\/wp-content\/uploads\/2025\/06\/rs_3_pro_banner-300x169_.jpg 300w, https:\/\/dronvictory.com\/wp-content\/uploads\/2025\/06\/rs_3_pro_banner-768x432_.jpg 768w, https:\/\/dronvictory.com\/wp-content\/uploads\/2025\/06\/rs_3_pro_banner-1536x864_.jpg 1536w, https:\/\/dronvictory.com\/wp-content\/uploads\/2025\/06\/rs_3_pro_banner.jpg 2048w, https:\/\/dronvictory.com\/wp-content\/uploads\/2025\/06\/rs_3_pro_banner-700x394_.jpg 700w, https:\/\/dronvictory.com\/wp-content\/uploads\/2025\/06\/rs_3_pro_banner-500x281_.jpg 500w\" data-lazy-sizes=\"(max-width: 1000px) 100vw, 1000px\" data-lazy-src=\"https:\/\/dronvictory.com\/wp-content\/uploads\/2025\/06\/rs_3_pro_banner-1000x563_.jpg\"><noscript><img loading=\"lazy\" decoding=\"async\" width=\"1000\" height=\"563\" src=\"https:\/\/dronvictory.com\/wp-content\/uploads\/2025\/06\/rs_3_pro_banner-1000x563_.jpg\" class=\"attachment-large size-large wp-image-8834\" alt=\"DJI RS 3 Pro\" srcset=\"https:\/\/dronvictory.com\/wp-content\/uploads\/2025\/06\/rs_3_pro_banner-1000x563_.jpg 1000w, https:\/\/dronvictory.com\/wp-content\/uploads\/2025\/06\/rs_3_pro_banner-300x169_.jpg 300w, https:\/\/dronvictory.com\/wp-content\/uploads\/2025\/06\/rs_3_pro_banner-768x432_.jpg 768w, https:\/\/dronvictory.com\/wp-content\/uploads\/2025\/06\/rs_3_pro_banner-1536x864_.jpg 1536w, https:\/\/dronvictory.com\/wp-content\/uploads\/2025\/06\/rs_3_pro_banner.jpg 2048w, https:\/\/dronvictory.com\/wp-content\/uploads\/2025\/06\/rs_3_pro_banner-700x394_.jpg 700w, https:\/\/dronvictory.com\/wp-content\/uploads\/2025\/06\/rs_3_pro_banner-500x281_.jpg 500w\" sizes=\"auto, (max-width: 1000px) 100vw, 1000px\" \/><\/noscript>\t\t\t\t<\/div>\n<div class=\"xts-iimage-overlay xts-fill\"><\/div>\n<\/p><\/div>\n<div class=\"xts-iimage-content-wrapper xts-fill xts-justify-center xts-items-center xts-textalign-center\">\n<div class=\"xts-iimage-content xts-reset-all-last\">\n<h4 class=\"xts-iimage-title title xts-fontsize-m\" data-elementor-setting-key=\"title\">\n\t\t\t\t\t\t\tDJI RS 3 Pro\t\t\t\t\t\t<\/h4>\n<div class=\"xts-iimage-desc xts-reset-mb-10 xts-textcolor-white\" data-elementor-setting-key=\"description\">\n<p>Nic poza zasi\u0119giem<\/p>\n<\/p><\/div>\n<\/p><\/div>\n<\/p><\/div>\n<\/p><\/div>\n<\/p><\/div>\n<\/p><\/div>\n<\/p><\/div>\n<\/p><\/div>\n<\/p><\/div>\n<\/section>\n<section class=\"xts-negative-gap elementor-section elementor-top-section elementor-element elementor-element-3c66ce7 elementor-section-boxed elementor-section-height-default elementor-section-height-default xts-section-disabled\" data-id=\"3c66ce7\" data-element_type=\"section\">\n<div class=\"elementor-container elementor-column-gap-no\">\n<div class=\"elementor-column elementor-col-100 elementor-top-column elementor-element elementor-element-94d2019\" data-id=\"94d2019\" data-element_type=\"column\">\n<div class=\"elementor-widget-wrap elementor-element-populated\">\n<div class=\"elementor-element elementor-element-2627db1 elementor-widget elementor-widget-xts_banner\" data-id=\"2627db1\" data-element_type=\"widget\" data-widget_type=\"xts_banner.default\">\n<div class=\"elementor-widget-container\">\n<div class=\"xts-iimage xts-with-image xts-style-mask xts-scheme-light\" onclick=\"\">\n<div class=\"xts-iimage-img-wrapper\">\n<div class=\"xts-iimage-img\">\n\t\t\t\t\t<img decoding=\"async\" width=\"1000\" height=\"603\" src=\"data:image\/svg+xml,%3Csvg%20%20viewBox='0%200%201000%20603'%3E%3C\/svg%3E\" class=\"attachment-large size-large wp-image-8833\" alt=\"DJI RS 3 Pro\" data-lazy-srcset=\"https:\/\/dronvictory.com\/wp-content\/uploads\/2025\/06\/rs_3_pro_section1-1000x603_.jpg 1000w, https:\/\/dronvictory.com\/wp-content\/uploads\/2025\/06\/rs_3_pro_section1-300x181_.jpg 300w, https:\/\/dronvictory.com\/wp-content\/uploads\/2025\/06\/rs_3_pro_section1-768x463_.jpg 768w, https:\/\/dronvictory.com\/wp-content\/uploads\/2025\/06\/rs_3_pro_section1-1536x927_.jpg 1536w, https:\/\/dronvictory.com\/wp-content\/uploads\/2025\/06\/rs_3_pro_section1_.jpg 2048w, https:\/\/dronvictory.com\/wp-content\/uploads\/2025\/06\/rs_3_pro_section1-700x422_.jpg 700w, https:\/\/dronvictory.com\/wp-content\/uploads\/2025\/06\/rs_3_pro_section1-500x302_.jpg 500w\" data-lazy-sizes=\"(max-width: 1000px) 100vw, 1000px\" data-lazy-src=\"https:\/\/dronvictory.com\/wp-content\/uploads\/2025\/06\/rs_3_pro_section1-1000x603_.jpg\"><noscript><img loading=\"lazy\" decoding=\"async\" width=\"1000\" height=\"603\" src=\"https:\/\/dronvictory.com\/wp-content\/uploads\/2025\/06\/rs_3_pro_section1-1000x603_.jpg\" class=\"attachment-large size-large wp-image-8833\" alt=\"DJI RS 3 Pro\" srcset=\"https:\/\/dronvictory.com\/wp-content\/uploads\/2025\/06\/rs_3_pro_section1-1000x603_.jpg 1000w, https:\/\/dronvictory.com\/wp-content\/uploads\/2025\/06\/rs_3_pro_section1-300x181_.jpg 300w, https:\/\/dronvictory.com\/wp-content\/uploads\/2025\/06\/rs_3_pro_section1-768x463_.jpg 768w, https:\/\/dronvictory.com\/wp-content\/uploads\/2025\/06\/rs_3_pro_section1-1536x927_.jpg 1536w, https:\/\/dronvictory.com\/wp-content\/uploads\/2025\/06\/rs_3_pro_section1_.jpg 2048w, https:\/\/dronvictory.com\/wp-content\/uploads\/2025\/06\/rs_3_pro_section1-700x422_.jpg 700w, https:\/\/dronvictory.com\/wp-content\/uploads\/2025\/06\/rs_3_pro_section1-500x302_.jpg 500w\" sizes=\"auto, (max-width: 1000px) 100vw, 1000px\" \/><\/noscript>\t\t\t\t<\/div>\n<div class=\"xts-iimage-overlay xts-fill\"><\/div>\n<\/p><\/div>\n<div class=\"xts-iimage-content-wrapper xts-fill xts-justify-center xts-items-end xts-textalign-center\">\n<div class=\"xts-iimage-content xts-reset-all-last\">\n<div class=\"xts-iimage-desc xts-reset-mb-10 xts-textcolor-white\" data-elementor-setting-key=\"description\">\n<p>Rozszerzaj\u0105c pot\u0119\u017cne funkcje serii Ronin, DJI RS 3 Pro to zaawansowana, kompleksowa platforma rozbudowy aparatu, kt\u00f3ra wzmacnia pozycj\u0119 wideofilmowc\u00f3w i zapewnia skoordynowane rozwi\u0105zania do nagrywania dla profesjonalnych ekip. Dzi\u0119ki DJI RS 3 Pro nic nie jest poza zasi\u0119giem.  <\/p>\n<\/p><\/div>\n<\/p><\/div>\n<\/p><\/div>\n<\/p><\/div>\n<\/p><\/div>\n<\/p><\/div>\n<\/p><\/div>\n<\/p><\/div>\n<\/p><\/div>\n<\/section>\n<section class=\"xts-negative-gap elementor-section elementor-top-section elementor-element elementor-element-3407829 elementor-section-boxed elementor-section-height-default elementor-section-height-default xts-section-disabled\" data-id=\"3407829\" data-element_type=\"section\" data-settings=\"{&quot;background_background&quot;:&quot;classic&quot;}\">\n<div class=\"elementor-container elementor-column-gap-default\">\n<div class=\"elementor-column elementor-col-100 elementor-top-column elementor-element elementor-element-708eb3b\" data-id=\"708eb3b\" data-element_type=\"column\">\n<div class=\"elementor-widget-wrap elementor-element-populated\">\n<div class=\"elementor-element elementor-element-318df00 elementor-widget elementor-widget-spacer\" data-id=\"318df00\" data-element_type=\"widget\" data-widget_type=\"spacer.default\">\n<div class=\"elementor-widget-container\">\n<div class=\"elementor-spacer\">\n<div class=\"elementor-spacer-inner\"><\/div>\n<\/p><\/div>\n<\/p><\/div>\n<\/p><\/div>\n<div class=\"elementor-element elementor-element-61c6804 elementor-widget elementor-widget-xts_title\" data-id=\"61c6804\" data-element_type=\"widget\" data-widget_type=\"xts_title.default\">\n<div class=\"elementor-widget-container\">\n<div class=\"xts-section-heading xts-reset-mb-10 xts-reset-last xts-textalign-center\" data-animation-delay=\"\">\n<h3 class=\"xts-section-title title xts-design-default xts-textcolor-white xts-fontsize-l\">\n\t\t\t\t\t\t<span class=\"xts-section-title-text\" data-elementor-setting-key=\"title\"><br \/>\n\t\t\t\t\t\t\tProjekt klasy profesjonalnej\t\t\t\t\t\t<\/span><\/p>\n<\/h3><\/div>\n<\/p><\/div>\n<\/p><\/div>\n<\/p><\/div>\n<\/p><\/div>\n<\/p><\/div>\n<\/section>\n<section class=\"xts-negative-gap elementor-section elementor-top-section elementor-element elementor-element-b5292b7 elementor-section-boxed elementor-section-height-default elementor-section-height-default xts-section-disabled\" data-id=\"b5292b7\" data-element_type=\"section\" data-settings=\"{&quot;background_background&quot;:&quot;classic&quot;}\">\n<div class=\"elementor-container elementor-column-gap-default\">\n<div class=\"elementor-column elementor-col-16 elementor-top-column elementor-element elementor-element-6ec57da\" data-id=\"6ec57da\" data-element_type=\"column\">\n<div class=\"elementor-widget-wrap\">\n\t\t\t\t\t\t\t<\/div>\n<\/p><\/div>\n<div class=\"elementor-column elementor-col-66 elementor-top-column elementor-element elementor-element-cbeb8c2\" data-id=\"cbeb8c2\" data-element_type=\"column\">\n<div class=\"elementor-widget-wrap elementor-element-populated\">\n<div class=\"elementor-element elementor-element-6c36fd9 elementor-widget elementor-widget-video\" data-id=\"6c36fd9\" data-element_type=\"widget\" data-settings=\"{&quot;video_type&quot;:&quot;hosted&quot;,&quot;autoplay&quot;:&quot;yes&quot;,&quot;mute&quot;:&quot;yes&quot;,&quot;loop&quot;:&quot;yes&quot;}\" data-widget_type=\"video.default\">\n<div class=\"elementor-widget-container\">\n<style>\/*! elementor - v3.20.0 - 20-03-2024 *\/\n.elementor-widget-video .elementor-widget-container{overflow:hidden;transform:translateZ(0)}.elementor-widget-video .elementor-wrapper{aspect-ratio:var(--video-aspect-ratio)}.elementor-widget-video .elementor-wrapper iframe,.elementor-widget-video .elementor-wrapper video{height:100%;width:100%;display:flex;border:none;background-color:#000}@supports not (aspect-ratio:1\/1){.elementor-widget-video .elementor-wrapper{position:relative;overflow:hidden;height:0;padding-bottom:calc(100% \/ var(--video-aspect-ratio))}.elementor-widget-video .elementor-wrapper iframe,.elementor-widget-video .elementor-wrapper video{position:absolute;top:0;right:0;bottom:0;left:0}}.elementor-widget-video .elementor-open-inline .elementor-custom-embed-image-overlay{position:absolute;top:0;right:0;bottom:0;left:0;background-size:cover;background-position:50%}.elementor-widget-video .elementor-custom-embed-image-overlay{cursor:pointer;text-align:center}.elementor-widget-video .elementor-custom-embed-image-overlay:hover .elementor-custom-embed-play i{opacity:1}.elementor-widget-video .elementor-custom-embed-image-overlay img{display:block;width:100%;aspect-ratio:var(--video-aspect-ratio);-o-object-fit:cover;object-fit:cover;-o-object-position:center center;object-position:center center}@supports not (aspect-ratio:1\/1){.elementor-widget-video .elementor-custom-embed-image-overlay{position:relative;overflow:hidden;height:0;padding-bottom:calc(100% \/ var(--video-aspect-ratio))}.elementor-widget-video .elementor-custom-embed-image-overlay img{position:absolute;top:0;right:0;bottom:0;left:0}}.elementor-widget-video .e-hosted-video .elementor-video{-o-object-fit:cover;object-fit:cover}.e-con-inner>.elementor-widget-video,.e-con>.elementor-widget-video{width:var(--container-widget-width);--flex-grow:var(--container-widget-flex-grow)}<\/style>\n<div class=\"e-hosted-video elementor-wrapper elementor-open-inline\">\n\t\t\t\t\t<video class=\"elementor-video\" src=\"https:\/\/dronvictory.com\/wp-content\/uploads\/2025\/06\/rs-3-pro-section2_vp8_.webm\" autoplay=\"\" loop=\"\" muted=\"muted\" controlslist=\"nodownload\"><\/video>\n\t\t\t\t<\/div>\n<\/p><\/div>\n<\/p><\/div>\n<\/p><\/div>\n<\/p><\/div>\n<div class=\"elementor-column elementor-col-16 elementor-top-column elementor-element elementor-element-78c2c5b\" data-id=\"78c2c5b\" data-element_type=\"column\">\n<div class=\"elementor-widget-wrap\">\n\t\t\t\t\t\t\t<\/div>\n<\/p><\/div>\n<\/p><\/div>\n<\/section>\n<section class=\"xts-negative-gap elementor-section elementor-top-section elementor-element elementor-element-583d5e1 elementor-section-boxed elementor-section-height-default elementor-section-height-default xts-section-disabled\" data-id=\"583d5e1\" data-element_type=\"section\" data-settings=\"{&quot;background_background&quot;:&quot;classic&quot;}\">\n<div class=\"elementor-container elementor-column-gap-default\">\n<div class=\"elementor-column elementor-col-50 elementor-top-column elementor-element elementor-element-1ac8679\" data-id=\"1ac8679\" data-element_type=\"column\">\n<div class=\"elementor-widget-wrap elementor-element-populated\">\n<div class=\"elementor-element elementor-element-334e88e elementor-widget elementor-widget-xts_title\" data-id=\"334e88e\" data-element_type=\"widget\" data-widget_type=\"xts_title.default\">\n<div class=\"elementor-widget-container\">\n<div class=\"xts-section-heading xts-reset-mb-10 xts-reset-last xts-textalign-left\" data-animation-delay=\"\">\n<h3 class=\"xts-section-title title xts-design-default xts-textcolor-white xts-fontsize-l\">\n\t\t\t\t\t\t<span class=\"xts-section-title-text\" data-elementor-setting-key=\"title\"><br \/>\n\t\t\t\t\t\t\tObs\u0142uga du\u017cych \u0142adunk\u00f3w\t\t\t\t\t\t<\/span><\/p>\n<\/h3>\n<div class=\"xts-section-desc xts-textcolor-white\">\n<div class=\"xts-section-desc-text xts-reset-all-last\" data-elementor-setting-key=\"description\">\n<p>W RS 3 Pro zastosowano wyd\u0142u\u017cone ramiona osi z w\u0142\u00f3kna w\u0119glowego, aby zapewni\u0107 wi\u0119ksz\u0105 przestrze\u0144 do wywa\u017cenia profesjonalnych kamer, dzi\u0119ki czemu doskonale pasuje do kamer takich jak Sony FX6 lub Canon C70 z obiektywami 24-70 mm F2.8.   <\/p>\n<\/p><\/div>\n<\/p><\/div>\n<\/p><\/div>\n<\/p><\/div>\n<\/p><\/div>\n<\/p><\/div>\n<\/p><\/div>\n<div class=\"elementor-column elementor-col-50 elementor-top-column elementor-element elementor-element-06558c5\" data-id=\"06558c5\" data-element_type=\"column\">\n<div class=\"elementor-widget-wrap elementor-element-populated\">\n<div class=\"elementor-element elementor-element-0fd4047 elementor-widget elementor-widget-image\" data-id=\"0fd4047\" data-element_type=\"widget\" data-widget_type=\"image.default\">\n<div class=\"elementor-widget-container\">\n\t\t\t\t\t\t\t\t\t\t\t\t\t<img decoding=\"async\" width=\"1268\" height=\"1080\" src=\"data:image\/svg+xml,%3Csvg%20%20viewBox='0%200%201268%201080'%3E%3C\/svg%3E\" class=\"attachment-full size-full wp-image-21024\" alt=\"Large payload\" data-lazy-srcset=\"https:\/\/dronvictory.com\/wp-content\/uploads\/2025\/06\/rs-3-pro-section3_.jpg 1268w, https:\/\/dronvictory.com\/wp-content\/uploads\/2025\/06\/rs-3-pro-section3-300x256_.jpg 300w, https:\/\/dronvictory.com\/wp-content\/uploads\/2025\/06\/rs-3-pro-section3-1000x852_.jpg 1000w, https:\/\/dronvictory.com\/wp-content\/uploads\/2025\/06\/rs-3-pro-section3-768x654_.jpg 768w, https:\/\/dronvictory.com\/wp-content\/uploads\/2025\/06\/rs-3-pro-section3-700x596_.jpg 700w, https:\/\/dronvictory.com\/wp-content\/uploads\/2025\/06\/rs-3-pro-section3-500x426_.jpg 500w\" data-lazy-sizes=\"(max-width: 1268px) 100vw, 1268px\" data-lazy-src=\"https:\/\/dronvictory.com\/wp-content\/uploads\/2025\/06\/rs-3-pro-section3_.jpg\"><noscript><img loading=\"lazy\" decoding=\"async\" width=\"1268\" height=\"1080\" src=\"https:\/\/dronvictory.com\/wp-content\/uploads\/2025\/06\/rs-3-pro-section3_.jpg\" class=\"attachment-full size-full wp-image-21024\" alt=\"Large payload\" srcset=\"https:\/\/dronvictory.com\/wp-content\/uploads\/2025\/06\/rs-3-pro-section3_.jpg 1268w, https:\/\/dronvictory.com\/wp-content\/uploads\/2025\/06\/rs-3-pro-section3-300x256_.jpg 300w, https:\/\/dronvictory.com\/wp-content\/uploads\/2025\/06\/rs-3-pro-section3-1000x852_.jpg 1000w, https:\/\/dronvictory.com\/wp-content\/uploads\/2025\/06\/rs-3-pro-section3-768x654_.jpg 768w, https:\/\/dronvictory.com\/wp-content\/uploads\/2025\/06\/rs-3-pro-section3-700x596_.jpg 700w, https:\/\/dronvictory.com\/wp-content\/uploads\/2025\/06\/rs-3-pro-section3-500x426_.jpg 500w\" sizes=\"auto, (max-width: 1268px) 100vw, 1268px\" \/><\/noscript>\t\t\t\t\t\t\t\t\t\t\t\t\t<\/div>\n<\/p><\/div>\n<\/p><\/div>\n<\/p><\/div>\n<\/p><\/div>\n<\/section>\n<section class=\"xts-negative-gap elementor-section elementor-top-section elementor-element elementor-element-040727d elementor-reverse-mobile elementor-section-boxed elementor-section-height-default elementor-section-height-default xts-section-disabled\" data-id=\"040727d\" data-element_type=\"section\" data-settings=\"{&quot;background_background&quot;:&quot;classic&quot;}\">\n<div class=\"elementor-container elementor-column-gap-default\">\n<div class=\"elementor-column elementor-col-50 elementor-top-column elementor-element elementor-element-b64ae44\" data-id=\"b64ae44\" data-element_type=\"column\">\n<div class=\"elementor-widget-wrap elementor-element-populated\">\n<div class=\"elementor-element elementor-element-1e15e5b elementor-widget elementor-widget-image\" data-id=\"1e15e5b\" data-element_type=\"widget\" data-widget_type=\"image.default\">\n<div class=\"elementor-widget-container\">\n\t\t\t\t\t\t\t\t\t\t\t\t\t<img loading=\"lazy\" decoding=\"async\" width=\"1000\" height=\"739\" src=\"data:image\/svg+xml,%3Csvg%20%20viewBox='0%200%201000%20739'%3E%3C\/svg%3E\" class=\"attachment-large size-large wp-image-21023\" alt=\"\" data-lazy-srcset=\"https:\/\/dronvictory.com\/wp-content\/uploads\/2025\/06\/rs-3-pro-section4-1000x739_.jpg 1000w, https:\/\/dronvictory.com\/wp-content\/uploads\/2025\/06\/rs-3-pro-section4-300x222_.jpg 300w, https:\/\/dronvictory.com\/wp-content\/uploads\/2025\/06\/rs-3-pro-section4-768x567_.jpg 768w, https:\/\/dronvictory.com\/wp-content\/uploads\/2025\/06\/rs-3-pro-section4-700x517_.jpg 700w, https:\/\/dronvictory.com\/wp-content\/uploads\/2025\/06\/rs-3-pro-section4-500x369_.jpg 500w, https:\/\/dronvictory.com\/wp-content\/uploads\/2025\/06\/rs-3-pro-section4_.jpg 1462w\" data-lazy-sizes=\"(max-width: 1000px) 100vw, 1000px\" data-lazy-src=\"https:\/\/dronvictory.com\/wp-content\/uploads\/2025\/06\/rs-3-pro-section4-1000x739_.jpg\"><noscript><img loading=\"lazy\" decoding=\"async\" width=\"1000\" height=\"739\" src=\"https:\/\/dronvictory.com\/wp-content\/uploads\/2025\/06\/rs-3-pro-section4-1000x739_.jpg\" class=\"attachment-large size-large wp-image-21023\" alt=\"\" srcset=\"https:\/\/dronvictory.com\/wp-content\/uploads\/2025\/06\/rs-3-pro-section4-1000x739_.jpg 1000w, https:\/\/dronvictory.com\/wp-content\/uploads\/2025\/06\/rs-3-pro-section4-300x222_.jpg 300w, https:\/\/dronvictory.com\/wp-content\/uploads\/2025\/06\/rs-3-pro-section4-768x567_.jpg 768w, https:\/\/dronvictory.com\/wp-content\/uploads\/2025\/06\/rs-3-pro-section4-700x517_.jpg 700w, https:\/\/dronvictory.com\/wp-content\/uploads\/2025\/06\/rs-3-pro-section4-500x369_.jpg 500w, https:\/\/dronvictory.com\/wp-content\/uploads\/2025\/06\/rs-3-pro-section4_.jpg 1462w\" sizes=\"auto, (max-width: 1000px) 100vw, 1000px\" \/><\/noscript>\t\t\t\t\t\t\t\t\t\t\t\t\t<\/div>\n<\/p><\/div>\n<\/p><\/div>\n<\/p><\/div>\n<div class=\"elementor-column elementor-col-50 elementor-top-column elementor-element elementor-element-e32e3a7\" data-id=\"e32e3a7\" data-element_type=\"column\">\n<div class=\"elementor-widget-wrap elementor-element-populated\">\n<div class=\"elementor-element elementor-element-77afe92 elementor-widget elementor-widget-xts_title\" data-id=\"77afe92\" data-element_type=\"widget\" data-widget_type=\"xts_title.default\">\n<div class=\"elementor-widget-container\">\n<div class=\"xts-section-heading xts-reset-mb-10 xts-reset-last xts-textalign-left\" data-animation-delay=\"\">\n<div class=\"xts-section-desc xts-textcolor-white\">\n<div class=\"xts-section-desc-text xts-reset-all-last\" data-elementor-setting-key=\"description\">\n<p>Nowa, wyd\u0142u\u017cona dolna p\u0142ytka szybkiego monta\u017cu [1] zapewnia bardziej stabilne mocowanie kamery i jest wygodna w instalacji podp\u00f3rki obiektywu, co pozwala na bezpieczniejsze konfigurowanie.<\/p>\n<\/p><\/div>\n<\/p><\/div>\n<\/p><\/div>\n<\/p><\/div>\n<\/p><\/div>\n<\/p><\/div>\n<\/p><\/div>\n<\/p><\/div>\n<\/section>\n<section class=\"xts-negative-gap elementor-section elementor-top-section elementor-element elementor-element-82b1ea6 elementor-section-boxed elementor-section-height-default elementor-section-height-default xts-section-disabled\" data-id=\"82b1ea6\" data-element_type=\"section\" data-settings=\"{&quot;background_background&quot;:&quot;classic&quot;}\">\n<div class=\"elementor-container elementor-column-gap-default\">\n<div class=\"elementor-column elementor-col-50 elementor-top-column elementor-element elementor-element-bb7b101\" data-id=\"bb7b101\" data-element_type=\"column\">\n<div class=\"elementor-widget-wrap elementor-element-populated\">\n<div class=\"elementor-element elementor-element-38e70a0 elementor-widget elementor-widget-xts_title\" data-id=\"38e70a0\" data-element_type=\"widget\" data-widget_type=\"xts_title.default\">\n<div class=\"elementor-widget-container\">\n<div class=\"xts-section-heading xts-reset-mb-10 xts-reset-last xts-textalign-left\" data-animation-delay=\"\">\n<div class=\"xts-section-desc xts-textcolor-white\">\n<div class=\"xts-section-desc-text xts-reset-all-last\" data-elementor-setting-key=\"description\">\n<p>Aby u\u0142atwi\u0107 proces wywa\u017cania, dodano pokr\u0119t\u0142o do precyzyjnego dostrajania osi pochylenia, aby precyzyjniej przesuwa\u0107 kamer\u0119 do przodu lub do ty\u0142u, nawet co do milimetra. Dzi\u0119ki komponentom pokrytym Teflonem\u00ae, RS 3 Pro mo\u017cna wywa\u017cy\u0107 z mniejszym tarciem i mniejszym oporem, nawet podczas monta\u017cu ci\u0119\u017ckich kamer.   <\/p>\n<\/p><\/div>\n<\/p><\/div>\n<\/p><\/div>\n<\/p><\/div>\n<\/p><\/div>\n<\/p><\/div>\n<\/p><\/div>\n<div class=\"elementor-column elementor-col-50 elementor-top-column elementor-element elementor-element-342d0b6\" data-id=\"342d0b6\" data-element_type=\"column\">\n<div class=\"elementor-widget-wrap elementor-element-populated\">\n<div class=\"elementor-element elementor-element-9ca95b2 elementor-widget elementor-widget-image\" data-id=\"9ca95b2\" data-element_type=\"widget\" data-widget_type=\"image.default\">\n<div class=\"elementor-widget-container\">\n\t\t\t\t\t\t\t\t\t\t\t\t\t<img loading=\"lazy\" decoding=\"async\" width=\"1000\" height=\"563\" src=\"data:image\/svg+xml,%3Csvg%20%20viewBox='0%200%201000%20563'%3E%3C\/svg%3E\" class=\"attachment-large size-large wp-image-21021\" alt=\"\" data-lazy-srcset=\"https:\/\/dronvictory.com\/wp-content\/uploads\/2025\/06\/rs-3-pro-section5-1000x563_.jpg 1000w, https:\/\/dronvictory.com\/wp-content\/uploads\/2025\/06\/rs-3-pro-section5-300x169_.jpg 300w, https:\/\/dronvictory.com\/wp-content\/uploads\/2025\/06\/rs-3-pro-section5-768x432_.jpg 768w, https:\/\/dronvictory.com\/wp-content\/uploads\/2025\/06\/rs-3-pro-section5-1536x864_.jpg 1536w, https:\/\/dronvictory.com\/wp-content\/uploads\/2025\/06\/rs-3-pro-section5-700x394_.jpg 700w, https:\/\/dronvictory.com\/wp-content\/uploads\/2025\/06\/rs-3-pro-section5-500x281_.jpg 500w, https:\/\/dronvictory.com\/wp-content\/uploads\/2025\/06\/rs-3-pro-section5_.jpg 1920w\" data-lazy-sizes=\"(max-width: 1000px) 100vw, 1000px\" data-lazy-src=\"https:\/\/dronvictory.com\/wp-content\/uploads\/2025\/06\/rs-3-pro-section5-1000x563_.jpg\"><noscript><img loading=\"lazy\" decoding=\"async\" width=\"1000\" height=\"563\" src=\"https:\/\/dronvictory.com\/wp-content\/uploads\/2025\/06\/rs-3-pro-section5-1000x563_.jpg\" class=\"attachment-large size-large wp-image-21021\" alt=\"\" srcset=\"https:\/\/dronvictory.com\/wp-content\/uploads\/2025\/06\/rs-3-pro-section5-1000x563_.jpg 1000w, https:\/\/dronvictory.com\/wp-content\/uploads\/2025\/06\/rs-3-pro-section5-300x169_.jpg 300w, https:\/\/dronvictory.com\/wp-content\/uploads\/2025\/06\/rs-3-pro-section5-768x432_.jpg 768w, https:\/\/dronvictory.com\/wp-content\/uploads\/2025\/06\/rs-3-pro-section5-1536x864_.jpg 1536w, https:\/\/dronvictory.com\/wp-content\/uploads\/2025\/06\/rs-3-pro-section5-700x394_.jpg 700w, https:\/\/dronvictory.com\/wp-content\/uploads\/2025\/06\/rs-3-pro-section5-500x281_.jpg 500w, https:\/\/dronvictory.com\/wp-content\/uploads\/2025\/06\/rs-3-pro-section5_.jpg 1920w\" sizes=\"auto, (max-width: 1000px) 100vw, 1000px\" \/><\/noscript>\t\t\t\t\t\t\t\t\t\t\t\t\t<\/div>\n<\/p><\/div>\n<\/p><\/div>\n<\/p><\/div>\n<\/p><\/div>\n<\/section><\/div>","protected":false},"excerpt":{"rendered":"<p>Flagowy gimbal DJI RS3 Pro.<\/p>\n<p>Wyposa\u017cony w automatyczn\u0105 blokad\u0119 osi, wyd\u0142u\u017cone osie kompozytowe, wspomagane technologi\u0105 LiDAR ustawianie ostro\u015bci, system komunikacji danych O3 Pro i \u0142adowno\u015b\u0107 do 4,5 kg.<\/p>","protected":false},"featured_media":709,"template":"","meta":[],"product_cat":[223],"product_tag":[20,62,228,229,226],"class_list":{"0":"post-3316","1":"product","2":"type-product","3":"status-publish","4":"has-post-thumbnail","6":"product_brand-dji","7":"product_cat-stabilizers","8":"product_tag-dji","9":"product_tag-pro","10":"product_tag-ronin","11":"product_tag-rs-3","12":"product_tag-stabilizer","14":"first","15":"instock","16":"sale","17":"purchasable","18":"product-type-simple"},"_links":{"self":[{"href":"https:\/\/dronvictory.com\/pl\/wp-json\/wp\/v2\/product\/3316","targetHints":{"allow":["GET"]}}],"collection":[{"href":"https:\/\/dronvictory.com\/pl\/wp-json\/wp\/v2\/product"}],"about":[{"href":"https:\/\/dronvictory.com\/pl\/wp-json\/wp\/v2\/types\/product"}],"wp:featuredmedia":[{"embeddable":true,"href":"https:\/\/dronvictory.com\/pl\/wp-json\/wp\/v2\/media\/709"}],"wp:attachment":[{"href":"https:\/\/dronvictory.com\/pl\/wp-json\/wp\/v2\/media?parent=3316"}],"wp:term":[{"taxonomy":"product_cat","embeddable":true,"href":"https:\/\/dronvictory.com\/pl\/wp-json\/wp\/v2\/product_cat?post=3316"},{"taxonomy":"product_tag","embeddable":true,"href":"https:\/\/dronvictory.com\/pl\/wp-json\/wp\/v2\/product_tag?post=3316"}],"curies":[{"name":"wp","href":"https:\/\/api.w.org\/{rel}","templated":true}]}}